{"id":583,"date":"2025-08-06T13:15:34","date_gmt":"2025-08-06T13:15:34","guid":{"rendered":"https:\/\/demo01.vivancoculturadevino.es\/?page_id=583"},"modified":"2026-03-09T16:17:03","modified_gmt":"2026-03-09T16:17:03","slug":"recompenses","status":"publish","type":"page","link":"https:\/\/vivancoculturadevino.es\/fr\/fondation\/recompenses\/","title":{"rendered":"Prix"},"content":{"rendered":"<div data-elementor-type=\"wp-page\" data-elementor-id=\"583\" class=\"elementor elementor-583\" data-elementor-post-type=\"page\">\n\t\t\t\t<div class=\"elementor-element elementor-element-b419001 e-flex e-con-boxed e-con e-parent\" data-id=\"b419001\" data-element_type=\"container\" data-e-type=\"container\">\n\t\t\t\t\t<div class=\"e-con-inner\">\n\t\t\t\t<div class=\"elementor-element elementor-element-72f8a33 elementor-widget elementor-widget-spacer\" data-id=\"72f8a33\" data-element_type=\"widget\" data-e-type=\"widget\" data-widget_type=\"spacer.default\">\n\t\t\t\t\t\t\t<div class=\"elementor-spacer\">\n\t\t\t<div class=\"elementor-spacer-inner\"><\/div>\n\t\t<\/div>\n\t\t\t\t\t\t<\/div>\n\t\t\t\t<div class=\"elementor-element elementor-element-648f237 elementor-invisible elementor-widget elementor-widget-heading\" data-id=\"648f237\" data-element_type=\"widget\" data-e-type=\"widget\" data-settings=\"{&quot;_animation&quot;:&quot;fadeInUp&quot;}\" data-widget_type=\"heading.default\">\n\t\t\t\t\t<h2 class=\"elementor-heading-title elementor-size-default\">PRIX<\/h2>\t\t\t\t<\/div>\n\t\t\t\t<div class=\"elementor-element elementor-element-1d83468 elementor-widget elementor-widget-spacer\" data-id=\"1d83468\" data-element_type=\"widget\" data-e-type=\"widget\" data-widget_type=\"spacer.default\">\n\t\t\t\t\t\t\t<div class=\"elementor-spacer\">\n\t\t\t<div class=\"elementor-spacer-inner\"><\/div>\n\t\t<\/div>\n\t\t\t\t\t\t<\/div>\n\t\t\t\t\t<\/div>\n\t\t\t\t<\/div>\n\t\t<div class=\"elementor-element elementor-element-06c6fc7 e-flex e-con-boxed e-con e-parent\" data-id=\"06c6fc7\" data-element_type=\"container\" data-e-type=\"container\" data-settings=\"{&quot;background_background&quot;:&quot;classic&quot;}\">\n\t\t\t\t\t<div class=\"e-con-inner\">\n\t\t\t\t\t<\/div>\n\t\t\t\t<\/div>\n\t\t<div class=\"elementor-element elementor-element-14760a2 e-flex e-con-boxed e-con e-parent\" data-id=\"14760a2\" data-element_type=\"container\" data-e-type=\"container\">\n\t\t\t\t\t<div class=\"e-con-inner\">\n\t\t\t\t<div class=\"elementor-element elementor-element-4b2ff58 elementor-widget elementor-widget-spacer\" data-id=\"4b2ff58\" data-element_type=\"widget\" data-e-type=\"widget\" data-widget_type=\"spacer.default\">\n\t\t\t\t\t\t\t<div class=\"elementor-spacer\">\n\t\t\t<div class=\"elementor-spacer-inner\"><\/div>\n\t\t<\/div>\n\t\t\t\t\t\t<\/div>\n\t\t\t\t\t<\/div>\n\t\t\t\t<\/div>\n\t\t<div class=\"elementor-element elementor-element-30cc1af animated-slow e-flex e-con-boxed elementor-invisible e-con e-parent\" data-id=\"30cc1af\" data-element_type=\"container\" data-e-type=\"container\" data-settings=\"{&quot;animation&quot;:&quot;fadeInUp&quot;}\">\n\t\t\t\t\t<div class=\"e-con-inner\">\n\t\t<div class=\"elementor-element elementor-element-71d8d34 e-con-full e-flex e-con e-child\" data-id=\"71d8d34\" data-element_type=\"container\" data-e-type=\"container\">\n\t\t\t\t<div class=\"elementor-element elementor-element-a8deafd elementor-widget elementor-widget-image\" data-id=\"a8deafd\" data-element_type=\"widget\" data-e-type=\"widget\" data-widget_type=\"image.default\">\n\t\t\t\t\t\t\t\t\t\t\t\t\t\t\t<img fetchpriority=\"high\" decoding=\"async\" width=\"800\" height=\"534\" src=\"https:\/\/vivancoculturadevino.es\/wp-content\/uploads\/2025\/12\/Fotos-Fundacion-038-1024x683.jpg\" class=\"attachment-large size-large wp-image-3070\" alt=\"Detalle de una escultura cl\u00e1sica en primer plano\" srcset=\"https:\/\/vivancoculturadevino.es\/wp-content\/uploads\/2025\/12\/Fotos-Fundacion-038-1024x683.jpg 1024w, https:\/\/vivancoculturadevino.es\/wp-content\/uploads\/2025\/12\/Fotos-Fundacion-038-300x200.jpg 300w, https:\/\/vivancoculturadevino.es\/wp-content\/uploads\/2025\/12\/Fotos-Fundacion-038-768x512.jpg 768w, https:\/\/vivancoculturadevino.es\/wp-content\/uploads\/2025\/12\/Fotos-Fundacion-038-1536x1024.jpg 1536w, https:\/\/vivancoculturadevino.es\/wp-content\/uploads\/2025\/12\/Fotos-Fundacion-038-2048x1365.jpg 2048w, https:\/\/vivancoculturadevino.es\/wp-content\/uploads\/2025\/12\/Fotos-Fundacion-038-18x12.jpg 18w\" sizes=\"(max-width: 800px) 100vw, 800px\" \/>\t\t\t\t\t\t\t\t\t\t\t\t\t\t\t<\/div>\n\t\t\t\t<\/div>\n\t\t<div class=\"elementor-element elementor-element-91562c9 e-con-full e-flex e-con e-child\" data-id=\"91562c9\" data-element_type=\"container\" data-e-type=\"container\">\n\t\t\t\t<div class=\"elementor-element elementor-element-6bcd48a elementor-widget elementor-widget-heading\" data-id=\"6bcd48a\" data-element_type=\"widget\" data-e-type=\"widget\" data-widget_type=\"heading.default\">\n\t\t\t\t\t<h2 class=\"elementor-heading-title elementor-size-default\">FONDATION<\/h2>\t\t\t\t<\/div>\n\t\t\t\t<div class=\"elementor-element elementor-element-7a3f830 elementor-widget elementor-widget-html\" data-id=\"7a3f830\" data-element_type=\"widget\" data-e-type=\"widget\" data-widget_type=\"html.default\">\n\t\t\t\t\t<style>\n  .ver-mas-texto {\n    font-family: 'KievitOT Regular', sans-serif;\n    font-weight: 300;\n    font-size: 16px;\n    line-height: 1.6;\n    margin-bottom: 10px;\n  }\n\n  .ver-mas-btn {\n    color: #8B0000;\n    font-weight: bold;\n    font-size: 13px;\n    cursor: pointer;\n    display: inline-block;\n    margin-top: 8px;\n  }\n\n  .ver-mas-oculto {\n    display: none;\n  }\n<\/style>\n\n<div class=\"bloque-vermas\">\n  <div class=\"ver-mas-texto\">\n    <span style=\"color:#8B0000;\">2023<\/span><br>\n    Best Of Special Achievement por la Red Mundial de Grandes Capitales del Vino (s\u00f3lo tres instituciones lo tienen en todo el mundo).<br><br>\n    <span style=\"color:#8B0000;\">2017<\/span><br>\n    Premio Nacional de Gastronom\u00eda, en la Categor\u00eda Especial para la Familia y Fundaci\u00f3n Vivanco.<br>Declaraci\u00f3n de Bien de Inter\u00e9s Cultural (BIC) al yacimiento arqueol\u00f3gico de San Bartolom\u00e9 de La Noguera, en el municipio de Tudelilla (Rioja Oriental, por ser considerado \u201czona arqueol\u00f3gica de excepcional valor dentro del Patrimonio Cultural de La Rioja\u201d.<br><br>\n\n    <span style=\"color:#8B0000;\">2014<\/span><br>Medalla Villa de Tudelilla por su trabajo arqueol\u00f3gico.<br><br>\n\n    <span style=\"color:#8B0000;\">2011<\/span><br>I Premio Rioja Capital 2011 a la Fundaci\u00f3n Dinast\u00eda Vivanco entregado por el consejero de agricultura del gobierno de la rioja. Mes de marzo de 2011. Logro\u00f1o.<span class=\"ver-mas-dots\">...<\/span>\n    \n    <span class=\"ver-mas-oculto\">\n      <br><br>\n      <span style=\"color:#8B0000;\">2008<\/span><br>En la edici\u00f3n Best in the World de los premios Gourmand World Cookbook el libro editado por la Fundaci\u00f3n Dinast\u00eda Vivanco \u201cEl estornino Saturnino en la tierra del vino resulta: Ganador en la categor\u00eda \u201cMejor ilustraci\u00f3n y fotograf\u00eda del mundo en libros.<br><br>\n\n      <span style=\"color:#8B0000;\">2007<\/span><br>Premios Ulises organizado por la OMT (Organizaci\u00f3n Mundial del Turismo) en la categor\u00eda de Fundaciones, premio Especial del Jurado a la Innovaci\u00f3n en Organizaciones no Gubernamentales al Programa La Cultura del Vino de la Fundaci\u00f3n Dinast\u00eda Vivanco.<br><br>\n\n      <span style=\"color:#8B0000;\">2005<\/span><br>Cepa de Oro a la Familia Vivanco. Entregada en VINOMAQ por su iniciativa para favorecer la investigaci\u00f3n vitivin\u00edcola y difusi\u00f3n de la Cultura del Vino con la creaci\u00f3n de la Fundaci\u00f3n Dinast\u00eda Vivanco.\n\n<br>\n    <\/span>\n  <\/div>\n  <span class=\"ver-mas-btn\" data-vermas>Voir plus d'informations<\/span>\n<\/div>\n\n\n\n\t\t\t\t<\/div>\n\t\t\t\t<\/div>\n\t\t\t\t\t<\/div>\n\t\t\t\t<\/div>\n\t\t<div class=\"elementor-element elementor-element-5bfb1dc animated-slow e-flex e-con-boxed elementor-invisible e-con e-parent\" data-id=\"5bfb1dc\" data-element_type=\"container\" data-e-type=\"container\" data-settings=\"{&quot;animation&quot;:&quot;fadeInUp&quot;}\">\n\t\t\t\t\t<div class=\"e-con-inner\">\n\t\t\t\t<div class=\"elementor-element elementor-element-4d18ee0 elementor-widget-divider--view-line elementor-widget elementor-widget-divider\" data-id=\"4d18ee0\" data-element_type=\"widget\" data-e-type=\"widget\" data-widget_type=\"divider.default\">\n\t\t\t\t\t\t\t<div class=\"elementor-divider\">\n\t\t\t<span class=\"elementor-divider-separator\">\n\t\t\t\t\t\t<\/span>\n\t\t<\/div>\n\t\t\t\t\t\t<\/div>\n\t\t\t\t\t<\/div>\n\t\t\t\t<\/div>\n\t\t<div class=\"elementor-element elementor-element-656b334 e-flex e-con-boxed e-con e-parent\" data-id=\"656b334\" data-element_type=\"container\" data-e-type=\"container\">\n\t\t\t\t\t<div class=\"e-con-inner\">\n\t\t\t\t<div class=\"elementor-element elementor-element-4ffa654 elementor-widget elementor-widget-html\" data-id=\"4ffa654\" data-element_type=\"widget\" data-e-type=\"widget\" data-widget_type=\"html.default\">\n\t\t\t\t\t<script>\n  document.addEventListener(\"DOMContentLoaded\", function () {\n    const botones = document.querySelectorAll(\"[data-vermas]\");\n\n    botones.forEach(function (boton) {\n      boton.addEventListener(\"click\", function () {\n        const bloque = boton.closest(\".bloque-vermas\");\n        const contenido = bloque.querySelector(\".ver-mas-oculto\");\n        const puntos = bloque.querySelector(\".ver-mas-dots\");\n\n        const estaVisible = contenido.style.display === \"inline\" || contenido.style.display === \"block\";\n\n        if (estaVisible) {\n          contenido.style.display = \"none\";\n          puntos.style.display = \"inline\";\n          boton.textContent = \"Ver m\u00e1s\";\n        } else {\n          contenido.style.display = \"inline\";\n          puntos.style.display = \"none\";\n          boton.textContent = \"Ver menos\";\n        }\n      });\n    });\n  });\n<\/script>\t\t\t\t<\/div>\n\t\t\t\t\t<\/div>\n\t\t\t\t<\/div>\n\t\t<div class=\"elementor-element elementor-element-6533471 animated-slow e-flex e-con-boxed elementor-invisible e-con e-parent\" data-id=\"6533471\" data-element_type=\"container\" data-e-type=\"container\" data-settings=\"{&quot;animation&quot;:&quot;fadeInUp&quot;}\">\n\t\t\t\t\t<div class=\"e-con-inner\">\n\t\t<div class=\"elementor-element elementor-element-c03e720 e-con-full e-flex e-con e-child\" data-id=\"c03e720\" data-element_type=\"container\" data-e-type=\"container\">\n\t\t\t\t<div class=\"elementor-element elementor-element-7adb81b elementor-widget elementor-widget-image\" data-id=\"7adb81b\" data-element_type=\"widget\" data-e-type=\"widget\" data-widget_type=\"image.default\">\n\t\t\t\t\t\t\t\t\t\t\t\t\t\t\t<img decoding=\"async\" width=\"800\" height=\"839\" src=\"https:\/\/vivancoculturadevino.es\/wp-content\/uploads\/2025\/12\/VIVANCO-268.jpg\" class=\"attachment-large size-large wp-image-3206\" alt=\"Visitantes recorriendo una sala del museo\" srcset=\"https:\/\/vivancoculturadevino.es\/wp-content\/uploads\/2025\/12\/VIVANCO-268.jpg 884w, https:\/\/vivancoculturadevino.es\/wp-content\/uploads\/2025\/12\/VIVANCO-268-286x300.jpg 286w, https:\/\/vivancoculturadevino.es\/wp-content\/uploads\/2025\/12\/VIVANCO-268-768x805.jpg 768w, https:\/\/vivancoculturadevino.es\/wp-content\/uploads\/2025\/12\/VIVANCO-268-11x12.jpg 11w\" sizes=\"(max-width: 800px) 100vw, 800px\" \/>\t\t\t\t\t\t\t\t\t\t\t\t\t\t\t<\/div>\n\t\t\t\t<\/div>\n\t\t<div class=\"elementor-element elementor-element-b95fde0 e-con-full e-flex e-con e-child\" data-id=\"b95fde0\" data-element_type=\"container\" data-e-type=\"container\">\n\t\t\t\t<div class=\"elementor-element elementor-element-d483dd2 elementor-widget elementor-widget-heading\" data-id=\"d483dd2\" data-element_type=\"widget\" data-e-type=\"widget\" data-widget_type=\"heading.default\">\n\t\t\t\t\t<h2 class=\"elementor-heading-title elementor-size-default\">MUS\u00c9E<\/h2>\t\t\t\t<\/div>\n\t\t\t\t<div class=\"elementor-element elementor-element-4407dcd elementor-widget elementor-widget-html\" data-id=\"4407dcd\" data-element_type=\"widget\" data-e-type=\"widget\" data-widget_type=\"html.default\">\n\t\t\t\t\t<style>\n  .ver-mas-texto {\n    font-family: 'KievitOT Regular', sans-serif;\n    font-weight: 300;\n    font-size: 16px;\n    line-height: 1.6;\n    margin-bottom: 10px;\n  }\n\n  .ver-mas-btn {\n    color: #8B0000;\n    font-weight: bold;\n    font-size: 13px;\n    cursor: pointer;\n    display: inline-block;\n    margin-top: 8px;\n  }\n\n  .ver-mas-oculto {\n    display: none;\n  }\n<\/style>\n\n<div class=\"bloque-vermas\">\n  <div class=\"ver-mas-texto\">\n    <span style=\"color:#8B0000;\">2017<\/span><br>Premio International Wine Challenge como Mejor Experiencia Enotur\u00edstica 2017.<br><br>\n\n    <span style=\"color:#8B0000;\">2013<\/span><br>Premio The Best of Wine Tourism Internacional otorgado por la red mundial The Great Wine Capitals Network en la categor\u00eda de Arte y Cultura de Espa\u00f1a por Museo de la Cultura del Vino Dinast\u00eda Vivanco. Napa Valley.<br><br>\n\n    <span style=\"color:#8B0000;\">2010<\/span><br>Premio Best off, fase Rioja Bilbao, al Museo de la Cultura del Vino Vivanco por sus exposiciones temporales durante 9 a\u00f1os, Laguardia, 2013.<span class=\"ver-mas-dots\">...<\/span>\n    \n    <span class=\"ver-mas-oculto\">\n      <br><br>\n      <span style=\"color:#8B0000;\">2009<\/span><br>Premio \u201cBast\u00f3n de Plata\u201d m\u00e1xima distinci\u00f3n de la ONCE en La Rioja al Museo de la Cultura del Vino \u2013 Dinast\u00eda Vivanco. Entregado en la Sala Gonzalo de Berceo de Logro\u00f1o. Noviembre de 2009.<br><br>Reconocimiento de la ONCE al Museo de la Cultura del Vino \u2013 Dinast\u00eda Vivanco por haber adaptado sus instalaciones y los contenidos que ofrece incluyendo carteles y planos en relieve. Entrega el Premio la Directora de la Obra Social. Septiembre 2009<br><br>\n\n      <span style=\"color:#8B0000;\">2007<\/span><br>\n      La revista enol\u00f3gica \u201cVinos de Espa\u00f1a\u201d ha galardonado al Museo de la Cultura del Vino Dinast\u00eda Vivanco con el premio Fomento al Turismo Enol\u00f3gico.<br><br>Finalista en el premio \u201cMuseo Europeo del A\u00f1o 2007\u201d. Premio impulsado por el European Museum Forum y el Consejo de Europa. Final en Alicante, mayo 2007.<br><br>Premio Best of Wine Tourism, otorgado por la red mundial \u201cGreat Wine Capitals\u201d en la categor\u00eda Parques Jardines y Paisajes de Espa\u00f1a por el \u201cJard\u00edn de Baco\u201d.<br><br>Premio Excelencia. categor\u00eda \u201cExcelencia a la Instituci\u00f3n\u201d que ha convertido el Museo de la Cultura del Vino de Briones en una aut\u00e9ntica referencia internacional, otorgado por Diario La Rioja. Logro\u00f1o 2007.<br><br>\n\n      <span style=\"color:#8B0000;\">2005<\/span><br>Trofeo en el Festival de Enovideo celebrado en Par\u00eds en septiembre de 2005 al audiovisual de la Toneler\u00eda, entregado en el Senado de Francia. El audiovisual se puedes ver en la segunda sala de nuestro Museo de la Cultura del Vino.<br><br>Premio The Best of Wine Tourism otorgado por la red mundial The Great Wine Capitals Network en la categor\u00eda de Arte y Cultura en la fase internacional por \u201cMuseo de la Cultura del Vino Dinast\u00eda Vivanco\u201d entregado en Melbourne por el Ministro de Turismo.<br><br>Premio The Best of Wine Tourism otorgado por la red mundial The Great Wine Capitals Network en la categor\u00eda de Arte y Cultura de Espa\u00f1a por Museo de la Cultura del Vino Dinast\u00eda Vivanco. Pamplona.<br>\n    <\/span>\n  <\/div>\n  <span class=\"ver-mas-btn\" data-vermas>Voir plus d'informations<\/span>\n<\/div>\n\n\n\t\t\t\t<\/div>\n\t\t\t\t<\/div>\n\t\t\t\t\t<\/div>\n\t\t\t\t<\/div>\n\t\t<div class=\"elementor-element elementor-element-52ce29d animated-slow e-flex e-con-boxed elementor-invisible e-con e-parent\" data-id=\"52ce29d\" data-element_type=\"container\" data-e-type=\"container\" data-settings=\"{&quot;animation&quot;:&quot;fadeInUp&quot;}\">\n\t\t\t\t\t<div class=\"e-con-inner\">\n\t\t\t\t<div class=\"elementor-element elementor-element-83e2d29 elementor-widget-divider--view-line elementor-widget elementor-widget-divider\" data-id=\"83e2d29\" data-element_type=\"widget\" data-e-type=\"widget\" data-widget_type=\"divider.default\">\n\t\t\t\t\t\t\t<div class=\"elementor-divider\">\n\t\t\t<span class=\"elementor-divider-separator\">\n\t\t\t\t\t\t<\/span>\n\t\t<\/div>\n\t\t\t\t\t\t<\/div>\n\t\t\t\t\t<\/div>\n\t\t\t\t<\/div>\n\t\t<div class=\"elementor-element elementor-element-14a44ab animated-slow e-flex e-con-boxed elementor-invisible e-con e-parent\" data-id=\"14a44ab\" data-element_type=\"container\" data-e-type=\"container\" data-settings=\"{&quot;animation&quot;:&quot;fadeInUp&quot;}\">\n\t\t\t\t\t<div class=\"e-con-inner\">\n\t\t<div class=\"elementor-element elementor-element-16055f4 e-con-full e-flex e-con e-child\" data-id=\"16055f4\" data-element_type=\"container\" data-e-type=\"container\">\n\t\t\t\t<div class=\"elementor-element elementor-element-bc6afb7 elementor-widget elementor-widget-image\" data-id=\"bc6afb7\" data-element_type=\"widget\" data-e-type=\"widget\" data-widget_type=\"image.default\">\n\t\t\t\t\t\t\t\t\t\t\t\t\t\t\t<img decoding=\"async\" width=\"412\" height=\"488\" src=\"https:\/\/vivancoculturadevino.es\/wp-content\/uploads\/2025\/08\/images.jpg\" class=\"attachment-large size-large wp-image-1355\" alt=\"Portada del libro El cine del vino\" srcset=\"https:\/\/vivancoculturadevino.es\/wp-content\/uploads\/2025\/08\/images.jpg 412w, https:\/\/vivancoculturadevino.es\/wp-content\/uploads\/2025\/08\/images-253x300.jpg 253w\" sizes=\"(max-width: 412px) 100vw, 412px\" \/>\t\t\t\t\t\t\t\t\t\t\t\t\t\t\t<\/div>\n\t\t\t\t<\/div>\n\t\t<div class=\"elementor-element elementor-element-e37a069 e-con-full e-flex e-con e-child\" data-id=\"e37a069\" data-element_type=\"container\" data-e-type=\"container\">\n\t\t\t\t<div class=\"elementor-element elementor-element-ccb55d2 elementor-widget elementor-widget-heading\" data-id=\"ccb55d2\" data-element_type=\"widget\" data-e-type=\"widget\" data-widget_type=\"heading.default\">\n\t\t\t\t\t<h2 class=\"elementor-heading-title elementor-size-default\">\u00c9DITORIAL<\/h2>\t\t\t\t<\/div>\n\t\t\t\t<div class=\"elementor-element elementor-element-923f877 elementor-widget elementor-widget-html\" data-id=\"923f877\" data-element_type=\"widget\" data-e-type=\"widget\" data-widget_type=\"html.default\">\n\t\t\t\t\t<style>\n  .ver-mas-texto {\n    font-family: 'KievitOT Regular', sans-serif;\n    font-weight: 300;\n    font-size: 16px;\n    line-height: 1.6;\n    margin-bottom: 10px;\n  }\n\n  .ver-mas-btn {\n    color: #8B0000;\n    font-weight: bold;\n    font-size: 13px;\n    cursor: pointer;\n    display: inline-block;\n    margin-top: 8px;\n  }\n\n  .ver-mas-oculto {\n    display: none;\n  }\n<\/style>\n\n<div class=\"bloque-vermas\">\n  <div class=\"ver-mas-texto\">\n    <span style=\"color:#8B0000;\">2007<\/span><br>Premio Gourmand World Cookbooks, al libro \u201cEl C\u00e1liz de las Letras\u201d en dos categor\u00edas: Mejor libro sobre vino y Mejor libro sobre literatura del vino en lengua castellana entregado en Pek\u00edn.<br><br>\n\n    <span style=\"color:#8B0000;\">2005<\/span><br>Premio Gourmand World Cookbooks, en la categor\u00eda mejor libro del vino para profesionales en la fase internacional a la Fundaci\u00f3n Dinast\u00eda Vivanco por el libro \u201c Arquitectura del Museo de la Cultura del Vino.<br><br>\n\n    <span style=\"color:#8B0000;\">2004<\/span><br>Premio OIV al mejor libro sobre vino a \u201cEl Vino de los Faraones\u201d. 2004. OIV (Organizaci\u00f3n Internacional del Vino).<span class=\"ver-mas-dots\">...<\/span>\n    \n    <span class=\"ver-mas-oculto\">\n      <br><br>\n      <span style=\"color:#8B0000;\">2003<\/span><br>Premio Gourmand World Cookbooks, en la categor\u00eda mejor libro de Historia del vino en la fase nacional a la Fundaci\u00f3n Dinast\u00eda Vivanco por el libro \u201cEl Vino de los Faraones\u201d.<br><br>\n    <\/span>\n  <\/div>\n  <span class=\"ver-mas-btn\" data-vermas>Voir plus d'informations<\/span>\n<\/div>\n\n\n\t\t\t\t<\/div>\n\t\t\t\t<\/div>\n\t\t\t\t\t<\/div>\n\t\t\t\t<\/div>\n\t\t<div class=\"elementor-element elementor-element-0703cc8 animated-slow e-flex e-con-boxed elementor-invisible e-con e-parent\" data-id=\"0703cc8\" data-element_type=\"container\" data-e-type=\"container\" data-settings=\"{&quot;animation&quot;:&quot;fadeInUp&quot;}\">\n\t\t\t\t\t<div class=\"e-con-inner\">\n\t\t\t\t<div class=\"elementor-element elementor-element-7583fec elementor-widget-divider--view-line elementor-widget elementor-widget-divider\" data-id=\"7583fec\" data-element_type=\"widget\" data-e-type=\"widget\" data-widget_type=\"divider.default\">\n\t\t\t\t\t\t\t<div class=\"elementor-divider\">\n\t\t\t<span class=\"elementor-divider-separator\">\n\t\t\t\t\t\t<\/span>\n\t\t<\/div>\n\t\t\t\t\t\t<\/div>\n\t\t\t\t\t<\/div>\n\t\t\t\t<\/div>\n\t\t<div class=\"elementor-element elementor-element-34eb7d1 animated-slow e-flex e-con-boxed elementor-invisible e-con e-parent\" data-id=\"34eb7d1\" data-element_type=\"container\" data-e-type=\"container\" data-settings=\"{&quot;animation&quot;:&quot;fadeInUp&quot;}\">\n\t\t\t\t\t<div class=\"e-con-inner\">\n\t\t<div class=\"elementor-element elementor-element-216e4a7 e-con-full e-flex e-con e-child\" data-id=\"216e4a7\" data-element_type=\"container\" data-e-type=\"container\">\n\t\t\t\t<div class=\"elementor-element elementor-element-db4bc19 elementor-widget elementor-widget-image\" data-id=\"db4bc19\" data-element_type=\"widget\" data-e-type=\"widget\" data-widget_type=\"image.default\">\n\t\t\t\t\t\t\t\t\t\t\t\t\t\t\t<img loading=\"lazy\" decoding=\"async\" width=\"800\" height=\"534\" src=\"https:\/\/vivancoculturadevino.es\/wp-content\/uploads\/2025\/12\/Fotos-Fundacion-015-1024x683.jpg\" class=\"attachment-large size-large wp-image-2940\" alt=\"Libros antiguos en estanter\u00eda\" srcset=\"https:\/\/vivancoculturadevino.es\/wp-content\/uploads\/2025\/12\/Fotos-Fundacion-015-1024x683.jpg 1024w, https:\/\/vivancoculturadevino.es\/wp-content\/uploads\/2025\/12\/Fotos-Fundacion-015-300x200.jpg 300w, https:\/\/vivancoculturadevino.es\/wp-content\/uploads\/2025\/12\/Fotos-Fundacion-015-768x512.jpg 768w, https:\/\/vivancoculturadevino.es\/wp-content\/uploads\/2025\/12\/Fotos-Fundacion-015-1536x1024.jpg 1536w, https:\/\/vivancoculturadevino.es\/wp-content\/uploads\/2025\/12\/Fotos-Fundacion-015-2048x1365.jpg 2048w, https:\/\/vivancoculturadevino.es\/wp-content\/uploads\/2025\/12\/Fotos-Fundacion-015-18x12.jpg 18w\" sizes=\"(max-width: 800px) 100vw, 800px\" \/>\t\t\t\t\t\t\t\t\t\t\t\t\t\t\t<\/div>\n\t\t\t\t<\/div>\n\t\t<div class=\"elementor-element elementor-element-3407f59 e-con-full e-flex e-con e-child\" data-id=\"3407f59\" data-element_type=\"container\" data-e-type=\"container\">\n\t\t\t\t<div class=\"elementor-element elementor-element-8e0e68c elementor-widget elementor-widget-heading\" data-id=\"8e0e68c\" data-element_type=\"widget\" data-e-type=\"widget\" data-widget_type=\"heading.default\">\n\t\t\t\t\t<h2 class=\"elementor-heading-title elementor-size-default\">CENTRE DE DOCUMENTATION<\/h2>\t\t\t\t<\/div>\n\t\t\t\t<div class=\"elementor-element elementor-element-208dfb3 elementor-widget elementor-widget-html\" data-id=\"208dfb3\" data-element_type=\"widget\" data-e-type=\"widget\" data-widget_type=\"html.default\">\n\t\t\t\t\t<style>\n  .ver-mas-texto {\n    font-family: 'KievitOT Regular', sans-serif;\n    font-weight: 300;\n    font-size: 16px;\n    line-height: 1.6;\n    margin-bottom: 10px;\n  }\n\n  .ver-mas-btn {\n    color: #8B0000;\n    font-weight: bold;\n    font-size: 13px;\n    cursor: pointer;\n    display: inline-block;\n    margin-top: 8px;\n  }\n\n  .ver-mas-oculto {\n    display: none;\n  }\n<\/style>\n\n<div class=\"bloque-vermas\">\n  <div class=\"ver-mas-texto\">\n    <span style=\"color:#8B0000;\">2008<\/span><br>Premio Best of Wine Tourism, otorgado por la red mundial \u201cGreat Wine Capitals\u201d en la categor\u00eda de Arte y Cultura al Centro de Documentaci\u00f3n de la Fundaci\u00f3n Vivanco. Premio concedido en la Asamblea General de Sud\u00e1frica. Ciudad del Cabo.<br><br>\n  <\/div>\n<\/div>\n\n\n\t\t\t\t<\/div>\n\t\t\t\t<\/div>\n\t\t\t\t\t<\/div>\n\t\t\t\t<\/div>\n\t\t\t\t<\/div>","protected":false},"excerpt":{"rendered":"<p>PREMIOS FUNDACI\u00d3N 2023 Best Of Special Achievement por la Red Mundial de Grandes Capitales del Vino (s\u00f3lo tres instituciones lo tienen en todo el mundo). 2017 Premio Nacional de Gastronom\u00eda, en la Categor\u00eda Especial para la Familia y Fundaci\u00f3n Vivanco.Declaraci\u00f3n de Bien de Inter\u00e9s Cultural (BIC) al yacimiento arqueol\u00f3gico de San Bartolom\u00e9 de La Noguera, [&hellip;]<\/p>","protected":false},"author":1,"featured_media":0,"parent":19,"menu_order":0,"comment_status":"closed","ping_status":"closed","template":"","meta":{"footnotes":""},"class_list":["post-583","page","type-page","status-publish","hentry"],"_links":{"self":[{"href":"https:\/\/vivancoculturadevino.es\/fr\/wp-json\/wp\/v2\/pages\/583","targetHints":{"allow":["GET"]}}],"collection":[{"href":"https:\/\/vivancoculturadevino.es\/fr\/wp-json\/wp\/v2\/pages"}],"about":[{"href":"https:\/\/vivancoculturadevino.es\/fr\/wp-json\/wp\/v2\/types\/page"}],"author":[{"embeddable":true,"href":"https:\/\/vivancoculturadevino.es\/fr\/wp-json\/wp\/v2\/users\/1"}],"replies":[{"embeddable":true,"href":"https:\/\/vivancoculturadevino.es\/fr\/wp-json\/wp\/v2\/comments?post=583"}],"version-history":[{"count":46,"href":"https:\/\/vivancoculturadevino.es\/fr\/wp-json\/wp\/v2\/pages\/583\/revisions"}],"predecessor-version":[{"id":4844,"href":"https:\/\/vivancoculturadevino.es\/fr\/wp-json\/wp\/v2\/pages\/583\/revisions\/4844"}],"up":[{"embeddable":true,"href":"https:\/\/vivancoculturadevino.es\/fr\/wp-json\/wp\/v2\/pages\/19"}],"wp:attachment":[{"href":"https:\/\/vivancoculturadevino.es\/fr\/wp-json\/wp\/v2\/media?parent=583"}],"curies":[{"name":"wp","href":"https:\/\/api.w.org\/{rel}","templated":true}]}}