{"id":2657,"date":"2025-11-10T11:49:18","date_gmt":"2025-11-10T11:49:18","guid":{"rendered":"https:\/\/demo01.vivancoculturadevino.es\/?page_id=2657"},"modified":"2026-01-23T01:08:45","modified_gmt":"2026-01-23T01:08:45","slug":"aviso-legal","status":"publish","type":"page","link":"https:\/\/vivancoculturadevino.es\/fr\/aviso-legal\/","title":{"rendered":"Aviso legal"},"content":{"rendered":"<div data-elementor-type=\"wp-page\" data-elementor-id=\"2657\" class=\"elementor elementor-2657\" data-elementor-post-type=\"page\">\n\t\t\t\t<div class=\"elementor-element elementor-element-f6d6206 e-flex e-con-boxed e-con e-parent\" data-id=\"f6d6206\" data-element_type=\"container\" data-e-type=\"container\">\n\t\t\t\t\t<div class=\"e-con-inner\">\n\t\t\t\t<div class=\"elementor-element elementor-element-ee44d9d elementor-widget elementor-widget-spacer\" data-id=\"ee44d9d\" data-element_type=\"widget\" data-e-type=\"widget\" data-widget_type=\"spacer.default\">\n\t\t\t\t\t\t\t<div class=\"elementor-spacer\">\n\t\t\t<div class=\"elementor-spacer-inner\"><\/div>\n\t\t<\/div>\n\t\t\t\t\t\t<\/div>\n\t\t\t\t<div class=\"elementor-element elementor-element-c65fa7b elementor-widget elementor-widget-heading\" data-id=\"c65fa7b\" data-element_type=\"widget\" data-e-type=\"widget\" data-widget_type=\"heading.default\">\n\t\t\t\t\t<h2 class=\"elementor-heading-title elementor-size-default\">aviso legal<\/h2>\t\t\t\t<\/div>\n\t\t\t\t<div class=\"elementor-element elementor-element-78393ca elementor-widget elementor-widget-spacer\" data-id=\"78393ca\" data-element_type=\"widget\" data-e-type=\"widget\" data-widget_type=\"spacer.default\">\n\t\t\t\t\t\t\t<div class=\"elementor-spacer\">\n\t\t\t<div class=\"elementor-spacer-inner\"><\/div>\n\t\t<\/div>\n\t\t\t\t\t\t<\/div>\n\t\t\t\t\t<\/div>\n\t\t\t\t<\/div>\n\t\t<div class=\"elementor-element elementor-element-88cf016 e-flex e-con-boxed e-con e-parent\" data-id=\"88cf016\" data-element_type=\"container\" data-e-type=\"container\">\n\t\t\t\t\t<div class=\"e-con-inner\">\n\t\t\t\t<div class=\"elementor-element elementor-element-49538c9 elementor-widget elementor-widget-text-editor\" data-id=\"49538c9\" data-element_type=\"widget\" data-e-type=\"widget\" data-widget_type=\"text-editor.default\">\n\t\t\t\t\t\t\t\t\t<p>VIVANCO ENOTURISMO Y EXPERIENCIAS S.L. (en adelante, Vivanco), con N.I.F. B26308007, y direcci\u00f3n en Carretera Nacional 232, Km. 442, 26330 Briones (La Rioja), sociedad inscrita en el Registro Mercantil de La Rioja, Secci\u00f3n 8\u00aa, Tomo 476, Folio 93, Hoja LO-7186, en calidad de titular de la p\u00e1gina web www.vivancoculturadevino.es; de conformidad con las prescripciones establecidas en la normativa de la Uni\u00f3n Europea y de Espa\u00f1a de Protecci\u00f3n de Datos de Car\u00e1cter Personal y en la Ley de Servicios de la Sociedad de la Informaci\u00f3n y Comercio Electr\u00f3nico 34\/2002 de 11 de julio, le informa sobre las condiciones legales de este sitio web.<\/p><p>Con car\u00e1cter general, las relaciones entre Vivanco y sus usuarios, derivadas del uso de los servicios contenidos en la presente web, se encuentran sometidas a la legislaci\u00f3n y jurisdicci\u00f3n espa\u00f1olas.<\/p><p>El hecho de acceder a este sitio web implica el conocimiento y aceptaci\u00f3n de los siguientes t\u00e9rminos y condiciones.<\/p><p><strong>T\u00e9rminos de uso y condiciones generales<\/strong><\/p><p>El acceso a este sitio web es responsabilidad exclusiva de los usuarios. El acceso y navegaci\u00f3n en este sitio web supone aceptar y conocer las advertencias legales, condiciones y t\u00e9rminos de uso contenidas en \u00e9l.<\/p><p>Est\u00e1 prohibido el env\u00edo de correo electr\u00f3nico masivo no solicitado o de correo no solicitado (spam) dirigido a cuentas de correo electr\u00f3nico utilizadas en este sitio web.<\/p><p>Est\u00e1 prohibido utilizar esta web con fines comerciales o de manera inadecuada atendiendo a su propia finalidad.<\/p><p>El usuario no podr\u00e1 acceder a este sitio web de modo que da\u00f1e, deteriore, inutilice o sobrecargue los servicios y\/o la informaci\u00f3n ofrecida.<\/p><p><strong>Actualidad y modificaci\u00f3n de la informaci\u00f3n<\/strong><\/p><p>La informaci\u00f3n que aparece en este sitio web es la vigente en la fecha de su \u00faltima actualizaci\u00f3n. Vivanco se reserva el derecho a actualizar, modificar o eliminar la informaci\u00f3n de este sitio web, pudiendo limitar o no permitir el acceso al mismo.<\/p><p>Vivanco se reserva la facultad de efectuar, en cualquier momento, cuantos cambios y modificaciones estime convenientes, pudiendo hacer uso de tal facultad en cualquier momento y sin previo aviso.<\/p><p><strong>Contenidos<\/strong><\/p><p>Vivanco realiza los m\u00e1ximos esfuerzos para evitar cualquier error en los contenidos que pudieran aparecer en este sitio web.<\/p><p>Vivanco no asume responsabilidad alguna por las discrepancias que pudiesen existir entre los documentos impresos y la versi\u00f3n electr\u00f3nica publicada en este sitio web. En caso de discrepancia entre la versi\u00f3n impresa y la publicada en el sitio web, prevalecer\u00e1 la versi\u00f3n impresa.<\/p><p>Vivanco no se responsabiliza en modo alguno de aquellos contenidos, actividades comerciales, productos y servicios incluidos que pudiesen visualizarse mediante enlaces electr\u00f3nicos (links), directa o indirectamente, a trav\u00e9s de este sitio web. La presencia de links en este sitio web de Vivanco, salvo manifestaci\u00f3n expresa en contrario, tiene una finalidad meramente informativa, por lo que en ning\u00fan caso supone sugerencia, invitaci\u00f3n o recomendaci\u00f3n sobre los mismos. Estos enlaces no representan ning\u00fan tipo de relaci\u00f3n entre Vivanco y los titulares de los sitios web a los que puede accederse mediante estos enlaces. Vivanco se reserva el derecho de retirar de modo unilateral y en cualquier momento los links que aparecen en su sitio web.<\/p><p><strong>Navegaci\u00f3n, acceso y seguridad<\/strong><\/p><p>Vivanco realiza los m\u00e1ximos esfuerzos para que la navegaci\u00f3n se realice en las mejores condiciones y evitar los perjuicios de cualquier tipo que pudiesen ocasionarse durante la misma.<\/p><p>Vivanco no se responsabiliza ni garantiza que el acceso a este sitio web sea ininterrumpido o que est\u00e9 libre de error. Tampoco se responsabiliza o garantiza que el contenido o software al que pueda accederse a trav\u00e9s de este sitio web, est\u00e9 libre de error o cause un da\u00f1o. En ning\u00fan caso Vivanco ser\u00e1 responsable por las p\u00e9rdidas, da\u00f1os o perjuicios de cualquier tipo que surjan por el acceso y el uso de este sitio web, incluy\u00e9ndose pero no limit\u00e1ndose, a los ocasionados a los sistemas inform\u00e1ticos o los provocados por la introducci\u00f3n de virus. Vivanco no se hace responsable de los da\u00f1os que pudiesen ocasionarse a los usuarios por un uso inadecuado de este sitio web.<\/p><p>Vivanco procura que la presentaci\u00f3n de todos los contenidos y funcionalidades esenciales de la web sea independiente de los dispositivos f\u00edsicos y navegadores web empleados a tal fin, codificados con est\u00e1ndares t\u00e9cnicos de uso libre y gratuito, y accesible para navegadores adaptados a personas con minusval\u00edas o limitaciones sensoriales, motoras o cognitivas. Se recomienda emplear navegadores de versi\u00f3n reciente.<\/p><p><strong>Propiedad intelectual e industrial<\/strong><\/p><p>Este sitio web y los contenidos que alberga se encuentran protegidos por las leyes de propiedad intelectual. No podr\u00e1n ser objeto de explotaci\u00f3n, reproducci\u00f3n, distribuci\u00f3n, modificaci\u00f3n, comunicaci\u00f3n p\u00fablica, cesi\u00f3n o transformaci\u00f3n. El acceso a este sitio web no otorga a los usuarios derecho, ni titularidad alguna sobre los derechos de propiedad intelectual de los contenidos que alberga este sitio web.<\/p><p>Vivanco no transfiere a los usuarios la propiedad de su software. Vivanco retiene todos los derechos de propiedad industrial e intelectual incluyendo el software. Si el usuario transfiere software de este sitio web a su terminal, no podr\u00e1 diseccionarlo para su estudio, o descompilarlo, traducir la versi\u00f3n del c\u00f3digo objeto original o su lenguaje a otro c\u00f3digo o lenguaje.<\/p><p>El nombre comercial, las marcas, logo, productos y servicios que contiene este sitio web se encuentran protegidos por ley.<\/p><p>Vivanco se reserva la posibilidad de ejercer las acciones judiciales que correspondan contra los usuarios que violen o infrinjan los derechos de propiedad intelectual e industrial.<\/p><p><strong>LEGISLACI\u00d3N APLICABLE<\/strong><\/p><p>En caso de disputa o conflicto de interpretaci\u00f3n de los t\u00e9rminos que conforman este aviso legal, la legislaci\u00f3n aplicable ser\u00e1 la legislaci\u00f3n espa\u00f1ola.<\/p><p>\u00a0<\/p>\t\t\t\t\t\t\t\t<\/div>\n\t\t\t\t\t<\/div>\n\t\t\t\t<\/div>\n\t\t\t\t<\/div>","protected":false},"excerpt":{"rendered":"<p>aviso legal VIVANCO ENOTURISMO Y EXPERIENCIAS S.L. (en adelante, Vivanco), con N.I.F. B26308007, y direcci\u00f3n en Carretera Nacional 232, Km. 442, 26330 Briones (La Rioja), sociedad inscrita en el Registro Mercantil de La Rioja, Secci\u00f3n 8\u00aa, Tomo 476, Folio 93, Hoja LO-7186, en calidad de titular de la p\u00e1gina web www.vivancoculturadevino.es; de conformidad con las [&hellip;]<\/p>","protected":false},"author":1,"featured_media":0,"parent":0,"menu_order":0,"comment_status":"closed","ping_status":"closed","template":"","meta":{"footnotes":""},"class_list":["post-2657","page","type-page","status-publish","hentry"],"_links":{"self":[{"href":"https:\/\/vivancoculturadevino.es\/fr\/wp-json\/wp\/v2\/pages\/2657","targetHints":{"allow":["GET"]}}],"collection":[{"href":"https:\/\/vivancoculturadevino.es\/fr\/wp-json\/wp\/v2\/pages"}],"about":[{"href":"https:\/\/vivancoculturadevino.es\/fr\/wp-json\/wp\/v2\/types\/page"}],"author":[{"embeddable":true,"href":"https:\/\/vivancoculturadevino.es\/fr\/wp-json\/wp\/v2\/users\/1"}],"replies":[{"embeddable":true,"href":"https:\/\/vivancoculturadevino.es\/fr\/wp-json\/wp\/v2\/comments?post=2657"}],"version-history":[{"count":7,"href":"https:\/\/vivancoculturadevino.es\/fr\/wp-json\/wp\/v2\/pages\/2657\/revisions"}],"predecessor-version":[{"id":4452,"href":"https:\/\/vivancoculturadevino.es\/fr\/wp-json\/wp\/v2\/pages\/2657\/revisions\/4452"}],"wp:attachment":[{"href":"https:\/\/vivancoculturadevino.es\/fr\/wp-json\/wp\/v2\/media?parent=2657"}],"curies":[{"name":"wp","href":"https:\/\/api.w.org\/{rel}","templated":true}]}}