{"id":2260,"date":"2025-10-13T12:08:10","date_gmt":"2025-10-13T12:08:10","guid":{"rendered":"https:\/\/demo01.vivancoculturadevino.es\/?page_id=2260"},"modified":"2026-01-23T09:27:23","modified_gmt":"2026-01-23T09:27:23","slug":"parcelles-de-maturana-tinta","status":"publish","type":"page","link":"https:\/\/vivancoculturadevino.es\/fr\/cave\/les-vins\/parcelles-de-maturana-tinta\/","title":{"rendered":"Parcelas de Maturana Tinta"},"content":{"rendered":"<div data-elementor-type=\"wp-page\" data-elementor-id=\"2260\" class=\"elementor elementor-2260\" data-elementor-post-type=\"page\">\n\t\t\t\t<div class=\"elementor-element elementor-element-b419001 e-flex e-con-boxed e-con e-parent\" data-id=\"b419001\" data-element_type=\"container\" data-e-type=\"container\">\n\t\t\t\t\t<div class=\"e-con-inner\">\n\t\t\t\t<div class=\"elementor-element elementor-element-72f8a33 elementor-widget elementor-widget-spacer\" data-id=\"72f8a33\" data-element_type=\"widget\" data-e-type=\"widget\" data-widget_type=\"spacer.default\">\n\t\t\t\t\t\t\t<div class=\"elementor-spacer\">\n\t\t\t<div class=\"elementor-spacer-inner\"><\/div>\n\t\t<\/div>\n\t\t\t\t\t\t<\/div>\n\t\t\t\t<div class=\"elementor-element elementor-element-648f237 elementor-widget__width-initial elementor-widget-tablet__width-initial animated-slow elementor-invisible elementor-widget elementor-widget-heading\" data-id=\"648f237\" data-element_type=\"widget\" data-e-type=\"widget\" data-settings=\"{&quot;_animation&quot;:&quot;fadeInUp&quot;}\" data-widget_type=\"heading.default\">\n\t\t\t\t\t<h2 class=\"elementor-heading-title elementor-size-default\">parcelles de maturana tinta<\/h2>\t\t\t\t<\/div>\n\t\t\t\t<div class=\"elementor-element elementor-element-b9fa567 elementor-widget__width-initial elementor-widget elementor-widget-button\" data-id=\"b9fa567\" data-element_type=\"widget\" data-e-type=\"widget\" data-widget_type=\"button.default\">\n\t\t\t\t\t\t\t\t\t\t<a class=\"elementor-button elementor-button-link elementor-size-sm\" href=\"https:\/\/tienda.vivancoculturadevino.es\/18-coleccion-vivanco-parcelas-de-maturana-tinta\" target=\"_blank\">\n\t\t\t\t\t\t<span class=\"elementor-button-content-wrapper\">\n\t\t\t\t\t\t\t\t\t<span class=\"elementor-button-text\">ACHETER<\/span>\n\t\t\t\t\t<\/span>\n\t\t\t\t\t<\/a>\n\t\t\t\t\t\t\t\t<\/div>\n\t\t\t\t\t<\/div>\n\t\t\t\t<\/div>\n\t\t<div class=\"elementor-element elementor-element-cff89c9 e-flex e-con-boxed e-con e-parent\" data-id=\"cff89c9\" data-element_type=\"container\" data-e-type=\"container\">\n\t\t\t\t\t<div class=\"e-con-inner\">\n\t\t<div class=\"elementor-element elementor-element-a456f3a e-con-full e-flex e-con e-child\" data-id=\"a456f3a\" data-element_type=\"container\" data-e-type=\"container\">\n\t\t\t\t<div class=\"elementor-element elementor-element-1dbeb4e elementor-widget elementor-widget-image\" data-id=\"1dbeb4e\" data-element_type=\"widget\" data-e-type=\"widget\" data-widget_type=\"image.default\">\n\t\t\t\t\t\t\t\t\t\t\t\t\t\t\t<img fetchpriority=\"high\" decoding=\"async\" width=\"356\" height=\"1024\" src=\"https:\/\/vivancoculturadevino.es\/wp-content\/uploads\/2025\/08\/BRUNES_0005_Vivanco-Coleccion-Parcelas-Maturana-Tinta_No-anada-356x1024.jpg\" class=\"attachment-large size-large wp-image-1417\" alt=\"Parcelas de Maturana Tinta\" srcset=\"https:\/\/vivancoculturadevino.es\/wp-content\/uploads\/2025\/08\/BRUNES_0005_Vivanco-Coleccion-Parcelas-Maturana-Tinta_No-anada-356x1024.jpg 356w, https:\/\/vivancoculturadevino.es\/wp-content\/uploads\/2025\/08\/BRUNES_0005_Vivanco-Coleccion-Parcelas-Maturana-Tinta_No-anada-104x300.jpg 104w, https:\/\/vivancoculturadevino.es\/wp-content\/uploads\/2025\/08\/BRUNES_0005_Vivanco-Coleccion-Parcelas-Maturana-Tinta_No-anada-768x2210.jpg 768w, https:\/\/vivancoculturadevino.es\/wp-content\/uploads\/2025\/08\/BRUNES_0005_Vivanco-Coleccion-Parcelas-Maturana-Tinta_No-anada-534x1536.jpg 534w, https:\/\/vivancoculturadevino.es\/wp-content\/uploads\/2025\/08\/BRUNES_0005_Vivanco-Coleccion-Parcelas-Maturana-Tinta_No-anada-712x2048.jpg 712w, https:\/\/vivancoculturadevino.es\/wp-content\/uploads\/2025\/08\/BRUNES_0005_Vivanco-Coleccion-Parcelas-Maturana-Tinta_No-anada-scaled.jpg 890w\" sizes=\"(max-width: 356px) 100vw, 356px\" \/>\t\t\t\t\t\t\t\t\t\t\t\t\t\t\t<\/div>\n\t\t\t\t<\/div>\n\t\t<div class=\"elementor-element elementor-element-fea1cb2 e-con-full animated-slow e-flex elementor-invisible e-con e-child\" data-id=\"fea1cb2\" data-element_type=\"container\" data-e-type=\"container\" data-settings=\"{&quot;animation&quot;:&quot;fadeInUp&quot;}\">\n\t\t\t\t<div class=\"elementor-element elementor-element-6a4c24a elementor-widget elementor-widget-heading\" data-id=\"6a4c24a\" data-element_type=\"widget\" data-e-type=\"widget\" data-widget_type=\"heading.default\">\n\t\t\t\t\t<h2 class=\"elementor-heading-title elementor-size-default\">\u201cOriginal et \u00e9pic\u00e9\u201d.\u201d\n<\/h2>\t\t\t\t<\/div>\n\t\t\t\t<div class=\"elementor-element elementor-element-bcf6e6b elementor-widget elementor-widget-spacer\" data-id=\"bcf6e6b\" data-element_type=\"widget\" data-e-type=\"widget\" data-widget_type=\"spacer.default\">\n\t\t\t\t\t\t\t<div class=\"elementor-spacer\">\n\t\t\t<div class=\"elementor-spacer-inner\"><\/div>\n\t\t<\/div>\n\t\t\t\t\t\t<\/div>\n\t\t\t\t<div class=\"elementor-element elementor-element-140dcd8 elementor-widget elementor-widget-heading\" data-id=\"140dcd8\" data-element_type=\"widget\" data-e-type=\"widget\" data-widget_type=\"heading.default\">\n\t\t\t\t\t<h2 class=\"elementor-heading-title elementor-size-default\">Ajouter<\/h2>\t\t\t\t<\/div>\n\t\t\t\t<div class=\"elementor-element elementor-element-4f5a9d8 elementor-widget elementor-widget-text-editor\" data-id=\"4f5a9d8\" data-element_type=\"widget\" data-e-type=\"widget\" data-widget_type=\"text-editor.default\">\n\t\t\t\t\t\t\t\t\t<p>2021<\/p>\t\t\t\t\t\t\t\t<\/div>\n\t\t\t\t<div class=\"elementor-element elementor-element-cd45247 elementor-widget elementor-widget-heading\" data-id=\"cd45247\" data-element_type=\"widget\" data-e-type=\"widget\" data-widget_type=\"heading.default\">\n\t\t\t\t\t<h2 class=\"elementor-heading-title elementor-size-default\">vari\u00e9t\u00e9s<\/h2>\t\t\t\t<\/div>\n\t\t\t\t<div class=\"elementor-element elementor-element-ae0db1e elementor-widget elementor-widget-text-editor\" data-id=\"ae0db1e\" data-element_type=\"widget\" data-e-type=\"widget\" data-widget_type=\"text-editor.default\">\n\t\t\t\t\t\t\t\t\t<p>100% Encre Maturana.<\/p>\t\t\t\t\t\t\t\t<\/div>\n\t\t\t\t<div class=\"elementor-element elementor-element-28d8632 elementor-widget elementor-widget-heading\" data-id=\"28d8632\" data-element_type=\"widget\" data-e-type=\"widget\" data-widget_type=\"heading.default\">\n\t\t\t\t\t<h2 class=\"elementor-heading-title elementor-size-default\">production<\/h2>\t\t\t\t<\/div>\n\t\t\t\t<div class=\"elementor-element elementor-element-d06197e elementor-widget elementor-widget-text-editor\" data-id=\"d06197e\" data-element_type=\"widget\" data-e-type=\"widget\" data-widget_type=\"text-editor.default\">\n\t\t\t\t\t\t\t\t\t<p>2 223 bouteilles.<\/p>\t\t\t\t\t\t\t\t<\/div>\n\t\t\t\t<div class=\"elementor-element elementor-element-b240081 elementor-widget elementor-widget-heading\" data-id=\"b240081\" data-element_type=\"widget\" data-e-type=\"widget\" data-widget_type=\"heading.default\">\n\t\t\t\t\t<h2 class=\"elementor-heading-title elementor-size-default\">vinification<\/h2>\t\t\t\t<\/div>\n\t\t\t\t<div class=\"elementor-element elementor-element-1fc61f7 elementor-widget elementor-widget-text-editor\" data-id=\"1fc61f7\" data-element_type=\"widget\" data-e-type=\"widget\" data-widget_type=\"text-editor.default\">\n\t\t\t\t\t\t\t\t\t<p>Les raisins sont r\u00e9colt\u00e9s \u00e0 la main dans de petites caisses de dix kilogrammes. Refroidissement en chambre froide jusqu'\u00e0 ce que la temp\u00e9rature des raisins atteigne 3 \u00b0C. Double s\u00e9lection des grappes et des baies, avec \u00e9grappage et foulage en douceur. Cuvaison par gravit\u00e9 dans des cuves en ch\u00eane fran\u00e7ais sans remontage et vinification s\u00e9par\u00e9e des parcelles. Mac\u00e9ration \u00e0 froid et fermentation pendant 20 jours avec des levures indig\u00e8nes. Soutirage par gravit\u00e9 dans des f\u00fbts de ch\u00eane fran\u00e7ais neufs et de deuxi\u00e8me ann\u00e9e pour la fermentation malolactique.<\/p>\t\t\t\t\t\t\t\t<\/div>\n\t\t<div class=\"elementor-element elementor-element-b0e9d84 e-con-full e-flex e-con e-child\" data-id=\"b0e9d84\" data-element_type=\"container\" data-e-type=\"container\">\n\t\t\t\t<div class=\"elementor-element elementor-element-3b6d9ea elementor-widget elementor-widget-button\" data-id=\"3b6d9ea\" data-element_type=\"widget\" data-e-type=\"widget\" data-widget_type=\"button.default\">\n\t\t\t\t\t\t\t\t\t\t<a class=\"elementor-button elementor-button-link elementor-size-sm\" href=\"\/fr\/cave\/recompenses\/#maturana\" target=\"_blank\">\n\t\t\t\t\t\t<span class=\"elementor-button-content-wrapper\">\n\t\t\t\t\t\t\t\t\t<span class=\"elementor-button-text\">PRIX<\/span>\n\t\t\t\t\t<\/span>\n\t\t\t\t\t<\/a>\n\t\t\t\t\t\t\t\t<\/div>\n\t\t\t\t<div class=\"elementor-element elementor-element-61d163d elementor-widget elementor-widget-button\" data-id=\"61d163d\" data-element_type=\"widget\" data-e-type=\"widget\" data-widget_type=\"button.default\">\n\t\t\t\t\t\t\t\t\t\t<a class=\"elementor-button elementor-button-link elementor-size-sm\" href=\"https:\/\/vivancoculturadevino.es\/wp-content\/uploads\/2026\/03\/13-Ficha-de-Cata-Vivanco-Coleccion-Parcelas-de-Maturana-Tinta_FR.pdf\">\n\t\t\t\t\t\t<span class=\"elementor-button-content-wrapper\">\n\t\t\t\t\t\t\t\t\t<span class=\"elementor-button-text\">FICHE DE D\u00c9GUSTATION<\/span>\n\t\t\t\t\t<\/span>\n\t\t\t\t\t<\/a>\n\t\t\t\t\t\t\t\t<\/div>\n\t\t\t\t<\/div>\n\t\t\t\t<\/div>\n\t\t\t\t\t<\/div>\n\t\t\t\t<\/div>\n\t\t<div class=\"elementor-element elementor-element-cc525b6 animated-slow e-flex e-con-boxed elementor-invisible e-con e-parent\" data-id=\"cc525b6\" data-element_type=\"container\" data-e-type=\"container\" data-settings=\"{&quot;animation&quot;:&quot;fadeInUp&quot;}\">\n\t\t\t\t\t<div class=\"e-con-inner\">\n\t\t<div class=\"elementor-element elementor-element-0b796f8 e-con-full e-flex e-con e-child\" data-id=\"0b796f8\" data-element_type=\"container\" data-e-type=\"container\">\n\t\t\t\t<div class=\"elementor-element elementor-element-3b26642 elementor-widget elementor-widget-heading\" data-id=\"3b26642\" data-element_type=\"widget\" data-e-type=\"widget\" data-widget_type=\"heading.default\">\n\t\t\t\t\t<h2 class=\"elementor-heading-title elementor-size-default\">CRIANZA<\/h2>\t\t\t\t<\/div>\n\t\t\t\t<div class=\"elementor-element elementor-element-1f0fe49 elementor-widget elementor-widget-text-editor\" data-id=\"1f0fe49\" data-element_type=\"widget\" data-e-type=\"widget\" data-widget_type=\"text-editor.default\">\n\t\t\t\t\t\t\t\t\t<p>14 mois d'\u00e9levage en barriques de diff\u00e9rentes tonnelleries, chauffe et origines, sans soutirage, sur lies jusqu'\u00e0 la mise en bouteille, avec bat\u00f4nnage p\u00e9riodique pendant les quatre premiers mois. Le vin est mis en bouteille sans filtrage ni collage, de sorte que de petites pr\u00e9cipitations d'origine naturelle peuvent appara\u00eetre avec le temps.<\/p>\t\t\t\t\t\t\t\t<\/div>\n\t\t\t\t<div class=\"elementor-element elementor-element-5e4831f elementor-widget elementor-widget-heading\" data-id=\"5e4831f\" data-element_type=\"widget\" data-e-type=\"widget\" data-widget_type=\"heading.default\">\n\t\t\t\t\t<h2 class=\"elementor-heading-title elementor-size-default\">DESCRIPTION AMP\u00c9LOGRAPHIQUE<\/h2>\t\t\t\t<\/div>\n\t\t\t\t<div class=\"elementor-element elementor-element-7f1c4d5 elementor-widget elementor-widget-text-editor\" data-id=\"7f1c4d5\" data-element_type=\"widget\" data-e-type=\"widget\" data-widget_type=\"text-editor.default\">\n\t\t\t\t\t\t\t\t\t<p>Le Maturana Tinta est une vari\u00e9t\u00e9 autochtone de Rio de Janeiro qui n'est cultiv\u00e9e nulle part ailleurs dans le monde. R\u00e9cup\u00e9r\u00e9e apr\u00e8s des ann\u00e9es de travail et de recherche, elle pr\u00e9sente une petite grappe compacte et de petites baies. Tr\u00e8s sensible au botrytis, elle d\u00e9bourre tardivement mais m\u00fbrit pr\u00e9cocement.<\/p>\t\t\t\t\t\t\t\t<\/div>\n\t\t\t\t<div class=\"elementor-element elementor-element-1f9ed45 elementor-widget elementor-widget-heading\" data-id=\"1f9ed45\" data-element_type=\"widget\" data-e-type=\"widget\" data-widget_type=\"heading.default\">\n\t\t\t\t\t<h2 class=\"elementor-heading-title elementor-size-default\">la bouteille<\/h2>\t\t\t\t<\/div>\n\t\t\t\t<div class=\"elementor-element elementor-element-b9cbe72 elementor-widget elementor-widget-text-editor\" data-id=\"b9cbe72\" data-element_type=\"widget\" data-e-type=\"widget\" data-widget_type=\"text-editor.default\">\n\t\t\t\t\t\t\t\t\t<p>Notre bouteille s'inspire d'une bouteille originale du XVIIIe si\u00e8cle qui peut \u00eatre visit\u00e9e au mus\u00e9e Vivanco de la culture du vin.<\/p>\t\t\t\t\t\t\t\t<\/div>\n\t\t\t\t<\/div>\n\t\t<div class=\"elementor-element elementor-element-d8fa360 e-con-full e-flex e-con e-child\" data-id=\"d8fa360\" data-element_type=\"container\" data-e-type=\"container\">\n\t\t\t\t<div class=\"elementor-element elementor-element-d19ab78 elementor-widget elementor-widget-heading\" data-id=\"d19ab78\" data-element_type=\"widget\" data-e-type=\"widget\" data-widget_type=\"heading.default\">\n\t\t\t\t\t<h2 class=\"elementor-heading-title elementor-size-default\">SOBREVILLA (BADAR\u00c1N) ET EL MANZANO (BRIONES)<\/h2>\t\t\t\t<\/div>\n\t\t\t\t<div class=\"elementor-element elementor-element-73acde7 elementor-widget elementor-widget-image\" data-id=\"73acde7\" data-element_type=\"widget\" data-e-type=\"widget\" data-widget_type=\"image.default\">\n\t\t\t\t\t\t\t\t\t\t\t\t\t\t\t<img decoding=\"async\" width=\"550\" height=\"164\" src=\"https:\/\/vivancoculturadevino.es\/wp-content\/uploads\/2025\/10\/vino_8_txt_2.jpg\" class=\"attachment-large size-large wp-image-2262\" alt=\"\" srcset=\"https:\/\/vivancoculturadevino.es\/wp-content\/uploads\/2025\/10\/vino_8_txt_2.jpg 550w, https:\/\/vivancoculturadevino.es\/wp-content\/uploads\/2025\/10\/vino_8_txt_2-300x89.jpg 300w, https:\/\/vivancoculturadevino.es\/wp-content\/uploads\/2025\/10\/vino_8_txt_2-18x5.jpg 18w\" sizes=\"(max-width: 550px) 100vw, 550px\" \/>\t\t\t\t\t\t\t\t\t\t\t\t\t\t\t<\/div>\n\t\t\t\t<div class=\"elementor-element elementor-element-8715304 elementor-widget elementor-widget-text-editor\" data-id=\"8715304\" data-element_type=\"widget\" data-e-type=\"widget\" data-widget_type=\"text-editor.default\">\n\t\t\t\t\t\t\t\t\t<p>Si le mill\u00e9sime 2020 restera dans l'histoire pour la pand\u00e9mie et le d\u00e9fi qu'elle a pos\u00e9 \u00e0 l'humanit\u00e9, 2021 restera dans les m\u00e9moires pour la derni\u00e8re grande temp\u00eate hivernale de m\u00e9moire d'homme : Philom\u00e8ne. Une chute de neige historique entre le 6 et le 9 janvier 2021 a hydrat\u00e9 la terre comme on ne l'avait pas vu depuis des ann\u00e9es. Le printemps a \u00e9t\u00e9 \u00e0 nouveau tr\u00e8s humide, surtout dans la r\u00e9gion d'Agoncillo et d'Alberite, avec plus de 130 litres de pr\u00e9cipitations d'avril \u00e0 mai. Un \u00e9t\u00e9 d'antan, avec un mois de juillet froid et sec, a continu\u00e9 \u00e0 retarder le cycle de la vigne, ajoutant un mois d'ao\u00fbt exemplaire (nuits chaudes et fra\u00eeches) pour arriver \u00e0 des dates de vendanges d'octobre presque hors du temps. Un effeuillage tardif et une l\u00e9g\u00e8re suppression de feuilles dans la zone des grappes au d\u00e9but de la v\u00e9raison ont \u00e9t\u00e9 effectu\u00e9s afin d'obtenir un meilleur ensoleillement et une meilleure a\u00e9ration des grappes pour favoriser la maturation. Les grappes \u00e9taient l\u00e2ches et homog\u00e8nes, atteignant la pleine maturit\u00e9, ce qui est complexe pour ce c\u00e9page. Les raisins ont \u00e9t\u00e9 r\u00e9colt\u00e9s le 20 octobre dans les deux parcelles.<\/p>\t\t\t\t\t\t\t\t<\/div>\n\t\t\t\t<\/div>\n\t\t\t\t\t<\/div>\n\t\t\t\t<\/div>\n\t\t<div class=\"elementor-element elementor-element-8ee4419 e-flex e-con-boxed e-con e-parent\" data-id=\"8ee4419\" data-element_type=\"container\" data-e-type=\"container\">\n\t\t\t\t\t<div class=\"e-con-inner\">\n\t\t\t\t<div class=\"elementor-element elementor-element-b6f68e2 elementor-widget elementor-widget-spacer\" data-id=\"b6f68e2\" data-element_type=\"widget\" data-e-type=\"widget\" data-widget_type=\"spacer.default\">\n\t\t\t\t\t\t\t<div class=\"elementor-spacer\">\n\t\t\t<div class=\"elementor-spacer-inner\"><\/div>\n\t\t<\/div>\n\t\t\t\t\t\t<\/div>\n\t\t\t\t\t<\/div>\n\t\t\t\t<\/div>\n\t\t<div class=\"elementor-element elementor-element-ed6b5ca e-flex e-con-boxed e-con e-parent\" data-id=\"ed6b5ca\" data-element_type=\"container\" data-e-type=\"container\" data-settings=\"{&quot;background_background&quot;:&quot;classic&quot;}\">\n\t\t\t\t\t<div class=\"e-con-inner\">\n\t\t\t\t\t<\/div>\n\t\t\t\t<\/div>\n\t\t<div class=\"elementor-element elementor-element-c622abf e-flex e-con-boxed e-con e-parent\" data-id=\"c622abf\" data-element_type=\"container\" data-e-type=\"container\">\n\t\t\t\t\t<div class=\"e-con-inner\">\n\t\t\t\t<div class=\"elementor-element elementor-element-56d8e68 elementor-widget elementor-widget-spacer\" data-id=\"56d8e68\" data-element_type=\"widget\" data-e-type=\"widget\" data-widget_type=\"spacer.default\">\n\t\t\t\t\t\t\t<div class=\"elementor-spacer\">\n\t\t\t<div class=\"elementor-spacer-inner\"><\/div>\n\t\t<\/div>\n\t\t\t\t\t\t<\/div>\n\t\t\t\t\t<\/div>\n\t\t\t\t<\/div>\n\t\t<div class=\"elementor-element elementor-element-dece5b8 animated-slow e-flex e-con-boxed elementor-invisible e-con e-parent\" data-id=\"dece5b8\" data-element_type=\"container\" data-e-type=\"container\" data-settings=\"{&quot;animation&quot;:&quot;fadeInUp&quot;}\">\n\t\t\t\t\t<div class=\"e-con-inner\">\n\t\t<div class=\"elementor-element elementor-element-f28786c e-con-full e-flex e-con e-child\" data-id=\"f28786c\" data-element_type=\"container\" data-e-type=\"container\">\n\t\t\t\t<div class=\"elementor-element elementor-element-c1aa0bd elementor-widget elementor-widget-heading\" data-id=\"c1aa0bd\" data-element_type=\"widget\" data-e-type=\"widget\" data-widget_type=\"heading.default\">\n\t\t\t\t\t<h2 class=\"elementor-heading-title elementor-size-default\">CATA<\/h2>\t\t\t\t<\/div>\n\t\t\t\t<div class=\"elementor-element elementor-element-fb831f9 elementor-widget elementor-widget-text-editor\" data-id=\"fb831f9\" data-element_type=\"widget\" data-e-type=\"widget\" data-widget_type=\"text-editor.default\">\n\t\t\t\t\t\t\t\t\t<p>Robe rouge pourpre tr\u00e8s profonde, avec un pourtour violet tr\u00e8s marqu\u00e9. Ar\u00f4mes \u00e9pic\u00e9s, de fruits noirs, de poivre, de clou de girofle, de feuilles de m\u00fbrier, le tout sur un fond min\u00e9ral et de sous-bois. La bouche est tr\u00e8s balsamique, min\u00e9rale, avec des sensations \u00e9pic\u00e9es (poivre, fleur de rose, cumin, girofle), avec une finale \u00e9l\u00e9gante, vibrante et longue.<\/p>\t\t\t\t\t\t\t\t<\/div>\n\t\t\t\t<\/div>\n\t\t<div class=\"elementor-element elementor-element-b94ab90 e-con-full e-flex e-con e-child\" data-id=\"b94ab90\" data-element_type=\"container\" data-e-type=\"container\">\n\t\t\t\t<div class=\"elementor-element elementor-element-3e119cf elementor-widget elementor-widget-heading\" data-id=\"3e119cf\" data-element_type=\"widget\" data-e-type=\"widget\" data-widget_type=\"heading.default\">\n\t\t\t\t\t<h2 class=\"elementor-heading-title elementor-size-default\">PAIRING<\/h2>\t\t\t\t<\/div>\n\t\t\t\t<div class=\"elementor-element elementor-element-6f22e9d elementor-widget elementor-widget-text-editor\" data-id=\"6f22e9d\" data-element_type=\"widget\" data-e-type=\"widget\" data-widget_type=\"text-editor.default\">\n\t\t\t\t\t\t\t\t\t<p>Toutes sortes de viandes grill\u00e9es, de r\u00f4tis, de fromages forts et de plats de gibier.<\/p>\t\t\t\t\t\t\t\t<\/div>\n\t\t\t\t<\/div>\n\t\t\t\t\t<\/div>\n\t\t\t\t<\/div>\n\t\t<div class=\"elementor-element elementor-element-78b244c e-flex e-con-boxed e-con e-parent\" data-id=\"78b244c\" data-element_type=\"container\" data-e-type=\"container\">\n\t\t\t\t\t<div class=\"e-con-inner\">\n\t\t\t\t<div class=\"elementor-element elementor-element-778689e elementor-align-center elementor-widget__width-initial elementor-widget elementor-widget-button\" data-id=\"778689e\" data-element_type=\"widget\" data-e-type=\"widget\" data-widget_type=\"button.default\">\n\t\t\t\t\t\t\t\t\t\t<a class=\"elementor-button elementor-button-link elementor-size-sm\" href=\"https:\/\/tienda.vivancoculturadevino.es\/18-coleccion-vivanco-parcelas-de-maturana-tinta\" target=\"_blank\">\n\t\t\t\t\t\t<span class=\"elementor-button-content-wrapper\">\n\t\t\t\t\t\t\t\t\t<span class=\"elementor-button-text\">ACHETER<\/span>\n\t\t\t\t\t<\/span>\n\t\t\t\t\t<\/a>\n\t\t\t\t\t\t\t\t<\/div>\n\t\t\t\t\t<\/div>\n\t\t\t\t<\/div>\n\t\t<div class=\"elementor-element elementor-element-201d2d9 e-flex e-con-boxed e-con e-parent\" data-id=\"201d2d9\" data-element_type=\"container\" data-e-type=\"container\">\n\t\t\t\t\t<div class=\"e-con-inner\">\n\t\t\t\t<div class=\"elementor-element elementor-element-531f43f elementor-widget elementor-widget-spacer\" data-id=\"531f43f\" data-element_type=\"widget\" data-e-type=\"widget\" data-widget_type=\"spacer.default\">\n\t\t\t\t\t\t\t<div class=\"elementor-spacer\">\n\t\t\t<div class=\"elementor-spacer-inner\"><\/div>\n\t\t<\/div>\n\t\t\t\t\t\t<\/div>\n\t\t\t\t\t<\/div>\n\t\t\t\t<\/div>\n\t\t\t\t<\/div>","protected":false},"excerpt":{"rendered":"<p>parcelas de maturana tinta COMPRAR \u201cOriginal y especiado\u201d A\u00f1ada 2021 variedades 100% Maturana Tinta. producci\u00f3n 2.223 botellas. vinificaci\u00f3n Vendimia manual en peque\u00f1as cajas de diez kilogramos de capacidad. Enfriamiento en c\u00e1mara de fr\u00edo hasta que la temperatura de la uva alcance los 3 \u00b0C. Doble selecci\u00f3n de racimos y granos, con un suave despalillado y [&hellip;]<\/p>","protected":false},"author":1,"featured_media":0,"parent":569,"menu_order":0,"comment_status":"closed","ping_status":"closed","template":"","meta":{"footnotes":""},"class_list":["post-2260","page","type-page","status-publish","hentry"],"_links":{"self":[{"href":"https:\/\/vivancoculturadevino.es\/fr\/wp-json\/wp\/v2\/pages\/2260","targetHints":{"allow":["GET"]}}],"collection":[{"href":"https:\/\/vivancoculturadevino.es\/fr\/wp-json\/wp\/v2\/pages"}],"about":[{"href":"https:\/\/vivancoculturadevino.es\/fr\/wp-json\/wp\/v2\/types\/page"}],"author":[{"embeddable":true,"href":"https:\/\/vivancoculturadevino.es\/fr\/wp-json\/wp\/v2\/users\/1"}],"replies":[{"embeddable":true,"href":"https:\/\/vivancoculturadevino.es\/fr\/wp-json\/wp\/v2\/comments?post=2260"}],"version-history":[{"count":25,"href":"https:\/\/vivancoculturadevino.es\/fr\/wp-json\/wp\/v2\/pages\/2260\/revisions"}],"predecessor-version":[{"id":4592,"href":"https:\/\/vivancoculturadevino.es\/fr\/wp-json\/wp\/v2\/pages\/2260\/revisions\/4592"}],"up":[{"embeddable":true,"href":"https:\/\/vivancoculturadevino.es\/fr\/wp-json\/wp\/v2\/pages\/569"}],"wp:attachment":[{"href":"https:\/\/vivancoculturadevino.es\/fr\/wp-json\/wp\/v2\/media?parent=2260"}],"curies":[{"name":"wp","href":"https:\/\/api.w.org\/{rel}","templated":true}]}}