{"id":19,"date":"2025-07-15T13:38:12","date_gmt":"2025-07-15T13:38:12","guid":{"rendered":"https:\/\/demo01.vivancoculturadevino.es\/?page_id=19"},"modified":"2026-03-09T11:55:20","modified_gmt":"2026-03-09T11:55:20","slug":"fondation","status":"publish","type":"page","link":"https:\/\/vivancoculturadevino.es\/fr\/fondation\/","title":{"rendered":"Fondation"},"content":{"rendered":"<div data-elementor-type=\"wp-page\" data-elementor-id=\"19\" class=\"elementor elementor-19\" data-elementor-post-type=\"page\">\n\t\t\t\t<div class=\"elementor-element elementor-element-cd4efee e-flex e-con-boxed e-con e-parent\" data-id=\"cd4efee\" data-element_type=\"container\" data-e-type=\"container\">\n\t\t\t\t\t<div class=\"e-con-inner\">\n\t\t\t\t<div class=\"elementor-element elementor-element-3550bac elementor-widget elementor-widget-spacer\" data-id=\"3550bac\" data-element_type=\"widget\" data-e-type=\"widget\" data-widget_type=\"spacer.default\">\n\t\t\t\t\t\t\t<div class=\"elementor-spacer\">\n\t\t\t<div class=\"elementor-spacer-inner\"><\/div>\n\t\t<\/div>\n\t\t\t\t\t\t<\/div>\n\t\t\t\t<div class=\"elementor-element elementor-element-b90afa8 elementor-widget elementor-widget-heading\" data-id=\"b90afa8\" data-element_type=\"widget\" data-e-type=\"widget\" data-widget_type=\"heading.default\">\n\t\t\t\t\t<h1 class=\"elementor-heading-title elementor-size-default\">FONDATION<\/h1>\t\t\t\t<\/div>\n\t\t\t\t<div class=\"elementor-element elementor-element-88e3420 elementor-widget elementor-widget-spacer\" data-id=\"88e3420\" data-element_type=\"widget\" data-e-type=\"widget\" data-widget_type=\"spacer.default\">\n\t\t\t\t\t\t\t<div class=\"elementor-spacer\">\n\t\t\t<div class=\"elementor-spacer-inner\"><\/div>\n\t\t<\/div>\n\t\t\t\t\t\t<\/div>\n\t\t\t\t\t<\/div>\n\t\t\t\t<\/div>\n\t\t<div class=\"elementor-element elementor-element-dd25475 e-flex e-con-boxed e-con e-parent\" data-id=\"dd25475\" data-element_type=\"container\" data-e-type=\"container\" data-settings=\"{&quot;background_background&quot;:&quot;classic&quot;}\">\n\t\t\t\t\t<div class=\"e-con-inner\">\n\t\t\t\t\t<\/div>\n\t\t\t\t<\/div>\n\t\t<div class=\"elementor-element elementor-element-fe18b16 e-flex e-con-boxed e-con e-parent\" data-id=\"fe18b16\" data-element_type=\"container\" data-e-type=\"container\">\n\t\t\t\t\t<div class=\"e-con-inner\">\n\t\t\t\t<div class=\"elementor-element elementor-element-aec0af7 elementor-widget elementor-widget-spacer\" data-id=\"aec0af7\" data-element_type=\"widget\" data-e-type=\"widget\" data-widget_type=\"spacer.default\">\n\t\t\t\t\t\t\t<div class=\"elementor-spacer\">\n\t\t\t<div class=\"elementor-spacer-inner\"><\/div>\n\t\t<\/div>\n\t\t\t\t\t\t<\/div>\n\t\t\t\t\t<\/div>\n\t\t\t\t<\/div>\n\t\t<div class=\"elementor-element elementor-element-8a66110 e-flex e-con-boxed e-con e-parent\" data-id=\"8a66110\" data-element_type=\"container\" data-e-type=\"container\">\n\t\t\t\t\t<div class=\"e-con-inner\">\n\t\t<div class=\"elementor-element elementor-element-ca2fdf2 e-con-full e-flex e-con e-child\" data-id=\"ca2fdf2\" data-element_type=\"container\" data-e-type=\"container\">\n\t\t\t\t<div class=\"elementor-element elementor-element-424a680 elementor-widget elementor-widget-text-editor\" data-id=\"424a680\" data-element_type=\"widget\" data-e-type=\"widget\" data-widget_type=\"text-editor.default\">\n\t\t\t\t\t\t\t\t\t<p>Le vin accompagne l'homme depuis des mill\u00e9naires, non seulement comme boisson, mais aussi comme symbole culturel, social et spirituel. Sa pr\u00e9sence a marqu\u00e9 des civilisations telles que les \u00c9gyptiens, les Grecs et les Romains, et a \u00e9t\u00e9 une source d'inspiration pour la litt\u00e9rature, l'art, le cin\u00e9ma, la gastronomie et la pens\u00e9e.<\/p><p>Chez Vivanco, cette vision globale et humaniste du vin se traduit par un engagement ferme en faveur de sa diffusion. C'est ainsi qu'est n\u00e9e la Fondation Vivanco, avec son mus\u00e9e de la culture du vin, son centre de documentation et sa maison d'\u00e9dition sp\u00e9cialis\u00e9e.<\/p><p>Un projet d\u00e9di\u00e9 \u00e0 la pr\u00e9servation, \u00e0 la recherche et au partage de l'immense h\u00e9ritage historique, du pr\u00e9sent et de l'avenir du vin. La culture du vin est le patrimoine de chacun, et Vivanco vous invite \u00e0 la d\u00e9couvrir et \u00e0 la vivre avec tous vos sens.<\/p><p>D\u00e9couvrez en cliquant\u00a0<a href=\"http:\/\/culturadevino.bne.es\">ICI<\/a>\u00a0notre projet en collaboration avec la BNE, le portail CULTURA DE VINO, un site web qui fournit des informations sur les collections documentaires de la Biblioteca Nacional de Espa\u00f1a sur le monde, l'histoire et le symbolisme du vin, \u00e0 travers l'art et la litt\u00e9rature.<\/p>\t\t\t\t\t\t\t\t<\/div>\n\t\t\t\t<\/div>\n\t\t<div class=\"elementor-element elementor-element-3e8b764 e-con-full e-flex e-con e-child\" data-id=\"3e8b764\" data-element_type=\"container\" data-e-type=\"container\">\n\t\t\t\t<div class=\"elementor-element elementor-element-7770d21 elementor-widget elementor-widget-video\" data-id=\"7770d21\" data-element_type=\"widget\" data-e-type=\"widget\" data-settings=\"{&quot;video_type&quot;:&quot;vimeo&quot;,&quot;autoplay&quot;:&quot;yes&quot;,&quot;play_on_mobile&quot;:&quot;yes&quot;,&quot;mute&quot;:&quot;yes&quot;}\" data-widget_type=\"video.default\">\n\t\t\t\t\t\t\t<div class=\"elementor-wrapper elementor-open-inline\">\n\t\t\t<iframe class=\"elementor-video-iframe\" allowfullscreen allow=\"autoplay\" title=\"Lecteur vid\u00e9o Vimeo\" src=\"https:\/\/player.vimeo.com\/video\/81548252?autoplay=1&amp;playsinline=1&amp;color&amp;autopause=0&amp;loop=0&amp;muted=1&amp;title=0&amp;portrait=1&amp;byline=0#t=\"><\/iframe>\t\t<\/div>\n\t\t\t\t\t\t<\/div>\n\t\t\t\t<\/div>\n\t\t\t\t\t<\/div>\n\t\t\t\t<\/div>\n\t\t<div class=\"elementor-element elementor-element-0f19a92 e-flex e-con-boxed e-con e-parent\" data-id=\"0f19a92\" data-element_type=\"container\" data-e-type=\"container\">\n\t\t\t\t\t<div class=\"e-con-inner\">\n\t\t\t\t<div class=\"elementor-element elementor-element-9c02194 elementor-widget elementor-widget-spacer\" data-id=\"9c02194\" data-element_type=\"widget\" data-e-type=\"widget\" data-widget_type=\"spacer.default\">\n\t\t\t\t\t\t\t<div class=\"elementor-spacer\">\n\t\t\t<div class=\"elementor-spacer-inner\"><\/div>\n\t\t<\/div>\n\t\t\t\t\t\t<\/div>\n\t\t\t\t\t<\/div>\n\t\t\t\t<\/div>\n\t\t<div class=\"elementor-element elementor-element-9d6452c e-grid e-con-full e-con e-parent\" data-id=\"9d6452c\" data-element_type=\"container\" data-e-type=\"container\">\n\t\t<div class=\"elementor-element elementor-element-4f884d6 e-con-full e-flex e-con e-child\" data-id=\"4f884d6\" data-element_type=\"container\" data-e-type=\"container\" data-settings=\"{&quot;background_background&quot;:&quot;classic&quot;}\">\n\t\t\t\t<div class=\"elementor-element elementor-element-6f915b7 elementor-widget elementor-widget-button\" data-id=\"6f915b7\" data-element_type=\"widget\" data-e-type=\"widget\" data-widget_type=\"button.default\">\n\t\t\t\t\t\t\t\t\t\t<a class=\"elementor-button elementor-button-link elementor-size-sm\" href=\"\/fr\/fondation\/musee-vivanco\/\">\n\t\t\t\t\t\t<span class=\"elementor-button-content-wrapper\">\n\t\t\t\t\t\t\t\t\t<span class=\"elementor-button-text\">MUS\u00c9E DE LA CULTURE DU VIN<\/span>\n\t\t\t\t\t<\/span>\n\t\t\t\t\t<\/a>\n\t\t\t\t\t\t\t\t<\/div>\n\t\t\t\t<\/div>\n\t\t<div class=\"elementor-element elementor-element-2329adc e-con-full e-flex e-con e-child\" data-id=\"2329adc\" data-element_type=\"container\" data-e-type=\"container\" data-settings=\"{&quot;background_background&quot;:&quot;classic&quot;}\">\n\t\t\t\t<div class=\"elementor-element elementor-element-9b1b774 elementor-widget elementor-widget-button\" data-id=\"9b1b774\" data-element_type=\"widget\" data-e-type=\"widget\" data-widget_type=\"button.default\">\n\t\t\t\t\t\t\t\t\t\t<a class=\"elementor-button elementor-button-link elementor-size-sm\" href=\"\/fr\/editorial\/\">\n\t\t\t\t\t\t<span class=\"elementor-button-content-wrapper\">\n\t\t\t\t\t\t\t\t\t<span class=\"elementor-button-text\">\u00c9DITORIAL<\/span>\n\t\t\t\t\t<\/span>\n\t\t\t\t\t<\/a>\n\t\t\t\t\t\t\t\t<\/div>\n\t\t\t\t<\/div>\n\t\t<div class=\"elementor-element elementor-element-aa9d8a9 e-con-full e-flex e-con e-child\" data-id=\"aa9d8a9\" data-element_type=\"container\" data-e-type=\"container\" data-settings=\"{&quot;background_background&quot;:&quot;classic&quot;}\">\n\t\t\t\t<div class=\"elementor-element elementor-element-df18953 elementor-widget elementor-widget-button\" data-id=\"df18953\" data-element_type=\"widget\" data-e-type=\"widget\" data-widget_type=\"button.default\">\n\t\t\t\t\t\t\t\t\t\t<a class=\"elementor-button elementor-button-link elementor-size-sm\" href=\"\/fr\/fondation\/employeurs-et-accords\/\">\n\t\t\t\t\t\t<span class=\"elementor-button-content-wrapper\">\n\t\t\t\t\t\t\t\t\t<span class=\"elementor-button-text\">EMPLOYEURS ET ACCORDS<\/span>\n\t\t\t\t\t<\/span>\n\t\t\t\t\t<\/a>\n\t\t\t\t\t\t\t\t<\/div>\n\t\t\t\t<\/div>\n\t\t<div class=\"elementor-element elementor-element-fde2708 e-con-full e-flex e-con e-child\" data-id=\"fde2708\" data-element_type=\"container\" data-e-type=\"container\" data-settings=\"{&quot;background_background&quot;:&quot;classic&quot;}\">\n\t\t\t\t<div class=\"elementor-element elementor-element-e485170 elementor-widget elementor-widget-button\" data-id=\"e485170\" data-element_type=\"widget\" data-e-type=\"widget\" data-widget_type=\"button.default\">\n\t\t\t\t\t\t\t\t\t\t<a class=\"elementor-button elementor-button-link elementor-size-sm\" href=\"\/fr\/recompenses\/\">\n\t\t\t\t\t\t<span class=\"elementor-button-content-wrapper\">\n\t\t\t\t\t\t\t\t\t<span class=\"elementor-button-text\">PRIX<\/span>\n\t\t\t\t\t<\/span>\n\t\t\t\t\t<\/a>\n\t\t\t\t\t\t\t\t<\/div>\n\t\t\t\t<\/div>\n\t\t\t\t<\/div>\n\t\t<div class=\"elementor-element elementor-element-cdd1931 e-grid e-con-boxed e-con e-parent\" data-id=\"cdd1931\" data-element_type=\"container\" data-e-type=\"container\">\n\t\t\t\t\t<div class=\"e-con-inner\">\n\t\t\t\t<div class=\"elementor-element elementor-element-c728e1d elementor-widget elementor-widget-image\" data-id=\"c728e1d\" data-element_type=\"widget\" data-e-type=\"widget\" data-widget_type=\"image.default\">\n\t\t\t\t\t\t\t\t\t\t\t\t\t\t\t<img fetchpriority=\"high\" decoding=\"async\" width=\"800\" height=\"450\" src=\"https:\/\/vivancoculturadevino.es\/wp-content\/uploads\/2025\/12\/20-Aniversario_9-1024x576.jpg\" class=\"attachment-large size-large wp-image-4018\" alt=\"Imagen de la exposici\u00f3n De la vida y el vino, de Ang\u00e9lica S\u00e1en\" srcset=\"https:\/\/vivancoculturadevino.es\/wp-content\/uploads\/2025\/12\/20-Aniversario_9-1024x576.jpg 1024w, https:\/\/vivancoculturadevino.es\/wp-content\/uploads\/2025\/12\/20-Aniversario_9-300x169.jpg 300w, https:\/\/vivancoculturadevino.es\/wp-content\/uploads\/2025\/12\/20-Aniversario_9-768x432.jpg 768w, https:\/\/vivancoculturadevino.es\/wp-content\/uploads\/2025\/12\/20-Aniversario_9-1536x864.jpg 1536w, https:\/\/vivancoculturadevino.es\/wp-content\/uploads\/2025\/12\/20-Aniversario_9-18x10.jpg 18w, https:\/\/vivancoculturadevino.es\/wp-content\/uploads\/2025\/12\/20-Aniversario_9.jpg 1920w\" sizes=\"(max-width: 800px) 100vw, 800px\" \/>\t\t\t\t\t\t\t\t\t\t\t\t\t\t\t<\/div>\n\t\t<div class=\"elementor-element elementor-element-34d5a27 e-con-full e-flex e-con e-child\" data-id=\"34d5a27\" data-element_type=\"container\" data-e-type=\"container\" data-settings=\"{&quot;background_background&quot;:&quot;classic&quot;}\">\n\t\t\t\t<div class=\"elementor-element elementor-element-68d0df3 elementor-widget elementor-widget-heading\" data-id=\"68d0df3\" data-element_type=\"widget\" data-e-type=\"widget\" data-widget_type=\"heading.default\">\n\t\t\t\t\t<h2 class=\"elementor-heading-title elementor-size-default\">EXPOSITIONS TEMPORAIRES<\/h2>\t\t\t\t<\/div>\n\t\t\t\t<div class=\"elementor-element elementor-element-1c302c8 elementor-widget elementor-widget-text-editor\" data-id=\"1c302c8\" data-element_type=\"widget\" data-e-type=\"widget\" data-widget_type=\"text-editor.default\">\n\t\t\t\t\t\t\t\t\t<p>En plus du Mus\u00e9e, du Centre de Documentation et de l\u2019\u00c9dition, \u00e0 la Fondation Vivanco nous r\u00e9alisons diff\u00e9rentes activit\u00e9s afin de remplir notre objectif principal : rechercher, diffuser et partager la Culture du Vin. C\u2019est pourquoi nous sommes toujours en mouvement ; nous voulons continuer \u00e0 avancer, faire participer tout le monde \u00e0 nos projets et prendre plaisir \u00e0 partager avec eux la Culture du Vin.<\/p>\t\t\t\t\t\t\t\t<\/div>\n\t\t\t\t<div class=\"elementor-element elementor-element-2f9166b elementor-widget elementor-widget-button\" data-id=\"2f9166b\" data-element_type=\"widget\" data-e-type=\"widget\" data-widget_type=\"button.default\">\n\t\t\t\t\t\t\t\t\t\t<a class=\"elementor-button elementor-button-link elementor-size-sm\" href=\"\/fr\/fondation\/actividades\/\">\n\t\t\t\t\t\t<span class=\"elementor-button-content-wrapper\">\n\t\t\t\t\t\t\t\t\t<span class=\"elementor-button-text\">Voir plus d'informations<\/span>\n\t\t\t\t\t<\/span>\n\t\t\t\t\t<\/a>\n\t\t\t\t\t\t\t\t<\/div>\n\t\t\t\t<\/div>\n\t\t\t\t\t<\/div>\n\t\t\t\t<\/div>\n\t\t\t\t<\/div>","protected":false},"excerpt":{"rendered":"<p>FUNDACI\u00d3N El vino ha acompa\u00f1ado al ser humano desde hace milenios, no solo como bebida, sino como s\u00edmbolo cultural, social y espiritual. Su presencia ha marcado civilizaciones como la egipcia, la griega o la romana, y ha sido fuente de inspiraci\u00f3n en\u00a0la literatura, el arte, el cine, la gastronom\u00eda y el pensamiento. En Vivanco, esta [&hellip;]<\/p>","protected":false},"author":1,"featured_media":0,"parent":0,"menu_order":0,"comment_status":"closed","ping_status":"closed","template":"","meta":{"footnotes":""},"class_list":["post-19","page","type-page","status-publish","hentry"],"_links":{"self":[{"href":"https:\/\/vivancoculturadevino.es\/fr\/wp-json\/wp\/v2\/pages\/19","targetHints":{"allow":["GET"]}}],"collection":[{"href":"https:\/\/vivancoculturadevino.es\/fr\/wp-json\/wp\/v2\/pages"}],"about":[{"href":"https:\/\/vivancoculturadevino.es\/fr\/wp-json\/wp\/v2\/types\/page"}],"author":[{"embeddable":true,"href":"https:\/\/vivancoculturadevino.es\/fr\/wp-json\/wp\/v2\/users\/1"}],"replies":[{"embeddable":true,"href":"https:\/\/vivancoculturadevino.es\/fr\/wp-json\/wp\/v2\/comments?post=19"}],"version-history":[{"count":70,"href":"https:\/\/vivancoculturadevino.es\/fr\/wp-json\/wp\/v2\/pages\/19\/revisions"}],"predecessor-version":[{"id":4801,"href":"https:\/\/vivancoculturadevino.es\/fr\/wp-json\/wp\/v2\/pages\/19\/revisions\/4801"}],"wp:attachment":[{"href":"https:\/\/vivancoculturadevino.es\/fr\/wp-json\/wp\/v2\/media?parent=19"}],"curies":[{"name":"wp","href":"https:\/\/api.w.org\/{rel}","templated":true}]}}