{"id":1799,"date":"2025-09-12T10:36:22","date_gmt":"2025-09-12T10:36:22","guid":{"rendered":"https:\/\/demo01.vivancoculturadevino.es\/?page_id=1799"},"modified":"2026-04-01T12:46:01","modified_gmt":"2026-04-01T12:46:01","slug":"restaurant","status":"publish","type":"page","link":"https:\/\/vivancoculturadevino.es\/fr\/experiences\/restaurant\/","title":{"rendered":"Restaurant"},"content":{"rendered":"<div data-elementor-type=\"wp-page\" data-elementor-id=\"1799\" class=\"elementor elementor-1799\" data-elementor-post-type=\"page\">\n\t\t\t\t<div class=\"elementor-element elementor-element-b419001 e-flex e-con-boxed e-con e-parent\" data-id=\"b419001\" data-element_type=\"container\" data-e-type=\"container\">\n\t\t\t\t\t<div class=\"e-con-inner\">\n\t\t\t\t<div class=\"elementor-element elementor-element-72f8a33 elementor-widget elementor-widget-spacer\" data-id=\"72f8a33\" data-element_type=\"widget\" data-e-type=\"widget\" data-widget_type=\"spacer.default\">\n\t\t\t\t\t\t\t<div class=\"elementor-spacer\">\n\t\t\t<div class=\"elementor-spacer-inner\"><\/div>\n\t\t<\/div>\n\t\t\t\t\t\t<\/div>\n\t\t\t\t<div class=\"elementor-element elementor-element-648f237 elementor-invisible elementor-widget elementor-widget-heading\" data-id=\"648f237\" data-element_type=\"widget\" data-e-type=\"widget\" data-settings=\"{&quot;_animation&quot;:&quot;fadeInUp&quot;}\" data-widget_type=\"heading.default\">\n\t\t\t\t\t<h2 class=\"elementor-heading-title elementor-size-default\">restaurant<\/h2>\t\t\t\t<\/div>\n\t\t\t\t<div class=\"elementor-element elementor-element-1d83468 elementor-widget elementor-widget-spacer\" data-id=\"1d83468\" data-element_type=\"widget\" data-e-type=\"widget\" data-widget_type=\"spacer.default\">\n\t\t\t\t\t\t\t<div class=\"elementor-spacer\">\n\t\t\t<div class=\"elementor-spacer-inner\"><\/div>\n\t\t<\/div>\n\t\t\t\t\t\t<\/div>\n\t\t\t\t\t<\/div>\n\t\t\t\t<\/div>\n\t\t<div class=\"elementor-element elementor-element-06c6fc7 e-flex e-con-boxed e-con e-parent\" data-id=\"06c6fc7\" data-element_type=\"container\" data-e-type=\"container\" data-settings=\"{&quot;background_background&quot;:&quot;classic&quot;}\">\n\t\t\t\t\t<div class=\"e-con-inner\">\n\t\t\t\t\t<\/div>\n\t\t\t\t<\/div>\n\t\t<div class=\"elementor-element elementor-element-14760a2 e-flex e-con-boxed e-con e-parent\" data-id=\"14760a2\" data-element_type=\"container\" data-e-type=\"container\">\n\t\t\t\t\t<div class=\"e-con-inner\">\n\t\t\t\t<div class=\"elementor-element elementor-element-4b2ff58 elementor-widget elementor-widget-spacer\" data-id=\"4b2ff58\" data-element_type=\"widget\" data-e-type=\"widget\" data-widget_type=\"spacer.default\">\n\t\t\t\t\t\t\t<div class=\"elementor-spacer\">\n\t\t\t<div class=\"elementor-spacer-inner\"><\/div>\n\t\t<\/div>\n\t\t\t\t\t\t<\/div>\n\t\t\t\t\t<\/div>\n\t\t\t\t<\/div>\n\t\t<div class=\"elementor-element elementor-element-30cc1af animated-slow e-flex e-con-boxed elementor-invisible e-con e-parent\" data-id=\"30cc1af\" data-element_type=\"container\" data-e-type=\"container\" data-settings=\"{&quot;animation&quot;:&quot;fadeInUp&quot;}\">\n\t\t\t\t\t<div class=\"e-con-inner\">\n\t\t<div class=\"elementor-element elementor-element-71d8d34 e-con-full e-flex e-con e-child\" data-id=\"71d8d34\" data-element_type=\"container\" data-e-type=\"container\">\n\t\t\t\t<div class=\"elementor-element elementor-element-a8deafd elementor-widget elementor-widget-image\" data-id=\"a8deafd\" data-element_type=\"widget\" data-e-type=\"widget\" data-widget_type=\"image.default\">\n\t\t\t\t\t\t\t\t\t\t\t\t\t\t\t<img fetchpriority=\"high\" decoding=\"async\" width=\"676\" height=\"1024\" src=\"https:\/\/vivancoculturadevino.es\/wp-content\/uploads\/2025\/09\/VIVANCO-381-676x1024.jpg\" class=\"attachment-large size-large wp-image-1802\" alt=\"Mesa con botella, copa de vino y platos servidos en el restaurante Vivanco\" srcset=\"https:\/\/vivancoculturadevino.es\/wp-content\/uploads\/2025\/09\/VIVANCO-381-676x1024.jpg 676w, https:\/\/vivancoculturadevino.es\/wp-content\/uploads\/2025\/09\/VIVANCO-381-198x300.jpg 198w, https:\/\/vivancoculturadevino.es\/wp-content\/uploads\/2025\/09\/VIVANCO-381-768x1163.jpg 768w, https:\/\/vivancoculturadevino.es\/wp-content\/uploads\/2025\/09\/VIVANCO-381-1014x1536.jpg 1014w, https:\/\/vivancoculturadevino.es\/wp-content\/uploads\/2025\/09\/VIVANCO-381.jpg 1301w\" sizes=\"(max-width: 676px) 100vw, 676px\" \/>\t\t\t\t\t\t\t\t\t\t\t\t\t\t\t<\/div>\n\t\t\t\t<\/div>\n\t\t<div class=\"elementor-element elementor-element-91562c9 e-con-full e-flex e-con e-child\" data-id=\"91562c9\" data-element_type=\"container\" data-e-type=\"container\">\n\t\t\t\t<div class=\"elementor-element elementor-element-6bcd48a elementor-widget elementor-widget-heading\" data-id=\"6bcd48a\" data-element_type=\"widget\" data-e-type=\"widget\" data-widget_type=\"heading.default\">\n\t\t\t\t\t<h2 class=\"elementor-heading-title elementor-size-default\">Du vignoble \u00e0 l'assiette<\/h2>\t\t\t\t<\/div>\n\t\t\t\t<div class=\"elementor-element elementor-element-4807621 elementor-widget elementor-widget-text-editor\" data-id=\"4807621\" data-element_type=\"widget\" data-e-type=\"widget\" data-widget_type=\"text-editor.default\">\n\t\t\t\t\t\t\t\t\t<p><span style=\"font-weight: 400;\">Notre gastronomie allie tradition, produits locaux et cr\u00e9ativit\u00e9 dans chaque plat. Chez Vivanco, le vin n'est pas seulement l'accord parfait, il fait aussi partie de la recette : nous l'utilisons comme un ingr\u00e9dient, une inspiration et une essence.<\/span><\/p><p><span style=\"font-weight: 400;\">Des saveurs authentiques, une technique soign\u00e9e et une exp\u00e9rience gastronomique o\u00f9 le vin et la cuisine se rencontrent pour le plus grand plaisir des convives.<\/span><\/p><p><span style=\"font-weight: 400;\">De la vigne \u00e0 l'assiette. C'est la fa\u00e7on de cuisiner de Vivanco.<\/span><\/p>\t\t\t\t\t\t\t\t<\/div>\n\t\t\t\t<div class=\"elementor-element elementor-element-b1f454e elementor-widget elementor-widget-heading\" data-id=\"b1f454e\" data-element_type=\"widget\" data-e-type=\"widget\" data-widget_type=\"heading.default\">\n\t\t\t\t\t<h2 class=\"elementor-heading-title elementor-size-default\">Informations et r\u00e9servations :<\/h2>\t\t\t\t<\/div>\n\t\t\t\t<div class=\"elementor-element elementor-element-999043b elementor-widget elementor-widget-text-editor\" data-id=\"999043b\" data-element_type=\"widget\" data-e-type=\"widget\" data-widget_type=\"text-editor.default\">\n\t\t\t\t\t\t\t\t\t<span style=\"font-weight: 400;\"><strong style=\"color: #930437;\">T\u00e9l :<\/strong> <a href=\"tel: +34941322340\">+34 941 322 340<\/a><\/span><span style=\"font-weight: 400;\">\n<\/span><span style=\"font-weight: 400;\"><br><strong style=\"color: #930437;\">E-mail :<\/strong> <a href=\"mailto:restaurante@vivancoculturadevino.es\">restaurante@vivancoculturadevino.es<\/a><\/span>\t\t\t\t\t\t\t\t<\/div>\n\t\t\t\t<\/div>\n\t\t\t\t\t<\/div>\n\t\t\t\t<\/div>\n\t\t\t\t<\/div>","protected":false},"excerpt":{"rendered":"<p>restaurante Del vi\u00f1edo al plato Nuestra gastronom\u00eda combina tradici\u00f3n, producto de proximidad y creatividad en cada plato. En Vivanco, el vino no es solo el maridaje perfecto, es tambi\u00e9n parte de la receta: lo usamos como ingrediente, inspiraci\u00f3n y esencia. Sabores aut\u00e9nticos, t\u00e9cnica cuidada y una experiencia en la mesa donde el vino y la [&hellip;]<\/p>","protected":false},"author":1,"featured_media":0,"parent":21,"menu_order":0,"comment_status":"closed","ping_status":"closed","template":"","meta":{"footnotes":""},"class_list":["post-1799","page","type-page","status-publish","hentry"],"_links":{"self":[{"href":"https:\/\/vivancoculturadevino.es\/fr\/wp-json\/wp\/v2\/pages\/1799","targetHints":{"allow":["GET"]}}],"collection":[{"href":"https:\/\/vivancoculturadevino.es\/fr\/wp-json\/wp\/v2\/pages"}],"about":[{"href":"https:\/\/vivancoculturadevino.es\/fr\/wp-json\/wp\/v2\/types\/page"}],"author":[{"embeddable":true,"href":"https:\/\/vivancoculturadevino.es\/fr\/wp-json\/wp\/v2\/users\/1"}],"replies":[{"embeddable":true,"href":"https:\/\/vivancoculturadevino.es\/fr\/wp-json\/wp\/v2\/comments?post=1799"}],"version-history":[{"count":46,"href":"https:\/\/vivancoculturadevino.es\/fr\/wp-json\/wp\/v2\/pages\/1799\/revisions"}],"predecessor-version":[{"id":4930,"href":"https:\/\/vivancoculturadevino.es\/fr\/wp-json\/wp\/v2\/pages\/1799\/revisions\/4930"}],"up":[{"embeddable":true,"href":"https:\/\/vivancoculturadevino.es\/fr\/wp-json\/wp\/v2\/pages\/21"}],"wp:attachment":[{"href":"https:\/\/vivancoculturadevino.es\/fr\/wp-json\/wp\/v2\/media?parent=1799"}],"curies":[{"name":"wp","href":"https:\/\/api.w.org\/{rel}","templated":true}]}}