{"id":1090,"date":"2025-08-11T09:16:25","date_gmt":"2025-08-11T09:16:25","guid":{"rendered":"https:\/\/demo01.vivancoculturadevino.es\/?page_id=1090"},"modified":"2025-10-23T10:19:19","modified_gmt":"2025-10-23T10:19:19","slug":"blog","status":"publish","type":"page","link":"https:\/\/vivancoculturadevino.es\/fr\/blog\/","title":{"rendered":"Blog"},"content":{"rendered":"<div data-elementor-type=\"wp-page\" data-elementor-id=\"1090\" class=\"elementor elementor-1090\" data-elementor-post-type=\"page\">\n\t\t\t\t<div class=\"elementor-element elementor-element-b419001 e-flex e-con-boxed e-con e-parent\" data-id=\"b419001\" data-element_type=\"container\" data-e-type=\"container\">\n\t\t\t\t\t<div class=\"e-con-inner\">\n\t\t\t\t<div class=\"elementor-element elementor-element-72f8a33 elementor-widget elementor-widget-spacer\" data-id=\"72f8a33\" data-element_type=\"widget\" data-e-type=\"widget\" data-widget_type=\"spacer.default\">\n\t\t\t\t\t\t\t<div class=\"elementor-spacer\">\n\t\t\t<div class=\"elementor-spacer-inner\"><\/div>\n\t\t<\/div>\n\t\t\t\t\t\t<\/div>\n\t\t\t\t<div class=\"elementor-element elementor-element-648f237 elementor-widget elementor-widget-heading\" data-id=\"648f237\" data-element_type=\"widget\" data-e-type=\"widget\" data-widget_type=\"heading.default\">\n\t\t\t\t\t<h2 class=\"elementor-heading-title elementor-size-default\">BLOG<\/h2>\t\t\t\t<\/div>\n\t\t\t\t<div class=\"elementor-element elementor-element-1d83468 elementor-widget elementor-widget-spacer\" data-id=\"1d83468\" data-element_type=\"widget\" data-e-type=\"widget\" data-widget_type=\"spacer.default\">\n\t\t\t\t\t\t\t<div class=\"elementor-spacer\">\n\t\t\t<div class=\"elementor-spacer-inner\"><\/div>\n\t\t<\/div>\n\t\t\t\t\t\t<\/div>\n\t\t\t\t\t<\/div>\n\t\t\t\t<\/div>\n\t\t<div class=\"elementor-element elementor-element-1959618 e-flex e-con-boxed e-con e-parent\" data-id=\"1959618\" data-element_type=\"container\" data-e-type=\"container\" data-settings=\"{&quot;background_background&quot;:&quot;classic&quot;}\">\n\t\t\t\t\t<div class=\"e-con-inner\">\n\t\t<div class=\"elementor-element elementor-element-535448c e-con-full e-flex e-con e-child\" data-id=\"535448c\" data-element_type=\"container\" data-e-type=\"container\">\n\t\t<div class=\"elementor-element elementor-element-afd565c e-con-full e-flex e-con e-child\" data-id=\"afd565c\" data-element_type=\"container\" data-e-type=\"container\">\n\t\t\t\t<div class=\"elementor-element elementor-element-4a02576 elementor-widget elementor-widget-heading\" data-id=\"4a02576\" data-element_type=\"widget\" data-e-type=\"widget\" data-widget_type=\"heading.default\">\n\t\t\t\t\t<h2 class=\"elementor-heading-title elementor-size-default\">Blog de Vivanco : #CulturaDeVino<\/h2>\t\t\t\t<\/div>\n\t\t\t\t<div class=\"elementor-element elementor-element-85e6b0c elementor-widget elementor-widget-text-editor\" data-id=\"85e6b0c\" data-element_type=\"widget\" data-e-type=\"widget\" data-widget_type=\"text-editor.default\">\n\t\t\t\t\t\t\t\t\t<p>Dans le blog de Vivanco, nous comprenons le vin comme un mode de vie, d'un point de vue innovant et \u00e9nergique, en vous offrant une exp\u00e9rience unique autour de la culture du vin.<\/p>\t\t\t\t\t\t\t\t<\/div>\n\t\t\t\t<div class=\"elementor-element elementor-element-7f157d6 elementor-align-justify elementor-widget elementor-widget-button\" data-id=\"7f157d6\" data-element_type=\"widget\" data-e-type=\"widget\" data-widget_type=\"button.default\">\n\t\t\t\t\t\t\t\t\t\t<a class=\"elementor-button elementor-button-link elementor-size-sm\" href=\"#\">\n\t\t\t\t\t\t<span class=\"elementor-button-content-wrapper\">\n\t\t\t\t\t\t\t\t\t<span class=\"elementor-button-text\">VENEZ NOUS RENDRE VISITE<\/span>\n\t\t\t\t\t<\/span>\n\t\t\t\t\t<\/a>\n\t\t\t\t\t\t\t\t<\/div>\n\t\t\t\t<\/div>\n\t\t<div class=\"elementor-element elementor-element-b928877 e-flex e-con-boxed e-con e-child\" data-id=\"b928877\" data-element_type=\"container\" data-e-type=\"container\">\n\t\t\t\t\t<div class=\"e-con-inner\">\n\t\t\t\t<div class=\"elementor-element elementor-element-2e01cd8 elementor-widget elementor-widget-image\" data-id=\"2e01cd8\" data-element_type=\"widget\" data-e-type=\"widget\" data-widget_type=\"image.default\">\n\t\t\t\t\t\t\t\t\t\t\t\t\t\t\t<img fetchpriority=\"high\" decoding=\"async\" width=\"800\" height=\"217\" src=\"https:\/\/vivancoculturadevino.es\/wp-content\/uploads\/2025\/10\/246_0002_q-calidad-turistica-logo-300px-1.png\" class=\"attachment-large size-large wp-image-2576\" alt=\"\" srcset=\"https:\/\/vivancoculturadevino.es\/wp-content\/uploads\/2025\/10\/246_0002_q-calidad-turistica-logo-300px-1.png 906w, https:\/\/vivancoculturadevino.es\/wp-content\/uploads\/2025\/10\/246_0002_q-calidad-turistica-logo-300px-1-300x81.png 300w, https:\/\/vivancoculturadevino.es\/wp-content\/uploads\/2025\/10\/246_0002_q-calidad-turistica-logo-300px-1-768x209.png 768w, https:\/\/vivancoculturadevino.es\/wp-content\/uploads\/2025\/10\/246_0002_q-calidad-turistica-logo-300px-1-18x5.png 18w\" sizes=\"(max-width: 800px) 100vw, 800px\" \/>\t\t\t\t\t\t\t\t\t\t\t\t\t\t\t<\/div>\n\t\t\t\t\t<\/div>\n\t\t\t\t<\/div>\n\t\t\t\t<\/div>\n\t\t\t\t\t<\/div>\n\t\t\t\t<\/div>\n\t\t<div class=\"elementor-element elementor-element-9e3da23 e-flex e-con-boxed e-con e-parent\" data-id=\"9e3da23\" data-element_type=\"container\" data-e-type=\"container\">\n\t\t\t\t\t<div class=\"e-con-inner\">\n\t\t\t\t<div class=\"elementor-element elementor-element-8ed974d elementor-widget elementor-widget-spacer\" data-id=\"8ed974d\" data-element_type=\"widget\" data-e-type=\"widget\" data-widget_type=\"spacer.default\">\n\t\t\t\t\t\t\t<div class=\"elementor-spacer\">\n\t\t\t<div class=\"elementor-spacer-inner\"><\/div>\n\t\t<\/div>\n\t\t\t\t\t\t<\/div>\n\t\t\t\t\t<\/div>\n\t\t\t\t<\/div>\n\t\t<div class=\"elementor-element elementor-element-0cfb2eb e-flex e-con-boxed e-con e-parent\" data-id=\"0cfb2eb\" data-element_type=\"container\" data-e-type=\"container\">\n\t\t\t\t\t<div class=\"e-con-inner\">\n\t\t\t\t<div class=\"elementor-element elementor-element-9ca60ed elementor-grid-3 elementor-grid-tablet-2 elementor-grid-mobile-1 elementor-posts--thumbnail-top elementor-widget elementor-widget-posts\" data-id=\"9ca60ed\" data-element_type=\"widget\" data-e-type=\"widget\" data-settings=\"{&quot;classic_columns&quot;:&quot;3&quot;,&quot;classic_columns_tablet&quot;:&quot;2&quot;,&quot;classic_columns_mobile&quot;:&quot;1&quot;,&quot;classic_row_gap&quot;:{&quot;unit&quot;:&quot;px&quot;,&quot;size&quot;:35,&quot;sizes&quot;:[]},&quot;classic_row_gap_tablet&quot;:{&quot;unit&quot;:&quot;px&quot;,&quot;size&quot;:&quot;&quot;,&quot;sizes&quot;:[]},&quot;classic_row_gap_mobile&quot;:{&quot;unit&quot;:&quot;px&quot;,&quot;size&quot;:&quot;&quot;,&quot;sizes&quot;:[]}}\" data-widget_type=\"posts.classic\">\n\t\t\t\t<div class=\"elementor-widget-container\">\n\t\t\t\t\t\t\t<div class=\"elementor-posts-container elementor-posts elementor-posts--skin-classic elementor-grid\" role=\"list\">\n\t\t\t\t<article class=\"elementor-post elementor-grid-item post-1081 post type-post status-publish format-standard has-post-thumbnail hentry category-uncategorized\" role=\"listitem\">\n\t\t\t\t<a class=\"elementor-post__thumbnail__link\" href=\"https:\/\/vivancoculturadevino.es\/fr\/prueba-de-entrada-3\/\" tabindex=\"-1\" target=\"&quot;_blank&quot;\">\n\t\t\t<div class=\"elementor-post__thumbnail\"><img decoding=\"async\" width=\"240\" height=\"300\" src=\"https:\/\/vivancoculturadevino.es\/wp-content\/uploads\/2025\/08\/BODEGA-PREMIOS-240x300.jpg\" class=\"attachment-medium size-medium wp-image-1045\" alt=\"Vendimia manual y selecci\u00f3n de uvas en bodega\" srcset=\"https:\/\/vivancoculturadevino.es\/wp-content\/uploads\/2025\/08\/BODEGA-PREMIOS-240x300.jpg 240w, https:\/\/vivancoculturadevino.es\/wp-content\/uploads\/2025\/08\/BODEGA-PREMIOS-819x1024.jpg 819w, https:\/\/vivancoculturadevino.es\/wp-content\/uploads\/2025\/08\/BODEGA-PREMIOS-768x960.jpg 768w, https:\/\/vivancoculturadevino.es\/wp-content\/uploads\/2025\/08\/BODEGA-PREMIOS.jpg 1200w\" sizes=\"(max-width: 240px) 100vw, 240px\" \/><\/div>\n\t\t<\/a>\n\t\t\t\t<div class=\"elementor-post__text\">\n\t\t\t\t<h3 class=\"elementor-post__title\">\n\t\t\t<a href=\"https:\/\/vivancoculturadevino.es\/fr\/prueba-de-entrada-3\/\" target=\"&quot;_blank&quot;\">\n\t\t\t\tINPUT TEST 3\t\t\t<\/a>\n\t\t<\/h3>\n\t\t\t\t<div class=\"elementor-post__excerpt\">\n\t\t\t<p>Lorem ipsum dolor sit amet, consectetur adipiscing elit. Sed non risus. Suspendisse lectus tortor, dignissim<\/p>\n\t\t<\/div>\n\t\t\t\t\t<div class=\"elementor-post__read-more-wrapper\">\n\t\t\n\t\t<a class=\"elementor-post__read-more\" href=\"https:\/\/vivancoculturadevino.es\/fr\/prueba-de-entrada-3\/\" aria-label=\"En savoir plus sur PRUEBA DE ENTRADA 3\" tabindex=\"-1\" target=\"_blank\">\n\t\t\tLire la suite \"\t\t<\/a>\n\n\t\t\t\t\t<\/div>\n\t\t\t\t<\/div>\n\t\t\t\t<\/article>\n\t\t\t\t<article class=\"elementor-post elementor-grid-item post-1079 post type-post status-publish format-standard has-post-thumbnail hentry category-uncategorized\" role=\"listitem\">\n\t\t\t\t<a class=\"elementor-post__thumbnail__link\" href=\"https:\/\/vivancoculturadevino.es\/fr\/prueba-de-entrada-2\/\" tabindex=\"-1\" target=\"&quot;_blank&quot;\">\n\t\t\t<div class=\"elementor-post__thumbnail\"><img decoding=\"async\" width=\"240\" height=\"300\" src=\"https:\/\/vivancoculturadevino.es\/wp-content\/uploads\/2025\/08\/BODEGA-PREMIOS-240x300.jpg\" class=\"attachment-medium size-medium wp-image-1045\" alt=\"Vendimia manual y selecci\u00f3n de uvas en bodega\" srcset=\"https:\/\/vivancoculturadevino.es\/wp-content\/uploads\/2025\/08\/BODEGA-PREMIOS-240x300.jpg 240w, https:\/\/vivancoculturadevino.es\/wp-content\/uploads\/2025\/08\/BODEGA-PREMIOS-819x1024.jpg 819w, https:\/\/vivancoculturadevino.es\/wp-content\/uploads\/2025\/08\/BODEGA-PREMIOS-768x960.jpg 768w, https:\/\/vivancoculturadevino.es\/wp-content\/uploads\/2025\/08\/BODEGA-PREMIOS.jpg 1200w\" sizes=\"(max-width: 240px) 100vw, 240px\" \/><\/div>\n\t\t<\/a>\n\t\t\t\t<div class=\"elementor-post__text\">\n\t\t\t\t<h3 class=\"elementor-post__title\">\n\t\t\t<a href=\"https:\/\/vivancoculturadevino.es\/fr\/prueba-de-entrada-2\/\" target=\"&quot;_blank&quot;\">\n\t\t\t\tTEST D'ENTR\u00c9E 2\t\t\t<\/a>\n\t\t<\/h3>\n\t\t\t\t<div class=\"elementor-post__excerpt\">\n\t\t\t<p>Lorem ipsum dolor sit amet, consectetur adipiscing elit. Sed non risus. Suspendisse lectus tortor, dignissim<\/p>\n\t\t<\/div>\n\t\t\t\t\t<div class=\"elementor-post__read-more-wrapper\">\n\t\t\n\t\t<a class=\"elementor-post__read-more\" href=\"https:\/\/vivancoculturadevino.es\/fr\/prueba-de-entrada-2\/\" aria-label=\"En savoir plus sur PRUEBA DE ENTRADA 2\" tabindex=\"-1\" target=\"_blank\">\n\t\t\tLire la suite \"\t\t<\/a>\n\n\t\t\t\t\t<\/div>\n\t\t\t\t<\/div>\n\t\t\t\t<\/article>\n\t\t\t\t<article class=\"elementor-post elementor-grid-item post-1076 post type-post status-publish format-standard has-post-thumbnail hentry category-uncategorized\" role=\"listitem\">\n\t\t\t\t<a class=\"elementor-post__thumbnail__link\" href=\"https:\/\/vivancoculturadevino.es\/fr\/prueba-de-entrada\/\" tabindex=\"-1\" target=\"&quot;_blank&quot;\">\n\t\t\t<div class=\"elementor-post__thumbnail\"><img decoding=\"async\" width=\"240\" height=\"300\" src=\"https:\/\/vivancoculturadevino.es\/wp-content\/uploads\/2025\/08\/BODEGA-PREMIOS-240x300.jpg\" class=\"attachment-medium size-medium wp-image-1045\" alt=\"Vendimia manual y selecci\u00f3n de uvas en bodega\" srcset=\"https:\/\/vivancoculturadevino.es\/wp-content\/uploads\/2025\/08\/BODEGA-PREMIOS-240x300.jpg 240w, https:\/\/vivancoculturadevino.es\/wp-content\/uploads\/2025\/08\/BODEGA-PREMIOS-819x1024.jpg 819w, https:\/\/vivancoculturadevino.es\/wp-content\/uploads\/2025\/08\/BODEGA-PREMIOS-768x960.jpg 768w, https:\/\/vivancoculturadevino.es\/wp-content\/uploads\/2025\/08\/BODEGA-PREMIOS.jpg 1200w\" sizes=\"(max-width: 240px) 100vw, 240px\" \/><\/div>\n\t\t<\/a>\n\t\t\t\t<div class=\"elementor-post__text\">\n\t\t\t\t<h3 class=\"elementor-post__title\">\n\t\t\t<a href=\"https:\/\/vivancoculturadevino.es\/fr\/prueba-de-entrada\/\" target=\"&quot;_blank&quot;\">\n\t\t\t\tTEST D'ENTR\u00c9E\t\t\t<\/a>\n\t\t<\/h3>\n\t\t\t\t<div class=\"elementor-post__excerpt\">\n\t\t\t<p>Lorem ipsum dolor sit amet, consectetur adipiscing elit. Sed non risus. Suspendisse lectus tortor, dignissim<\/p>\n\t\t<\/div>\n\t\t\t\t\t<div class=\"elementor-post__read-more-wrapper\">\n\t\t\n\t\t<a class=\"elementor-post__read-more\" href=\"https:\/\/vivancoculturadevino.es\/fr\/prueba-de-entrada\/\" aria-label=\"En savoir plus sur PRUEBA DE ENTRADA\" tabindex=\"-1\" target=\"_blank\">\n\t\t\tLire la suite \"\t\t<\/a>\n\n\t\t\t\t\t<\/div>\n\t\t\t\t<\/div>\n\t\t\t\t<\/article>\n\t\t\t\t<\/div>\n\t\t\n\t\t\t\t\t\t<\/div>\n\t\t\t\t<\/div>\n\t\t\t\t\t<\/div>\n\t\t\t\t<\/div>\n\t\t\t\t<\/div>","protected":false},"excerpt":{"rendered":"<p>BLOG Blog Vivanco: #CulturaDeVino En el blog de Vivanco, entendemos el vino como una forma de vida, desde una perspectiva innovadora y llena de energ\u00eda, ofreci\u00e9ndote una experiencia \u00fanica en torno a la Cultura del Vino. VEN A VISITARNOS<\/p>","protected":false},"author":1,"featured_media":0,"parent":0,"menu_order":0,"comment_status":"closed","ping_status":"closed","template":"","meta":{"footnotes":""},"class_list":["post-1090","page","type-page","status-publish","hentry"],"_links":{"self":[{"href":"https:\/\/vivancoculturadevino.es\/fr\/wp-json\/wp\/v2\/pages\/1090","targetHints":{"allow":["GET"]}}],"collection":[{"href":"https:\/\/vivancoculturadevino.es\/fr\/wp-json\/wp\/v2\/pages"}],"about":[{"href":"https:\/\/vivancoculturadevino.es\/fr\/wp-json\/wp\/v2\/types\/page"}],"author":[{"embeddable":true,"href":"https:\/\/vivancoculturadevino.es\/fr\/wp-json\/wp\/v2\/users\/1"}],"replies":[{"embeddable":true,"href":"https:\/\/vivancoculturadevino.es\/fr\/wp-json\/wp\/v2\/comments?post=1090"}],"version-history":[{"count":34,"href":"https:\/\/vivancoculturadevino.es\/fr\/wp-json\/wp\/v2\/pages\/1090\/revisions"}],"predecessor-version":[{"id":2582,"href":"https:\/\/vivancoculturadevino.es\/fr\/wp-json\/wp\/v2\/pages\/1090\/revisions\/2582"}],"wp:attachment":[{"href":"https:\/\/vivancoculturadevino.es\/fr\/wp-json\/wp\/v2\/media?parent=1090"}],"curies":[{"name":"wp","href":"https:\/\/api.w.org\/{rel}","templated":true}]}}