{"id":1059,"date":"2025-08-11T08:28:23","date_gmt":"2025-08-11T08:28:23","guid":{"rendered":"https:\/\/demo01.vivancoculturadevino.es\/?page_id=1059"},"modified":"2025-08-11T08:28:23","modified_gmt":"2025-08-11T08:28:23","slug":"contacto","status":"publish","type":"page","link":"https:\/\/vivancoculturadevino.es\/fr\/contacto\/","title":{"rendered":"Contacto"},"content":{"rendered":"<div data-elementor-type=\"wp-page\" data-elementor-id=\"1059\" class=\"elementor elementor-1059\" data-elementor-post-type=\"page\">\n\t\t\t\t<div class=\"elementor-element elementor-element-b419001 e-flex e-con-boxed e-con e-parent\" data-id=\"b419001\" data-element_type=\"container\" data-e-type=\"container\">\n\t\t\t\t\t<div class=\"e-con-inner\">\n\t\t\t\t<div class=\"elementor-element elementor-element-72f8a33 elementor-widget elementor-widget-spacer\" data-id=\"72f8a33\" data-element_type=\"widget\" data-e-type=\"widget\" data-widget_type=\"spacer.default\">\n\t\t\t\t\t\t\t<div class=\"elementor-spacer\">\n\t\t\t<div class=\"elementor-spacer-inner\"><\/div>\n\t\t<\/div>\n\t\t\t\t\t\t<\/div>\n\t\t\t\t<div class=\"elementor-element elementor-element-648f237 elementor-widget elementor-widget-heading\" data-id=\"648f237\" data-element_type=\"widget\" data-e-type=\"widget\" data-widget_type=\"heading.default\">\n\t\t\t\t\t<h2 class=\"elementor-heading-title elementor-size-default\">FAMILLE<\/h2>\t\t\t\t<\/div>\n\t\t\t\t<div class=\"elementor-element elementor-element-1d83468 elementor-widget elementor-widget-spacer\" data-id=\"1d83468\" data-element_type=\"widget\" data-e-type=\"widget\" data-widget_type=\"spacer.default\">\n\t\t\t\t\t\t\t<div class=\"elementor-spacer\">\n\t\t\t<div class=\"elementor-spacer-inner\"><\/div>\n\t\t<\/div>\n\t\t\t\t\t\t<\/div>\n\t\t\t\t\t<\/div>\n\t\t\t\t<\/div>\n\t\t<div class=\"elementor-element elementor-element-06c6fc7 e-flex e-con-boxed e-con e-parent\" data-id=\"06c6fc7\" data-element_type=\"container\" data-e-type=\"container\" data-settings=\"{&quot;background_background&quot;:&quot;classic&quot;}\">\n\t\t\t\t\t<div class=\"e-con-inner\">\n\t\t\t\t\t<\/div>\n\t\t\t\t<\/div>\n\t\t<div class=\"elementor-element elementor-element-14760a2 e-flex e-con-boxed e-con e-parent\" data-id=\"14760a2\" data-element_type=\"container\" data-e-type=\"container\">\n\t\t\t\t\t<div class=\"e-con-inner\">\n\t\t\t\t<div class=\"elementor-element elementor-element-4b2ff58 elementor-widget elementor-widget-spacer\" data-id=\"4b2ff58\" data-element_type=\"widget\" data-e-type=\"widget\" data-widget_type=\"spacer.default\">\n\t\t\t\t\t\t\t<div class=\"elementor-spacer\">\n\t\t\t<div class=\"elementor-spacer-inner\"><\/div>\n\t\t<\/div>\n\t\t\t\t\t\t<\/div>\n\t\t\t\t\t<\/div>\n\t\t\t\t<\/div>\n\t\t<div class=\"elementor-element elementor-element-cc525b6 e-flex e-con-boxed e-con e-parent\" data-id=\"cc525b6\" data-element_type=\"container\" data-e-type=\"container\">\n\t\t\t\t\t<div class=\"e-con-inner\">\n\t\t<div class=\"elementor-element elementor-element-0b796f8 e-con-full e-flex e-con e-child\" data-id=\"0b796f8\" data-element_type=\"container\" data-e-type=\"container\">\n\t\t\t\t<div class=\"elementor-element elementor-element-d5e4b82 elementor-widget elementor-widget-text-editor\" data-id=\"d5e4b82\" data-element_type=\"widget\" data-e-type=\"widget\" data-widget_type=\"text-editor.default\">\n\t\t\t\t\t\t\t\t\t<p class=\"p1\"><span class=\"s1\">Vivanco, c'est la famille, le vin et la passion. Quatre g\u00e9n\u00e9rations unies par la m\u00eame vocation : cultiver, comprendre et partager la culture du vin de La Rioja. Cette histoire a commenc\u00e9 il y a plus de 100 ans, lorsque Pedro Vivanco Gonz\u00e1lez, notre arri\u00e8re-grand-p\u00e8re, \u00e9laborait du vin avec les raisins d'un petit vignoble d'Alberite. C'\u00e9tait une \u00e9poque difficile, mais pleine d'illusion et de d\u00e9termination.<\/span><\/p><p class=\"p1\"><span class=\"s1\">Avec effort et vision, notre grand-p\u00e8re Santiago a poursuivi le chemin. Et c'est Felisa, notre grand-m\u00e8re, qui a encourag\u00e9 l'esprit d'entreprise de la famille, en soutenant notre p\u00e8re, Pedro Vivanco Paracuellos, dans ses \u00e9tudes d'\u0153nologie. Il a su allier l'humilit\u00e9, la connaissance et l'amour du vin, en cr\u00e9ant une collection unique d'objets li\u00e9s \u00e0 sa culture.<\/span><\/p>\t\t\t\t\t\t\t\t<\/div>\n\t\t\t\t<\/div>\n\t\t<div class=\"elementor-element elementor-element-d8fa360 e-con-full e-flex e-con e-child\" data-id=\"d8fa360\" data-element_type=\"container\" data-e-type=\"container\">\n\t\t\t\t<div class=\"elementor-element elementor-element-e07c4bd elementor-widget elementor-widget-text-editor\" data-id=\"e07c4bd\" data-element_type=\"widget\" data-e-type=\"widget\" data-widget_type=\"text-editor.default\">\n\t\t\t\t\t\t\t\t\t<p class=\"p1\"><span class=\"s1\">En 2004, cet engagement s'est concr\u00e9tis\u00e9 par la cr\u00e9ation de Vivanco, un projet viticole et culturel dont l'objectif est clair : rendre hommage au vin et partager son h\u00e9ritage avec le monde. Aujourd'hui, ses fils, Santiago et Rafael, continuent de construire ce r\u00eave.<\/span><\/p><p class=\"p1\"><span class=\"s1\">Aujourd'hui, Vivanco est plus qu'une cave : c'est un hommage vivant au vin, un espace o\u00f9 la tradition, l'innovation et la culture s'unissent pour enthousiasmer et \u00e9duquer. Notre passion familiale devient une invitation : d\u00e9couvrir, sentir et partager la culture du vin dans toutes ses dimensions.<\/span><\/p>\t\t\t\t\t\t\t\t<\/div>\n\t\t\t\t<\/div>\n\t\t\t\t\t<\/div>\n\t\t\t\t<\/div>\n\t\t<div class=\"elementor-element elementor-element-522ea65 e-flex e-con-boxed e-con e-parent\" data-id=\"522ea65\" data-element_type=\"container\" data-e-type=\"container\" data-settings=\"{&quot;background_background&quot;:&quot;classic&quot;}\">\n\t\t\t\t\t<div class=\"e-con-inner\">\n\t\t\t\t\t<\/div>\n\t\t\t\t<\/div>\n\t\t<div class=\"elementor-element elementor-element-fa21158 e-grid e-con-boxed e-con e-parent\" data-id=\"fa21158\" data-element_type=\"container\" data-e-type=\"container\" data-settings=\"{&quot;background_background&quot;:&quot;classic&quot;}\">\n\t\t\t\t\t<div class=\"e-con-inner\">\n\t\t\t\t<div class=\"elementor-element elementor-element-95b839d elementor-widget elementor-widget-image\" data-id=\"95b839d\" data-element_type=\"widget\" data-e-type=\"widget\" data-widget_type=\"image.default\">\n\t\t\t\t\t\t\t\t\t\t\t\t\t\t\t<img fetchpriority=\"high\" decoding=\"async\" width=\"643\" height=\"538\" src=\"https:\/\/vivancoculturadevino.es\/wp-content\/uploads\/2025\/08\/santivivanco.png\" class=\"attachment-large size-large wp-image-702\" alt=\"Santi Vivanco\" srcset=\"https:\/\/vivancoculturadevino.es\/wp-content\/uploads\/2025\/08\/santivivanco.png 643w, https:\/\/vivancoculturadevino.es\/wp-content\/uploads\/2025\/08\/santivivanco-300x251.png 300w\" sizes=\"(max-width: 643px) 100vw, 643px\" \/>\t\t\t\t\t\t\t\t\t\t\t\t\t\t\t<\/div>\n\t\t<div class=\"elementor-element elementor-element-698a140 e-con-full e-flex e-con e-child\" data-id=\"698a140\" data-element_type=\"container\" data-e-type=\"container\">\n\t\t\t\t<div class=\"elementor-element elementor-element-c30ed66 elementor-widget elementor-widget-heading\" data-id=\"c30ed66\" data-element_type=\"widget\" data-e-type=\"widget\" data-widget_type=\"heading.default\">\n\t\t\t\t\t<h2 class=\"elementor-heading-title elementor-size-default\">LE VIN EN TANT QUE CULTURE ET \u00c9MOTION<\/h2>\t\t\t\t<\/div>\n\t\t\t\t<div class=\"elementor-element elementor-element-53c0bfd elementor-widget elementor-widget-heading\" data-id=\"53c0bfd\" data-element_type=\"widget\" data-e-type=\"widget\" data-widget_type=\"heading.default\">\n\t\t\t\t\t<h2 class=\"elementor-heading-title elementor-size-default\">\u201cLe vin a toujours \u00e9t\u00e9 bien plus qu'une boisson : c'est une histoire, un art et une humanit\u00e9\u201d.\u201d<\/h2>\t\t\t\t<\/div>\n\t\t\t\t<div class=\"elementor-element elementor-element-abb4b80 elementor-widget elementor-widget-text-editor\" data-id=\"abb4b80\" data-element_type=\"widget\" data-e-type=\"widget\" data-widget_type=\"text-editor.default\">\n\t\t\t\t\t\t\t\t\t<p class=\"p1\"><span class=\"s1\">N\u00e9 en 1973 \u00e0 Logro\u00f1o, Santiago Vivanco a \u00e9tudi\u00e9 le droit et s'est passionn\u00e9 pour la po\u00e9sie, la philosophie et l'h\u00e9ritage culturel du vin. En 1998, il a commenc\u00e9 \u00e0 travailler \u00e0 la cr\u00e9ation du mus\u00e9e Vivanco de la culture du vin et, en 2001, il a cr\u00e9\u00e9 la fondation Vivanco afin de pr\u00e9server et de diffuser ce patrimoine s\u00e9culaire.<\/span><\/p><p class=\"p1\"><span class=\"s1\">Pour Santi, le vin est \u00e9motion, identit\u00e9 et po\u00e9sie. Sa mission est de raconter son histoire, son lien profond avec l'humanit\u00e9 depuis plus de 8 000 ans.<\/span><\/p>\t\t\t\t\t\t\t\t<\/div>\n\t\t\t\t<\/div>\n\t\t\t\t\t<\/div>\n\t\t\t\t<\/div>\n\t\t<div class=\"elementor-element elementor-element-b4f19ad e-grid e-con-boxed e-con e-parent\" data-id=\"b4f19ad\" data-element_type=\"container\" data-e-type=\"container\" data-settings=\"{&quot;background_background&quot;:&quot;classic&quot;}\">\n\t\t\t\t\t<div class=\"e-con-inner\">\n\t\t\t\t<div class=\"elementor-element elementor-element-9dd3c99 elementor-widget elementor-widget-spacer\" data-id=\"9dd3c99\" data-element_type=\"widget\" data-e-type=\"widget\" data-widget_type=\"spacer.default\">\n\t\t\t\t\t\t\t<div class=\"elementor-spacer\">\n\t\t\t<div class=\"elementor-spacer-inner\"><\/div>\n\t\t<\/div>\n\t\t\t\t\t\t<\/div>\n\t\t\t\t\t<\/div>\n\t\t\t\t<\/div>\n\t\t<div class=\"elementor-element elementor-element-3bd115c e-flex e-con-boxed e-con e-parent\" data-id=\"3bd115c\" data-element_type=\"container\" data-e-type=\"container\" data-settings=\"{&quot;background_background&quot;:&quot;classic&quot;}\">\n\t\t\t\t\t<div class=\"e-con-inner\">\n\t\t\t\t\t<\/div>\n\t\t\t\t<\/div>\n\t\t<div class=\"elementor-element elementor-element-b73c39a e-flex e-con-boxed e-con e-parent\" data-id=\"b73c39a\" data-element_type=\"container\" data-e-type=\"container\">\n\t\t\t\t\t<div class=\"e-con-inner\">\n\t\t\t\t<div class=\"elementor-element elementor-element-3548ba4 elementor-widget elementor-widget-spacer\" data-id=\"3548ba4\" data-element_type=\"widget\" data-e-type=\"widget\" data-widget_type=\"spacer.default\">\n\t\t\t\t\t\t\t<div class=\"elementor-spacer\">\n\t\t\t<div class=\"elementor-spacer-inner\"><\/div>\n\t\t<\/div>\n\t\t\t\t\t\t<\/div>\n\t\t\t\t\t<\/div>\n\t\t\t\t<\/div>\n\t\t<div class=\"elementor-element elementor-element-b1e2e06 e-grid e-con-boxed e-con e-parent\" data-id=\"b1e2e06\" data-element_type=\"container\" data-e-type=\"container\">\n\t\t\t\t\t<div class=\"e-con-inner\">\n\t\t<div class=\"elementor-element elementor-element-d170cd3 e-con-full e-flex e-con e-child\" data-id=\"d170cd3\" data-element_type=\"container\" data-e-type=\"container\">\n\t\t\t\t<div class=\"elementor-element elementor-element-ea10a38 elementor-widget elementor-widget-heading\" data-id=\"ea10a38\" data-element_type=\"widget\" data-e-type=\"widget\" data-widget_type=\"heading.default\">\n\t\t\t\t\t<h2 class=\"elementor-heading-title elementor-size-default\">L'INNOVATION, LES C\u00c9PAGES AUTOCHTONES ET LE RESPECT DU VIGNOBLE<\/h2>\t\t\t\t<\/div>\n\t\t\t\t<div class=\"elementor-element elementor-element-a03f775 elementor-widget elementor-widget-text-editor\" data-id=\"a03f775\" data-element_type=\"widget\" data-e-type=\"widget\" data-widget_type=\"text-editor.default\">\n\t\t\t\t\t\t\t\t\t<p class=\"p1\"><span class=\"s1\">N\u00e9 en 1975, Rafael Vivanco a v\u00e9cu d\u00e8s son enfance la transformation des r\u00eaves de son p\u00e8re en r\u00e9alit\u00e9. Il a \u00e9tudi\u00e9 l'ing\u00e9nierie agricole \u00e0 Pampelune et s'est sp\u00e9cialis\u00e9 en \u0153nologie \u00e0 Bordeaux, o\u00f9 il a approfondi sa vision du potentiel de la Rioja.<\/span><\/p><p class=\"p1\"><span class=\"s1\">En 2001, il est revenu avec un objectif clair : cr\u00e9er des vins authentiques et expressifs, refl\u00e9tant le caract\u00e8re de chaque terroir et de chaque parcelle de vigne, \u00e9labor\u00e9s avec respect, en \u00e9tant pionnier dans la culture des vari\u00e9t\u00e9s indig\u00e8nes de la Rioja et dans les techniques durables. Son d\u00e9fi est de montrer au monde la richesse de notre terre et de ses diff\u00e9rents terroirs.<\/span><\/p>\t\t\t\t\t\t\t\t<\/div>\n\t\t\t\t<\/div>\n\t\t\t\t<div class=\"elementor-element elementor-element-fc41ee6 elementor-widget elementor-widget-image\" data-id=\"fc41ee6\" data-element_type=\"widget\" data-e-type=\"widget\" data-widget_type=\"image.default\">\n\t\t\t\t\t\t\t\t\t\t\t\t\t\t\t<img decoding=\"async\" width=\"640\" height=\"536\" src=\"https:\/\/vivancoculturadevino.es\/wp-content\/uploads\/2025\/08\/RAFA-VIVANCO.png\" class=\"attachment-large size-large wp-image-344\" alt=\"Rafael Vivanco observando un racimo de uvas en el vi\u00f1edo\" srcset=\"https:\/\/vivancoculturadevino.es\/wp-content\/uploads\/2025\/08\/RAFA-VIVANCO.png 640w, https:\/\/vivancoculturadevino.es\/wp-content\/uploads\/2025\/08\/RAFA-VIVANCO-300x251.png 300w\" sizes=\"(max-width: 640px) 100vw, 640px\" \/>\t\t\t\t\t\t\t\t\t\t\t\t\t\t\t<\/div>\n\t\t\t\t\t<\/div>\n\t\t\t\t<\/div>\n\t\t<div class=\"elementor-element elementor-element-a1e5c55 e-flex e-con-boxed e-con e-parent\" data-id=\"a1e5c55\" data-element_type=\"container\" data-e-type=\"container\">\n\t\t\t\t\t<div class=\"e-con-inner\">\n\t\t\t\t<div class=\"elementor-element elementor-element-40fe65e elementor-widget elementor-widget-spacer\" data-id=\"40fe65e\" data-element_type=\"widget\" data-e-type=\"widget\" data-widget_type=\"spacer.default\">\n\t\t\t\t\t\t\t<div class=\"elementor-spacer\">\n\t\t\t<div class=\"elementor-spacer-inner\"><\/div>\n\t\t<\/div>\n\t\t\t\t\t\t<\/div>\n\t\t\t\t\t<\/div>\n\t\t\t\t<\/div>\n\t\t\t\t<\/div>","protected":false},"excerpt":{"rendered":"<p>FAMILIA Vivanco es familia, vino y pasi\u00f3n. Cuatro generaciones unidas por una misma vocaci\u00f3n: cultivar, entender y compartir la Cultura del Vino desde La Rioja. Esta historia comenz\u00f3 hace m\u00e1s de 100 a\u00f1os, cuando Pedro Vivanco Gonz\u00e1lez, nuestro bisabuelo, elaboraba vino con las uvas de un peque\u00f1o vi\u00f1edo en Alberite. Fueron tiempos duros, pero llenos [&hellip;]<\/p>","protected":false},"author":1,"featured_media":0,"parent":0,"menu_order":0,"comment_status":"closed","ping_status":"closed","template":"","meta":{"footnotes":""},"class_list":["post-1059","page","type-page","status-publish","hentry"],"_links":{"self":[{"href":"https:\/\/vivancoculturadevino.es\/fr\/wp-json\/wp\/v2\/pages\/1059","targetHints":{"allow":["GET"]}}],"collection":[{"href":"https:\/\/vivancoculturadevino.es\/fr\/wp-json\/wp\/v2\/pages"}],"about":[{"href":"https:\/\/vivancoculturadevino.es\/fr\/wp-json\/wp\/v2\/types\/page"}],"author":[{"embeddable":true,"href":"https:\/\/vivancoculturadevino.es\/fr\/wp-json\/wp\/v2\/users\/1"}],"replies":[{"embeddable":true,"href":"https:\/\/vivancoculturadevino.es\/fr\/wp-json\/wp\/v2\/comments?post=1059"}],"version-history":[{"count":1,"href":"https:\/\/vivancoculturadevino.es\/fr\/wp-json\/wp\/v2\/pages\/1059\/revisions"}],"predecessor-version":[{"id":1060,"href":"https:\/\/vivancoculturadevino.es\/fr\/wp-json\/wp\/v2\/pages\/1059\/revisions\/1060"}],"wp:attachment":[{"href":"https:\/\/vivancoculturadevino.es\/fr\/wp-json\/wp\/v2\/media?parent=1059"}],"curies":[{"name":"wp","href":"https:\/\/api.w.org\/{rel}","templated":true}]}}