{"id":577,"date":"2025-08-06T13:13:15","date_gmt":"2025-08-06T13:13:15","guid":{"rendered":"https:\/\/demo01.vivancoculturadevino.es\/?page_id=577"},"modified":"2026-01-23T00:40:59","modified_gmt":"2026-01-23T00:40:59","slug":"doca-rioja","status":"publish","type":"page","link":"https:\/\/vivancoculturadevino.es\/es\/bodega\/doca-rioja\/","title":{"rendered":"DOCa Rioja"},"content":{"rendered":"\t\t<div data-elementor-type=\"wp-page\" data-elementor-id=\"577\" class=\"elementor elementor-577\" data-elementor-post-type=\"page\">\n\t\t\t\t<div class=\"elementor-element elementor-element-b419001 e-flex e-con-boxed e-con e-parent\" data-id=\"b419001\" data-element_type=\"container\" data-e-type=\"container\">\n\t\t\t\t\t<div class=\"e-con-inner\">\n\t\t\t\t<div class=\"elementor-element elementor-element-72f8a33 elementor-widget elementor-widget-spacer\" data-id=\"72f8a33\" data-element_type=\"widget\" data-e-type=\"widget\" data-widget_type=\"spacer.default\">\n\t\t\t\t\t\t\t<div class=\"elementor-spacer\">\n\t\t\t<div class=\"elementor-spacer-inner\"><\/div>\n\t\t<\/div>\n\t\t\t\t\t\t<\/div>\n\t\t\t\t<div class=\"elementor-element elementor-element-648f237 elementor-invisible elementor-widget elementor-widget-heading\" data-id=\"648f237\" data-element_type=\"widget\" data-e-type=\"widget\" data-settings=\"{&quot;_animation&quot;:&quot;fadeInUp&quot;}\" data-widget_type=\"heading.default\">\n\t\t\t\t\t<h1 class=\"elementor-heading-title elementor-size-default\">DOCa Rioja<\/h1>\t\t\t\t<\/div>\n\t\t\t\t<div class=\"elementor-element elementor-element-1d83468 elementor-widget elementor-widget-spacer\" data-id=\"1d83468\" data-element_type=\"widget\" data-e-type=\"widget\" data-widget_type=\"spacer.default\">\n\t\t\t\t\t\t\t<div class=\"elementor-spacer\">\n\t\t\t<div class=\"elementor-spacer-inner\"><\/div>\n\t\t<\/div>\n\t\t\t\t\t\t<\/div>\n\t\t\t\t\t<\/div>\n\t\t\t\t<\/div>\n\t\t<div class=\"elementor-element elementor-element-06c6fc7 e-flex e-con-boxed e-con e-parent\" data-id=\"06c6fc7\" data-element_type=\"container\" data-e-type=\"container\" data-settings=\"{&quot;background_background&quot;:&quot;classic&quot;}\">\n\t\t\t\t\t<div class=\"e-con-inner\">\n\t\t\t\t\t<\/div>\n\t\t\t\t<\/div>\n\t\t<div class=\"elementor-element elementor-element-14760a2 e-flex e-con-boxed e-con e-parent\" data-id=\"14760a2\" data-element_type=\"container\" data-e-type=\"container\">\n\t\t\t\t\t<div class=\"e-con-inner\">\n\t\t\t\t<div class=\"elementor-element elementor-element-4b2ff58 elementor-widget elementor-widget-spacer\" data-id=\"4b2ff58\" data-element_type=\"widget\" data-e-type=\"widget\" data-widget_type=\"spacer.default\">\n\t\t\t\t\t\t\t<div class=\"elementor-spacer\">\n\t\t\t<div class=\"elementor-spacer-inner\"><\/div>\n\t\t<\/div>\n\t\t\t\t\t\t<\/div>\n\t\t\t\t\t<\/div>\n\t\t\t\t<\/div>\n\t\t<div class=\"elementor-element elementor-element-3406e1b animated-slow e-flex e-con-boxed elementor-invisible e-con e-parent\" data-id=\"3406e1b\" data-element_type=\"container\" data-e-type=\"container\" data-settings=\"{&quot;animation&quot;:&quot;fadeInUp&quot;}\">\n\t\t\t\t\t<div class=\"e-con-inner\">\n\t\t<div class=\"elementor-element elementor-element-c118c9b e-con-full e-flex e-con e-child\" data-id=\"c118c9b\" data-element_type=\"container\" data-e-type=\"container\">\n\t\t\t\t<div class=\"elementor-element elementor-element-6bf97b3 elementor-widget elementor-widget-heading\" data-id=\"6bf97b3\" data-element_type=\"widget\" data-e-type=\"widget\" data-widget_type=\"heading.default\">\n\t\t\t\t\t<h2 class=\"elementor-heading-title elementor-size-default\">EL VINO COMO CULTURA Y EMOCI\u00d3N<\/h2>\t\t\t\t<\/div>\n\t\t\t\t<div class=\"elementor-element elementor-element-51ee102 elementor-widget elementor-widget-text-editor\" data-id=\"51ee102\" data-element_type=\"widget\" data-e-type=\"widget\" data-widget_type=\"text-editor.default\">\n\t\t\t\t\t\t\t\t\t<p><span style=\"font-weight: 400;\">El siglo XX no puede entenderse sin la creaci\u00f3n de una instituci\u00f3n trascendental para los vinos de Rioja. En el a\u00f1o 1926 se fund\u00f3 el \u201cConsejo Regulador de los vinos en La Rioja\u201d, que proven\u00eda de la antig\u00fca \u201cAsociaci\u00f3n de Viticultores Riojanos\u201d instaurada en el a\u00f1o 1912.<\/span><\/p><p><span style=\"font-weight: 400;\">El \u201cConsejo Regulador de los vinos en La Rioja\u201d instituy\u00f3 los fundamentos que, a\u00fan en la actualidad, caracterizan y regulan los reconocidos vinos de la \u201cDenominaci\u00f3n de Origen Rioja\u201d. Entre sus objetivos est\u00e1 el de garantizar el origen y la calidad de los vinos. Estos prop\u00f3sitos se obtienen con la demarcaci\u00f3n de las zonas de producci\u00f3n, la limitaci\u00f3n de las variedades de uva y el uso de t\u00e9cnicas de cultivo y elaboraci\u00f3n espec\u00edficas.<\/span><\/p><p><span style=\"font-weight: 400;\">En los a\u00f1os 80 se pusieron en marcha los controles cuantitativos \u2013contraetiquetas y precintas- y cualitativos \u2013calificaci\u00f3n de cosecha- que garantizan la calidad del vino de Rioja al consumidor.<\/span><\/p>\t\t\t\t\t\t\t\t<\/div>\n\t\t\t\t<\/div>\n\t\t<div class=\"elementor-element elementor-element-5445454 e-con-full e-flex e-con e-child\" data-id=\"5445454\" data-element_type=\"container\" data-e-type=\"container\">\n\t\t\t\t<div class=\"elementor-element elementor-element-c30ed66 elementor-widget elementor-widget-heading\" data-id=\"c30ed66\" data-element_type=\"widget\" data-e-type=\"widget\" data-widget_type=\"heading.default\">\n\t\t\t\t\t<h2 class=\"elementor-heading-title elementor-size-default\">TIERRA DE<BR> VI\u00d1EDOS<\/h2>\t\t\t\t<\/div>\n\t\t\t\t<div class=\"elementor-element elementor-element-abb4b80 elementor-widget elementor-widget-text-editor\" data-id=\"abb4b80\" data-element_type=\"widget\" data-e-type=\"widget\" data-widget_type=\"text-editor.default\">\n\t\t\t\t\t\t\t\t\t<p><span style=\"font-weight: 400;\">En el a\u00f1o 1991 la \u201cDenominaci\u00f3n de Origen Rioja\u201d obtuvo la categor\u00eda de \u201cCalificada\u201d. Esta menci\u00f3n asegura el control m\u00e1ximo de la calidad de los vinos Rioja y su venta exclusivamente en botella.<\/span><\/p><p><span style=\"font-weight: 400;\">El territorio vitivin\u00edcola de Rioja se extiende a ambos lados del r\u00edo Ebro, delimitado por las sierras de la Demanda y la de Cantabria. Es una regi\u00f3n muy apropiada para el cultivo de vi\u00f1edos, con suelos arcillo-calc\u00e1reos en la zona alta y tierras arcillo-ferrosas y aluviales en las \u00e1reas cercanas a los r\u00edos.<\/span><\/p><p><span style=\"font-weight: 400;\">Las condiciones clim\u00e1ticas son muy favorables debido a la combinaci\u00f3n del clima mediterr\u00e1neo \u2013propio del valle del Ebro- y del clima atl\u00e1ntico \u2013gracias a su proximidad con el Cant\u00e1brico-. Este peculiar entorno clim\u00e1tico proporciona temperaturas suaves durante todo el a\u00f1o, lluvias estables y d\u00edas de sol en verano, caracter\u00edsticas apropiadas para el cultivo de la vid.<\/span><\/p>\t\t\t\t\t\t\t\t<\/div>\n\t\t\t\t<\/div>\n\t\t\t\t\t<\/div>\n\t\t\t\t<\/div>\n\t\t\t\t<\/div>\n\t\t","protected":false},"excerpt":{"rendered":"<p>DOCa Rioja EL VINO COMO CULTURA Y EMOCI\u00d3N El siglo XX no puede entenderse sin la creaci\u00f3n de una instituci\u00f3n trascendental para los vinos de Rioja. En el a\u00f1o 1926 se fund\u00f3 el \u201cConsejo Regulador de los vinos en La Rioja\u201d, que proven\u00eda de la antig\u00fca \u201cAsociaci\u00f3n de Viticultores Riojanos\u201d instaurada en el a\u00f1o 1912. [&hellip;]<\/p>\n","protected":false},"author":1,"featured_media":0,"parent":39,"menu_order":0,"comment_status":"closed","ping_status":"closed","template":"","meta":{"footnotes":""},"class_list":["post-577","page","type-page","status-publish","hentry"],"_links":{"self":[{"href":"https:\/\/vivancoculturadevino.es\/es\/wp-json\/wp\/v2\/pages\/577","targetHints":{"allow":["GET"]}}],"collection":[{"href":"https:\/\/vivancoculturadevino.es\/es\/wp-json\/wp\/v2\/pages"}],"about":[{"href":"https:\/\/vivancoculturadevino.es\/es\/wp-json\/wp\/v2\/types\/page"}],"author":[{"embeddable":true,"href":"https:\/\/vivancoculturadevino.es\/es\/wp-json\/wp\/v2\/users\/1"}],"replies":[{"embeddable":true,"href":"https:\/\/vivancoculturadevino.es\/es\/wp-json\/wp\/v2\/comments?post=577"}],"version-history":[{"count":40,"href":"https:\/\/vivancoculturadevino.es\/es\/wp-json\/wp\/v2\/pages\/577\/revisions"}],"predecessor-version":[{"id":4392,"href":"https:\/\/vivancoculturadevino.es\/es\/wp-json\/wp\/v2\/pages\/577\/revisions\/4392"}],"up":[{"embeddable":true,"href":"https:\/\/vivancoculturadevino.es\/es\/wp-json\/wp\/v2\/pages\/39"}],"wp:attachment":[{"href":"https:\/\/vivancoculturadevino.es\/es\/wp-json\/wp\/v2\/media?parent=577"}],"curies":[{"name":"wp","href":"https:\/\/api.w.org\/{rel}","templated":true}]}}