{"id":573,"date":"2025-08-06T13:11:48","date_gmt":"2025-08-06T13:11:48","guid":{"rendered":"https:\/\/demo01.vivancoculturadevino.es\/?page_id=573"},"modified":"2026-03-09T16:30:09","modified_gmt":"2026-03-09T16:30:09","slug":"la-bodega","status":"publish","type":"page","link":"https:\/\/vivancoculturadevino.es\/es\/bodega\/la-bodega\/","title":{"rendered":"La Bodega"},"content":{"rendered":"\t\t<div data-elementor-type=\"wp-page\" data-elementor-id=\"573\" class=\"elementor elementor-573\" data-elementor-post-type=\"page\">\n\t\t\t\t<div class=\"elementor-element elementor-element-b419001 e-flex e-con-boxed e-con e-parent\" data-id=\"b419001\" data-element_type=\"container\" data-e-type=\"container\">\n\t\t\t\t\t<div class=\"e-con-inner\">\n\t\t\t\t<div class=\"elementor-element elementor-element-72f8a33 elementor-widget elementor-widget-spacer\" data-id=\"72f8a33\" data-element_type=\"widget\" data-e-type=\"widget\" data-widget_type=\"spacer.default\">\n\t\t\t\t\t\t\t<div class=\"elementor-spacer\">\n\t\t\t<div class=\"elementor-spacer-inner\"><\/div>\n\t\t<\/div>\n\t\t\t\t\t\t<\/div>\n\t\t\t\t<div class=\"elementor-element elementor-element-648f237 animated-slow elementor-invisible elementor-widget elementor-widget-heading\" data-id=\"648f237\" data-element_type=\"widget\" data-e-type=\"widget\" data-settings=\"{&quot;_animation&quot;:&quot;fadeInUp&quot;}\" data-widget_type=\"heading.default\">\n\t\t\t\t\t<h1 class=\"elementor-heading-title elementor-size-default\">LA BODEGA<\/h1>\t\t\t\t<\/div>\n\t\t\t\t<div class=\"elementor-element elementor-element-1d83468 elementor-widget elementor-widget-spacer\" data-id=\"1d83468\" data-element_type=\"widget\" data-e-type=\"widget\" data-widget_type=\"spacer.default\">\n\t\t\t\t\t\t\t<div class=\"elementor-spacer\">\n\t\t\t<div class=\"elementor-spacer-inner\"><\/div>\n\t\t<\/div>\n\t\t\t\t\t\t<\/div>\n\t\t\t\t\t<\/div>\n\t\t\t\t<\/div>\n\t\t<div class=\"elementor-element elementor-element-06c6fc7 e-con-full e-flex e-con e-parent\" data-id=\"06c6fc7\" data-element_type=\"container\" data-e-type=\"container\" data-settings=\"{&quot;background_background&quot;:&quot;classic&quot;}\">\n\t\t\t\t<\/div>\n\t\t<div class=\"elementor-element elementor-element-14760a2 e-flex e-con-boxed e-con e-parent\" data-id=\"14760a2\" data-element_type=\"container\" data-e-type=\"container\">\n\t\t\t\t\t<div class=\"e-con-inner\">\n\t\t\t\t<div class=\"elementor-element elementor-element-4b2ff58 elementor-widget elementor-widget-spacer\" data-id=\"4b2ff58\" data-element_type=\"widget\" data-e-type=\"widget\" data-widget_type=\"spacer.default\">\n\t\t\t\t\t\t\t<div class=\"elementor-spacer\">\n\t\t\t<div class=\"elementor-spacer-inner\"><\/div>\n\t\t<\/div>\n\t\t\t\t\t\t<\/div>\n\t\t\t\t\t<\/div>\n\t\t\t\t<\/div>\n\t\t<div class=\"elementor-element elementor-element-3406e1b animated-slow e-flex e-con-boxed elementor-invisible e-con e-parent\" data-id=\"3406e1b\" data-element_type=\"container\" data-e-type=\"container\" data-settings=\"{&quot;animation&quot;:&quot;fadeInUp&quot;}\">\n\t\t\t\t\t<div class=\"e-con-inner\">\n\t\t<div class=\"elementor-element elementor-element-c118c9b e-con-full e-flex e-con e-child\" data-id=\"c118c9b\" data-element_type=\"container\" data-e-type=\"container\">\n\t\t\t\t<div class=\"elementor-element elementor-element-51ee102 elementor-widget elementor-widget-text-editor\" data-id=\"51ee102\" data-element_type=\"widget\" data-e-type=\"widget\" data-widget_type=\"text-editor.default\">\n\t\t\t\t\t\t\t\t\t<p class=\"p1\"><span style=\"font-weight: 400;\">Nuestros vinos nacen en la vi\u00f1a. Ah\u00ed es donde realmente adquieren su personalidad. La del terru\u00f1o, la del paisaje y lo que ocurre en \u00e9l durante todo un a\u00f1o. Por eso cuando iniciamos la construcci\u00f3n de la bodega ten\u00edamos claro lo que quer\u00edamos. El proceso de elaboraci\u00f3n deb\u00eda ser lo m\u00e1s respetuoso posible con la uva con el objetivo de ensalzar sus cualidades. Y as\u00ed lo hicimos.<\/span><span style=\"font-weight: 400;\"><br \/><\/span><\/p><p class=\"p1\"><span style=\"font-weight: 400;\">Todas nuestras uvas se vendimian a mano en peque\u00f1as cajas o palots para evitar roturas de granos y asegurar su m\u00e1xima integridad.<\/span><span style=\"font-weight: 400;\"><br \/><\/span><\/p>\t\t\t\t\t\t\t\t<\/div>\n\t\t\t\t<\/div>\n\t\t<div class=\"elementor-element elementor-element-5445454 e-con-full e-flex e-con e-child\" data-id=\"5445454\" data-element_type=\"container\" data-e-type=\"container\">\n\t\t\t\t<div class=\"elementor-element elementor-element-ea2c756 elementor-widget elementor-widget-text-editor\" data-id=\"ea2c756\" data-element_type=\"widget\" data-e-type=\"widget\" data-widget_type=\"text-editor.default\">\n\t\t\t\t\t\t\t\t\t<p class=\"p1\"><span style=\"font-weight: 400;\">Es quiz\u00e1 una de las mayores novedades de nuestra bodega. Una c\u00e1mara frigor\u00edfica donde las uvas se enfr\u00edan durante 24 horas hasta rebajar su temperatura a 3\u00ba C. \u00bfPara qu\u00e9? Para extraer, ya dentro del dep\u00f3sito, el color y los aromas de la uva de una forma m\u00e1s suave, manteniendo as\u00ed toda su personalidad. De alguna manera, infusionamos la\u00a0uva con el mosto, es lo que llamamos maceraci\u00f3n en fr\u00edo.\u00a0<\/span><\/p>\t\t\t\t\t\t\t\t<\/div>\n\t\t\t\t<\/div>\n\t\t\t\t\t<\/div>\n\t\t\t\t<\/div>\n\t\t<div class=\"elementor-element elementor-element-522ea65 e-flex e-con-boxed e-con e-parent\" data-id=\"522ea65\" data-element_type=\"container\" data-e-type=\"container\" data-settings=\"{&quot;background_background&quot;:&quot;classic&quot;}\">\n\t\t\t\t\t<div class=\"e-con-inner\">\n\t\t\t\t\t<\/div>\n\t\t\t\t<\/div>\n\t\t<div class=\"elementor-element elementor-element-fa21158 e-grid e-con-boxed e-con e-parent\" data-id=\"fa21158\" data-element_type=\"container\" data-e-type=\"container\" data-settings=\"{&quot;background_background&quot;:&quot;classic&quot;}\">\n\t\t\t\t\t<div class=\"e-con-inner\">\n\t\t\t\t<div class=\"elementor-element elementor-element-95b839d animated-slow elementor-invisible elementor-widget elementor-widget-image\" data-id=\"95b839d\" data-element_type=\"widget\" data-e-type=\"widget\" data-settings=\"{&quot;_animation&quot;:&quot;fadeInUp&quot;}\" data-widget_type=\"image.default\">\n\t\t\t\t\t\t\t\t\t\t\t\t\t\t\t<img fetchpriority=\"high\" decoding=\"async\" width=\"800\" height=\"418\" src=\"https:\/\/vivancoculturadevino.es\/wp-content\/uploads\/2025\/10\/Fotografias-Personas-008-1024x535.jpg\" class=\"attachment-large size-large wp-image-1995\" alt=\"Selecci\u00f3n manual de racimos de uva con guantes en bodega\" srcset=\"https:\/\/vivancoculturadevino.es\/wp-content\/uploads\/2025\/10\/Fotografias-Personas-008-1024x535.jpg 1024w, https:\/\/vivancoculturadevino.es\/wp-content\/uploads\/2025\/10\/Fotografias-Personas-008-300x157.jpg 300w, https:\/\/vivancoculturadevino.es\/wp-content\/uploads\/2025\/10\/Fotografias-Personas-008-768x401.jpg 768w, https:\/\/vivancoculturadevino.es\/wp-content\/uploads\/2025\/10\/Fotografias-Personas-008-1536x803.jpg 1536w, https:\/\/vivancoculturadevino.es\/wp-content\/uploads\/2025\/10\/Fotografias-Personas-008-18x9.jpg 18w, https:\/\/vivancoculturadevino.es\/wp-content\/uploads\/2025\/10\/Fotografias-Personas-008.jpg 1688w\" sizes=\"(max-width: 800px) 100vw, 800px\" \/>\t\t\t\t\t\t\t\t\t\t\t\t\t\t\t<\/div>\n\t\t<div class=\"elementor-element elementor-element-698a140 e-con-full animated-slow e-flex elementor-invisible e-con e-child\" data-id=\"698a140\" data-element_type=\"container\" data-e-type=\"container\" data-settings=\"{&quot;animation&quot;:&quot;fadeInUp&quot;}\">\n\t\t\t\t<div class=\"elementor-element elementor-element-c30ed66 elementor-widget elementor-widget-heading\" data-id=\"c30ed66\" data-element_type=\"widget\" data-e-type=\"widget\" data-widget_type=\"heading.default\">\n\t\t\t\t\t<h2 class=\"elementor-heading-title elementor-size-default\">DOBLE SELECCI\u00d3N DE RACIMOS Y GRANOS<\/h2>\t\t\t\t<\/div>\n\t\t\t\t<div class=\"elementor-element elementor-element-abb4b80 elementor-widget elementor-widget-text-editor\" data-id=\"abb4b80\" data-element_type=\"widget\" data-e-type=\"widget\" data-widget_type=\"text-editor.default\">\n\t\t\t\t\t\t\t\t\t<p class=\"p1\"><span style=\"font-weight: 400;\">Todas nuestras uvas pasan, primero, por una mesa de selecci\u00f3n de racimos y segundo, por otra de granos. Mientras todos los racimos avanzan a baja velocidad y de forma continuada, vamos eliminando hojas, sarmientos, racimos y granos en mal estado, peque\u00f1os restos de rasp\u00f3n&#8230; \u00bfEl objetivo? Que s\u00f3lo las mejores uvas de nuestros vi\u00f1edos formen parte del futuro vino que vamos a elaborar.<\/span><\/p>\t\t\t\t\t\t\t\t<\/div>\n\t\t\t\t<\/div>\n\t\t\t\t\t<\/div>\n\t\t\t\t<\/div>\n\t\t<div class=\"elementor-element elementor-element-a5eaa83 e-grid e-con-boxed e-con e-parent\" data-id=\"a5eaa83\" data-element_type=\"container\" data-e-type=\"container\" data-settings=\"{&quot;background_background&quot;:&quot;classic&quot;}\">\n\t\t\t\t\t<div class=\"e-con-inner\">\n\t\t<div class=\"elementor-element elementor-element-62632e0 e-con-full animated-slow e-flex elementor-invisible e-con e-child\" data-id=\"62632e0\" data-element_type=\"container\" data-e-type=\"container\" data-settings=\"{&quot;animation&quot;:&quot;fadeInUp&quot;}\">\n\t\t\t\t<div class=\"elementor-element elementor-element-66fabf8 elementor-widget elementor-widget-heading\" data-id=\"66fabf8\" data-element_type=\"widget\" data-e-type=\"widget\" data-widget_type=\"heading.default\">\n\t\t\t\t\t<h2 class=\"elementor-heading-title elementor-size-default\">ENCUBE POR GRAVEDAD<\/h2>\t\t\t\t<\/div>\n\t\t\t\t<div class=\"elementor-element elementor-element-575ac4a elementor-widget elementor-widget-text-editor\" data-id=\"575ac4a\" data-element_type=\"widget\" data-e-type=\"widget\" data-widget_type=\"text-editor.default\">\n\t\t\t\t\t\t\t\t\t<p class=\"p1\"><span style=\"font-weight: 400;\">Otra de nuestras se\u00f1as de identidad. Es una operaci\u00f3n sencilla que se realiza con el \u00fanico objetivo de mantener la uva lo m\u00e1s intacta posible. La uva se recepciona, se selecciona y se despalilla en un piso superior a donde se encuentran los dep\u00f3sitos. Esta altura permite que la uva entre en los dep\u00f3sitos por su propio peso, sin utilizar bombas. Es la manera m\u00e1s eficiente de no estropear la piel para que luego dentro del dep\u00f3sito podamos conseguir un vino que muestre todo el potencial de la uva.<\/span><\/p>\t\t\t\t\t\t\t\t<\/div>\n\t\t\t\t<\/div>\n\t\t\t\t<div class=\"elementor-element elementor-element-c0c4b1b animated-slow elementor-invisible elementor-widget elementor-widget-image\" data-id=\"c0c4b1b\" data-element_type=\"widget\" data-e-type=\"widget\" data-settings=\"{&quot;_animation&quot;:&quot;fadeInUp&quot;}\" data-widget_type=\"image.default\">\n\t\t\t\t\t\t\t\t\t\t\t\t\t\t\t<img decoding=\"async\" width=\"800\" height=\"534\" src=\"https:\/\/vivancoculturadevino.es\/wp-content\/uploads\/2025\/10\/img-horizontal_2-1024x683.jpg\" class=\"attachment-large size-large wp-image-1985\" alt=\"Interior de bodega en penumbra con estructura curva met\u00e1lica\" srcset=\"https:\/\/vivancoculturadevino.es\/wp-content\/uploads\/2025\/10\/img-horizontal_2-1024x683.jpg 1024w, https:\/\/vivancoculturadevino.es\/wp-content\/uploads\/2025\/10\/img-horizontal_2-300x200.jpg 300w, https:\/\/vivancoculturadevino.es\/wp-content\/uploads\/2025\/10\/img-horizontal_2-768x512.jpg 768w, https:\/\/vivancoculturadevino.es\/wp-content\/uploads\/2025\/10\/img-horizontal_2-1536x1024.jpg 1536w, https:\/\/vivancoculturadevino.es\/wp-content\/uploads\/2025\/10\/img-horizontal_2-18x12.jpg 18w, https:\/\/vivancoculturadevino.es\/wp-content\/uploads\/2025\/10\/img-horizontal_2.jpg 1647w\" sizes=\"(max-width: 800px) 100vw, 800px\" \/>\t\t\t\t\t\t\t\t\t\t\t\t\t\t\t<\/div>\n\t\t\t\t\t<\/div>\n\t\t\t\t<\/div>\n\t\t<div class=\"elementor-element elementor-element-2657eb9 e-flex e-con-boxed e-con e-parent\" data-id=\"2657eb9\" data-element_type=\"container\" data-e-type=\"container\" data-settings=\"{&quot;background_background&quot;:&quot;classic&quot;}\">\n\t\t\t\t\t<div class=\"e-con-inner\">\n\t\t\t\t<div class=\"elementor-element elementor-element-72dd025 elementor-widget elementor-widget-spacer\" data-id=\"72dd025\" data-element_type=\"widget\" data-e-type=\"widget\" data-widget_type=\"spacer.default\">\n\t\t\t\t\t\t\t<div class=\"elementor-spacer\">\n\t\t\t<div class=\"elementor-spacer-inner\"><\/div>\n\t\t<\/div>\n\t\t\t\t\t\t<\/div>\n\t\t\t\t\t<\/div>\n\t\t\t\t<\/div>\n\t\t<div class=\"elementor-element elementor-element-a93655d e-flex e-con-boxed e-con e-parent\" data-id=\"a93655d\" data-element_type=\"container\" data-e-type=\"container\" data-settings=\"{&quot;background_background&quot;:&quot;classic&quot;}\">\n\t\t\t\t\t<div class=\"e-con-inner\">\n\t\t\t\t<div class=\"elementor-element elementor-element-e5ceed3 elementor-widget__width-inherit elementor-widget elementor-widget-heading\" data-id=\"e5ceed3\" data-element_type=\"widget\" data-e-type=\"widget\" data-widget_type=\"heading.default\">\n\t\t\t\t\t<h2 class=\"elementor-heading-title elementor-size-default\">VIVE LA EXPERIENCIA VIVANCO<\/h2>\t\t\t\t<\/div>\n\t\t\t\t<div class=\"elementor-element elementor-element-8193b00 elementor-widget__width-inherit elementor-widget elementor-widget-heading\" data-id=\"8193b00\" data-element_type=\"widget\" data-e-type=\"widget\" data-widget_type=\"heading.default\">\n\t\t\t\t\t<h2 class=\"elementor-heading-title elementor-size-default\">VISITA LA BODEGA<\/h2>\t\t\t\t<\/div>\n\t\t\t\t<div class=\"elementor-element elementor-element-6b1a1a4 elementor-align-center elementor-widget elementor-widget-button\" data-id=\"6b1a1a4\" data-element_type=\"widget\" data-e-type=\"widget\" data-widget_type=\"button.default\">\n\t\t\t\t\t\t\t\t\t\t<a class=\"elementor-button elementor-button-link elementor-size-sm\" href=\"\/reservas\/\">\n\t\t\t\t\t\t<span class=\"elementor-button-content-wrapper\">\n\t\t\t\t\t\t\t\t\t<span class=\"elementor-button-text\">RESERVAR<\/span>\n\t\t\t\t\t<\/span>\n\t\t\t\t\t<\/a>\n\t\t\t\t\t\t\t\t<\/div>\n\t\t\t\t\t<\/div>\n\t\t\t\t<\/div>\n\t\t<div class=\"elementor-element elementor-element-77f64e9 e-flex e-con-boxed e-con e-parent\" data-id=\"77f64e9\" data-element_type=\"container\" data-e-type=\"container\">\n\t\t\t\t\t<div class=\"e-con-inner\">\n\t\t\t\t<div class=\"elementor-element elementor-element-104a2b4 elementor-widget elementor-widget-spacer\" data-id=\"104a2b4\" data-element_type=\"widget\" data-e-type=\"widget\" data-widget_type=\"spacer.default\">\n\t\t\t\t\t\t\t<div class=\"elementor-spacer\">\n\t\t\t<div class=\"elementor-spacer-inner\"><\/div>\n\t\t<\/div>\n\t\t\t\t\t\t<\/div>\n\t\t\t\t\t<\/div>\n\t\t\t\t<\/div>\n\t\t<div class=\"elementor-element elementor-element-35dd66a e-grid animated-slow e-con-boxed elementor-invisible e-con e-parent\" data-id=\"35dd66a\" data-element_type=\"container\" data-e-type=\"container\" data-settings=\"{&quot;background_background&quot;:&quot;classic&quot;,&quot;animation&quot;:&quot;fadeInUp&quot;}\">\n\t\t\t\t\t<div class=\"e-con-inner\">\n\t\t\t\t<div class=\"elementor-element elementor-element-c99b5c7 elementor-invisible elementor-widget elementor-widget-image\" data-id=\"c99b5c7\" data-element_type=\"widget\" data-e-type=\"widget\" data-settings=\"{&quot;_animation&quot;:&quot;fadeInUp&quot;}\" data-widget_type=\"image.default\">\n\t\t\t\t\t\t\t\t\t\t\t\t\t\t\t<img decoding=\"async\" width=\"800\" height=\"534\" src=\"https:\/\/vivancoculturadevino.es\/wp-content\/uploads\/2025\/10\/img-horizontal_-1024x683.jpg\" class=\"attachment-large size-large wp-image-2009\" alt=\"Mano sobre un tino de roble durante el proceso de elaboraci\u00f3n\" srcset=\"https:\/\/vivancoculturadevino.es\/wp-content\/uploads\/2025\/10\/img-horizontal_-1024x683.jpg 1024w, https:\/\/vivancoculturadevino.es\/wp-content\/uploads\/2025\/10\/img-horizontal_-300x200.jpg 300w, https:\/\/vivancoculturadevino.es\/wp-content\/uploads\/2025\/10\/img-horizontal_-768x512.jpg 768w, https:\/\/vivancoculturadevino.es\/wp-content\/uploads\/2025\/10\/img-horizontal_-18x12.jpg 18w, https:\/\/vivancoculturadevino.es\/wp-content\/uploads\/2025\/10\/img-horizontal_.jpg 1203w\" sizes=\"(max-width: 800px) 100vw, 800px\" \/>\t\t\t\t\t\t\t\t\t\t\t\t\t\t\t<\/div>\n\t\t<div class=\"elementor-element elementor-element-8a766ee e-con-full e-flex e-con e-child\" data-id=\"8a766ee\" data-element_type=\"container\" data-e-type=\"container\">\n\t\t\t\t<div class=\"elementor-element elementor-element-e834975 elementor-widget elementor-widget-heading\" data-id=\"e834975\" data-element_type=\"widget\" data-e-type=\"widget\" data-widget_type=\"heading.default\">\n\t\t\t\t\t<h2 class=\"elementor-heading-title elementor-size-default\">ELABORACI\u00d3N EN TINOS DE ROBLE FRANC\u00c9S<\/h2>\t\t\t\t<\/div>\n\t\t\t\t<div class=\"elementor-element elementor-element-4f0b1c5 elementor-widget elementor-widget-text-editor\" data-id=\"4f0b1c5\" data-element_type=\"widget\" data-e-type=\"widget\" data-widget_type=\"text-editor.default\">\n\t\t\t\t\t\t\t\t\t<p class=\"p1\"><span style=\"font-weight: 400;\">Otra de nuestras se\u00f1as de identidad. Los dep\u00f3sitos de madera de roble se han usado a lo largo de la historia para elaborar vino. Es un material noble que favorece el intercambio de ox\u00edgeno a trav\u00e9s de los poros de la madera, lo que facilita que el vino sea m\u00e1s franco y muestre todos sus aromas. La madera, adem\u00e1s, act\u00faa como aislante t\u00e9rmico, permitiendo retrasar la fermentaci\u00f3n y que todo se haga m\u00e1s despacio, favoreciendo la presencia de la fruta.<\/span><\/p>\t\t\t\t\t\t\t\t<\/div>\n\t\t\t\t<\/div>\n\t\t\t\t\t<\/div>\n\t\t\t\t<\/div>\n\t\t<div class=\"elementor-element elementor-element-a79eecf e-grid animated-slow e-con-boxed elementor-invisible e-con e-parent\" data-id=\"a79eecf\" data-element_type=\"container\" data-e-type=\"container\" data-settings=\"{&quot;background_background&quot;:&quot;classic&quot;,&quot;animation&quot;:&quot;fadeInUp&quot;}\">\n\t\t\t\t\t<div class=\"e-con-inner\">\n\t\t<div class=\"elementor-element elementor-element-dc6bb5a e-con-full e-flex e-con e-child\" data-id=\"dc6bb5a\" data-element_type=\"container\" data-e-type=\"container\">\n\t\t\t\t<div class=\"elementor-element elementor-element-249862b elementor-widget elementor-widget-heading\" data-id=\"249862b\" data-element_type=\"widget\" data-e-type=\"widget\" data-widget_type=\"heading.default\">\n\t\t\t\t\t<h2 class=\"elementor-heading-title elementor-size-default\">FERMENTACI\u00d3N MALOL\u00c1CTICA<\/h2>\t\t\t\t<\/div>\n\t\t\t\t<div class=\"elementor-element elementor-element-80f3b2f elementor-widget elementor-widget-text-editor\" data-id=\"80f3b2f\" data-element_type=\"widget\" data-e-type=\"widget\" data-widget_type=\"text-editor.default\">\n\t\t\t\t\t\t\t\t\t<p class=\"p1\"><span style=\"font-weight: 400;\">La fermentaci\u00f3n malol\u00e1ctica es la transformaci\u00f3n natural del \u00e1cido m\u00e1lico en \u00e1cido l\u00e1ctico (\u00e1cido m\u00e1s suave por acci\u00f3n de las bacterias l\u00e1cticas). El m\u00e1lico es agresivo al paladar y est\u00e1 presente de forma natural en el mosto. Nuestros vinos la realizan en tino de roble franc\u00e9s, en el caso del crianza y el reserva, y en barricas de roble franc\u00e9s en la gama Colecci\u00f3n Vivanco. Al realizar la malol\u00e1ctica en roble franc\u00e9s lograremos vinos muy intensos pero aterciopelados y expresivos a la vez.<\/span><\/p>\t\t\t\t\t\t\t\t<\/div>\n\t\t\t\t<\/div>\n\t\t\t\t<div class=\"elementor-element elementor-element-1b77bd7 elementor-widget elementor-widget-image\" data-id=\"1b77bd7\" data-element_type=\"widget\" data-e-type=\"widget\" data-widget_type=\"image.default\">\n\t\t\t\t\t\t\t\t\t\t\t\t\t\t\t<img loading=\"lazy\" decoding=\"async\" width=\"800\" height=\"533\" src=\"https:\/\/vivancoculturadevino.es\/wp-content\/uploads\/2025\/10\/14-1024x682.jpg\" class=\"attachment-large size-large wp-image-2013\" alt=\"Sala de barricas en la bodega Vivanco\" srcset=\"https:\/\/vivancoculturadevino.es\/wp-content\/uploads\/2025\/10\/14-1024x682.jpg 1024w, https:\/\/vivancoculturadevino.es\/wp-content\/uploads\/2025\/10\/14-300x200.jpg 300w, https:\/\/vivancoculturadevino.es\/wp-content\/uploads\/2025\/10\/14-768x511.jpg 768w, https:\/\/vivancoculturadevino.es\/wp-content\/uploads\/2025\/10\/14-18x12.jpg 18w, https:\/\/vivancoculturadevino.es\/wp-content\/uploads\/2025\/10\/14.jpg 1290w\" sizes=\"(max-width: 800px) 100vw, 800px\" \/>\t\t\t\t\t\t\t\t\t\t\t\t\t\t\t<\/div>\n\t\t\t\t\t<\/div>\n\t\t\t\t<\/div>\n\t\t\t\t<\/div>\n\t\t","protected":false},"excerpt":{"rendered":"<p>LA BODEGA Nuestros vinos nacen en la vi\u00f1a. Ah\u00ed es donde realmente adquieren su personalidad. La del terru\u00f1o, la del paisaje y lo que ocurre en \u00e9l durante todo un a\u00f1o. Por eso cuando iniciamos la construcci\u00f3n de la bodega ten\u00edamos claro lo que quer\u00edamos. El proceso de elaboraci\u00f3n deb\u00eda ser lo m\u00e1s respetuoso posible [&hellip;]<\/p>\n","protected":false},"author":1,"featured_media":0,"parent":39,"menu_order":0,"comment_status":"closed","ping_status":"closed","template":"","meta":{"footnotes":""},"class_list":["post-573","page","type-page","status-publish","hentry"],"_links":{"self":[{"href":"https:\/\/vivancoculturadevino.es\/es\/wp-json\/wp\/v2\/pages\/573","targetHints":{"allow":["GET"]}}],"collection":[{"href":"https:\/\/vivancoculturadevino.es\/es\/wp-json\/wp\/v2\/pages"}],"about":[{"href":"https:\/\/vivancoculturadevino.es\/es\/wp-json\/wp\/v2\/types\/page"}],"author":[{"embeddable":true,"href":"https:\/\/vivancoculturadevino.es\/es\/wp-json\/wp\/v2\/users\/1"}],"replies":[{"embeddable":true,"href":"https:\/\/vivancoculturadevino.es\/es\/wp-json\/wp\/v2\/comments?post=573"}],"version-history":[{"count":76,"href":"https:\/\/vivancoculturadevino.es\/es\/wp-json\/wp\/v2\/pages\/573\/revisions"}],"predecessor-version":[{"id":4859,"href":"https:\/\/vivancoculturadevino.es\/es\/wp-json\/wp\/v2\/pages\/573\/revisions\/4859"}],"up":[{"embeddable":true,"href":"https:\/\/vivancoculturadevino.es\/es\/wp-json\/wp\/v2\/pages\/39"}],"wp:attachment":[{"href":"https:\/\/vivancoculturadevino.es\/es\/wp-json\/wp\/v2\/media?parent=573"}],"curies":[{"name":"wp","href":"https:\/\/api.w.org\/{rel}","templated":true}]}}