{"id":39,"date":"2025-07-15T14:10:48","date_gmt":"2025-07-15T14:10:48","guid":{"rendered":"https:\/\/demo01.vivancoculturadevino.es\/?page_id=39"},"modified":"2026-03-09T11:36:41","modified_gmt":"2026-03-09T11:36:41","slug":"bodega","status":"publish","type":"page","link":"https:\/\/vivancoculturadevino.es\/es\/bodega\/","title":{"rendered":"Bodega"},"content":{"rendered":"\t\t<div data-elementor-type=\"wp-page\" data-elementor-id=\"39\" class=\"elementor elementor-39\" data-elementor-post-type=\"page\">\n\t\t\t\t<div class=\"elementor-element elementor-element-95a8c20 e-flex e-con-boxed e-con e-parent\" data-id=\"95a8c20\" data-element_type=\"container\" data-e-type=\"container\">\n\t\t\t\t\t<div class=\"e-con-inner\">\n\t\t\t\t<div class=\"elementor-element elementor-element-0db3171 elementor-widget elementor-widget-spacer\" data-id=\"0db3171\" data-element_type=\"widget\" data-e-type=\"widget\" data-widget_type=\"spacer.default\">\n\t\t\t\t\t\t\t<div class=\"elementor-spacer\">\n\t\t\t<div class=\"elementor-spacer-inner\"><\/div>\n\t\t<\/div>\n\t\t\t\t\t\t<\/div>\n\t\t\t\t<div class=\"elementor-element elementor-element-68e311e elementor-invisible elementor-widget elementor-widget-heading\" data-id=\"68e311e\" data-element_type=\"widget\" data-e-type=\"widget\" data-settings=\"{&quot;_animation&quot;:&quot;fadeInUp&quot;}\" data-widget_type=\"heading.default\">\n\t\t\t\t\t<h1 class=\"elementor-heading-title elementor-size-default\">BODEGA<\/h1>\t\t\t\t<\/div>\n\t\t\t\t<div class=\"elementor-element elementor-element-cfd66d5 elementor-widget elementor-widget-spacer\" data-id=\"cfd66d5\" data-element_type=\"widget\" data-e-type=\"widget\" data-widget_type=\"spacer.default\">\n\t\t\t\t\t\t\t<div class=\"elementor-spacer\">\n\t\t\t<div class=\"elementor-spacer-inner\"><\/div>\n\t\t<\/div>\n\t\t\t\t\t\t<\/div>\n\t\t\t\t\t<\/div>\n\t\t\t\t<\/div>\n\t\t<div class=\"elementor-element elementor-element-c30dcf6 e-flex e-con-boxed e-con e-parent\" data-id=\"c30dcf6\" data-element_type=\"container\" data-e-type=\"container\" data-settings=\"{&quot;background_background&quot;:&quot;classic&quot;}\">\n\t\t\t\t\t<div class=\"e-con-inner\">\n\t\t\t\t\t<\/div>\n\t\t\t\t<\/div>\n\t\t<div class=\"elementor-element elementor-element-a9597ea e-flex e-con-boxed e-con e-parent\" data-id=\"a9597ea\" data-element_type=\"container\" data-e-type=\"container\">\n\t\t\t\t\t<div class=\"e-con-inner\">\n\t\t\t\t<div class=\"elementor-element elementor-element-ddb7bd7 elementor-widget elementor-widget-spacer\" data-id=\"ddb7bd7\" data-element_type=\"widget\" data-e-type=\"widget\" data-widget_type=\"spacer.default\">\n\t\t\t\t\t\t\t<div class=\"elementor-spacer\">\n\t\t\t<div class=\"elementor-spacer-inner\"><\/div>\n\t\t<\/div>\n\t\t\t\t\t\t<\/div>\n\t\t\t\t\t<\/div>\n\t\t\t\t<\/div>\n\t\t<div class=\"elementor-element elementor-element-008c27a animated-slow e-flex e-con-boxed elementor-invisible e-con e-parent\" data-id=\"008c27a\" data-element_type=\"container\" data-e-type=\"container\" data-settings=\"{&quot;animation&quot;:&quot;fadeInUp&quot;}\">\n\t\t\t\t\t<div class=\"e-con-inner\">\n\t\t<div class=\"elementor-element elementor-element-4d883c8 e-con-full e-flex e-con e-child\" data-id=\"4d883c8\" data-element_type=\"container\" data-e-type=\"container\">\n\t\t\t\t<div class=\"elementor-element elementor-element-2ab8a95 elementor-widget elementor-widget-text-editor\" data-id=\"2ab8a95\" data-element_type=\"widget\" data-e-type=\"widget\" data-widget_type=\"text-editor.default\">\n\t\t\t\t\t\t\t\t\t<p><span style=\"font-weight: 400;\">Bodegas Vivanco <\/span><span style=\"font-weight: 400;\">est\u00e1 situada en Briones, enclave privilegiado de <\/span><span style=\"font-weight: 400;\">La Rioja Alta<\/span><span style=\"font-weight: 400;\">, en las estribaciones de la Sierra de Cantabria y a orillas del r\u00edo Ebro. Una zona de suave microclima y extraordinarios suelos arcillo-calc\u00e1reos.<\/span><\/p><p><span style=\"font-weight: 400;\">Alrededor de la bodega encontramos la <\/span><span style=\"font-weight: 400;\">Finca El Cantillo<\/span><span style=\"font-weight: 400;\">, que recibe ese nombre por la cantidad de cantos rodados en el suelo. <\/span><span style=\"font-weight: 400;\">El Tempranillo es la variedad fundamental<\/span><span style=\"font-weight: 400;\">, pero no la \u00fanica. En este vi\u00f1edo tambi\u00e9n podemos encontrar otras variedades que utilizamos en nuestros vinos: Graciano, Garnacha, Mazuelo, Viura, Malvas\u00eda, etc.<\/span><\/p><p><span style=\"font-weight: 400;\">La bodega, subterr\u00e1nea, es funcional y est\u00e9tica. El edificio se realiz\u00f3 bajo el suelo con el objetivo de eliminar la menor parte posible de vi\u00f1edo y para minimizar el impacto ambiental a favor de la conservaci\u00f3n del paisaje. Al hacer la bodega subterr\u00e1nea, tambi\u00e9n se lograba favorecer unas condiciones de temperatura y humedad equilibradas de manera natural todo el a\u00f1o, imprescindibles para la buena conservaci\u00f3n y crianza del vino en barrica o en tino de roble.<\/span><\/p><p><span style=\"font-weight: 400;\">El esp\u00edritu vitivin\u00edcola y pionero de Rafael Vivanco se ve reflejado, adem\u00e1s de en sus vinos, en la experimentaci\u00f3n e investigaci\u00f3n sobre diferentes m\u00e9todos de cultivo y de elaboraci\u00f3n, en la utilizaci\u00f3n de variedades minoritarias o en la crianza en roble de diversas procedencias.<\/span><\/p>\t\t\t\t\t\t\t\t<\/div>\n\t\t\t\t<\/div>\n\t\t<div class=\"elementor-element elementor-element-16cd23e e-con-full e-flex e-con e-child\" data-id=\"16cd23e\" data-element_type=\"container\" data-e-type=\"container\">\n\t\t\t\t<div class=\"elementor-element elementor-element-638e8cf elementor-widget elementor-widget-video\" data-id=\"638e8cf\" data-element_type=\"widget\" data-e-type=\"widget\" data-settings=\"{&quot;video_type&quot;:&quot;vimeo&quot;}\" data-widget_type=\"video.default\">\n\t\t\t\t\t\t\t<div class=\"elementor-wrapper elementor-open-inline\">\n\t\t\t<iframe class=\"elementor-video-iframe\" allowfullscreen allow=\"clipboard-write\" title=\"vimeo Video Player\" src=\"https:\/\/player.vimeo.com\/video\/81548251?color&amp;autopause=0&amp;loop=0&amp;muted=0&amp;title=1&amp;portrait=1&amp;byline=1#t=\"><\/iframe>\t\t<\/div>\n\t\t\t\t\t\t<\/div>\n\t\t\t\t<\/div>\n\t\t\t\t\t<\/div>\n\t\t\t\t<\/div>\n\t\t<div class=\"elementor-element elementor-element-3c9619a e-flex e-con-boxed e-con e-parent\" data-id=\"3c9619a\" data-element_type=\"container\" data-e-type=\"container\">\n\t\t\t\t\t<div class=\"e-con-inner\">\n\t\t\t\t<div class=\"elementor-element elementor-element-2724ec9 elementor-widget elementor-widget-spacer\" data-id=\"2724ec9\" data-element_type=\"widget\" data-e-type=\"widget\" data-widget_type=\"spacer.default\">\n\t\t\t\t\t\t\t<div class=\"elementor-spacer\">\n\t\t\t<div class=\"elementor-spacer-inner\"><\/div>\n\t\t<\/div>\n\t\t\t\t\t\t<\/div>\n\t\t\t\t\t<\/div>\n\t\t\t\t<\/div>\n\t\t<div class=\"elementor-element elementor-element-13cab69 e-grid e-con-full e-con e-parent\" data-id=\"13cab69\" data-element_type=\"container\" data-e-type=\"container\">\n\t\t<div class=\"elementor-element elementor-element-3651270 e-con-full e-flex e-con e-child\" data-id=\"3651270\" data-element_type=\"container\" data-e-type=\"container\" data-settings=\"{&quot;background_background&quot;:&quot;classic&quot;}\">\n\t\t\t\t<div class=\"elementor-element elementor-element-f62c3eb elementor-widget elementor-widget-button\" data-id=\"f62c3eb\" data-element_type=\"widget\" data-e-type=\"widget\" data-widget_type=\"button.default\">\n\t\t\t\t\t\t\t\t\t\t<a class=\"elementor-button elementor-button-link elementor-size-sm\" href=\"\/bodega\/los-vinos\/\">\n\t\t\t\t\t\t<span class=\"elementor-button-content-wrapper\">\n\t\t\t\t\t\t\t\t\t<span class=\"elementor-button-text\">LOS VINOS<\/span>\n\t\t\t\t\t<\/span>\n\t\t\t\t\t<\/a>\n\t\t\t\t\t\t\t\t<\/div>\n\t\t\t\t<\/div>\n\t\t<div class=\"elementor-element elementor-element-5a8beef e-con-full e-flex e-con e-child\" data-id=\"5a8beef\" data-element_type=\"container\" data-e-type=\"container\" data-settings=\"{&quot;background_background&quot;:&quot;classic&quot;}\">\n\t\t\t\t<div class=\"elementor-element elementor-element-e45f363 elementor-widget elementor-widget-button\" data-id=\"e45f363\" data-element_type=\"widget\" data-e-type=\"widget\" data-widget_type=\"button.default\">\n\t\t\t\t\t\t\t\t\t\t<a class=\"elementor-button elementor-button-link elementor-size-sm\" href=\"\/bodega\/la-bodega\/\">\n\t\t\t\t\t\t<span class=\"elementor-button-content-wrapper\">\n\t\t\t\t\t\t\t\t\t<span class=\"elementor-button-text\">LA BODEGA<\/span>\n\t\t\t\t\t<\/span>\n\t\t\t\t\t<\/a>\n\t\t\t\t\t\t\t\t<\/div>\n\t\t\t\t<\/div>\n\t\t<div class=\"elementor-element elementor-element-35af2c2 e-con-full e-flex e-con e-child\" data-id=\"35af2c2\" data-element_type=\"container\" data-e-type=\"container\" data-settings=\"{&quot;background_background&quot;:&quot;classic&quot;}\">\n\t\t\t\t<div class=\"elementor-element elementor-element-1399391 elementor-widget elementor-widget-button\" data-id=\"1399391\" data-element_type=\"widget\" data-e-type=\"widget\" data-widget_type=\"button.default\">\n\t\t\t\t\t\t\t\t\t\t<a class=\"elementor-button elementor-button-link elementor-size-sm\" href=\"\/bodega\/premios\/\">\n\t\t\t\t\t\t<span class=\"elementor-button-content-wrapper\">\n\t\t\t\t\t\t\t\t\t<span class=\"elementor-button-text\">LOS PREMIOS<\/span>\n\t\t\t\t\t<\/span>\n\t\t\t\t\t<\/a>\n\t\t\t\t\t\t\t\t<\/div>\n\t\t\t\t<\/div>\n\t\t<div class=\"elementor-element elementor-element-f57bbbe e-con-full e-flex e-con e-child\" data-id=\"f57bbbe\" data-element_type=\"container\" data-e-type=\"container\" data-settings=\"{&quot;background_background&quot;:&quot;classic&quot;}\">\n\t\t\t\t<div class=\"elementor-element elementor-element-7d36de3 elementor-widget elementor-widget-button\" data-id=\"7d36de3\" data-element_type=\"widget\" data-e-type=\"widget\" data-widget_type=\"button.default\">\n\t\t\t\t\t\t\t\t\t\t<a class=\"elementor-button elementor-button-link elementor-size-sm\" href=\"\/bodega\/terrunos-y-variedades\/\">\n\t\t\t\t\t\t<span class=\"elementor-button-content-wrapper\">\n\t\t\t\t\t\t\t\t\t<span class=\"elementor-button-text\">TERRU\u00d1OS Y VARIEDADES\u200b<\/span>\n\t\t\t\t\t<\/span>\n\t\t\t\t\t<\/a>\n\t\t\t\t\t\t\t\t<\/div>\n\t\t\t\t<\/div>\n\t\t<div class=\"elementor-element elementor-element-5e5ddd0 e-con-full e-flex e-con e-child\" data-id=\"5e5ddd0\" data-element_type=\"container\" data-e-type=\"container\" data-settings=\"{&quot;background_background&quot;:&quot;classic&quot;}\">\n\t\t\t\t<div class=\"elementor-element elementor-element-9ca13a7 elementor-widget elementor-widget-button\" data-id=\"9ca13a7\" data-element_type=\"widget\" data-e-type=\"widget\" data-widget_type=\"button.default\">\n\t\t\t\t\t\t\t\t\t\t<a class=\"elementor-button elementor-button-link elementor-size-sm\" href=\"\/bodega\/doca-rioja\/\">\n\t\t\t\t\t\t<span class=\"elementor-button-content-wrapper\">\n\t\t\t\t\t\t\t\t\t<span class=\"elementor-button-text\">DOCa Rioja\u200b<\/span>\n\t\t\t\t\t<\/span>\n\t\t\t\t\t<\/a>\n\t\t\t\t\t\t\t\t<\/div>\n\t\t\t\t<\/div>\n\t\t<div class=\"elementor-element elementor-element-035677e e-con-full e-flex e-con e-child\" data-id=\"035677e\" data-element_type=\"container\" data-e-type=\"container\" data-settings=\"{&quot;background_background&quot;:&quot;classic&quot;}\">\n\t\t\t\t<div class=\"elementor-element elementor-element-5a12eb8 elementor-widget elementor-widget-button\" data-id=\"5a12eb8\" data-element_type=\"widget\" data-e-type=\"widget\" data-widget_type=\"button.default\">\n\t\t\t\t\t\t\t\t\t\t<a class=\"elementor-button elementor-button-link elementor-size-sm\" href=\"https:\/\/rutavivanco.vivancoculturadevino.es\/\" target=\"_blank\">\n\t\t\t\t\t\t<span class=\"elementor-button-content-wrapper\">\n\t\t\t\t\t\t\t\t\t<span class=\"elementor-button-text\">Ruta Vivanco<\/span>\n\t\t\t\t\t<\/span>\n\t\t\t\t\t<\/a>\n\t\t\t\t\t\t\t\t<\/div>\n\t\t\t\t<\/div>\n\t\t\t\t<\/div>\n\t\t\t\t<\/div>\n\t\t","protected":false},"excerpt":{"rendered":"<p>BODEGA Bodegas Vivanco est\u00e1 situada en Briones, enclave privilegiado de La Rioja Alta, en las estribaciones de la Sierra de Cantabria y a orillas del r\u00edo Ebro. Una zona de suave microclima y extraordinarios suelos arcillo-calc\u00e1reos. Alrededor de la bodega encontramos la Finca El Cantillo, que recibe ese nombre por la cantidad de cantos rodados [&hellip;]<\/p>\n","protected":false},"author":1,"featured_media":0,"parent":0,"menu_order":0,"comment_status":"closed","ping_status":"closed","template":"","meta":{"footnotes":""},"class_list":["post-39","page","type-page","status-publish","hentry"],"_links":{"self":[{"href":"https:\/\/vivancoculturadevino.es\/es\/wp-json\/wp\/v2\/pages\/39","targetHints":{"allow":["GET"]}}],"collection":[{"href":"https:\/\/vivancoculturadevino.es\/es\/wp-json\/wp\/v2\/pages"}],"about":[{"href":"https:\/\/vivancoculturadevino.es\/es\/wp-json\/wp\/v2\/types\/page"}],"author":[{"embeddable":true,"href":"https:\/\/vivancoculturadevino.es\/es\/wp-json\/wp\/v2\/users\/1"}],"replies":[{"embeddable":true,"href":"https:\/\/vivancoculturadevino.es\/es\/wp-json\/wp\/v2\/comments?post=39"}],"version-history":[{"count":275,"href":"https:\/\/vivancoculturadevino.es\/es\/wp-json\/wp\/v2\/pages\/39\/revisions"}],"predecessor-version":[{"id":4798,"href":"https:\/\/vivancoculturadevino.es\/es\/wp-json\/wp\/v2\/pages\/39\/revisions\/4798"}],"wp:attachment":[{"href":"https:\/\/vivancoculturadevino.es\/es\/wp-json\/wp\/v2\/media?parent=39"}],"curies":[{"name":"wp","href":"https:\/\/api.w.org\/{rel}","templated":true}]}}