{"id":2662,"date":"2025-11-10T11:52:30","date_gmt":"2025-11-10T11:52:30","guid":{"rendered":"https:\/\/demo01.vivancoculturadevino.es\/?page_id=2662"},"modified":"2026-01-23T01:08:56","modified_gmt":"2026-01-23T01:08:56","slug":"politica-de-cookies","status":"publish","type":"page","link":"https:\/\/vivancoculturadevino.es\/es\/politica-de-cookies\/","title":{"rendered":"Pol\u00edtica de cookies"},"content":{"rendered":"\t\t<div data-elementor-type=\"wp-page\" data-elementor-id=\"2662\" class=\"elementor elementor-2662\" data-elementor-post-type=\"page\">\n\t\t\t\t<div class=\"elementor-element elementor-element-f6d6206 e-flex e-con-boxed e-con e-parent\" data-id=\"f6d6206\" data-element_type=\"container\" data-e-type=\"container\">\n\t\t\t\t\t<div class=\"e-con-inner\">\n\t\t\t\t<div class=\"elementor-element elementor-element-ee44d9d elementor-widget elementor-widget-spacer\" data-id=\"ee44d9d\" data-element_type=\"widget\" data-e-type=\"widget\" data-widget_type=\"spacer.default\">\n\t\t\t\t\t\t\t<div class=\"elementor-spacer\">\n\t\t\t<div class=\"elementor-spacer-inner\"><\/div>\n\t\t<\/div>\n\t\t\t\t\t\t<\/div>\n\t\t\t\t<div class=\"elementor-element elementor-element-c65fa7b elementor-widget elementor-widget-heading\" data-id=\"c65fa7b\" data-element_type=\"widget\" data-e-type=\"widget\" data-widget_type=\"heading.default\">\n\t\t\t\t\t<h2 class=\"elementor-heading-title elementor-size-default\">pol\u00edtica de cookies<\/h2>\t\t\t\t<\/div>\n\t\t\t\t<div class=\"elementor-element elementor-element-78393ca elementor-widget elementor-widget-spacer\" data-id=\"78393ca\" data-element_type=\"widget\" data-e-type=\"widget\" data-widget_type=\"spacer.default\">\n\t\t\t\t\t\t\t<div class=\"elementor-spacer\">\n\t\t\t<div class=\"elementor-spacer-inner\"><\/div>\n\t\t<\/div>\n\t\t\t\t\t\t<\/div>\n\t\t\t\t\t<\/div>\n\t\t\t\t<\/div>\n\t\t<div class=\"elementor-element elementor-element-88cf016 e-flex e-con-boxed e-con e-parent\" data-id=\"88cf016\" data-element_type=\"container\" data-e-type=\"container\">\n\t\t\t\t\t<div class=\"e-con-inner\">\n\t\t\t\t<div class=\"elementor-element elementor-element-49538c9 elementor-widget elementor-widget-text-editor\" data-id=\"49538c9\" data-element_type=\"widget\" data-e-type=\"widget\" data-widget_type=\"text-editor.default\">\n\t\t\t\t\t\t\t\t\t<p><strong>INFORMACI\u00d3N SOBRE COOKIES<\/strong><\/p><p>Las cookies son archivos que se pueden descargar en su equipo a trav\u00e9s de las p\u00e1ginas web. Son herramientas que tienen un papel esencial para la prestaci\u00f3n de numerosos servicios de la sociedad de la informaci\u00f3n. Entre otros, permiten a una p\u00e1gina web almacenar y recuperar informaci\u00f3n sobre los h\u00e1bitos de navegaci\u00f3n de un usuario o de su equipo y, dependiendo de la informaci\u00f3n obtenida, se pueden utilizar para mejorar el servicio ofrecido.<\/p><p><strong>TIPOS DE COOKIES<\/strong><\/p><p>Seg\u00fan quien sea la entidad que gestione el dominio desde donde se env\u00edan las cookies y tratan los datos que se obtengan se pueden distinguir dos tipos: cookies propias y cookies de terceros.<\/p><p>Teniendo en cuenta el plazo de tiempo que permanecen almacenadas en el navegador del usuario, se pueden tratar de cookies de sesi\u00f3n o cookies persistentes.<\/p><p>Y por \u00faltimo, seg\u00fan la finalidad para la que se traten los datos obtenidos distinguimos entre cookies t\u00e9cnicas, cookies de personalizaci\u00f3n, cookies de an\u00e1lisis, cookies publicitarias y cookies de publicidad comportamental.<\/p><p>Para m\u00e1s informaci\u00f3n a este respecto puede consultar la Gu\u00eda sobre el uso de cookies de la Agencia Espa\u00f1ola de Protecci\u00f3n de Datos.<\/p><p><strong>COOKIES UTILIZADAS EN NUESTRA WEB<\/strong><\/p><p>Cookies estrictamente necesarias: utilizamos las cookies propias de sesi\u00f3n estrictamente necesarias para el correcto uso de nuestra p\u00e1gina web, permitiendo el acceso a secciones que cuentan con filtros de seguridad. Sin estas cookies, muchos de los servicios disponibles no estar\u00edan operativos. Si elimina estas cookies, no le ser\u00e1 posible visitar este sitio web.<\/p><p>Cookies usadas por redes sociales: hemos habilitado botones sociales de Facebook, Flickr, Tripadvisor, Vimeo, Videoamp, Addthis y Sharethis para permitir que el usuario pueda compartir con su c\u00edrculo social aquellos contenidos que le resulten de inter\u00e9s. As\u00ed mismo, los botones sociales evitan al usuario la molestia de aportar sus datos personales a esta web mediante el aprovechamiento de la informaci\u00f3n ya compartida en el \u00e1mbito de dichas redes sociales.<\/p><p>Cookies de publicidad de terceros: utilizamos cookies de terceros (Addform, Doubleclick, Yahoo, Asnxs, Exelator, Eyeota, Scorecardresearch, Thebrignttag, W55c, Turn, Semasio, Demdex, Rlcdn, Strickyadstv, Tidaltv, Tubemogul, Tapad, Bidswitch, Gwallet, Rfihub, Sportxchange) usadas para la publicidad y para fines relacionados con la publicidad basada en el comportamiento, la limitaci\u00f3n de frecuencia, el inicio de la sesi\u00f3n financiera, la afiliaci\u00f3n publicitaria, el clic para detectar el fraude, la investigaci\u00f3n y el an\u00e1lisis del mercado, la mejora y la depuraci\u00f3n de productos. Si elimina o desactiva estas cookies, es posible que no pueda usar algunas caracter\u00edsticas de este sitio web en este momento.<\/p><p>Cookies anal\u00edticas: Utilizamos, Google Analytics un servicio de anal\u00edtica web desarrollado por Google que almacena cookies para poder elaborar estad\u00edsticas sobre el tr\u00e1fico y volumen de visitas a nuestra web. Google se compromete a no compartir la informaci\u00f3n con terceros, excepto en los casos en los que sea necesario para el funcionamiento del sistema o cuando la ley obligue a tal efecto. Puede encontrar m\u00e1s informaci\u00f3n al respecto e inhabilitar el uso de estas cookies en www.google.es\/intel\/es\/analytics\/privacyoverview.html<\/p><p>En la p\u00e1gina de entrada usted tiene la opci\u00f3n de prestar o no su consentimiento respecto a las cookies utilizadas por esta web. En el caso de que acepte dichas cookies no se volver\u00e1 a visualizar este aviso al acceder a cualquier p\u00e1gina del portal durante la presente sesi\u00f3n. Este sitio web no se hace responsable del contenido ni de la veracidad de las pol\u00edticas de privacidad que puedan tener los terceros mencionados en esta pol\u00edtica de cookies.<\/p><p>Los navegadores web son las herramientas encargadas de almacenar las cookies y desde este lugar debe efectuar su derecho de eliminaci\u00f3n o desactivaci\u00f3n de las mismas.<\/p><p>\u00a0<\/p><p>Esta p\u00e1gina web usa cookies. Utilizamos cookies en nuestro sitio web para almacenar, acceder y procesar datos personales como su visita a este sitio web. Puede aceptarlas haciendo clic en Aceptar o Rechazarlas o Configurar sus preferencias haciendo clic en Configuraci\u00f3n. M\u00e1s informaci\u00f3n en Pol\u00edtica de Cookies.<\/p><p>Esta p\u00e1gina utiliza tipos diferentes de cookies. Algunas cookies son colocadas por servicios de terceros que aparecen en nuestras p\u00e1ginas.<\/p><p>En cualquier momento puede cambiar o retirar su consentimiento desde la Pol\u00edtica de cookies en nuestro sitio web.<\/p><p>Su consentimiento se aplica a los siguientes dominios: vivancoculturadevino.es<\/p>\t\t\t\t\t\t\t\t<\/div>\n\t\t\t\t\t<\/div>\n\t\t\t\t<\/div>\n\t\t\t\t<\/div>\n\t\t","protected":false},"excerpt":{"rendered":"<p>pol\u00edtica de cookies INFORMACI\u00d3N SOBRE COOKIES Las cookies son archivos que se pueden descargar en su equipo a trav\u00e9s de las p\u00e1ginas web. Son herramientas que tienen un papel esencial para la prestaci\u00f3n de numerosos servicios de la sociedad de la informaci\u00f3n. Entre otros, permiten a una p\u00e1gina web almacenar y recuperar informaci\u00f3n sobre los [&hellip;]<\/p>\n","protected":false},"author":1,"featured_media":0,"parent":0,"menu_order":0,"comment_status":"closed","ping_status":"closed","template":"","meta":{"footnotes":""},"class_list":["post-2662","page","type-page","status-publish","hentry"],"_links":{"self":[{"href":"https:\/\/vivancoculturadevino.es\/es\/wp-json\/wp\/v2\/pages\/2662","targetHints":{"allow":["GET"]}}],"collection":[{"href":"https:\/\/vivancoculturadevino.es\/es\/wp-json\/wp\/v2\/pages"}],"about":[{"href":"https:\/\/vivancoculturadevino.es\/es\/wp-json\/wp\/v2\/types\/page"}],"author":[{"embeddable":true,"href":"https:\/\/vivancoculturadevino.es\/es\/wp-json\/wp\/v2\/users\/1"}],"replies":[{"embeddable":true,"href":"https:\/\/vivancoculturadevino.es\/es\/wp-json\/wp\/v2\/comments?post=2662"}],"version-history":[{"count":7,"href":"https:\/\/vivancoculturadevino.es\/es\/wp-json\/wp\/v2\/pages\/2662\/revisions"}],"predecessor-version":[{"id":4455,"href":"https:\/\/vivancoculturadevino.es\/es\/wp-json\/wp\/v2\/pages\/2662\/revisions\/4455"}],"wp:attachment":[{"href":"https:\/\/vivancoculturadevino.es\/es\/wp-json\/wp\/v2\/media?parent=2662"}],"curies":[{"name":"wp","href":"https:\/\/api.w.org\/{rel}","templated":true}]}}