{"id":23,"date":"2025-07-15T13:39:04","date_gmt":"2025-07-15T13:39:04","guid":{"rendered":"https:\/\/demo01.vivancoculturadevino.es\/?page_id=23"},"modified":"2026-01-28T12:40:57","modified_gmt":"2026-01-28T12:40:57","slug":"reservas","status":"publish","type":"page","link":"https:\/\/vivancoculturadevino.es\/es\/reservas\/","title":{"rendered":"Reservas"},"content":{"rendered":"\t\t<div data-elementor-type=\"wp-page\" data-elementor-id=\"23\" class=\"elementor elementor-23\" data-elementor-post-type=\"page\">\n\t\t\t\t<div class=\"elementor-element elementor-element-a216773 e-flex e-con-boxed e-con e-parent\" data-id=\"a216773\" data-element_type=\"container\" data-e-type=\"container\">\n\t\t\t\t\t<div class=\"e-con-inner\">\n\t\t\t\t<div class=\"elementor-element elementor-element-f4747cc elementor-widget elementor-widget-spacer\" data-id=\"f4747cc\" data-element_type=\"widget\" data-e-type=\"widget\" data-widget_type=\"spacer.default\">\n\t\t\t\t\t\t\t<div class=\"elementor-spacer\">\n\t\t\t<div class=\"elementor-spacer-inner\"><\/div>\n\t\t<\/div>\n\t\t\t\t\t\t<\/div>\n\t\t\t\t<div class=\"elementor-element elementor-element-c4f3f72 elementor-widget elementor-widget-heading\" data-id=\"c4f3f72\" data-element_type=\"widget\" data-e-type=\"widget\" data-widget_type=\"heading.default\">\n\t\t\t\t\t<h2 class=\"elementor-heading-title elementor-size-default\">RESERVAS<\/h2>\t\t\t\t<\/div>\n\t\t\t\t<div class=\"elementor-element elementor-element-7487d48 elementor-widget elementor-widget-spacer\" data-id=\"7487d48\" data-element_type=\"widget\" data-e-type=\"widget\" data-widget_type=\"spacer.default\">\n\t\t\t\t\t\t\t<div class=\"elementor-spacer\">\n\t\t\t<div class=\"elementor-spacer-inner\"><\/div>\n\t\t<\/div>\n\t\t\t\t\t\t<\/div>\n\t\t\t\t\t<\/div>\n\t\t\t\t<\/div>\n\t\t<div class=\"elementor-element elementor-element-52731c6 e-flex e-con-boxed e-con e-parent\" data-id=\"52731c6\" data-element_type=\"container\" data-e-type=\"container\">\n\t\t\t\t\t<div class=\"e-con-inner\">\n\t\t<div class=\"elementor-element elementor-element-2ce0d66 e-con-full e-flex e-con e-child\" data-id=\"2ce0d66\" data-element_type=\"container\" data-e-type=\"container\">\n\t\t\t\t<div class=\"elementor-element elementor-element-8502093 elementor-widget elementor-widget-heading\" data-id=\"8502093\" data-element_type=\"widget\" data-e-type=\"widget\" data-widget_type=\"heading.default\">\n\t\t\t\t\t<h2 class=\"elementor-heading-title elementor-size-default\"><a href=\"https:\/\/vivancoculturadevino.es\/wp-content\/uploads\/2026\/01\/horarios_esp.pdf\" target=\"_blank\">Horario anual<\/a><\/h2>\t\t\t\t<\/div>\n\t\t\t\t<div class=\"elementor-element elementor-element-14f1bd8 elementor-view-default elementor-widget elementor-widget-icon\" data-id=\"14f1bd8\" data-element_type=\"widget\" data-e-type=\"widget\" data-widget_type=\"icon.default\">\n\t\t\t\t\t\t\t<div class=\"elementor-icon-wrapper\">\n\t\t\t<div class=\"elementor-icon\">\n\t\t\t<i aria-hidden=\"true\" class=\"xi xi-arrow-right\"><\/i>\t\t\t<\/div>\n\t\t<\/div>\n\t\t\t\t\t\t<\/div>\n\t\t\t\t<\/div>\n\t\t<div class=\"elementor-element elementor-element-6ee6da2 e-con-full e-flex e-con e-child\" data-id=\"6ee6da2\" data-element_type=\"container\" data-e-type=\"container\">\n\t\t\t\t<div class=\"elementor-element elementor-element-e87ad13 elementor-widget elementor-widget-heading\" data-id=\"e87ad13\" data-element_type=\"widget\" data-e-type=\"widget\" data-widget_type=\"heading.default\">\n\t\t\t\t\t<h2 class=\"elementor-heading-title elementor-size-default\"><a href=\"https:\/\/vivancoculturadevino.es\/wp-content\/uploads\/2026\/01\/POLITICA-DE-CANCELACION-DE-RESERVAS.pdf\" target=\"_blank\">Pol\u00edtica de cancelaci\u00f3n de reservas<\/a><\/h2>\t\t\t\t<\/div>\n\t\t\t\t<div class=\"elementor-element elementor-element-7371f68 elementor-view-default elementor-widget elementor-widget-icon\" data-id=\"7371f68\" data-element_type=\"widget\" data-e-type=\"widget\" data-widget_type=\"icon.default\">\n\t\t\t\t\t\t\t<div class=\"elementor-icon-wrapper\">\n\t\t\t<div class=\"elementor-icon\">\n\t\t\t<i aria-hidden=\"true\" class=\"xi xi-arrow-right\"><\/i>\t\t\t<\/div>\n\t\t<\/div>\n\t\t\t\t\t\t<\/div>\n\t\t\t\t<\/div>\n\t\t<div class=\"elementor-element elementor-element-fb48557 e-con-full e-flex e-con e-child\" data-id=\"fb48557\" data-element_type=\"container\" data-e-type=\"container\">\n\t\t\t\t<div class=\"elementor-element elementor-element-2c9a819 elementor-widget elementor-widget-heading\" data-id=\"2c9a819\" data-element_type=\"widget\" data-e-type=\"widget\" data-widget_type=\"heading.default\">\n\t\t\t\t\t<h2 class=\"elementor-heading-title elementor-size-default\"><a href=\"https:\/\/vivancoculturadevino.es\/descargas\/plano%20web.pdf\" target=\"_blank\">Plano de instalaciones<\/a><\/h2>\t\t\t\t<\/div>\n\t\t\t\t<div class=\"elementor-element elementor-element-556310b elementor-view-default elementor-widget elementor-widget-icon\" data-id=\"556310b\" data-element_type=\"widget\" data-e-type=\"widget\" data-widget_type=\"icon.default\">\n\t\t\t\t\t\t\t<div class=\"elementor-icon-wrapper\">\n\t\t\t<div class=\"elementor-icon\">\n\t\t\t<i aria-hidden=\"true\" class=\"xi xi-arrow-right\"><\/i>\t\t\t<\/div>\n\t\t<\/div>\n\t\t\t\t\t\t<\/div>\n\t\t\t\t<\/div>\n\t\t<div class=\"elementor-element elementor-element-c1fd76a e-con-full e-flex e-con e-child\" data-id=\"c1fd76a\" data-element_type=\"container\" data-e-type=\"container\">\n\t\t\t\t<div class=\"elementor-element elementor-element-ad5d14e elementor-widget elementor-widget-heading\" data-id=\"ad5d14e\" data-element_type=\"widget\" data-e-type=\"widget\" data-widget_type=\"heading.default\">\n\t\t\t\t\t<h2 class=\"elementor-heading-title elementor-size-default\"><a href=\"http:\/\/www.vivancoculturadevino.es\/descargas\/catalogo_esp.pdf\" target=\"_blank\">Folleto de Enoturismo<\/a><\/h2>\t\t\t\t<\/div>\n\t\t\t\t<div class=\"elementor-element elementor-element-bab29b6 elementor-view-default elementor-widget elementor-widget-icon\" data-id=\"bab29b6\" data-element_type=\"widget\" data-e-type=\"widget\" data-widget_type=\"icon.default\">\n\t\t\t\t\t\t\t<div class=\"elementor-icon-wrapper\">\n\t\t\t<div class=\"elementor-icon\">\n\t\t\t<i aria-hidden=\"true\" class=\"xi xi-arrow-right\"><\/i>\t\t\t<\/div>\n\t\t<\/div>\n\t\t\t\t\t\t<\/div>\n\t\t\t\t<\/div>\n\t\t\t\t\t<\/div>\n\t\t\t\t<\/div>\n\t\t<div class=\"elementor-element elementor-element-45c61cf e-flex e-con-boxed e-con e-parent\" data-id=\"45c61cf\" data-element_type=\"container\" data-e-type=\"container\">\n\t\t\t\t\t<div class=\"e-con-inner\">\n\t\t\t\t<div class=\"elementor-element elementor-element-78f5d92 elementor-widget-divider--view-line elementor-widget elementor-widget-divider\" data-id=\"78f5d92\" data-element_type=\"widget\" data-e-type=\"widget\" data-widget_type=\"divider.default\">\n\t\t\t\t\t\t\t<div class=\"elementor-divider\">\n\t\t\t<span class=\"elementor-divider-separator\">\n\t\t\t\t\t\t<\/span>\n\t\t<\/div>\n\t\t\t\t\t\t<\/div>\n\t\t\t\t\t<\/div>\n\t\t\t\t<\/div>\n\t\t<div class=\"elementor-element elementor-element-b09ff51 e-flex e-con-boxed e-con e-parent\" data-id=\"b09ff51\" data-element_type=\"container\" data-e-type=\"container\">\n\t\t\t\t\t<div class=\"e-con-inner\">\n\t\t<div class=\"elementor-element elementor-element-eae2647 e-con-full e-flex e-con e-child\" data-id=\"eae2647\" data-element_type=\"container\" data-e-type=\"container\" id=\"reservas-list\">\n\t\t\t\t<\/div>\n\t\t\t\t<div class=\"elementor-element elementor-element-c646de9 elementor-widget elementor-widget-html\" data-id=\"c646de9\" data-element_type=\"widget\" data-e-type=\"widget\" data-widget_type=\"html.default\">\n\t\t\t\t\t<script>\nfunction getLang() {\n    const validLanguages = ['es', 'en', 'fr'];\n    const defaultLanguage = 'es';\n    const htmlElement = document.documentElement;\n\n    const langAttribute = htmlElement.getAttribute('lang');\n\n    if (langAttribute) {\n      const languagePrefix = langAttribute.substring(0, 2).toLowerCase();\n      if (validLanguages.includes(languagePrefix)) {\n        \/*fix fr*\/\n        if (languagePrefix == 'fr') return 'en';\n        \n        return languagePrefix;\n      }\n    }\n\n    return defaultLanguage;\n}\n\njQuery(function($) {\n  \n    const lang = getLang();\n    $.get('\/vapiconn\/reservas_list.php?locale='+lang, function(data) {\n        $('#reservas-list').html(data);\n    });\n\n    $('#reservas-list').on('click', '#res_filtros a:not(.soloLink)', function(e) {\n      e.preventDefault();\n      if (!$(this).hasClass('activo')) {\n        var filtro = $(this).attr('href').substring(1);\n        \n        if (filtro == 'todos') {\n          $('.resbox_container').show();\n        } else {\t\t\t\n          $('.resbox_container').show();\n          $('.resbox_container:not(.'+filtro+')').hide();\n        }\n        \n        $('#res_filtros a.activo').removeClass('activo');\n        $(this).addClass('activo');\n      \n      }\n    });\n\n});\n<\/script>\t\t\t\t<\/div>\n\t\t\t\t\t<\/div>\n\t\t\t\t<\/div>\n\t\t<div class=\"elementor-element elementor-element-1ba255c e-flex e-con-boxed e-con e-parent\" data-id=\"1ba255c\" data-element_type=\"container\" data-e-type=\"container\">\n\t\t\t\t\t<div class=\"e-con-inner\">\n\t\t\t\t<div class=\"elementor-element elementor-element-bf84da6 elementor-widget-divider--view-line elementor-widget elementor-widget-divider\" data-id=\"bf84da6\" data-element_type=\"widget\" data-e-type=\"widget\" data-widget_type=\"divider.default\">\n\t\t\t\t\t\t\t<div class=\"elementor-divider\">\n\t\t\t<span class=\"elementor-divider-separator\">\n\t\t\t\t\t\t<\/span>\n\t\t<\/div>\n\t\t\t\t\t\t<\/div>\n\t\t\t\t\t<\/div>\n\t\t\t\t<\/div>\n\t\t<div class=\"elementor-element elementor-element-9f65fed e-flex e-con-boxed e-con e-parent\" data-id=\"9f65fed\" data-element_type=\"container\" data-e-type=\"container\">\n\t\t\t\t\t<div class=\"e-con-inner\">\n\t\t<div class=\"elementor-element elementor-element-ba8095d e-con-full e-flex e-con e-child\" data-id=\"ba8095d\" data-element_type=\"container\" data-e-type=\"container\">\n\t\t\t\t<div class=\"elementor-element elementor-element-780d438 elementor-widget elementor-widget-heading\" data-id=\"780d438\" data-element_type=\"widget\" data-e-type=\"widget\" data-widget_type=\"heading.default\">\n\t\t\t\t\t<h2 class=\"elementor-heading-title elementor-size-default\">M\u00e1s informaci\u00f3n<\/h2>\t\t\t\t<\/div>\n\t\t\t\t<div class=\"elementor-element elementor-element-9bd35d2 elementor-widget elementor-widget-text-editor\" data-id=\"9bd35d2\" data-element_type=\"widget\" data-e-type=\"widget\" data-widget_type=\"text-editor.default\">\n\t\t\t\t\t\t\t\t\t<p>941 32 23 23<\/p>\t\t\t\t\t\t\t\t<\/div>\n\t\t\t\t<\/div>\n\t\t<div class=\"elementor-element elementor-element-26bb656 e-con-full e-flex e-con e-child\" data-id=\"26bb656\" data-element_type=\"container\" data-e-type=\"container\">\n\t\t\t\t<div class=\"elementor-element elementor-element-c599f3d elementor-widget elementor-widget-heading\" data-id=\"c599f3d\" data-element_type=\"widget\" data-e-type=\"widget\" data-widget_type=\"heading.default\">\n\t\t\t\t\t<h2 class=\"elementor-heading-title elementor-size-default\">Direcci\u00f3n<\/h2>\t\t\t\t<\/div>\n\t\t\t\t<div class=\"elementor-element elementor-element-e4416e0 elementor-widget elementor-widget-text-editor\" data-id=\"e4416e0\" data-element_type=\"widget\" data-e-type=\"widget\" data-widget_type=\"text-editor.default\">\n\t\t\t\t\t\t\t\t\t<p>Carretera Nacional 232, 26330. Briones &#8211; La Rioja. Espa\u00f1a<\/p>\t\t\t\t\t\t\t\t<\/div>\n\t\t\t\t<\/div>\n\t\t<div class=\"elementor-element elementor-element-3202dca e-con-full e-flex e-con e-child\" data-id=\"3202dca\" data-element_type=\"container\" data-e-type=\"container\">\n\t\t\t\t<div class=\"elementor-element elementor-element-1e7d9bd elementor-widget elementor-widget-heading\" data-id=\"1e7d9bd\" data-element_type=\"widget\" data-e-type=\"widget\" data-widget_type=\"heading.default\">\n\t\t\t\t\t<h2 class=\"elementor-heading-title elementor-size-default\">Formas de pago online<\/h2>\t\t\t\t<\/div>\n\t\t\t\t<div class=\"elementor-element elementor-element-654d6a6 elementor-widget elementor-widget-image\" data-id=\"654d6a6\" data-element_type=\"widget\" data-e-type=\"widget\" data-widget_type=\"image.default\">\n\t\t\t\t\t\t\t\t\t\t\t\t\t\t\t<img decoding=\"async\" width=\"597\" height=\"60\" src=\"https:\/\/vivancoculturadevino.es\/wp-content\/uploads\/2025\/09\/iconos_fp2.png\" class=\"attachment-large size-large wp-image-1758\" alt=\"\" srcset=\"https:\/\/vivancoculturadevino.es\/wp-content\/uploads\/2025\/09\/iconos_fp2.png 597w, https:\/\/vivancoculturadevino.es\/wp-content\/uploads\/2025\/09\/iconos_fp2-300x30.png 300w\" sizes=\"(max-width: 597px) 100vw, 597px\" \/>\t\t\t\t\t\t\t\t\t\t\t\t\t\t\t<\/div>\n\t\t\t\t<\/div>\n\t\t<div class=\"elementor-element elementor-element-0d301da e-con-full e-flex e-con e-child\" data-id=\"0d301da\" data-element_type=\"container\" data-e-type=\"container\">\n\t\t\t\t<div class=\"elementor-element elementor-element-87eb1ca elementor-widget elementor-widget-heading\" data-id=\"87eb1ca\" data-element_type=\"widget\" data-e-type=\"widget\" data-widget_type=\"heading.default\">\n\t\t\t\t\t<h2 class=\"elementor-heading-title elementor-size-default\">Accesibilidad<\/h2>\t\t\t\t<\/div>\n\t\t\t\t<div class=\"elementor-element elementor-element-00f220d elementor-widget elementor-widget-image\" data-id=\"00f220d\" data-element_type=\"widget\" data-e-type=\"widget\" data-widget_type=\"image.default\">\n\t\t\t\t\t\t\t\t\t\t\t\t\t\t\t<img decoding=\"async\" width=\"580\" height=\"60\" src=\"https:\/\/vivancoculturadevino.es\/wp-content\/uploads\/2025\/09\/iconos_acc.png\" class=\"attachment-large size-large wp-image-1757\" alt=\"\" srcset=\"https:\/\/vivancoculturadevino.es\/wp-content\/uploads\/2025\/09\/iconos_acc.png 580w, https:\/\/vivancoculturadevino.es\/wp-content\/uploads\/2025\/09\/iconos_acc-300x31.png 300w\" sizes=\"(max-width: 580px) 100vw, 580px\" \/>\t\t\t\t\t\t\t\t\t\t\t\t\t\t\t<\/div>\n\t\t\t\t<\/div>\n\t\t\t\t\t<\/div>\n\t\t\t\t<\/div>\n\t\t<div class=\"elementor-element elementor-element-1e53c83 e-flex e-con-boxed e-con e-parent\" data-id=\"1e53c83\" data-element_type=\"container\" data-e-type=\"container\">\n\t\t\t\t\t<div class=\"e-con-inner\">\n\t\t\t\t<div class=\"elementor-element elementor-element-a5ca4ca elementor-widget-divider--view-line elementor-widget elementor-widget-divider\" data-id=\"a5ca4ca\" data-element_type=\"widget\" data-e-type=\"widget\" data-widget_type=\"divider.default\">\n\t\t\t\t\t\t\t<div class=\"elementor-divider\">\n\t\t\t<span class=\"elementor-divider-separator\">\n\t\t\t\t\t\t<\/span>\n\t\t<\/div>\n\t\t\t\t\t\t<\/div>\n\t\t\t\t\t<\/div>\n\t\t\t\t<\/div>\n\t\t<div class=\"elementor-element elementor-element-9c29989 e-flex e-con-boxed e-con e-parent\" data-id=\"9c29989\" data-element_type=\"container\" data-e-type=\"container\">\n\t\t\t\t\t<div class=\"e-con-inner\">\n\t\t<div class=\"elementor-element elementor-element-fc02a76 e-con-full e-flex e-con e-child\" data-id=\"fc02a76\" data-element_type=\"container\" data-e-type=\"container\">\n\t\t\t\t<div class=\"elementor-element elementor-element-de3a72e elementor-widget elementor-widget-image\" data-id=\"de3a72e\" data-element_type=\"widget\" data-e-type=\"widget\" data-widget_type=\"image.default\">\n\t\t\t\t\t\t\t\t\t\t\t\t\t\t\t<img fetchpriority=\"high\" decoding=\"async\" width=\"630\" height=\"320\" src=\"https:\/\/vivancoculturadevino.es\/wp-content\/uploads\/2025\/09\/logo-vector-calidad-turistica.jpg\" class=\"attachment-large size-large wp-image-1766\" alt=\"\" srcset=\"https:\/\/vivancoculturadevino.es\/wp-content\/uploads\/2025\/09\/logo-vector-calidad-turistica.jpg 630w, https:\/\/vivancoculturadevino.es\/wp-content\/uploads\/2025\/09\/logo-vector-calidad-turistica-300x152.jpg 300w\" sizes=\"(max-width: 630px) 100vw, 630px\" \/>\t\t\t\t\t\t\t\t\t\t\t\t\t\t\t<\/div>\n\t\t\t\t<\/div>\n\t\t<div class=\"elementor-element elementor-element-8e4e93d e-con-full e-flex e-con e-child\" data-id=\"8e4e93d\" data-element_type=\"container\" data-e-type=\"container\">\n\t\t\t\t<div class=\"elementor-element elementor-element-81d3ec0 elementor-widget elementor-widget-image\" data-id=\"81d3ec0\" data-element_type=\"widget\" data-e-type=\"widget\" data-widget_type=\"image.default\">\n\t\t\t\t\t\t\t\t\t\t\t\t\t\t\t\t<a href=\"https:\/\/www.rutasdelvinorioja.com\">\n\t\t\t\t\t\t\t<img loading=\"lazy\" decoding=\"async\" width=\"500\" height=\"500\" src=\"https:\/\/vivancoculturadevino.es\/wp-content\/uploads\/2026\/01\/rutas-del-vino-rioja-logo.png\" class=\"attachment-large size-large wp-image-4121\" alt=\"\" srcset=\"https:\/\/vivancoculturadevino.es\/wp-content\/uploads\/2026\/01\/rutas-del-vino-rioja-logo.png 500w, https:\/\/vivancoculturadevino.es\/wp-content\/uploads\/2026\/01\/rutas-del-vino-rioja-logo-300x300.png 300w, https:\/\/vivancoculturadevino.es\/wp-content\/uploads\/2026\/01\/rutas-del-vino-rioja-logo-150x150.png 150w, https:\/\/vivancoculturadevino.es\/wp-content\/uploads\/2026\/01\/rutas-del-vino-rioja-logo-12x12.png 12w\" sizes=\"(max-width: 500px) 100vw, 500px\" \/>\t\t\t\t\t\t\t\t<\/a>\n\t\t\t\t\t\t\t\t\t\t\t\t\t\t\t<\/div>\n\t\t\t\t<\/div>\n\t\t<div class=\"elementor-element elementor-element-b197678 e-con-full e-flex e-con e-child\" data-id=\"b197678\" data-element_type=\"container\" data-e-type=\"container\">\n\t\t\t\t<div class=\"elementor-element elementor-element-54fc5ec elementor-widget elementor-widget-image\" data-id=\"54fc5ec\" data-element_type=\"widget\" data-e-type=\"widget\" data-widget_type=\"image.default\">\n\t\t\t\t\t\t\t\t\t\t\t\t\t\t\t\t<a href=\"https:\/\/wineroutesofspain.com\">\n\t\t\t\t\t\t\t<img loading=\"lazy\" decoding=\"async\" width=\"800\" height=\"203\" src=\"https:\/\/vivancoculturadevino.es\/wp-content\/uploads\/2026\/01\/logotipo-Ruta-del-Vino-de-Espana-1024x260.png\" class=\"attachment-large size-large wp-image-4141\" alt=\"\" srcset=\"https:\/\/vivancoculturadevino.es\/wp-content\/uploads\/2026\/01\/logotipo-Ruta-del-Vino-de-Espana-1024x260.png 1024w, https:\/\/vivancoculturadevino.es\/wp-content\/uploads\/2026\/01\/logotipo-Ruta-del-Vino-de-Espana-300x76.png 300w, https:\/\/vivancoculturadevino.es\/wp-content\/uploads\/2026\/01\/logotipo-Ruta-del-Vino-de-Espana-768x195.png 768w, https:\/\/vivancoculturadevino.es\/wp-content\/uploads\/2026\/01\/logotipo-Ruta-del-Vino-de-Espana-18x5.png 18w, https:\/\/vivancoculturadevino.es\/wp-content\/uploads\/2026\/01\/logotipo-Ruta-del-Vino-de-Espana.png 1253w\" sizes=\"(max-width: 800px) 100vw, 800px\" \/>\t\t\t\t\t\t\t\t<\/a>\n\t\t\t\t\t\t\t\t\t\t\t\t\t\t\t<\/div>\n\t\t\t\t<\/div>\n\t\t<div class=\"elementor-element elementor-element-7a28d68 e-con-full e-flex e-con e-child\" data-id=\"7a28d68\" data-element_type=\"container\" data-e-type=\"container\">\n\t\t\t\t<div class=\"elementor-element elementor-element-62af8b0 elementor-widget elementor-widget-image\" data-id=\"62af8b0\" data-element_type=\"widget\" data-e-type=\"widget\" data-widget_type=\"image.default\">\n\t\t\t\t\t\t\t\t\t\t\t\t\t\t\t\t<a href=\"https:\/\/www.worldsbestvineyards.com\">\n\t\t\t\t\t\t\t<img loading=\"lazy\" decoding=\"async\" width=\"800\" height=\"486\" src=\"https:\/\/vivancoculturadevino.es\/wp-content\/uploads\/2026\/01\/Logo-WBV25_Negro.png\" class=\"attachment-large size-large wp-image-4142\" alt=\"\" srcset=\"https:\/\/vivancoculturadevino.es\/wp-content\/uploads\/2026\/01\/Logo-WBV25_Negro.png 990w, https:\/\/vivancoculturadevino.es\/wp-content\/uploads\/2026\/01\/Logo-WBV25_Negro-300x182.png 300w, https:\/\/vivancoculturadevino.es\/wp-content\/uploads\/2026\/01\/Logo-WBV25_Negro-768x466.png 768w, https:\/\/vivancoculturadevino.es\/wp-content\/uploads\/2026\/01\/Logo-WBV25_Negro-18x12.png 18w\" sizes=\"(max-width: 800px) 100vw, 800px\" \/>\t\t\t\t\t\t\t\t<\/a>\n\t\t\t\t\t\t\t\t\t\t\t\t\t\t\t<\/div>\n\t\t\t\t<\/div>\n\t\t\t\t\t<\/div>\n\t\t\t\t<\/div>\n\t\t\t\t<\/div>\n\t\t","protected":false},"excerpt":{"rendered":"<p>RESERVAS Horario anual Pol\u00edtica de cancelaci\u00f3n de reservas Plano de instalaciones Folleto de Enoturismo M\u00e1s informaci\u00f3n 941 32 23 23 Direcci\u00f3n Carretera Nacional 232, 26330. Briones &#8211; La Rioja. Espa\u00f1a Formas de pago online Accesibilidad<\/p>\n","protected":false},"author":1,"featured_media":0,"parent":0,"menu_order":0,"comment_status":"closed","ping_status":"closed","template":"","meta":{"footnotes":""},"class_list":["post-23","page","type-page","status-publish","hentry"],"_links":{"self":[{"href":"https:\/\/vivancoculturadevino.es\/es\/wp-json\/wp\/v2\/pages\/23","targetHints":{"allow":["GET"]}}],"collection":[{"href":"https:\/\/vivancoculturadevino.es\/es\/wp-json\/wp\/v2\/pages"}],"about":[{"href":"https:\/\/vivancoculturadevino.es\/es\/wp-json\/wp\/v2\/types\/page"}],"author":[{"embeddable":true,"href":"https:\/\/vivancoculturadevino.es\/es\/wp-json\/wp\/v2\/users\/1"}],"replies":[{"embeddable":true,"href":"https:\/\/vivancoculturadevino.es\/es\/wp-json\/wp\/v2\/comments?post=23"}],"version-history":[{"count":163,"href":"https:\/\/vivancoculturadevino.es\/es\/wp-json\/wp\/v2\/pages\/23\/revisions"}],"predecessor-version":[{"id":4676,"href":"https:\/\/vivancoculturadevino.es\/es\/wp-json\/wp\/v2\/pages\/23\/revisions\/4676"}],"wp:attachment":[{"href":"https:\/\/vivancoculturadevino.es\/es\/wp-json\/wp\/v2\/media?parent=23"}],"curies":[{"name":"wp","href":"https:\/\/api.w.org\/{rel}","templated":true}]}}