{"id":2286,"date":"2025-10-13T12:58:54","date_gmt":"2025-10-13T12:58:54","guid":{"rendered":"https:\/\/demo01.vivancoculturadevino.es\/?page_id=2286"},"modified":"2026-01-23T09:31:42","modified_gmt":"2026-01-23T09:31:42","slug":"4-varietales-blanco-de-guarda","status":"publish","type":"page","link":"https:\/\/vivancoculturadevino.es\/es\/bodega\/los-vinos\/4-varietales-blanco-de-guarda\/","title":{"rendered":"4 Varietales Blanco de Guarda"},"content":{"rendered":"\t\t<div data-elementor-type=\"wp-page\" data-elementor-id=\"2286\" class=\"elementor elementor-2286\" data-elementor-post-type=\"page\">\n\t\t\t\t<div class=\"elementor-element elementor-element-b419001 e-flex e-con-boxed e-con e-parent\" data-id=\"b419001\" data-element_type=\"container\" data-e-type=\"container\">\n\t\t\t\t\t<div class=\"e-con-inner\">\n\t\t\t\t<div class=\"elementor-element elementor-element-72f8a33 elementor-widget elementor-widget-spacer\" data-id=\"72f8a33\" data-element_type=\"widget\" data-e-type=\"widget\" data-widget_type=\"spacer.default\">\n\t\t\t\t\t\t\t<div class=\"elementor-spacer\">\n\t\t\t<div class=\"elementor-spacer-inner\"><\/div>\n\t\t<\/div>\n\t\t\t\t\t\t<\/div>\n\t\t\t\t<div class=\"elementor-element elementor-element-648f237 elementor-widget__width-initial elementor-widget-tablet__width-initial animated-slow elementor-invisible elementor-widget elementor-widget-heading\" data-id=\"648f237\" data-element_type=\"widget\" data-e-type=\"widget\" data-settings=\"{&quot;_animation&quot;:&quot;fadeInUp&quot;}\" data-widget_type=\"heading.default\">\n\t\t\t\t\t<h2 class=\"elementor-heading-title elementor-size-default\">4 varietales blanco de guarda<\/h2>\t\t\t\t<\/div>\n\t\t\t\t<div class=\"elementor-element elementor-element-b9fa567 elementor-widget__width-initial elementor-widget elementor-widget-button\" data-id=\"b9fa567\" data-element_type=\"widget\" data-e-type=\"widget\" data-widget_type=\"button.default\">\n\t\t\t\t\t\t\t\t\t\t<a class=\"elementor-button elementor-button-link elementor-size-sm\" href=\"https:\/\/tienda.vivancoculturadevino.es\/21-coleccion-vivanco-4-varietales-blanco-de-guarda\" target=\"_blank\">\n\t\t\t\t\t\t<span class=\"elementor-button-content-wrapper\">\n\t\t\t\t\t\t\t\t\t<span class=\"elementor-button-text\">COMPRAR<\/span>\n\t\t\t\t\t<\/span>\n\t\t\t\t\t<\/a>\n\t\t\t\t\t\t\t\t<\/div>\n\t\t\t\t\t<\/div>\n\t\t\t\t<\/div>\n\t\t<div class=\"elementor-element elementor-element-cff89c9 e-flex e-con-boxed e-con e-parent\" data-id=\"cff89c9\" data-element_type=\"container\" data-e-type=\"container\">\n\t\t\t\t\t<div class=\"e-con-inner\">\n\t\t<div class=\"elementor-element elementor-element-a456f3a e-con-full e-flex e-con e-child\" data-id=\"a456f3a\" data-element_type=\"container\" data-e-type=\"container\">\n\t\t\t\t<div class=\"elementor-element elementor-element-1dbeb4e elementor-widget elementor-widget-image\" data-id=\"1dbeb4e\" data-element_type=\"widget\" data-e-type=\"widget\" data-widget_type=\"image.default\">\n\t\t\t\t\t\t\t\t\t\t\t\t\t\t\t<img fetchpriority=\"high\" decoding=\"async\" width=\"356\" height=\"1024\" src=\"https:\/\/vivancoculturadevino.es\/wp-content\/uploads\/2025\/08\/BRUNES_0010_Vivanco-4-Varietales-Blanco-de-Guarda_No-anada-356x1024.jpg\" class=\"attachment-large size-large wp-image-1411\" alt=\"4 Varietales Blanco de Guarda\" srcset=\"https:\/\/vivancoculturadevino.es\/wp-content\/uploads\/2025\/08\/BRUNES_0010_Vivanco-4-Varietales-Blanco-de-Guarda_No-anada-356x1024.jpg 356w, https:\/\/vivancoculturadevino.es\/wp-content\/uploads\/2025\/08\/BRUNES_0010_Vivanco-4-Varietales-Blanco-de-Guarda_No-anada-104x300.jpg 104w, https:\/\/vivancoculturadevino.es\/wp-content\/uploads\/2025\/08\/BRUNES_0010_Vivanco-4-Varietales-Blanco-de-Guarda_No-anada-768x2210.jpg 768w, https:\/\/vivancoculturadevino.es\/wp-content\/uploads\/2025\/08\/BRUNES_0010_Vivanco-4-Varietales-Blanco-de-Guarda_No-anada-534x1536.jpg 534w, https:\/\/vivancoculturadevino.es\/wp-content\/uploads\/2025\/08\/BRUNES_0010_Vivanco-4-Varietales-Blanco-de-Guarda_No-anada-712x2048.jpg 712w, https:\/\/vivancoculturadevino.es\/wp-content\/uploads\/2025\/08\/BRUNES_0010_Vivanco-4-Varietales-Blanco-de-Guarda_No-anada-scaled.jpg 890w\" sizes=\"(max-width: 356px) 100vw, 356px\" \/>\t\t\t\t\t\t\t\t\t\t\t\t\t\t\t<\/div>\n\t\t\t\t<\/div>\n\t\t<div class=\"elementor-element elementor-element-fea1cb2 e-con-full animated-slow e-flex elementor-invisible e-con e-child\" data-id=\"fea1cb2\" data-element_type=\"container\" data-e-type=\"container\" data-settings=\"{&quot;animation&quot;:&quot;fadeInUp&quot;}\">\n\t\t\t\t<div class=\"elementor-element elementor-element-6a4c24a elementor-widget elementor-widget-heading\" data-id=\"6a4c24a\" data-element_type=\"widget\" data-e-type=\"widget\" data-widget_type=\"heading.default\">\n\t\t\t\t\t<h2 class=\"elementor-heading-title elementor-size-default\">\u201c\u00danico y sensual\"<\/h2>\t\t\t\t<\/div>\n\t\t\t\t<div class=\"elementor-element elementor-element-bcf6e6b elementor-widget elementor-widget-spacer\" data-id=\"bcf6e6b\" data-element_type=\"widget\" data-e-type=\"widget\" data-widget_type=\"spacer.default\">\n\t\t\t\t\t\t\t<div class=\"elementor-spacer\">\n\t\t\t<div class=\"elementor-spacer-inner\"><\/div>\n\t\t<\/div>\n\t\t\t\t\t\t<\/div>\n\t\t\t\t<div class=\"elementor-element elementor-element-140dcd8 elementor-widget elementor-widget-heading\" data-id=\"140dcd8\" data-element_type=\"widget\" data-e-type=\"widget\" data-widget_type=\"heading.default\">\n\t\t\t\t\t<h2 class=\"elementor-heading-title elementor-size-default\">A\u00f1ada<\/h2>\t\t\t\t<\/div>\n\t\t\t\t<div class=\"elementor-element elementor-element-4f5a9d8 elementor-widget elementor-widget-text-editor\" data-id=\"4f5a9d8\" data-element_type=\"widget\" data-e-type=\"widget\" data-widget_type=\"text-editor.default\">\n\t\t\t\t\t\t\t\t\t<p>2016<\/p>\t\t\t\t\t\t\t\t<\/div>\n\t\t\t\t<div class=\"elementor-element elementor-element-cd45247 elementor-widget elementor-widget-heading\" data-id=\"cd45247\" data-element_type=\"widget\" data-e-type=\"widget\" data-widget_type=\"heading.default\">\n\t\t\t\t\t<h2 class=\"elementor-heading-title elementor-size-default\">variedades<\/h2>\t\t\t\t<\/div>\n\t\t\t\t<div class=\"elementor-element elementor-element-ae0db1e elementor-widget elementor-widget-text-editor\" data-id=\"ae0db1e\" data-element_type=\"widget\" data-e-type=\"widget\" data-widget_type=\"text-editor.default\">\n\t\t\t\t\t\t\t\t\t<p>40% Garnacha Blanca, 30% Maturana Blanca, 20% Tempranillo Blanco y 10% Viura.<\/p>\t\t\t\t\t\t\t\t<\/div>\n\t\t\t\t<div class=\"elementor-element elementor-element-28d8632 elementor-widget elementor-widget-heading\" data-id=\"28d8632\" data-element_type=\"widget\" data-e-type=\"widget\" data-widget_type=\"heading.default\">\n\t\t\t\t\t<h2 class=\"elementor-heading-title elementor-size-default\">producci\u00f3n<\/h2>\t\t\t\t<\/div>\n\t\t\t\t<div class=\"elementor-element elementor-element-d06197e elementor-widget elementor-widget-text-editor\" data-id=\"d06197e\" data-element_type=\"widget\" data-e-type=\"widget\" data-widget_type=\"text-editor.default\">\n\t\t\t\t\t\t\t\t\t<p>4.017 botellas.<\/p>\t\t\t\t\t\t\t\t<\/div>\n\t\t\t\t<div class=\"elementor-element elementor-element-b73c0b3 elementor-widget elementor-widget-heading\" data-id=\"b73c0b3\" data-element_type=\"widget\" data-e-type=\"widget\" data-widget_type=\"heading.default\">\n\t\t\t\t\t<h2 class=\"elementor-heading-title elementor-size-default\">vinificaci\u00f3n<\/h2>\t\t\t\t<\/div>\n\t\t\t\t<div class=\"elementor-element elementor-element-298f0be elementor-widget elementor-widget-text-editor\" data-id=\"298f0be\" data-element_type=\"widget\" data-e-type=\"widget\" data-widget_type=\"text-editor.default\">\n\t\t\t\t\t\t\t\t\t<p>Vendimia manual de cada una de las variedades en peque\u00f1as cajas de diez kilogramos de capacidad. Enfriamiento en c\u00e1mara de fr\u00edo hasta que la temperatura de la uva alcance los 3 \u00b0C y selecci\u00f3n de todos los racimos antes de su encube. Doble selecci\u00f3n de racimos y encube. Cada variedad se elabora por separado. Tras una breve maceraci\u00f3n de los racimos de uva entera en fr\u00edo (entre 10-12 horas), \u00fanicamente el mosto l\u00e1grima obtenido fermenta, en un 80% en peque\u00f1os dep\u00f3sitos de acero inoxidable a una temperatura controlada (12 &#8211; 15 \u00b0C) para conservar toda la expresi\u00f3n varietal, y en un 20% en barricas de roble franc\u00e9s de 500 litros, nuevas y de segundo a\u00f1o.<\/p>\t\t\t\t\t\t\t\t<\/div>\n\t\t<div class=\"elementor-element elementor-element-506298f e-con-full e-flex e-con e-child\" data-id=\"506298f\" data-element_type=\"container\" data-e-type=\"container\">\n\t\t\t\t<div class=\"elementor-element elementor-element-0ced5a7 elementor-widget elementor-widget-button\" data-id=\"0ced5a7\" data-element_type=\"widget\" data-e-type=\"widget\" data-widget_type=\"button.default\">\n\t\t\t\t\t\t\t\t\t\t<a class=\"elementor-button elementor-button-link elementor-size-sm\" href=\"\/bodega\/premios\/#varietalesblanco\" target=\"_blank\">\n\t\t\t\t\t\t<span class=\"elementor-button-content-wrapper\">\n\t\t\t\t\t\t\t\t\t<span class=\"elementor-button-text\">PREMIOS<\/span>\n\t\t\t\t\t<\/span>\n\t\t\t\t\t<\/a>\n\t\t\t\t\t\t\t\t<\/div>\n\t\t\t\t<div class=\"elementor-element elementor-element-17ff3e9 elementor-widget elementor-widget-button\" data-id=\"17ff3e9\" data-element_type=\"widget\" data-e-type=\"widget\" data-widget_type=\"button.default\">\n\t\t\t\t\t\t\t\t\t\t<a class=\"elementor-button elementor-button-link elementor-size-sm\" href=\"https:\/\/vivancoculturadevino.es\/wp-content\/uploads\/2026\/01\/Coleccion-Vivanco-4-varietales-Blanco-de-Guarda-2016-ESP.pdf\">\n\t\t\t\t\t\t<span class=\"elementor-button-content-wrapper\">\n\t\t\t\t\t\t\t\t\t<span class=\"elementor-button-text\">FICHA DE CATA<\/span>\n\t\t\t\t\t<\/span>\n\t\t\t\t\t<\/a>\n\t\t\t\t\t\t\t\t<\/div>\n\t\t\t\t<\/div>\n\t\t\t\t<\/div>\n\t\t\t\t\t<\/div>\n\t\t\t\t<\/div>\n\t\t<div class=\"elementor-element elementor-element-cc525b6 animated-slow e-flex e-con-boxed elementor-invisible e-con e-parent\" data-id=\"cc525b6\" data-element_type=\"container\" data-e-type=\"container\" data-settings=\"{&quot;animation&quot;:&quot;fadeInUp&quot;}\">\n\t\t\t\t\t<div class=\"e-con-inner\">\n\t\t<div class=\"elementor-element elementor-element-0b796f8 e-con-full e-flex e-con e-child\" data-id=\"0b796f8\" data-element_type=\"container\" data-e-type=\"container\">\n\t\t\t\t<div class=\"elementor-element elementor-element-3b26642 elementor-widget elementor-widget-heading\" data-id=\"3b26642\" data-element_type=\"widget\" data-e-type=\"widget\" data-widget_type=\"heading.default\">\n\t\t\t\t\t<h2 class=\"elementor-heading-title elementor-size-default\">CRIANZA<\/h2>\t\t\t\t<\/div>\n\t\t\t\t<div class=\"elementor-element elementor-element-1f0fe49 elementor-widget elementor-widget-text-editor\" data-id=\"1f0fe49\" data-element_type=\"widget\" data-e-type=\"widget\" data-widget_type=\"text-editor.default\">\n\t\t\t\t\t\t\t\t\t<p>El 80% del vino obtenido permanecen en contacto con sus l\u00edas en dep\u00f3sito de acero inoxidable durante 12 meses para preservar los aromas varietales frente a la oxidaci\u00f3n y dotarlo de mayor armon\u00eda y untuosidad en boca. El resto, un 20%, permanece, tambi\u00e9n, en contacto con sus l\u00edas finas durante este mismo periodo de tiempo en barricas de roble franc\u00e9s de 500 litros (nuevas y de segundo a\u00f1o). Tras su crianza, se realiza el coupage y el embotellado de los vinos, para afinarse otros 24 meses m\u00e1s antes de su lanzamiento al mercado.<\/p>\t\t\t\t\t\t\t\t<\/div>\n\t\t\t\t<div class=\"elementor-element elementor-element-1f9ed45 elementor-widget elementor-widget-heading\" data-id=\"1f9ed45\" data-element_type=\"widget\" data-e-type=\"widget\" data-widget_type=\"heading.default\">\n\t\t\t\t\t<h2 class=\"elementor-heading-title elementor-size-default\">la botella<\/h2>\t\t\t\t<\/div>\n\t\t\t\t<div class=\"elementor-element elementor-element-b9cbe72 elementor-widget elementor-widget-text-editor\" data-id=\"b9cbe72\" data-element_type=\"widget\" data-e-type=\"widget\" data-widget_type=\"text-editor.default\">\n\t\t\t\t\t\t\t\t\t<p>Nuestra botella est\u00e1 inspirada en una original del s. XVIII visitable en el Museo Vivanco de la Cultura del Vino.<\/p>\t\t\t\t\t\t\t\t<\/div>\n\t\t\t\t<\/div>\n\t\t<div class=\"elementor-element elementor-element-d8fa360 e-con-full e-flex e-con e-child\" data-id=\"d8fa360\" data-element_type=\"container\" data-e-type=\"container\">\n\t\t\t\t<div class=\"elementor-element elementor-element-d19ab78 elementor-widget elementor-widget-heading\" data-id=\"d19ab78\" data-element_type=\"widget\" data-e-type=\"widget\" data-widget_type=\"heading.default\">\n\t\t\t\t\t<h2 class=\"elementor-heading-title elementor-size-default\">el concepto<\/h2>\t\t\t\t<\/div>\n\t\t\t\t<div class=\"elementor-element elementor-element-73acde7 elementor-widget elementor-widget-image\" data-id=\"73acde7\" data-element_type=\"widget\" data-e-type=\"widget\" data-widget_type=\"image.default\">\n\t\t\t\t\t\t\t\t\t\t\t\t\t\t\t<img decoding=\"async\" width=\"800\" height=\"238\" src=\"https:\/\/vivancoculturadevino.es\/wp-content\/uploads\/2025\/10\/ficha1-1024x305.jpg\" class=\"attachment-large size-large wp-image-2289\" alt=\"\" srcset=\"https:\/\/vivancoculturadevino.es\/wp-content\/uploads\/2025\/10\/ficha1-1024x305.jpg 1024w, https:\/\/vivancoculturadevino.es\/wp-content\/uploads\/2025\/10\/ficha1-300x89.jpg 300w, https:\/\/vivancoculturadevino.es\/wp-content\/uploads\/2025\/10\/ficha1-768x229.jpg 768w, https:\/\/vivancoculturadevino.es\/wp-content\/uploads\/2025\/10\/ficha1-1536x458.jpg 1536w, https:\/\/vivancoculturadevino.es\/wp-content\/uploads\/2025\/10\/ficha1-2048x610.jpg 2048w, https:\/\/vivancoculturadevino.es\/wp-content\/uploads\/2025\/10\/ficha1-18x5.jpg 18w\" sizes=\"(max-width: 800px) 100vw, 800px\" \/>\t\t\t\t\t\t\t\t\t\t\t\t\t\t\t<\/div>\n\t\t\t\t<div class=\"elementor-element elementor-element-8715304 elementor-widget elementor-widget-text-editor\" data-id=\"8715304\" data-element_type=\"widget\" data-e-type=\"widget\" data-widget_type=\"text-editor.default\">\n\t\t\t\t\t\t\t\t\t<p><strong>Colecci\u00f3n Vivanco 4 Varietales Blanco de Guarda<\/strong>\u00a0es un vino que nace de la inquietud de Rafael Vivanco acerca del tremendo potencial de las variedades aut\u00f3ctonas de Rioja para la elaboraci\u00f3n de vinos blancos de guarda. As\u00ed, despu\u00e9s de a\u00f1os de investigaci\u00f3n se identificaron tres terru\u00f1os de vi\u00f1edo propio donde estas uvas riojanas encuentran su mejor expresi\u00f3n. Cuatro variedades, Garnacha Blanca, Maturana Blanca, Tempranillo Blanco y Viura, cultivadas de forma sostenible. Un\u00a0<em>coupage<\/em>\u00a0que por primera vez se elabora en nuestra tierra. Un vino \u00fanico y pleno de matices nacido para crecer, fruto de una crianza sobre l\u00edas finas de m\u00e1s de 36 meses: nuestro Blanco de Guarda.<\/p>\t\t\t\t\t\t\t\t<\/div>\n\t\t\t\t<\/div>\n\t\t\t\t\t<\/div>\n\t\t\t\t<\/div>\n\t\t<div class=\"elementor-element elementor-element-9c861e8 e-flex e-con-boxed e-con e-parent\" data-id=\"9c861e8\" data-element_type=\"container\" data-e-type=\"container\">\n\t\t\t\t\t<div class=\"e-con-inner\">\n\t\t\t\t\t<\/div>\n\t\t\t\t<\/div>\n\t\t<div class=\"elementor-element elementor-element-49f3ad0 e-flex e-con-boxed e-con e-parent\" data-id=\"49f3ad0\" data-element_type=\"container\" data-e-type=\"container\" data-settings=\"{&quot;background_background&quot;:&quot;classic&quot;}\">\n\t\t\t\t\t<div class=\"e-con-inner\">\n\t\t<div class=\"elementor-element elementor-element-cdb10ba e-con-full animated-slow e-flex elementor-invisible e-con e-child\" data-id=\"cdb10ba\" data-element_type=\"container\" data-e-type=\"container\" data-settings=\"{&quot;animation&quot;:&quot;fadeInUp&quot;}\">\n\t\t\t\t<div class=\"elementor-element elementor-element-a0ba564 elementor-widget elementor-widget-heading\" data-id=\"a0ba564\" data-element_type=\"widget\" data-e-type=\"widget\" data-widget_type=\"heading.default\">\n\t\t\t\t\t<h2 class=\"elementor-heading-title elementor-size-default\">LA INNOVACI\u00d3N<\/h2>\t\t\t\t<\/div>\n\t\t\t\t<div class=\"elementor-element elementor-element-ba4107a elementor-widget elementor-widget-text-editor\" data-id=\"ba4107a\" data-element_type=\"widget\" data-e-type=\"widget\" data-widget_type=\"text-editor.default\">\n\t\t\t\t\t\t\t\t\t<p>Hasta ahora, la mayor\u00eda de los vinos blancos riojanos destinados a largas crianzas se basaban en dos premisas fundamentales. Casi todos ellos, eran elaborados mayoritariamente a partir de la variedad Viura con peque\u00f1as aportaciones de otras variedades minoritarias. Y, fundamentalmente, su crianza ten\u00eda lugar en barricas de roble americano y franc\u00e9s, con espacios prolongados en las mismas en busca de una mayor complejidad. Colecci\u00f3n Vivanco 4 Varietales Blanco de Guarda supone un nuevo concepto dentro de estos vinos blancos nacidos para crecer con el tiempo. Primero, porque su alma es, por primera vez, un coupage de cuatro variedades cien por cien riojanas; por un lado, la Maturana Blanca y el Tempranillo blanco, exclusivas de esta DO, y, por otro, la Garnacha Blanca y la Viura, uvas perfectamente adaptadas durante siglos al territorio de esta regi\u00f3n. Y, en segundo lugar, por el concepto de crianza: el 80% del vino ha sido criado sobre l\u00edas finas en dep\u00f3sito de acero inoxidable durante m\u00e1s de 12 meses; el resto, el 20%, ha permanecido en las mismas condiciones en barricas de 500 litros de roble franc\u00e9s (nuevo en un 50%) durante el mismo periodo de tiempo. El resultado, un vino construido desde el m\u00e1ximo respeto a los terru\u00f1os de procedencia y a sus variedades. Un fiel reflejo del nuevo paisaje de los blancos riojanos.<\/p>\t\t\t\t\t\t\t\t<\/div>\n\t\t\t\t<\/div>\n\t\t\t\t\t<\/div>\n\t\t\t\t<\/div>\n\t\t<div class=\"elementor-element elementor-element-ed6b5ca e-flex e-con-boxed e-con e-parent\" data-id=\"ed6b5ca\" data-element_type=\"container\" data-e-type=\"container\" data-settings=\"{&quot;background_background&quot;:&quot;classic&quot;}\">\n\t\t\t\t\t<div class=\"e-con-inner\">\n\t\t\t\t\t<\/div>\n\t\t\t\t<\/div>\n\t\t<div class=\"elementor-element elementor-element-c622abf e-flex e-con-boxed e-con e-parent\" data-id=\"c622abf\" data-element_type=\"container\" data-e-type=\"container\">\n\t\t\t\t\t<div class=\"e-con-inner\">\n\t\t\t\t<div class=\"elementor-element elementor-element-56d8e68 elementor-widget elementor-widget-spacer\" data-id=\"56d8e68\" data-element_type=\"widget\" data-e-type=\"widget\" data-widget_type=\"spacer.default\">\n\t\t\t\t\t\t\t<div class=\"elementor-spacer\">\n\t\t\t<div class=\"elementor-spacer-inner\"><\/div>\n\t\t<\/div>\n\t\t\t\t\t\t<\/div>\n\t\t\t\t\t<\/div>\n\t\t\t\t<\/div>\n\t\t<div class=\"elementor-element elementor-element-dece5b8 animated-slow e-flex e-con-boxed elementor-invisible e-con e-parent\" data-id=\"dece5b8\" data-element_type=\"container\" data-e-type=\"container\" data-settings=\"{&quot;animation&quot;:&quot;fadeInUp&quot;}\">\n\t\t\t\t\t<div class=\"e-con-inner\">\n\t\t<div class=\"elementor-element elementor-element-f28786c e-con-full e-flex e-con e-child\" data-id=\"f28786c\" data-element_type=\"container\" data-e-type=\"container\">\n\t\t\t\t<div class=\"elementor-element elementor-element-c1aa0bd elementor-widget elementor-widget-heading\" data-id=\"c1aa0bd\" data-element_type=\"widget\" data-e-type=\"widget\" data-widget_type=\"heading.default\">\n\t\t\t\t\t<h2 class=\"elementor-heading-title elementor-size-default\">CATA<\/h2>\t\t\t\t<\/div>\n\t\t\t\t<div class=\"elementor-element elementor-element-fb831f9 elementor-widget elementor-widget-text-editor\" data-id=\"fb831f9\" data-element_type=\"widget\" data-e-type=\"widget\" data-widget_type=\"text-editor.default\">\n\t\t\t\t\t\t\t\t\t<p>Su color es verdoso, casi el\u00e9ctrico, brillante, sin denotar en ning\u00fan momento sus casi tres a\u00f1os de crianza. La nariz te atropella, compleja, con tremendas notas minerales y a hidrocarburos, denotando su crianza sobre l\u00edas. Con el paso del tiempo aparece la fruta m\u00e1s escarchada, pero fresca y a\u00fan viva. La boca es toda una oportunidad de disfrute. Larga, densa, con una salinidad que habla casi de otros territorios. Un vino para disfrutar y que seguir\u00e1 creciendo como el tiempo.<\/p>\t\t\t\t\t\t\t\t<\/div>\n\t\t\t\t<\/div>\n\t\t<div class=\"elementor-element elementor-element-b94ab90 e-con-full e-flex e-con e-child\" data-id=\"b94ab90\" data-element_type=\"container\" data-e-type=\"container\">\n\t\t\t\t<div class=\"elementor-element elementor-element-3e119cf elementor-widget elementor-widget-heading\" data-id=\"3e119cf\" data-element_type=\"widget\" data-e-type=\"widget\" data-widget_type=\"heading.default\">\n\t\t\t\t\t<h2 class=\"elementor-heading-title elementor-size-default\">MARIDAJE<\/h2>\t\t\t\t<\/div>\n\t\t\t\t<div class=\"elementor-element elementor-element-6f22e9d elementor-widget elementor-widget-text-editor\" data-id=\"6f22e9d\" data-element_type=\"widget\" data-e-type=\"widget\" data-widget_type=\"text-editor.default\">\n\t\t\t\t\t\t\t\t\t<p>Mariscos, verduras, todo tipo de pescados, pero sobre todo los azules y grasos. Quesos, arroces\u2026. Es un vino para disfrutar por copas en cualquier ocasi\u00f3n&#8230;<\/p>\t\t\t\t\t\t\t\t<\/div>\n\t\t\t\t<\/div>\n\t\t\t\t\t<\/div>\n\t\t\t\t<\/div>\n\t\t<div class=\"elementor-element elementor-element-78b244c e-flex e-con-boxed e-con e-parent\" data-id=\"78b244c\" data-element_type=\"container\" data-e-type=\"container\">\n\t\t\t\t\t<div class=\"e-con-inner\">\n\t\t\t\t<div class=\"elementor-element elementor-element-778689e elementor-align-center elementor-widget__width-initial elementor-widget elementor-widget-button\" data-id=\"778689e\" data-element_type=\"widget\" data-e-type=\"widget\" data-widget_type=\"button.default\">\n\t\t\t\t\t\t\t\t\t\t<a class=\"elementor-button elementor-button-link elementor-size-sm\" href=\"https:\/\/tienda.vivancoculturadevino.es\/21-coleccion-vivanco-4-varietales-blanco-de-guarda\" target=\"_blank\">\n\t\t\t\t\t\t<span class=\"elementor-button-content-wrapper\">\n\t\t\t\t\t\t\t\t\t<span class=\"elementor-button-text\">COMPRAR<\/span>\n\t\t\t\t\t<\/span>\n\t\t\t\t\t<\/a>\n\t\t\t\t\t\t\t\t<\/div>\n\t\t\t\t\t<\/div>\n\t\t\t\t<\/div>\n\t\t<div class=\"elementor-element elementor-element-201d2d9 e-flex e-con-boxed e-con e-parent\" data-id=\"201d2d9\" data-element_type=\"container\" data-e-type=\"container\">\n\t\t\t\t\t<div class=\"e-con-inner\">\n\t\t\t\t<div class=\"elementor-element elementor-element-531f43f elementor-widget elementor-widget-spacer\" data-id=\"531f43f\" data-element_type=\"widget\" data-e-type=\"widget\" data-widget_type=\"spacer.default\">\n\t\t\t\t\t\t\t<div class=\"elementor-spacer\">\n\t\t\t<div class=\"elementor-spacer-inner\"><\/div>\n\t\t<\/div>\n\t\t\t\t\t\t<\/div>\n\t\t\t\t\t<\/div>\n\t\t\t\t<\/div>\n\t\t\t\t<\/div>\n\t\t","protected":false},"excerpt":{"rendered":"<p>4 varietales blanco de guarda COMPRAR \u201c\u00danico y sensual\u00bb A\u00f1ada 2016 variedades 40% Garnacha Blanca, 30% Maturana Blanca, 20% Tempranillo Blanco y 10% Viura. producci\u00f3n 4.017 botellas. vinificaci\u00f3n Vendimia manual de cada una de las variedades en peque\u00f1as cajas de diez kilogramos de capacidad. Enfriamiento en c\u00e1mara de fr\u00edo hasta que la temperatura de la [&hellip;]<\/p>\n","protected":false},"author":1,"featured_media":0,"parent":569,"menu_order":0,"comment_status":"closed","ping_status":"closed","template":"","meta":{"footnotes":""},"class_list":["post-2286","page","type-page","status-publish","hentry"],"_links":{"self":[{"href":"https:\/\/vivancoculturadevino.es\/es\/wp-json\/wp\/v2\/pages\/2286","targetHints":{"allow":["GET"]}}],"collection":[{"href":"https:\/\/vivancoculturadevino.es\/es\/wp-json\/wp\/v2\/pages"}],"about":[{"href":"https:\/\/vivancoculturadevino.es\/es\/wp-json\/wp\/v2\/types\/page"}],"author":[{"embeddable":true,"href":"https:\/\/vivancoculturadevino.es\/es\/wp-json\/wp\/v2\/users\/1"}],"replies":[{"embeddable":true,"href":"https:\/\/vivancoculturadevino.es\/es\/wp-json\/wp\/v2\/comments?post=2286"}],"version-history":[{"count":31,"href":"https:\/\/vivancoculturadevino.es\/es\/wp-json\/wp\/v2\/pages\/2286\/revisions"}],"predecessor-version":[{"id":4605,"href":"https:\/\/vivancoculturadevino.es\/es\/wp-json\/wp\/v2\/pages\/2286\/revisions\/4605"}],"up":[{"embeddable":true,"href":"https:\/\/vivancoculturadevino.es\/es\/wp-json\/wp\/v2\/pages\/569"}],"wp:attachment":[{"href":"https:\/\/vivancoculturadevino.es\/es\/wp-json\/wp\/v2\/media?parent=2286"}],"curies":[{"name":"wp","href":"https:\/\/api.w.org\/{rel}","templated":true}]}}