{"id":2260,"date":"2025-10-13T12:08:10","date_gmt":"2025-10-13T12:08:10","guid":{"rendered":"https:\/\/demo01.vivancoculturadevino.es\/?page_id=2260"},"modified":"2026-01-23T09:27:23","modified_gmt":"2026-01-23T09:27:23","slug":"parcelas-de-maturana-tinta","status":"publish","type":"page","link":"https:\/\/vivancoculturadevino.es\/es\/bodega\/los-vinos\/parcelas-de-maturana-tinta\/","title":{"rendered":"Parcelas de Maturana Tinta"},"content":{"rendered":"\t\t<div data-elementor-type=\"wp-page\" data-elementor-id=\"2260\" class=\"elementor elementor-2260\" data-elementor-post-type=\"page\">\n\t\t\t\t<div class=\"elementor-element elementor-element-b419001 e-flex e-con-boxed e-con e-parent\" data-id=\"b419001\" data-element_type=\"container\" data-e-type=\"container\">\n\t\t\t\t\t<div class=\"e-con-inner\">\n\t\t\t\t<div class=\"elementor-element elementor-element-72f8a33 elementor-widget elementor-widget-spacer\" data-id=\"72f8a33\" data-element_type=\"widget\" data-e-type=\"widget\" data-widget_type=\"spacer.default\">\n\t\t\t\t\t\t\t<div class=\"elementor-spacer\">\n\t\t\t<div class=\"elementor-spacer-inner\"><\/div>\n\t\t<\/div>\n\t\t\t\t\t\t<\/div>\n\t\t\t\t<div class=\"elementor-element elementor-element-648f237 elementor-widget__width-initial elementor-widget-tablet__width-initial animated-slow elementor-invisible elementor-widget elementor-widget-heading\" data-id=\"648f237\" data-element_type=\"widget\" data-e-type=\"widget\" data-settings=\"{&quot;_animation&quot;:&quot;fadeInUp&quot;}\" data-widget_type=\"heading.default\">\n\t\t\t\t\t<h2 class=\"elementor-heading-title elementor-size-default\">parcelas de maturana tinta<\/h2>\t\t\t\t<\/div>\n\t\t\t\t<div class=\"elementor-element elementor-element-b9fa567 elementor-widget__width-initial elementor-widget elementor-widget-button\" data-id=\"b9fa567\" data-element_type=\"widget\" data-e-type=\"widget\" data-widget_type=\"button.default\">\n\t\t\t\t\t\t\t\t\t\t<a class=\"elementor-button elementor-button-link elementor-size-sm\" href=\"https:\/\/tienda.vivancoculturadevino.es\/18-coleccion-vivanco-parcelas-de-maturana-tinta\" target=\"_blank\">\n\t\t\t\t\t\t<span class=\"elementor-button-content-wrapper\">\n\t\t\t\t\t\t\t\t\t<span class=\"elementor-button-text\">COMPRAR<\/span>\n\t\t\t\t\t<\/span>\n\t\t\t\t\t<\/a>\n\t\t\t\t\t\t\t\t<\/div>\n\t\t\t\t\t<\/div>\n\t\t\t\t<\/div>\n\t\t<div class=\"elementor-element elementor-element-cff89c9 e-flex e-con-boxed e-con e-parent\" data-id=\"cff89c9\" data-element_type=\"container\" data-e-type=\"container\">\n\t\t\t\t\t<div class=\"e-con-inner\">\n\t\t<div class=\"elementor-element elementor-element-a456f3a e-con-full e-flex e-con e-child\" data-id=\"a456f3a\" data-element_type=\"container\" data-e-type=\"container\">\n\t\t\t\t<div class=\"elementor-element elementor-element-1dbeb4e elementor-widget elementor-widget-image\" data-id=\"1dbeb4e\" data-element_type=\"widget\" data-e-type=\"widget\" data-widget_type=\"image.default\">\n\t\t\t\t\t\t\t\t\t\t\t\t\t\t\t<img fetchpriority=\"high\" decoding=\"async\" width=\"356\" height=\"1024\" src=\"https:\/\/vivancoculturadevino.es\/wp-content\/uploads\/2025\/08\/BRUNES_0005_Vivanco-Coleccion-Parcelas-Maturana-Tinta_No-anada-356x1024.jpg\" class=\"attachment-large size-large wp-image-1417\" alt=\"Parcelas de Maturana Tinta\" srcset=\"https:\/\/vivancoculturadevino.es\/wp-content\/uploads\/2025\/08\/BRUNES_0005_Vivanco-Coleccion-Parcelas-Maturana-Tinta_No-anada-356x1024.jpg 356w, https:\/\/vivancoculturadevino.es\/wp-content\/uploads\/2025\/08\/BRUNES_0005_Vivanco-Coleccion-Parcelas-Maturana-Tinta_No-anada-104x300.jpg 104w, https:\/\/vivancoculturadevino.es\/wp-content\/uploads\/2025\/08\/BRUNES_0005_Vivanco-Coleccion-Parcelas-Maturana-Tinta_No-anada-768x2210.jpg 768w, https:\/\/vivancoculturadevino.es\/wp-content\/uploads\/2025\/08\/BRUNES_0005_Vivanco-Coleccion-Parcelas-Maturana-Tinta_No-anada-534x1536.jpg 534w, https:\/\/vivancoculturadevino.es\/wp-content\/uploads\/2025\/08\/BRUNES_0005_Vivanco-Coleccion-Parcelas-Maturana-Tinta_No-anada-712x2048.jpg 712w, https:\/\/vivancoculturadevino.es\/wp-content\/uploads\/2025\/08\/BRUNES_0005_Vivanco-Coleccion-Parcelas-Maturana-Tinta_No-anada-scaled.jpg 890w\" sizes=\"(max-width: 356px) 100vw, 356px\" \/>\t\t\t\t\t\t\t\t\t\t\t\t\t\t\t<\/div>\n\t\t\t\t<\/div>\n\t\t<div class=\"elementor-element elementor-element-fea1cb2 e-con-full animated-slow e-flex elementor-invisible e-con e-child\" data-id=\"fea1cb2\" data-element_type=\"container\" data-e-type=\"container\" data-settings=\"{&quot;animation&quot;:&quot;fadeInUp&quot;}\">\n\t\t\t\t<div class=\"elementor-element elementor-element-6a4c24a elementor-widget elementor-widget-heading\" data-id=\"6a4c24a\" data-element_type=\"widget\" data-e-type=\"widget\" data-widget_type=\"heading.default\">\n\t\t\t\t\t<h2 class=\"elementor-heading-title elementor-size-default\">\u201cOriginal y especiado\u201d\n<\/h2>\t\t\t\t<\/div>\n\t\t\t\t<div class=\"elementor-element elementor-element-bcf6e6b elementor-widget elementor-widget-spacer\" data-id=\"bcf6e6b\" data-element_type=\"widget\" data-e-type=\"widget\" data-widget_type=\"spacer.default\">\n\t\t\t\t\t\t\t<div class=\"elementor-spacer\">\n\t\t\t<div class=\"elementor-spacer-inner\"><\/div>\n\t\t<\/div>\n\t\t\t\t\t\t<\/div>\n\t\t\t\t<div class=\"elementor-element elementor-element-140dcd8 elementor-widget elementor-widget-heading\" data-id=\"140dcd8\" data-element_type=\"widget\" data-e-type=\"widget\" data-widget_type=\"heading.default\">\n\t\t\t\t\t<h2 class=\"elementor-heading-title elementor-size-default\">A\u00f1ada<\/h2>\t\t\t\t<\/div>\n\t\t\t\t<div class=\"elementor-element elementor-element-4f5a9d8 elementor-widget elementor-widget-text-editor\" data-id=\"4f5a9d8\" data-element_type=\"widget\" data-e-type=\"widget\" data-widget_type=\"text-editor.default\">\n\t\t\t\t\t\t\t\t\t<p>2021<\/p>\t\t\t\t\t\t\t\t<\/div>\n\t\t\t\t<div class=\"elementor-element elementor-element-cd45247 elementor-widget elementor-widget-heading\" data-id=\"cd45247\" data-element_type=\"widget\" data-e-type=\"widget\" data-widget_type=\"heading.default\">\n\t\t\t\t\t<h2 class=\"elementor-heading-title elementor-size-default\">variedades<\/h2>\t\t\t\t<\/div>\n\t\t\t\t<div class=\"elementor-element elementor-element-ae0db1e elementor-widget elementor-widget-text-editor\" data-id=\"ae0db1e\" data-element_type=\"widget\" data-e-type=\"widget\" data-widget_type=\"text-editor.default\">\n\t\t\t\t\t\t\t\t\t<p>100% Maturana Tinta.<\/p>\t\t\t\t\t\t\t\t<\/div>\n\t\t\t\t<div class=\"elementor-element elementor-element-28d8632 elementor-widget elementor-widget-heading\" data-id=\"28d8632\" data-element_type=\"widget\" data-e-type=\"widget\" data-widget_type=\"heading.default\">\n\t\t\t\t\t<h2 class=\"elementor-heading-title elementor-size-default\">producci\u00f3n<\/h2>\t\t\t\t<\/div>\n\t\t\t\t<div class=\"elementor-element elementor-element-d06197e elementor-widget elementor-widget-text-editor\" data-id=\"d06197e\" data-element_type=\"widget\" data-e-type=\"widget\" data-widget_type=\"text-editor.default\">\n\t\t\t\t\t\t\t\t\t<p>2.223 botellas.<\/p>\t\t\t\t\t\t\t\t<\/div>\n\t\t\t\t<div class=\"elementor-element elementor-element-b240081 elementor-widget elementor-widget-heading\" data-id=\"b240081\" data-element_type=\"widget\" data-e-type=\"widget\" data-widget_type=\"heading.default\">\n\t\t\t\t\t<h2 class=\"elementor-heading-title elementor-size-default\">vinificaci\u00f3n<\/h2>\t\t\t\t<\/div>\n\t\t\t\t<div class=\"elementor-element elementor-element-1fc61f7 elementor-widget elementor-widget-text-editor\" data-id=\"1fc61f7\" data-element_type=\"widget\" data-e-type=\"widget\" data-widget_type=\"text-editor.default\">\n\t\t\t\t\t\t\t\t\t<p>Vendimia manual en peque\u00f1as cajas de diez kilogramos de capacidad. Enfriamiento en c\u00e1mara de fr\u00edo hasta que la temperatura de la uva alcance los 3 \u00b0C. Doble selecci\u00f3n de racimos y granos, con un suave despalillado y estrujado. Encube por gravedad en tinos de madera de roble franc\u00e9s con ausencia de bombeos y vinificaci\u00f3n por separado de las parcelas. Maceraci\u00f3n en fr\u00edo y fermentaci\u00f3n durante 20 d\u00edas con levaduras aut\u00f3ctonas. Descube por gravedad a barrica de roble franc\u00e9s nueva y de segundo a\u00f1o para realizar la fermentaci\u00f3n malol\u00e1ctica.<\/p>\t\t\t\t\t\t\t\t<\/div>\n\t\t<div class=\"elementor-element elementor-element-b0e9d84 e-con-full e-flex e-con e-child\" data-id=\"b0e9d84\" data-element_type=\"container\" data-e-type=\"container\">\n\t\t\t\t<div class=\"elementor-element elementor-element-3b6d9ea elementor-widget elementor-widget-button\" data-id=\"3b6d9ea\" data-element_type=\"widget\" data-e-type=\"widget\" data-widget_type=\"button.default\">\n\t\t\t\t\t\t\t\t\t\t<a class=\"elementor-button elementor-button-link elementor-size-sm\" href=\"\/bodega\/premios\/#maturana\" target=\"_blank\">\n\t\t\t\t\t\t<span class=\"elementor-button-content-wrapper\">\n\t\t\t\t\t\t\t\t\t<span class=\"elementor-button-text\">PREMIOS<\/span>\n\t\t\t\t\t<\/span>\n\t\t\t\t\t<\/a>\n\t\t\t\t\t\t\t\t<\/div>\n\t\t\t\t<div class=\"elementor-element elementor-element-61d163d elementor-widget elementor-widget-button\" data-id=\"61d163d\" data-element_type=\"widget\" data-e-type=\"widget\" data-widget_type=\"button.default\">\n\t\t\t\t\t\t\t\t\t\t<a class=\"elementor-button elementor-button-link elementor-size-sm\" href=\"https:\/\/vivancoculturadevino.es\/wp-content\/uploads\/2026\/01\/Coleccion-Parcelas-Maturana-Tinta-ESP-2021.pdf\">\n\t\t\t\t\t\t<span class=\"elementor-button-content-wrapper\">\n\t\t\t\t\t\t\t\t\t<span class=\"elementor-button-text\">FICHA DE CATA<\/span>\n\t\t\t\t\t<\/span>\n\t\t\t\t\t<\/a>\n\t\t\t\t\t\t\t\t<\/div>\n\t\t\t\t<\/div>\n\t\t\t\t<\/div>\n\t\t\t\t\t<\/div>\n\t\t\t\t<\/div>\n\t\t<div class=\"elementor-element elementor-element-cc525b6 animated-slow e-flex e-con-boxed elementor-invisible e-con e-parent\" data-id=\"cc525b6\" data-element_type=\"container\" data-e-type=\"container\" data-settings=\"{&quot;animation&quot;:&quot;fadeInUp&quot;}\">\n\t\t\t\t\t<div class=\"e-con-inner\">\n\t\t<div class=\"elementor-element elementor-element-0b796f8 e-con-full e-flex e-con e-child\" data-id=\"0b796f8\" data-element_type=\"container\" data-e-type=\"container\">\n\t\t\t\t<div class=\"elementor-element elementor-element-3b26642 elementor-widget elementor-widget-heading\" data-id=\"3b26642\" data-element_type=\"widget\" data-e-type=\"widget\" data-widget_type=\"heading.default\">\n\t\t\t\t\t<h2 class=\"elementor-heading-title elementor-size-default\">CRIANZA<\/h2>\t\t\t\t<\/div>\n\t\t\t\t<div class=\"elementor-element elementor-element-1f0fe49 elementor-widget elementor-widget-text-editor\" data-id=\"1f0fe49\" data-element_type=\"widget\" data-e-type=\"widget\" data-widget_type=\"text-editor.default\">\n\t\t\t\t\t\t\t\t\t<p>14 meses de estancia en estas barricas de diferentes toneler\u00edas, tostados y or\u00edgenes, sin trasiegos, permaneciendo con sus l\u00edas hasta su embotellado y realiz\u00e1ndose bat\u00f4nnage peri\u00f3dicos durante los cuatro primeros meses. El vino se embotella sin filtrar ni clarificar por lo que pueden aparecer con el tiempo peque\u00f1as precipitaciones de origen natural.<\/p>\t\t\t\t\t\t\t\t<\/div>\n\t\t\t\t<div class=\"elementor-element elementor-element-5e4831f elementor-widget elementor-widget-heading\" data-id=\"5e4831f\" data-element_type=\"widget\" data-e-type=\"widget\" data-widget_type=\"heading.default\">\n\t\t\t\t\t<h2 class=\"elementor-heading-title elementor-size-default\">DESCRIPCI\u00d3N AMPELOGR\u00c1FICA<\/h2>\t\t\t\t<\/div>\n\t\t\t\t<div class=\"elementor-element elementor-element-7f1c4d5 elementor-widget elementor-widget-text-editor\" data-id=\"7f1c4d5\" data-element_type=\"widget\" data-e-type=\"widget\" data-widget_type=\"text-editor.default\">\n\t\t\t\t\t\t\t\t\t<p>La Maturana Tinta es una variedad aut\u00f3ctona riojana que no se cultiva en ning\u00fan otro lugar del mundo. Recuperada tras a\u00f1os de trabajo e investigaci\u00f3n, presenta un racimo peque\u00f1o y compacto, as\u00ed como bayas tambi\u00e9n peque\u00f1as. Muy sensible a la botrytis, la brotaci\u00f3n es tard\u00eda, pero la maduraci\u00f3n es precoz.<\/p>\t\t\t\t\t\t\t\t<\/div>\n\t\t\t\t<div class=\"elementor-element elementor-element-1f9ed45 elementor-widget elementor-widget-heading\" data-id=\"1f9ed45\" data-element_type=\"widget\" data-e-type=\"widget\" data-widget_type=\"heading.default\">\n\t\t\t\t\t<h2 class=\"elementor-heading-title elementor-size-default\">la botella<\/h2>\t\t\t\t<\/div>\n\t\t\t\t<div class=\"elementor-element elementor-element-b9cbe72 elementor-widget elementor-widget-text-editor\" data-id=\"b9cbe72\" data-element_type=\"widget\" data-e-type=\"widget\" data-widget_type=\"text-editor.default\">\n\t\t\t\t\t\t\t\t\t<p>Nuestra botella est\u00e1 inspirada en una original del s. XVIII visitable en el Museo Vivanco de la Cultura del Vino.<\/p>\t\t\t\t\t\t\t\t<\/div>\n\t\t\t\t<\/div>\n\t\t<div class=\"elementor-element elementor-element-d8fa360 e-con-full e-flex e-con e-child\" data-id=\"d8fa360\" data-element_type=\"container\" data-e-type=\"container\">\n\t\t\t\t<div class=\"elementor-element elementor-element-d19ab78 elementor-widget elementor-widget-heading\" data-id=\"d19ab78\" data-element_type=\"widget\" data-e-type=\"widget\" data-widget_type=\"heading.default\">\n\t\t\t\t\t<h2 class=\"elementor-heading-title elementor-size-default\">SOBREVILLA (BADAR\u00c1N) Y EL MANZANO (BRIONES)<\/h2>\t\t\t\t<\/div>\n\t\t\t\t<div class=\"elementor-element elementor-element-73acde7 elementor-widget elementor-widget-image\" data-id=\"73acde7\" data-element_type=\"widget\" data-e-type=\"widget\" data-widget_type=\"image.default\">\n\t\t\t\t\t\t\t\t\t\t\t\t\t\t\t<img decoding=\"async\" width=\"550\" height=\"164\" src=\"https:\/\/vivancoculturadevino.es\/wp-content\/uploads\/2025\/10\/vino_8_txt_2.jpg\" class=\"attachment-large size-large wp-image-2262\" alt=\"\" srcset=\"https:\/\/vivancoculturadevino.es\/wp-content\/uploads\/2025\/10\/vino_8_txt_2.jpg 550w, https:\/\/vivancoculturadevino.es\/wp-content\/uploads\/2025\/10\/vino_8_txt_2-300x89.jpg 300w, https:\/\/vivancoculturadevino.es\/wp-content\/uploads\/2025\/10\/vino_8_txt_2-18x5.jpg 18w\" sizes=\"(max-width: 550px) 100vw, 550px\" \/>\t\t\t\t\t\t\t\t\t\t\t\t\t\t\t<\/div>\n\t\t\t\t<div class=\"elementor-element elementor-element-8715304 elementor-widget elementor-widget-text-editor\" data-id=\"8715304\" data-element_type=\"widget\" data-e-type=\"widget\" data-widget_type=\"text-editor.default\">\n\t\t\t\t\t\t\t\t\t<p>Si la an\u0303ada 2020 pasara\u0301 a la historia por la pandemia y el reto que e\u0301sta supuso para la humanidad, 2021 sera\u0301 recordada por la u\u0301ltima gran borrasca invernal que se recuerda: Filomena. Una nevada histo\u0301rica entre el 6 y 9 de enero de 2021 que hidrato\u0301 la tierra como haci\u0301a an\u0303os que no se vei\u0301a. La primavera volvio\u0301 a ser muy hu\u0301meda, sobre todo en la zona del entorno de Agoncillo y Alberite, con ma\u0301s de 130 litros de precipitacio\u0301n de abril a mayo. Un verano de antan\u0303o, con un julio fri\u0301o y seco, siguio\u0301 retrasando el ciclo del vin\u0303edo, sumando un agosto de libro (calor y noches frescas) para conseguir unas fechas de vendimia de octubre, casi ya de otra e\u0301poca. Se realizaron desnietes tardi\u0301os y un ligero deshojado en la zona de racimos al inicio del envero para buscar una mejor insolacio\u0301n y aireacio\u0301n del racimo para favorecer su maduracio\u0301n. Los racimos fueron sueltos y homoge\u0301neos alcanzando una madurez plena, algo complejo en esta variedad. La vendimia se realizo\u0301 el 20 de octubre en ambas parcelas.<\/p>\t\t\t\t\t\t\t\t<\/div>\n\t\t\t\t<\/div>\n\t\t\t\t\t<\/div>\n\t\t\t\t<\/div>\n\t\t<div class=\"elementor-element elementor-element-8ee4419 e-flex e-con-boxed e-con e-parent\" data-id=\"8ee4419\" data-element_type=\"container\" data-e-type=\"container\">\n\t\t\t\t\t<div class=\"e-con-inner\">\n\t\t\t\t<div class=\"elementor-element elementor-element-b6f68e2 elementor-widget elementor-widget-spacer\" data-id=\"b6f68e2\" data-element_type=\"widget\" data-e-type=\"widget\" data-widget_type=\"spacer.default\">\n\t\t\t\t\t\t\t<div class=\"elementor-spacer\">\n\t\t\t<div class=\"elementor-spacer-inner\"><\/div>\n\t\t<\/div>\n\t\t\t\t\t\t<\/div>\n\t\t\t\t\t<\/div>\n\t\t\t\t<\/div>\n\t\t<div class=\"elementor-element elementor-element-ed6b5ca e-flex e-con-boxed e-con e-parent\" data-id=\"ed6b5ca\" data-element_type=\"container\" data-e-type=\"container\" data-settings=\"{&quot;background_background&quot;:&quot;classic&quot;}\">\n\t\t\t\t\t<div class=\"e-con-inner\">\n\t\t\t\t\t<\/div>\n\t\t\t\t<\/div>\n\t\t<div class=\"elementor-element elementor-element-c622abf e-flex e-con-boxed e-con e-parent\" data-id=\"c622abf\" data-element_type=\"container\" data-e-type=\"container\">\n\t\t\t\t\t<div class=\"e-con-inner\">\n\t\t\t\t<div class=\"elementor-element elementor-element-56d8e68 elementor-widget elementor-widget-spacer\" data-id=\"56d8e68\" data-element_type=\"widget\" data-e-type=\"widget\" data-widget_type=\"spacer.default\">\n\t\t\t\t\t\t\t<div class=\"elementor-spacer\">\n\t\t\t<div class=\"elementor-spacer-inner\"><\/div>\n\t\t<\/div>\n\t\t\t\t\t\t<\/div>\n\t\t\t\t\t<\/div>\n\t\t\t\t<\/div>\n\t\t<div class=\"elementor-element elementor-element-dece5b8 animated-slow e-flex e-con-boxed elementor-invisible e-con e-parent\" data-id=\"dece5b8\" data-element_type=\"container\" data-e-type=\"container\" data-settings=\"{&quot;animation&quot;:&quot;fadeInUp&quot;}\">\n\t\t\t\t\t<div class=\"e-con-inner\">\n\t\t<div class=\"elementor-element elementor-element-f28786c e-con-full e-flex e-con e-child\" data-id=\"f28786c\" data-element_type=\"container\" data-e-type=\"container\">\n\t\t\t\t<div class=\"elementor-element elementor-element-c1aa0bd elementor-widget elementor-widget-heading\" data-id=\"c1aa0bd\" data-element_type=\"widget\" data-e-type=\"widget\" data-widget_type=\"heading.default\">\n\t\t\t\t\t<h2 class=\"elementor-heading-title elementor-size-default\">CATA<\/h2>\t\t\t\t<\/div>\n\t\t\t\t<div class=\"elementor-element elementor-element-fb831f9 elementor-widget elementor-widget-text-editor\" data-id=\"fb831f9\" data-element_type=\"widget\" data-e-type=\"widget\" data-widget_type=\"text-editor.default\">\n\t\t\t\t\t\t\t\t\t<p>Color rojo p\u00farpura de capa muy alta, con un ribete viol\u00e1ceo muy marcado. Aromas especiados, con fruta negra, pimienta, clavo, hojas de morera, todo sobre un fondo mineral y de sotobosque. En boca es muy bals\u00e1mico, mineral, con sensaciones tambi\u00e9n especiadas (se repite la pimienta, flor de rosa, comino, clavo), con un paso elegante, vibrante y largo en el posgusto.<\/p>\t\t\t\t\t\t\t\t<\/div>\n\t\t\t\t<\/div>\n\t\t<div class=\"elementor-element elementor-element-b94ab90 e-con-full e-flex e-con e-child\" data-id=\"b94ab90\" data-element_type=\"container\" data-e-type=\"container\">\n\t\t\t\t<div class=\"elementor-element elementor-element-3e119cf elementor-widget elementor-widget-heading\" data-id=\"3e119cf\" data-element_type=\"widget\" data-e-type=\"widget\" data-widget_type=\"heading.default\">\n\t\t\t\t\t<h2 class=\"elementor-heading-title elementor-size-default\">MARIDAJE<\/h2>\t\t\t\t<\/div>\n\t\t\t\t<div class=\"elementor-element elementor-element-6f22e9d elementor-widget elementor-widget-text-editor\" data-id=\"6f22e9d\" data-element_type=\"widget\" data-e-type=\"widget\" data-widget_type=\"text-editor.default\">\n\t\t\t\t\t\t\t\t\t<p>Todo tipo de carnes a la brasa, asados, quesos fuertes y platos de caza.<\/p>\t\t\t\t\t\t\t\t<\/div>\n\t\t\t\t<\/div>\n\t\t\t\t\t<\/div>\n\t\t\t\t<\/div>\n\t\t<div class=\"elementor-element elementor-element-78b244c e-flex e-con-boxed e-con e-parent\" data-id=\"78b244c\" data-element_type=\"container\" data-e-type=\"container\">\n\t\t\t\t\t<div class=\"e-con-inner\">\n\t\t\t\t<div class=\"elementor-element elementor-element-778689e elementor-align-center elementor-widget__width-initial elementor-widget elementor-widget-button\" data-id=\"778689e\" data-element_type=\"widget\" data-e-type=\"widget\" data-widget_type=\"button.default\">\n\t\t\t\t\t\t\t\t\t\t<a class=\"elementor-button elementor-button-link elementor-size-sm\" href=\"https:\/\/tienda.vivancoculturadevino.es\/18-coleccion-vivanco-parcelas-de-maturana-tinta\" target=\"_blank\">\n\t\t\t\t\t\t<span class=\"elementor-button-content-wrapper\">\n\t\t\t\t\t\t\t\t\t<span class=\"elementor-button-text\">COMPRAR<\/span>\n\t\t\t\t\t<\/span>\n\t\t\t\t\t<\/a>\n\t\t\t\t\t\t\t\t<\/div>\n\t\t\t\t\t<\/div>\n\t\t\t\t<\/div>\n\t\t<div class=\"elementor-element elementor-element-201d2d9 e-flex e-con-boxed e-con e-parent\" data-id=\"201d2d9\" data-element_type=\"container\" data-e-type=\"container\">\n\t\t\t\t\t<div class=\"e-con-inner\">\n\t\t\t\t<div class=\"elementor-element elementor-element-531f43f elementor-widget elementor-widget-spacer\" data-id=\"531f43f\" data-element_type=\"widget\" data-e-type=\"widget\" data-widget_type=\"spacer.default\">\n\t\t\t\t\t\t\t<div class=\"elementor-spacer\">\n\t\t\t<div class=\"elementor-spacer-inner\"><\/div>\n\t\t<\/div>\n\t\t\t\t\t\t<\/div>\n\t\t\t\t\t<\/div>\n\t\t\t\t<\/div>\n\t\t\t\t<\/div>\n\t\t","protected":false},"excerpt":{"rendered":"<p>parcelas de maturana tinta COMPRAR \u201cOriginal y especiado\u201d A\u00f1ada 2021 variedades 100% Maturana Tinta. producci\u00f3n 2.223 botellas. vinificaci\u00f3n Vendimia manual en peque\u00f1as cajas de diez kilogramos de capacidad. Enfriamiento en c\u00e1mara de fr\u00edo hasta que la temperatura de la uva alcance los 3 \u00b0C. Doble selecci\u00f3n de racimos y granos, con un suave despalillado y [&hellip;]<\/p>\n","protected":false},"author":1,"featured_media":0,"parent":569,"menu_order":0,"comment_status":"closed","ping_status":"closed","template":"","meta":{"footnotes":""},"class_list":["post-2260","page","type-page","status-publish","hentry"],"_links":{"self":[{"href":"https:\/\/vivancoculturadevino.es\/es\/wp-json\/wp\/v2\/pages\/2260","targetHints":{"allow":["GET"]}}],"collection":[{"href":"https:\/\/vivancoculturadevino.es\/es\/wp-json\/wp\/v2\/pages"}],"about":[{"href":"https:\/\/vivancoculturadevino.es\/es\/wp-json\/wp\/v2\/types\/page"}],"author":[{"embeddable":true,"href":"https:\/\/vivancoculturadevino.es\/es\/wp-json\/wp\/v2\/users\/1"}],"replies":[{"embeddable":true,"href":"https:\/\/vivancoculturadevino.es\/es\/wp-json\/wp\/v2\/comments?post=2260"}],"version-history":[{"count":25,"href":"https:\/\/vivancoculturadevino.es\/es\/wp-json\/wp\/v2\/pages\/2260\/revisions"}],"predecessor-version":[{"id":4592,"href":"https:\/\/vivancoculturadevino.es\/es\/wp-json\/wp\/v2\/pages\/2260\/revisions\/4592"}],"up":[{"embeddable":true,"href":"https:\/\/vivancoculturadevino.es\/es\/wp-json\/wp\/v2\/pages\/569"}],"wp:attachment":[{"href":"https:\/\/vivancoculturadevino.es\/es\/wp-json\/wp\/v2\/media?parent=2260"}],"curies":[{"name":"wp","href":"https:\/\/api.w.org\/{rel}","templated":true}]}}