{"id":2229,"date":"2025-10-13T11:15:27","date_gmt":"2025-10-13T11:15:27","guid":{"rendered":"https:\/\/demo01.vivancoculturadevino.es\/?page_id=2229"},"modified":"2026-01-26T12:05:28","modified_gmt":"2026-01-26T12:05:28","slug":"cuatro-varietales","status":"publish","type":"page","link":"https:\/\/vivancoculturadevino.es\/es\/bodega\/los-vinos\/cuatro-varietales\/","title":{"rendered":"4 Varietales"},"content":{"rendered":"\t\t<div data-elementor-type=\"wp-page\" data-elementor-id=\"2229\" class=\"elementor elementor-2229\" data-elementor-post-type=\"page\">\n\t\t\t\t<div class=\"elementor-element elementor-element-b419001 e-flex e-con-boxed e-con e-parent\" data-id=\"b419001\" data-element_type=\"container\" data-e-type=\"container\">\n\t\t\t\t\t<div class=\"e-con-inner\">\n\t\t\t\t<div class=\"elementor-element elementor-element-72f8a33 elementor-widget elementor-widget-spacer\" data-id=\"72f8a33\" data-element_type=\"widget\" data-e-type=\"widget\" data-widget_type=\"spacer.default\">\n\t\t\t\t\t\t\t<div class=\"elementor-spacer\">\n\t\t\t<div class=\"elementor-spacer-inner\"><\/div>\n\t\t<\/div>\n\t\t\t\t\t\t<\/div>\n\t\t\t\t<div class=\"elementor-element elementor-element-648f237 elementor-widget__width-initial elementor-widget-tablet__width-initial animated-slow elementor-invisible elementor-widget elementor-widget-heading\" data-id=\"648f237\" data-element_type=\"widget\" data-e-type=\"widget\" data-settings=\"{&quot;_animation&quot;:&quot;fadeInUp&quot;}\" data-widget_type=\"heading.default\">\n\t\t\t\t\t<h2 class=\"elementor-heading-title elementor-size-default\">4 Varietales<\/h2>\t\t\t\t<\/div>\n\t\t\t\t<div class=\"elementor-element elementor-element-b9fa567 elementor-widget__width-initial elementor-widget elementor-widget-button\" data-id=\"b9fa567\" data-element_type=\"widget\" data-e-type=\"widget\" data-widget_type=\"button.default\">\n\t\t\t\t\t\t\t\t\t\t<a class=\"elementor-button elementor-button-link elementor-size-sm\" href=\"https:\/\/tienda.vivancoculturadevino.es\/15-coleccion-vivanco-4-varietales\" target=\"_blank\">\n\t\t\t\t\t\t<span class=\"elementor-button-content-wrapper\">\n\t\t\t\t\t\t\t\t\t<span class=\"elementor-button-text\">COMPRAR<\/span>\n\t\t\t\t\t<\/span>\n\t\t\t\t\t<\/a>\n\t\t\t\t\t\t\t\t<\/div>\n\t\t\t\t\t<\/div>\n\t\t\t\t<\/div>\n\t\t<div class=\"elementor-element elementor-element-cff89c9 e-flex e-con-boxed e-con e-parent\" data-id=\"cff89c9\" data-element_type=\"container\" data-e-type=\"container\">\n\t\t\t\t\t<div class=\"e-con-inner\">\n\t\t<div class=\"elementor-element elementor-element-a456f3a e-con-full e-flex e-con e-child\" data-id=\"a456f3a\" data-element_type=\"container\" data-e-type=\"container\">\n\t\t\t\t<div class=\"elementor-element elementor-element-1dbeb4e elementor-widget elementor-widget-image\" data-id=\"1dbeb4e\" data-element_type=\"widget\" data-e-type=\"widget\" data-widget_type=\"image.default\">\n\t\t\t\t\t\t\t\t\t\t\t\t\t\t\t<img fetchpriority=\"high\" decoding=\"async\" width=\"356\" height=\"1024\" src=\"https:\/\/vivancoculturadevino.es\/wp-content\/uploads\/2025\/08\/BRUNES_0008_Vivanco-Coleccion-4-Varietales_No-Anada-356x1024.jpg\" class=\"attachment-large size-large wp-image-1414\" alt=\"4 Varietales\" srcset=\"https:\/\/vivancoculturadevino.es\/wp-content\/uploads\/2025\/08\/BRUNES_0008_Vivanco-Coleccion-4-Varietales_No-Anada-356x1024.jpg 356w, https:\/\/vivancoculturadevino.es\/wp-content\/uploads\/2025\/08\/BRUNES_0008_Vivanco-Coleccion-4-Varietales_No-Anada-104x300.jpg 104w, https:\/\/vivancoculturadevino.es\/wp-content\/uploads\/2025\/08\/BRUNES_0008_Vivanco-Coleccion-4-Varietales_No-Anada-768x2210.jpg 768w, https:\/\/vivancoculturadevino.es\/wp-content\/uploads\/2025\/08\/BRUNES_0008_Vivanco-Coleccion-4-Varietales_No-Anada-534x1536.jpg 534w, https:\/\/vivancoculturadevino.es\/wp-content\/uploads\/2025\/08\/BRUNES_0008_Vivanco-Coleccion-4-Varietales_No-Anada-712x2048.jpg 712w, https:\/\/vivancoculturadevino.es\/wp-content\/uploads\/2025\/08\/BRUNES_0008_Vivanco-Coleccion-4-Varietales_No-Anada-scaled.jpg 890w\" sizes=\"(max-width: 356px) 100vw, 356px\" \/>\t\t\t\t\t\t\t\t\t\t\t\t\t\t\t<\/div>\n\t\t\t\t<\/div>\n\t\t<div class=\"elementor-element elementor-element-fea1cb2 e-con-full animated-slow e-flex elementor-invisible e-con e-child\" data-id=\"fea1cb2\" data-element_type=\"container\" data-e-type=\"container\" data-settings=\"{&quot;animation&quot;:&quot;fadeInUp&quot;}\">\n\t\t\t\t<div class=\"elementor-element elementor-element-6a4c24a elementor-widget elementor-widget-heading\" data-id=\"6a4c24a\" data-element_type=\"widget\" data-e-type=\"widget\" data-widget_type=\"heading.default\">\n\t\t\t\t\t<h2 class=\"elementor-heading-title elementor-size-default\">\u201cComplejidad y elegancia\u201d\n<\/h2>\t\t\t\t<\/div>\n\t\t\t\t<div class=\"elementor-element elementor-element-bcf6e6b elementor-widget elementor-widget-spacer\" data-id=\"bcf6e6b\" data-element_type=\"widget\" data-e-type=\"widget\" data-widget_type=\"spacer.default\">\n\t\t\t\t\t\t\t<div class=\"elementor-spacer\">\n\t\t\t<div class=\"elementor-spacer-inner\"><\/div>\n\t\t<\/div>\n\t\t\t\t\t\t<\/div>\n\t\t\t\t<div class=\"elementor-element elementor-element-140dcd8 elementor-widget elementor-widget-heading\" data-id=\"140dcd8\" data-element_type=\"widget\" data-e-type=\"widget\" data-widget_type=\"heading.default\">\n\t\t\t\t\t<h2 class=\"elementor-heading-title elementor-size-default\">A\u00f1ada<\/h2>\t\t\t\t<\/div>\n\t\t\t\t<div class=\"elementor-element elementor-element-4f5a9d8 elementor-widget elementor-widget-text-editor\" data-id=\"4f5a9d8\" data-element_type=\"widget\" data-e-type=\"widget\" data-widget_type=\"text-editor.default\">\n\t\t\t\t\t\t\t\t\t<p>2020<\/p>\t\t\t\t\t\t\t\t<\/div>\n\t\t\t\t<div class=\"elementor-element elementor-element-cd45247 elementor-widget elementor-widget-heading\" data-id=\"cd45247\" data-element_type=\"widget\" data-e-type=\"widget\" data-widget_type=\"heading.default\">\n\t\t\t\t\t<h2 class=\"elementor-heading-title elementor-size-default\">variedades<\/h2>\t\t\t\t<\/div>\n\t\t\t\t<div class=\"elementor-element elementor-element-ae0db1e elementor-widget elementor-widget-text-editor\" data-id=\"ae0db1e\" data-element_type=\"widget\" data-e-type=\"widget\" data-widget_type=\"text-editor.default\">\n\t\t\t\t\t\t\t\t\t<p>70% Tempranillo, 15% Graciano, 10% Garnacha y 5% Mazuelo.<\/p>\t\t\t\t\t\t\t\t<\/div>\n\t\t\t\t<div class=\"elementor-element elementor-element-28d8632 elementor-widget elementor-widget-heading\" data-id=\"28d8632\" data-element_type=\"widget\" data-e-type=\"widget\" data-widget_type=\"heading.default\">\n\t\t\t\t\t<h2 class=\"elementor-heading-title elementor-size-default\">producci\u00f3n<\/h2>\t\t\t\t<\/div>\n\t\t\t\t<div class=\"elementor-element elementor-element-d06197e elementor-widget elementor-widget-text-editor\" data-id=\"d06197e\" data-element_type=\"widget\" data-e-type=\"widget\" data-widget_type=\"text-editor.default\">\n\t\t\t\t\t\t\t\t\t<p>15.699 botellas.<\/p>\t\t\t\t\t\t\t\t<\/div>\n\t\t\t\t<div class=\"elementor-element elementor-element-b240081 elementor-widget elementor-widget-heading\" data-id=\"b240081\" data-element_type=\"widget\" data-e-type=\"widget\" data-widget_type=\"heading.default\">\n\t\t\t\t\t<h2 class=\"elementor-heading-title elementor-size-default\">vinificaci\u00f3n<\/h2>\t\t\t\t<\/div>\n\t\t\t\t<div class=\"elementor-element elementor-element-1fc61f7 elementor-widget elementor-widget-text-editor\" data-id=\"1fc61f7\" data-element_type=\"widget\" data-e-type=\"widget\" data-widget_type=\"text-editor.default\">\n\t\t\t\t\t\t\t\t\t<p>Vendimia manual de cada una de las variedades en peque\u00f1as cajas de diez kilogramos de capacidad. Enfriamiento en c\u00e1mara de fr\u00edo hasta que la temperatura de la uva alcance los 3 \u00b0C. Doble selecci\u00f3n de racimos y granos, con un suave despalillado y\u00a0estrujado. Vinificaci\u00f3n por separado de las cuatro variedades. Encube por gravedad en tinos de madera de roble franc\u00e9s con ausencia de bombeos. Maceraci\u00f3n en fr\u00edo y fermentaci\u00f3n individual de cada variedad con levaduras aut\u00f3ctonas: 22 d\u00edas para el\u00a0Tempranillo, 21 para el Graciano, 23 para la Garnacha y 22 para el Mazuelo. Descube por gravedad a barrica de roble franc\u00e9s nueva y de segundo a\u00f1o para realizar la fermentaci\u00f3n malol\u00e1ctica.<\/p>\t\t\t\t\t\t\t\t<\/div>\n\t\t<div class=\"elementor-element elementor-element-d86086d e-con-full e-flex e-con e-child\" data-id=\"d86086d\" data-element_type=\"container\" data-e-type=\"container\">\n\t\t\t\t<div class=\"elementor-element elementor-element-78fcb6a elementor-widget elementor-widget-button\" data-id=\"78fcb6a\" data-element_type=\"widget\" data-e-type=\"widget\" data-widget_type=\"button.default\">\n\t\t\t\t\t\t\t\t\t\t<a class=\"elementor-button elementor-button-link elementor-size-sm\" href=\"\/bodega\/premios\/#varietales\" target=\"_blank\">\n\t\t\t\t\t\t<span class=\"elementor-button-content-wrapper\">\n\t\t\t\t\t\t\t\t\t<span class=\"elementor-button-text\">PREMIOS<\/span>\n\t\t\t\t\t<\/span>\n\t\t\t\t\t<\/a>\n\t\t\t\t\t\t\t\t<\/div>\n\t\t\t\t<div class=\"elementor-element elementor-element-48c487d elementor-widget elementor-widget-button\" data-id=\"48c487d\" data-element_type=\"widget\" data-e-type=\"widget\" data-widget_type=\"button.default\">\n\t\t\t\t\t\t\t\t\t\t<a class=\"elementor-button elementor-button-link elementor-size-sm\" href=\"https:\/\/vivancoculturadevino.es\/wp-content\/uploads\/2026\/01\/Coleccion-Vivanco-4-Varietales-2020_ESP.pdf\">\n\t\t\t\t\t\t<span class=\"elementor-button-content-wrapper\">\n\t\t\t\t\t\t\t\t\t<span class=\"elementor-button-text\">FICHA DE CATA<\/span>\n\t\t\t\t\t<\/span>\n\t\t\t\t\t<\/a>\n\t\t\t\t\t\t\t\t<\/div>\n\t\t\t\t<\/div>\n\t\t\t\t<\/div>\n\t\t\t\t\t<\/div>\n\t\t\t\t<\/div>\n\t\t<div class=\"elementor-element elementor-element-cc525b6 animated-slow e-flex e-con-boxed elementor-invisible e-con e-parent\" data-id=\"cc525b6\" data-element_type=\"container\" data-e-type=\"container\" data-settings=\"{&quot;animation&quot;:&quot;fadeInUp&quot;}\">\n\t\t\t\t\t<div class=\"e-con-inner\">\n\t\t<div class=\"elementor-element elementor-element-0b796f8 e-con-full e-flex e-con e-child\" data-id=\"0b796f8\" data-element_type=\"container\" data-e-type=\"container\">\n\t\t\t\t<div class=\"elementor-element elementor-element-3b26642 elementor-widget elementor-widget-heading\" data-id=\"3b26642\" data-element_type=\"widget\" data-e-type=\"widget\" data-widget_type=\"heading.default\">\n\t\t\t\t\t<h2 class=\"elementor-heading-title elementor-size-default\">CRIANZA<\/h2>\t\t\t\t<\/div>\n\t\t\t\t<div class=\"elementor-element elementor-element-1f0fe49 elementor-widget elementor-widget-text-editor\" data-id=\"1f0fe49\" data-element_type=\"widget\" data-e-type=\"widget\" data-widget_type=\"text-editor.default\">\n\t\t\t\t\t\t\t\t\t<p>16 meses de estancia en estas barricas de diferentes toneler\u00edas, tostados y or\u00edgenes, sin trasiegos. Cada uno de los cuatro vinos permanece con sus l\u00edas hasta su embotellado y se realizan bat\u00f4nnage peri\u00f3dicos durante los primeros meses. Se realiza la\u00a0cuv\u00e9e de los vinos y se embotella sin filtrar ni clarificar por lo que pueden aparecer con el tiempo peque\u00f1as precipitaciones de origen natural.<\/p>\t\t\t\t\t\t\t\t<\/div>\n\t\t\t\t<div class=\"elementor-element elementor-element-eaaafcb elementor-widget elementor-widget-heading\" data-id=\"eaaafcb\" data-element_type=\"widget\" data-e-type=\"widget\" data-widget_type=\"heading.default\">\n\t\t\t\t\t<h2 class=\"elementor-heading-title elementor-size-default\">LA BOTELLA<\/h2>\t\t\t\t<\/div>\n\t\t\t\t<div class=\"elementor-element elementor-element-4a14673 elementor-widget elementor-widget-text-editor\" data-id=\"4a14673\" data-element_type=\"widget\" data-e-type=\"widget\" data-widget_type=\"text-editor.default\">\n\t\t\t\t\t\t\t\t\t<p>Nuestra botella est\u00e1 inspirada en una original del s. XVIII visitable en el Museo Vivanco de la Cultura del Vino.<\/p>\t\t\t\t\t\t\t\t<\/div>\n\t\t\t\t<\/div>\n\t\t<div class=\"elementor-element elementor-element-d8fa360 e-con-full e-flex e-con e-child\" data-id=\"d8fa360\" data-element_type=\"container\" data-e-type=\"container\">\n\t\t\t\t<div class=\"elementor-element elementor-element-d19ab78 elementor-widget elementor-widget-heading\" data-id=\"d19ab78\" data-element_type=\"widget\" data-e-type=\"widget\" data-widget_type=\"heading.default\">\n\t\t\t\t\t<h2 class=\"elementor-heading-title elementor-size-default\">FINCA EL CANTILLO (BRIONES)<\/h2>\t\t\t\t<\/div>\n\t\t\t\t<div class=\"elementor-element elementor-element-73acde7 elementor-widget elementor-widget-image\" data-id=\"73acde7\" data-element_type=\"widget\" data-e-type=\"widget\" data-widget_type=\"image.default\">\n\t\t\t\t\t\t\t\t\t\t\t\t\t\t\t<img decoding=\"async\" width=\"550\" height=\"164\" src=\"https:\/\/vivancoculturadevino.es\/wp-content\/uploads\/2025\/10\/vino_5_txt_2.jpg\" class=\"attachment-large size-large wp-image-2231\" alt=\"\" srcset=\"https:\/\/vivancoculturadevino.es\/wp-content\/uploads\/2025\/10\/vino_5_txt_2.jpg 550w, https:\/\/vivancoculturadevino.es\/wp-content\/uploads\/2025\/10\/vino_5_txt_2-300x89.jpg 300w, https:\/\/vivancoculturadevino.es\/wp-content\/uploads\/2025\/10\/vino_5_txt_2-18x5.jpg 18w\" sizes=\"(max-width: 550px) 100vw, 550px\" \/>\t\t\t\t\t\t\t\t\t\t\t\t\t\t\t<\/div>\n\t\t\t\t<div class=\"elementor-element elementor-element-8715304 elementor-widget elementor-widget-text-editor\" data-id=\"8715304\" data-element_type=\"widget\" data-e-type=\"widget\" data-widget_type=\"text-editor.default\">\n\t\t\t\t\t\t\t\t\t<p>A 2020 lo tendremos siempre en el recuerdo por la pandemia y sus consecuencias. El estallido de la misma paralizo\u0301 el mundo y abrio\u0301 paso a una de las an\u0303adas ma\u0301s complejas de la historia. Un invierno fri\u0301o y lluvioso, dejo\u0301 paso a una primavera y un verano extremadamente hu\u0301medos y templados, con una presio\u0301n de mildiu y oi\u0301dio como no se habi\u0301a visto haci\u0301a an\u0303os. La lucha fue constante. Vivimos en la vin\u0303a de mayo a octubre. Cada amanecer. Asi\u0301 hasta la vendimia. El resultado: vinos menos opulentos, pero muy francos. Finos, ata\u0301vicos, delicados y frutales. Representantes de una viticultura extrema y del trabajo del hombre contra la adversidad.<\/p>\t\t\t\t\t\t\t\t<\/div>\n\t\t\t\t<\/div>\n\t\t\t\t\t<\/div>\n\t\t\t\t<\/div>\n\t\t<div class=\"elementor-element elementor-element-78b244c e-flex e-con-boxed e-con e-parent\" data-id=\"78b244c\" data-element_type=\"container\" data-e-type=\"container\">\n\t\t\t\t\t<div class=\"e-con-inner\">\n\t\t\t\t<div class=\"elementor-element elementor-element-778689e elementor-align-center elementor-widget__width-initial elementor-widget elementor-widget-button\" data-id=\"778689e\" data-element_type=\"widget\" data-e-type=\"widget\" data-widget_type=\"button.default\">\n\t\t\t\t\t\t\t\t\t\t<a class=\"elementor-button elementor-button-link elementor-size-sm\" href=\"https:\/\/tienda.vivancoculturadevino.es\/15-coleccion-vivanco-4-varietales\" target=\"_blank\">\n\t\t\t\t\t\t<span class=\"elementor-button-content-wrapper\">\n\t\t\t\t\t\t\t\t\t<span class=\"elementor-button-text\">COMPRAR<\/span>\n\t\t\t\t\t<\/span>\n\t\t\t\t\t<\/a>\n\t\t\t\t\t\t\t\t<\/div>\n\t\t\t\t\t<\/div>\n\t\t\t\t<\/div>\n\t\t<div class=\"elementor-element elementor-element-201d2d9 e-flex e-con-boxed e-con e-parent\" data-id=\"201d2d9\" data-element_type=\"container\" data-e-type=\"container\">\n\t\t\t\t\t<div class=\"e-con-inner\">\n\t\t\t\t<div class=\"elementor-element elementor-element-531f43f elementor-widget elementor-widget-spacer\" data-id=\"531f43f\" data-element_type=\"widget\" data-e-type=\"widget\" data-widget_type=\"spacer.default\">\n\t\t\t\t\t\t\t<div class=\"elementor-spacer\">\n\t\t\t<div class=\"elementor-spacer-inner\"><\/div>\n\t\t<\/div>\n\t\t\t\t\t\t<\/div>\n\t\t\t\t\t<\/div>\n\t\t\t\t<\/div>\n\t\t<div class=\"elementor-element elementor-element-3bd115c e-flex e-con-boxed e-con e-parent\" data-id=\"3bd115c\" data-element_type=\"container\" data-e-type=\"container\" data-settings=\"{&quot;background_background&quot;:&quot;classic&quot;}\">\n\t\t\t\t\t<div class=\"e-con-inner\">\n\t\t\t\t\t<\/div>\n\t\t\t\t<\/div>\n\t\t<div class=\"elementor-element elementor-element-b73c39a e-flex e-con-boxed e-con e-parent\" data-id=\"b73c39a\" data-element_type=\"container\" data-e-type=\"container\">\n\t\t\t\t\t<div class=\"e-con-inner\">\n\t\t\t\t<div class=\"elementor-element elementor-element-3548ba4 elementor-widget elementor-widget-spacer\" data-id=\"3548ba4\" data-element_type=\"widget\" data-e-type=\"widget\" data-widget_type=\"spacer.default\">\n\t\t\t\t\t\t\t<div class=\"elementor-spacer\">\n\t\t\t<div class=\"elementor-spacer-inner\"><\/div>\n\t\t<\/div>\n\t\t\t\t\t\t<\/div>\n\t\t\t\t\t<\/div>\n\t\t\t\t<\/div>\n\t\t<div class=\"elementor-element elementor-element-8147642 animated-slow e-flex e-con-boxed elementor-invisible e-con e-parent\" data-id=\"8147642\" data-element_type=\"container\" data-e-type=\"container\" data-settings=\"{&quot;animation&quot;:&quot;fadeInUp&quot;}\">\n\t\t\t\t\t<div class=\"e-con-inner\">\n\t\t<div class=\"elementor-element elementor-element-248c9b6 e-con-full e-flex e-con e-child\" data-id=\"248c9b6\" data-element_type=\"container\" data-e-type=\"container\">\n\t\t\t\t<div class=\"elementor-element elementor-element-5e4831f elementor-widget elementor-widget-heading\" data-id=\"5e4831f\" data-element_type=\"widget\" data-e-type=\"widget\" data-widget_type=\"heading.default\">\n\t\t\t\t\t<h2 class=\"elementor-heading-title elementor-size-default\">CATA<\/h2>\t\t\t\t<\/div>\n\t\t\t\t<div class=\"elementor-element elementor-element-e5ab8b3 elementor-widget elementor-widget-text-editor\" data-id=\"e5ab8b3\" data-element_type=\"widget\" data-e-type=\"widget\" data-widget_type=\"text-editor.default\">\n\t\t\t\t\t\t\t\t\t<p>Granate picota muy intenso. Aroma potente y complejo, con abundante fruta negra y roja muy madura y con una madera fina muy bien integrada. Tambi\u00e9n aparecen elegantes notas minerales, especias, tofe y regaliz. En boca es muy expresivo, con un paso\u00a0de boca sedoso, fresco, sabroso e intenso, dejando un largo postgusto, complejo y elegante.<\/p>\t\t\t\t\t\t\t\t<\/div>\n\t\t\t\t<\/div>\n\t\t<div class=\"elementor-element elementor-element-e08f56b e-con-full e-flex e-con e-child\" data-id=\"e08f56b\" data-element_type=\"container\" data-e-type=\"container\">\n\t\t\t\t<div class=\"elementor-element elementor-element-9592057 elementor-widget elementor-widget-heading\" data-id=\"9592057\" data-element_type=\"widget\" data-e-type=\"widget\" data-widget_type=\"heading.default\">\n\t\t\t\t\t<h2 class=\"elementor-heading-title elementor-size-default\">MARIDAJE<\/h2>\t\t\t\t<\/div>\n\t\t\t\t<div class=\"elementor-element elementor-element-ffc5750 elementor-widget elementor-widget-text-editor\" data-id=\"ffc5750\" data-element_type=\"widget\" data-e-type=\"widget\" data-widget_type=\"text-editor.default\">\n\t\t\t\t\t\t\t\t\t<p>Todo tipo de carnes rojas a la brasa, foie, guisos y platos de caza.<\/p>\t\t\t\t\t\t\t\t<\/div>\n\t\t\t\t<\/div>\n\t\t\t\t\t<\/div>\n\t\t\t\t<\/div>\n\t\t<div class=\"elementor-element elementor-element-64f7881 e-flex e-con-boxed e-con e-parent\" data-id=\"64f7881\" data-element_type=\"container\" data-e-type=\"container\">\n\t\t\t\t\t<div class=\"e-con-inner\">\n\t\t\t\t<div class=\"elementor-element elementor-element-a42af37 elementor-align-center elementor-widget__width-initial elementor-widget elementor-widget-button\" data-id=\"a42af37\" data-element_type=\"widget\" data-e-type=\"widget\" data-widget_type=\"button.default\">\n\t\t\t\t\t\t\t\t\t\t<a class=\"elementor-button elementor-button-link elementor-size-sm\" href=\"https:\/\/tienda.vivancoculturadevino.es\/15-coleccion-vivanco-4-varietales\" target=\"_blank\">\n\t\t\t\t\t\t<span class=\"elementor-button-content-wrapper\">\n\t\t\t\t\t\t\t\t\t<span class=\"elementor-button-text\">COMPRAR<\/span>\n\t\t\t\t\t<\/span>\n\t\t\t\t\t<\/a>\n\t\t\t\t\t\t\t\t<\/div>\n\t\t\t\t\t<\/div>\n\t\t\t\t<\/div>\n\t\t\t\t<\/div>\n\t\t","protected":false},"excerpt":{"rendered":"<p>4 Varietales COMPRAR \u201cComplejidad y elegancia\u201d A\u00f1ada 2020 variedades 70% Tempranillo, 15% Graciano, 10% Garnacha y 5% Mazuelo. producci\u00f3n 15.699 botellas. vinificaci\u00f3n Vendimia manual de cada una de las variedades en peque\u00f1as cajas de diez kilogramos de capacidad. Enfriamiento en c\u00e1mara de fr\u00edo hasta que la temperatura de la uva alcance los 3 \u00b0C. Doble [&hellip;]<\/p>\n","protected":false},"author":1,"featured_media":0,"parent":569,"menu_order":0,"comment_status":"closed","ping_status":"closed","template":"","meta":{"footnotes":""},"class_list":["post-2229","page","type-page","status-publish","hentry"],"_links":{"self":[{"href":"https:\/\/vivancoculturadevino.es\/es\/wp-json\/wp\/v2\/pages\/2229","targetHints":{"allow":["GET"]}}],"collection":[{"href":"https:\/\/vivancoculturadevino.es\/es\/wp-json\/wp\/v2\/pages"}],"about":[{"href":"https:\/\/vivancoculturadevino.es\/es\/wp-json\/wp\/v2\/types\/page"}],"author":[{"embeddable":true,"href":"https:\/\/vivancoculturadevino.es\/es\/wp-json\/wp\/v2\/users\/1"}],"replies":[{"embeddable":true,"href":"https:\/\/vivancoculturadevino.es\/es\/wp-json\/wp\/v2\/comments?post=2229"}],"version-history":[{"count":31,"href":"https:\/\/vivancoculturadevino.es\/es\/wp-json\/wp\/v2\/pages\/2229\/revisions"}],"predecessor-version":[{"id":4668,"href":"https:\/\/vivancoculturadevino.es\/es\/wp-json\/wp\/v2\/pages\/2229\/revisions\/4668"}],"up":[{"embeddable":true,"href":"https:\/\/vivancoculturadevino.es\/es\/wp-json\/wp\/v2\/pages\/569"}],"wp:attachment":[{"href":"https:\/\/vivancoculturadevino.es\/es\/wp-json\/wp\/v2\/media?parent=2229"}],"curies":[{"name":"wp","href":"https:\/\/api.w.org\/{rel}","templated":true}]}}