{"id":2207,"date":"2025-10-13T10:38:07","date_gmt":"2025-10-13T10:38:07","guid":{"rendered":"https:\/\/demo01.vivancoculturadevino.es\/?page_id=2207"},"modified":"2026-01-23T09:17:45","modified_gmt":"2026-01-23T09:17:45","slug":"reserva","status":"publish","type":"page","link":"https:\/\/vivancoculturadevino.es\/es\/bodega\/los-vinos\/reserva\/","title":{"rendered":"Vivanco Reserva"},"content":{"rendered":"\t\t<div data-elementor-type=\"wp-page\" data-elementor-id=\"2207\" class=\"elementor elementor-2207\" data-elementor-post-type=\"page\">\n\t\t\t\t<div class=\"elementor-element elementor-element-b419001 e-flex e-con-boxed e-con e-parent\" data-id=\"b419001\" data-element_type=\"container\" data-e-type=\"container\">\n\t\t\t\t\t<div class=\"e-con-inner\">\n\t\t\t\t<div class=\"elementor-element elementor-element-72f8a33 elementor-widget elementor-widget-spacer\" data-id=\"72f8a33\" data-element_type=\"widget\" data-e-type=\"widget\" data-widget_type=\"spacer.default\">\n\t\t\t\t\t\t\t<div class=\"elementor-spacer\">\n\t\t\t<div class=\"elementor-spacer-inner\"><\/div>\n\t\t<\/div>\n\t\t\t\t\t\t<\/div>\n\t\t\t\t<div class=\"elementor-element elementor-element-648f237 elementor-widget__width-initial elementor-widget-tablet__width-initial animated-slow elementor-invisible elementor-widget elementor-widget-heading\" data-id=\"648f237\" data-element_type=\"widget\" data-e-type=\"widget\" data-settings=\"{&quot;_animation&quot;:&quot;fadeInUp&quot;}\" data-widget_type=\"heading.default\">\n\t\t\t\t\t<h2 class=\"elementor-heading-title elementor-size-default\">VIVANCO RESERVA<\/h2>\t\t\t\t<\/div>\n\t\t\t\t<div class=\"elementor-element elementor-element-b9fa567 elementor-widget__width-initial elementor-widget elementor-widget-button\" data-id=\"b9fa567\" data-element_type=\"widget\" data-e-type=\"widget\" data-widget_type=\"button.default\">\n\t\t\t\t\t\t\t\t\t\t<a class=\"elementor-button elementor-button-link elementor-size-sm\" href=\"https:\/\/tienda.vivancoculturadevino.es\/14-vivanco-reserva\" target=\"_blank\">\n\t\t\t\t\t\t<span class=\"elementor-button-content-wrapper\">\n\t\t\t\t\t\t\t\t\t<span class=\"elementor-button-text\">COMPRAR<\/span>\n\t\t\t\t\t<\/span>\n\t\t\t\t\t<\/a>\n\t\t\t\t\t\t\t\t<\/div>\n\t\t\t\t\t<\/div>\n\t\t\t\t<\/div>\n\t\t<div class=\"elementor-element elementor-element-cff89c9 e-flex e-con-boxed e-con e-parent\" data-id=\"cff89c9\" data-element_type=\"container\" data-e-type=\"container\">\n\t\t\t\t\t<div class=\"e-con-inner\">\n\t\t<div class=\"elementor-element elementor-element-a456f3a e-con-full e-flex e-con e-child\" data-id=\"a456f3a\" data-element_type=\"container\" data-e-type=\"container\">\n\t\t\t\t<div class=\"elementor-element elementor-element-1dbeb4e elementor-widget elementor-widget-image\" data-id=\"1dbeb4e\" data-element_type=\"widget\" data-e-type=\"widget\" data-widget_type=\"image.default\">\n\t\t\t\t\t\t\t\t\t\t\t\t\t\t\t<img fetchpriority=\"high\" decoding=\"async\" width=\"356\" height=\"1024\" src=\"https:\/\/vivancoculturadevino.es\/wp-content\/uploads\/2025\/08\/BRUNES_0002_Vivanco-Reserva-356x1024.jpg\" class=\"attachment-large size-large wp-image-1439\" alt=\"Reserva\" srcset=\"https:\/\/vivancoculturadevino.es\/wp-content\/uploads\/2025\/08\/BRUNES_0002_Vivanco-Reserva-356x1024.jpg 356w, https:\/\/vivancoculturadevino.es\/wp-content\/uploads\/2025\/08\/BRUNES_0002_Vivanco-Reserva-104x300.jpg 104w, https:\/\/vivancoculturadevino.es\/wp-content\/uploads\/2025\/08\/BRUNES_0002_Vivanco-Reserva-768x2210.jpg 768w, https:\/\/vivancoculturadevino.es\/wp-content\/uploads\/2025\/08\/BRUNES_0002_Vivanco-Reserva-534x1536.jpg 534w, https:\/\/vivancoculturadevino.es\/wp-content\/uploads\/2025\/08\/BRUNES_0002_Vivanco-Reserva-712x2048.jpg 712w, https:\/\/vivancoculturadevino.es\/wp-content\/uploads\/2025\/08\/BRUNES_0002_Vivanco-Reserva-scaled.jpg 890w\" sizes=\"(max-width: 356px) 100vw, 356px\" \/>\t\t\t\t\t\t\t\t\t\t\t\t\t\t\t<\/div>\n\t\t\t\t<\/div>\n\t\t<div class=\"elementor-element elementor-element-fea1cb2 e-con-full animated-slow e-flex elementor-invisible e-con e-child\" data-id=\"fea1cb2\" data-element_type=\"container\" data-e-type=\"container\" data-settings=\"{&quot;animation&quot;:&quot;fadeInUp&quot;}\">\n\t\t\t\t<div class=\"elementor-element elementor-element-6a4c24a elementor-widget elementor-widget-heading\" data-id=\"6a4c24a\" data-element_type=\"widget\" data-e-type=\"widget\" data-widget_type=\"heading.default\">\n\t\t\t\t\t<h2 class=\"elementor-heading-title elementor-size-default\">Complejo y Especiado\n<\/h2>\t\t\t\t<\/div>\n\t\t\t\t<div class=\"elementor-element elementor-element-bcf6e6b elementor-widget elementor-widget-spacer\" data-id=\"bcf6e6b\" data-element_type=\"widget\" data-e-type=\"widget\" data-widget_type=\"spacer.default\">\n\t\t\t\t\t\t\t<div class=\"elementor-spacer\">\n\t\t\t<div class=\"elementor-spacer-inner\"><\/div>\n\t\t<\/div>\n\t\t\t\t\t\t<\/div>\n\t\t\t\t<div class=\"elementor-element elementor-element-140dcd8 elementor-widget elementor-widget-heading\" data-id=\"140dcd8\" data-element_type=\"widget\" data-e-type=\"widget\" data-widget_type=\"heading.default\">\n\t\t\t\t\t<h2 class=\"elementor-heading-title elementor-size-default\">A\u00f1ada<\/h2>\t\t\t\t<\/div>\n\t\t\t\t<div class=\"elementor-element elementor-element-4f5a9d8 elementor-widget elementor-widget-text-editor\" data-id=\"4f5a9d8\" data-element_type=\"widget\" data-e-type=\"widget\" data-widget_type=\"text-editor.default\">\n\t\t\t\t\t\t\t\t\t<p>2019<\/p>\t\t\t\t\t\t\t\t<\/div>\n\t\t\t\t<div class=\"elementor-element elementor-element-28d8632 elementor-widget elementor-widget-heading\" data-id=\"28d8632\" data-element_type=\"widget\" data-e-type=\"widget\" data-widget_type=\"heading.default\">\n\t\t\t\t\t<h2 class=\"elementor-heading-title elementor-size-default\">vendimia<\/h2>\t\t\t\t<\/div>\n\t\t\t\t<div class=\"elementor-element elementor-element-1fc61f7 elementor-widget elementor-widget-text-editor\" data-id=\"1fc61f7\" data-element_type=\"widget\" data-e-type=\"widget\" data-widget_type=\"text-editor.default\">\n\t\t\t\t\t\t\t\t\t<p>Cada variedad se vendimia a mano en peque\u00f1as cajas y por separado. Todas las uvas permanecen en c\u00e1mara de fr\u00edo durante 36 horas antes de su procesamiento en una doble de mesa de selecci\u00f3n de racimos y granos. La vendimia comenz\u00f3 a principios de octubre en la variedad Tempranillo y a finales del mismo mes en el Graciano.<\/p>\t\t\t\t\t\t\t\t<\/div>\n\t\t\t\t<div class=\"elementor-element elementor-element-cd45247 elementor-widget elementor-widget-heading\" data-id=\"cd45247\" data-element_type=\"widget\" data-e-type=\"widget\" data-widget_type=\"heading.default\">\n\t\t\t\t\t<h2 class=\"elementor-heading-title elementor-size-default\">variedades<\/h2>\t\t\t\t<\/div>\n\t\t\t\t<div class=\"elementor-element elementor-element-ae0db1e elementor-widget elementor-widget-text-editor\" data-id=\"ae0db1e\" data-element_type=\"widget\" data-e-type=\"widget\" data-widget_type=\"text-editor.default\">\n\t\t\t\t\t\t\t\t\t<p>90% Tempranillo, 10% Graciano.<\/p>\t\t\t\t\t\t\t\t<\/div>\n\t\t\t\t<div class=\"elementor-element elementor-element-fc6de52 elementor-widget elementor-widget-heading\" data-id=\"fc6de52\" data-element_type=\"widget\" data-e-type=\"widget\" data-widget_type=\"heading.default\">\n\t\t\t\t\t<h2 class=\"elementor-heading-title elementor-size-default\">VI\u00d1EDOS<\/h2>\t\t\t\t<\/div>\n\t\t\t\t<div class=\"elementor-element elementor-element-43bbaf5 elementor-widget elementor-widget-text-editor\" data-id=\"43bbaf5\" data-element_type=\"widget\" data-e-type=\"widget\" data-widget_type=\"text-editor.default\">\n\t\t\t\t\t\t\t\t\t<p>Selecci\u00f3n de vi\u00f1edos propios del terru\u00f1o de Briones, Rioja Alta, con una media de edad de 35 a\u00f1os, cultivados en suelos de marcado perfil arcillo-calc\u00e1reo.<\/p>\t\t\t\t\t\t\t\t<\/div>\n\t\t\t\t<div class=\"elementor-element elementor-element-527ee97 elementor-widget elementor-widget-heading\" data-id=\"527ee97\" data-element_type=\"widget\" data-e-type=\"widget\" data-widget_type=\"heading.default\">\n\t\t\t\t\t<h2 class=\"elementor-heading-title elementor-size-default\">elaboraci\u00f3n<\/h2>\t\t\t\t<\/div>\n\t\t\t\t<div class=\"elementor-element elementor-element-399bcfc elementor-widget elementor-widget-text-editor\" data-id=\"399bcfc\" data-element_type=\"widget\" data-e-type=\"widget\" data-widget_type=\"text-editor.default\">\n\t\t\t\t\t\t\t\t\t<p>Cada variedad se elabora por separado. Tras un suave estrujado, el mosto se encuba por gravedad en peque\u00f1os tinos de roble franc\u00e9s donde fermenta y macera en contacto con los hollejos a una temperatura m\u00e1xima controlada de 30 \u00b0C, recibiendo ligeros remontados durante 20 d\u00edas.<\/p>\t\t\t\t\t\t\t\t<\/div>\n\t\t<div class=\"elementor-element elementor-element-d8256d5 e-con-full e-flex e-con e-child\" data-id=\"d8256d5\" data-element_type=\"container\" data-e-type=\"container\">\n\t\t\t\t<div class=\"elementor-element elementor-element-1c6d258 elementor-widget elementor-widget-button\" data-id=\"1c6d258\" data-element_type=\"widget\" data-e-type=\"widget\" data-widget_type=\"button.default\">\n\t\t\t\t\t\t\t\t\t\t<a class=\"elementor-button elementor-button-link elementor-size-sm\" href=\"\/bodega\/premios\/#reserva\" target=\"_blank\">\n\t\t\t\t\t\t<span class=\"elementor-button-content-wrapper\">\n\t\t\t\t\t\t\t\t\t<span class=\"elementor-button-text\">PREMIOS<\/span>\n\t\t\t\t\t<\/span>\n\t\t\t\t\t<\/a>\n\t\t\t\t\t\t\t\t<\/div>\n\t\t\t\t<div class=\"elementor-element elementor-element-0328dd8 elementor-widget elementor-widget-button\" data-id=\"0328dd8\" data-element_type=\"widget\" data-e-type=\"widget\" data-widget_type=\"button.default\">\n\t\t\t\t\t\t\t\t\t\t<a class=\"elementor-button elementor-button-link elementor-size-sm\" href=\"https:\/\/vivancoculturadevino.es\/wp-content\/uploads\/2026\/01\/Vivanco_Reserva_2019_ESP.pdf\">\n\t\t\t\t\t\t<span class=\"elementor-button-content-wrapper\">\n\t\t\t\t\t\t\t\t\t<span class=\"elementor-button-text\">FICHA DE CATA<\/span>\n\t\t\t\t\t<\/span>\n\t\t\t\t\t<\/a>\n\t\t\t\t\t\t\t\t<\/div>\n\t\t\t\t<\/div>\n\t\t\t\t<\/div>\n\t\t\t\t\t<\/div>\n\t\t\t\t<\/div>\n\t\t<div class=\"elementor-element elementor-element-d66629e animated-slow e-flex e-con-boxed elementor-invisible e-con e-parent\" data-id=\"d66629e\" data-element_type=\"container\" data-e-type=\"container\" data-settings=\"{&quot;animation&quot;:&quot;fadeInUp&quot;}\">\n\t\t\t\t\t<div class=\"e-con-inner\">\n\t\t<div class=\"elementor-element elementor-element-fe808fc e-con-full e-flex e-con e-child\" data-id=\"fe808fc\" data-element_type=\"container\" data-e-type=\"container\">\n\t\t\t\t<div class=\"elementor-element elementor-element-1267436 elementor-widget elementor-widget-heading\" data-id=\"1267436\" data-element_type=\"widget\" data-e-type=\"widget\" data-widget_type=\"heading.default\">\n\t\t\t\t\t<h2 class=\"elementor-heading-title elementor-size-default\">DESCUBRE ESTE VINO <br>CON RAFAEL VIVANCO<\/h2>\t\t\t\t<\/div>\n\t\t\t\t<div class=\"elementor-element elementor-element-d6b6e34 elementor-widget elementor-widget-video\" data-id=\"d6b6e34\" data-element_type=\"widget\" data-e-type=\"widget\" data-settings=\"{&quot;video_type&quot;:&quot;vimeo&quot;,&quot;show_image_overlay&quot;:&quot;yes&quot;,&quot;image_overlay&quot;:{&quot;url&quot;:&quot;https:\\\/\\\/vivancoculturadevino.es\\\/wp-content\\\/uploads\\\/2025\\\/10\\\/B7A8699.jpg&quot;,&quot;id&quot;:2196,&quot;size&quot;:&quot;&quot;,&quot;alt&quot;:&quot;&quot;,&quot;source&quot;:&quot;library&quot;}}\" data-widget_type=\"video.default\">\n\t\t\t\t\t\t\t<div class=\"elementor-wrapper elementor-open-inline\">\n\t\t\t<iframe class=\"elementor-video-iframe\" allowfullscreen allow=\"clipboard-write\" title=\"Reproductor de v\u00eddeo vimeo\" src=\"https:\/\/player.vimeo.com\/video\/81977790?color&amp;autopause=0&amp;loop=0&amp;muted=0&amp;title=0&amp;portrait=0&amp;byline=0#t=\"><\/iframe>\t\t\t\t<div class=\"elementor-custom-embed-image-overlay\" style=\"background-image: url(https:\/\/vivancoculturadevino.es\/wp-content\/uploads\/2025\/10\/B7A8699.jpg);\">\n\t\t\t\t\t\t\t\t\t\t\t\t\t\t\t\t<div class=\"elementor-custom-embed-play\" role=\"button\" aria-label=\"Reproducir v\u00eddeo\" tabindex=\"0\">\n\t\t\t\t\t\t\t<svg aria-hidden=\"true\" class=\"e-font-icon-svg e-eicon-play\" viewBox=\"0 0 1000 1000\" xmlns=\"http:\/\/www.w3.org\/2000\/svg\"><path d=\"M838 162C746 71 633 25 500 25 371 25 258 71 163 162 71 254 25 367 25 500 25 633 71 746 163 837 254 929 367 979 500 979 633 979 746 933 838 837 929 746 975 633 975 500 975 367 929 254 838 162M808 192C892 279 933 379 933 500 933 621 892 725 808 808 725 892 621 938 500 938 379 938 279 896 196 808 113 725 67 621 67 500 67 379 108 279 196 192 279 108 383 62 500 62 621 62 721 108 808 192M438 392V642L642 517 438 392Z\"><\/path><\/svg>\t\t\t\t\t\t<\/div>\n\t\t\t\t\t\t\t\t\t<\/div>\n\t\t\t\t\t<\/div>\n\t\t\t\t\t\t<\/div>\n\t\t\t\t<\/div>\n\t\t<div class=\"elementor-element elementor-element-0f8f6c4 e-con-full e-flex e-con e-child\" data-id=\"0f8f6c4\" data-element_type=\"container\" data-e-type=\"container\">\n\t\t\t\t<div class=\"elementor-element elementor-element-726cc1a elementor-widget elementor-widget-heading\" data-id=\"726cc1a\" data-element_type=\"widget\" data-e-type=\"widget\" data-widget_type=\"heading.default\">\n\t\t\t\t\t<h2 class=\"elementor-heading-title elementor-size-default\">SANTI VIVANCO TE EXPLICA POR QU\u00c9 ASOCIAMOS EL VINO A ESTA OBRA DE ARTE<\/h2>\t\t\t\t<\/div>\n\t\t\t\t<div class=\"elementor-element elementor-element-bd5a203 elementor-widget elementor-widget-video\" data-id=\"bd5a203\" data-element_type=\"widget\" data-e-type=\"widget\" data-settings=\"{&quot;video_type&quot;:&quot;vimeo&quot;,&quot;show_image_overlay&quot;:&quot;yes&quot;,&quot;image_overlay&quot;:{&quot;url&quot;:&quot;https:\\\/\\\/vivancoculturadevino.es\\\/wp-content\\\/uploads\\\/2025\\\/10\\\/VIVANCO-264.jpg&quot;,&quot;id&quot;:2212,&quot;size&quot;:&quot;&quot;,&quot;alt&quot;:&quot;&quot;,&quot;source&quot;:&quot;library&quot;}}\" data-widget_type=\"video.default\">\n\t\t\t\t\t\t\t<div class=\"elementor-wrapper elementor-open-inline\">\n\t\t\t<iframe class=\"elementor-video-iframe\" allowfullscreen allow=\"clipboard-write\" title=\"Reproductor de v\u00eddeo vimeo\" src=\"https:\/\/player.vimeo.com\/video\/81997824?color&amp;autopause=0&amp;loop=0&amp;muted=0&amp;title=0&amp;portrait=0&amp;byline=0#t=\"><\/iframe>\t\t\t\t<div class=\"elementor-custom-embed-image-overlay\" style=\"background-image: url(https:\/\/vivancoculturadevino.es\/wp-content\/uploads\/2025\/10\/VIVANCO-264.jpg);\">\n\t\t\t\t\t\t\t\t\t\t\t\t\t\t\t\t<div class=\"elementor-custom-embed-play\" role=\"button\" aria-label=\"Reproducir v\u00eddeo\" tabindex=\"0\">\n\t\t\t\t\t\t\t<svg aria-hidden=\"true\" class=\"e-font-icon-svg e-eicon-play\" viewBox=\"0 0 1000 1000\" xmlns=\"http:\/\/www.w3.org\/2000\/svg\"><path d=\"M838 162C746 71 633 25 500 25 371 25 258 71 163 162 71 254 25 367 25 500 25 633 71 746 163 837 254 929 367 979 500 979 633 979 746 933 838 837 929 746 975 633 975 500 975 367 929 254 838 162M808 192C892 279 933 379 933 500 933 621 892 725 808 808 725 892 621 938 500 938 379 938 279 896 196 808 113 725 67 621 67 500 67 379 108 279 196 192 279 108 383 62 500 62 621 62 721 108 808 192M438 392V642L642 517 438 392Z\"><\/path><\/svg>\t\t\t\t\t\t<\/div>\n\t\t\t\t\t\t\t\t\t<\/div>\n\t\t\t\t\t<\/div>\n\t\t\t\t\t\t<\/div>\n\t\t\t\t<\/div>\n\t\t\t\t\t<\/div>\n\t\t\t\t<\/div>\n\t\t<div class=\"elementor-element elementor-element-5980cf5 e-con-full e-flex e-con e-parent\" data-id=\"5980cf5\" data-element_type=\"container\" data-e-type=\"container\">\n\t\t\t\t<\/div>\n\t\t<div class=\"elementor-element elementor-element-cc525b6 e-flex e-con-boxed e-con e-parent\" data-id=\"cc525b6\" data-element_type=\"container\" data-e-type=\"container\" data-settings=\"{&quot;background_background&quot;:&quot;classic&quot;}\">\n\t\t\t\t\t<div class=\"e-con-inner\">\n\t\t<div class=\"elementor-element elementor-element-0b796f8 e-con-full animated-slow e-flex elementor-invisible e-con e-child\" data-id=\"0b796f8\" data-element_type=\"container\" data-e-type=\"container\" data-settings=\"{&quot;animation&quot;:&quot;fadeInUp&quot;}\">\n\t\t\t\t<div class=\"elementor-element elementor-element-0216fc6 elementor-widget elementor-widget-heading\" data-id=\"0216fc6\" data-element_type=\"widget\" data-e-type=\"widget\" data-widget_type=\"heading.default\">\n\t\t\t\t\t<h2 class=\"elementor-heading-title elementor-size-default\">FERMENTACI\u00d3N MALOL\u00c1CTICA<\/h2>\t\t\t\t<\/div>\n\t\t\t\t<div class=\"elementor-element elementor-element-d93933c elementor-widget elementor-widget-text-editor\" data-id=\"d93933c\" data-element_type=\"widget\" data-e-type=\"widget\" data-widget_type=\"text-editor.default\">\n\t\t\t\t\t\t\t\t\t<p>En peque\u00f1os tinos de roble franc\u00e9s.<\/p>\t\t\t\t\t\t\t\t<\/div>\n\t\t\t\t<div class=\"elementor-element elementor-element-3b26642 elementor-widget elementor-widget-heading\" data-id=\"3b26642\" data-element_type=\"widget\" data-e-type=\"widget\" data-widget_type=\"heading.default\">\n\t\t\t\t\t<h2 class=\"elementor-heading-title elementor-size-default\">CRIANZA<\/h2>\t\t\t\t<\/div>\n\t\t\t\t<div class=\"elementor-element elementor-element-1f0fe49 elementor-widget elementor-widget-text-editor\" data-id=\"1f0fe49\" data-element_type=\"widget\" data-e-type=\"widget\" data-widget_type=\"text-editor.default\">\n\t\t\t\t\t\t\t\t\t<p>24 meses en barricas nuevas y de segundo a\u00f1o de roble franc\u00e9s y americano. El vino se afina durante varios meses en tino de roble franc\u00e9s antes de pasar a botellero donde permanecer\u00e1 otros 24 meses.<\/p>\t\t\t\t\t\t\t\t<\/div>\n\t\t\t\t<\/div>\n\t\t<div class=\"elementor-element elementor-element-d8fa360 e-con-full animated-slow e-flex elementor-invisible e-con e-child\" data-id=\"d8fa360\" data-element_type=\"container\" data-e-type=\"container\" data-settings=\"{&quot;animation&quot;:&quot;fadeInUp&quot;}\">\n\t\t\t\t<div class=\"elementor-element elementor-element-eaaafcb elementor-widget elementor-widget-heading\" data-id=\"eaaafcb\" data-element_type=\"widget\" data-e-type=\"widget\" data-widget_type=\"heading.default\">\n\t\t\t\t\t<h2 class=\"elementor-heading-title elementor-size-default\">LA BOTELLA<\/h2>\t\t\t\t<\/div>\n\t\t\t\t<div class=\"elementor-element elementor-element-4a14673 elementor-widget elementor-widget-text-editor\" data-id=\"4a14673\" data-element_type=\"widget\" data-e-type=\"widget\" data-widget_type=\"text-editor.default\">\n\t\t\t\t\t\t\t\t\t<p>Nuestra botella est\u00e1 inspirada en una original del s. XVIII visitable en el Museo Vivanco de la Cultura del Vino.<\/p>\t\t\t\t\t\t\t\t<\/div>\n\t\t\t\t<\/div>\n\t\t\t\t\t<\/div>\n\t\t\t\t<\/div>\n\t\t<div class=\"elementor-element elementor-element-78b244c e-flex e-con-boxed e-con e-parent\" data-id=\"78b244c\" data-element_type=\"container\" data-e-type=\"container\" data-settings=\"{&quot;background_background&quot;:&quot;classic&quot;}\">\n\t\t\t\t\t<div class=\"e-con-inner\">\n\t\t\t\t<div class=\"elementor-element elementor-element-778689e elementor-align-center elementor-widget__width-initial elementor-widget elementor-widget-button\" data-id=\"778689e\" data-element_type=\"widget\" data-e-type=\"widget\" data-widget_type=\"button.default\">\n\t\t\t\t\t\t\t\t\t\t<a class=\"elementor-button elementor-button-link elementor-size-sm\" href=\"https:\/\/tienda.vivancoculturadevino.es\/14-vivanco-reserva\" target=\"_blank\">\n\t\t\t\t\t\t<span class=\"elementor-button-content-wrapper\">\n\t\t\t\t\t\t\t\t\t<span class=\"elementor-button-text\">COMPRAR<\/span>\n\t\t\t\t\t<\/span>\n\t\t\t\t\t<\/a>\n\t\t\t\t\t\t\t\t<\/div>\n\t\t\t\t\t<\/div>\n\t\t\t\t<\/div>\n\t\t<div class=\"elementor-element elementor-element-201d2d9 e-flex e-con-boxed e-con e-parent\" data-id=\"201d2d9\" data-element_type=\"container\" data-e-type=\"container\" data-settings=\"{&quot;background_background&quot;:&quot;classic&quot;}\">\n\t\t\t\t\t<div class=\"e-con-inner\">\n\t\t\t\t<div class=\"elementor-element elementor-element-531f43f elementor-widget elementor-widget-spacer\" data-id=\"531f43f\" data-element_type=\"widget\" data-e-type=\"widget\" data-widget_type=\"spacer.default\">\n\t\t\t\t\t\t\t<div class=\"elementor-spacer\">\n\t\t\t<div class=\"elementor-spacer-inner\"><\/div>\n\t\t<\/div>\n\t\t\t\t\t\t<\/div>\n\t\t\t\t\t<\/div>\n\t\t\t\t<\/div>\n\t\t<div class=\"elementor-element elementor-element-3bd115c e-flex e-con-boxed e-con e-parent\" data-id=\"3bd115c\" data-element_type=\"container\" data-e-type=\"container\" data-settings=\"{&quot;background_background&quot;:&quot;classic&quot;}\">\n\t\t\t\t\t<div class=\"e-con-inner\">\n\t\t\t\t\t<\/div>\n\t\t\t\t<\/div>\n\t\t<div class=\"elementor-element elementor-element-b73c39a e-flex e-con-boxed e-con e-parent\" data-id=\"b73c39a\" data-element_type=\"container\" data-e-type=\"container\">\n\t\t\t\t\t<div class=\"e-con-inner\">\n\t\t\t\t<div class=\"elementor-element elementor-element-3548ba4 elementor-widget elementor-widget-spacer\" data-id=\"3548ba4\" data-element_type=\"widget\" data-e-type=\"widget\" data-widget_type=\"spacer.default\">\n\t\t\t\t\t\t\t<div class=\"elementor-spacer\">\n\t\t\t<div class=\"elementor-spacer-inner\"><\/div>\n\t\t<\/div>\n\t\t\t\t\t\t<\/div>\n\t\t\t\t\t<\/div>\n\t\t\t\t<\/div>\n\t\t<div class=\"elementor-element elementor-element-8147642 animated-slow e-flex e-con-boxed elementor-invisible e-con e-parent\" data-id=\"8147642\" data-element_type=\"container\" data-e-type=\"container\" data-settings=\"{&quot;animation&quot;:&quot;fadeInUp&quot;}\">\n\t\t\t\t\t<div class=\"e-con-inner\">\n\t\t<div class=\"elementor-element elementor-element-248c9b6 e-con-full e-flex e-con e-child\" data-id=\"248c9b6\" data-element_type=\"container\" data-e-type=\"container\">\n\t\t\t\t<div class=\"elementor-element elementor-element-5e4831f elementor-widget elementor-widget-heading\" data-id=\"5e4831f\" data-element_type=\"widget\" data-e-type=\"widget\" data-widget_type=\"heading.default\">\n\t\t\t\t\t<h2 class=\"elementor-heading-title elementor-size-default\">NOTA DE CATA<\/h2>\t\t\t\t<\/div>\n\t\t\t\t<div class=\"elementor-element elementor-element-e5ab8b3 elementor-widget elementor-widget-text-editor\" data-id=\"e5ab8b3\" data-element_type=\"widget\" data-e-type=\"widget\" data-widget_type=\"text-editor.default\">\n\t\t\t\t\t\t\t\t\t<p>Color rojo p\u00farpura intenso, con un ribete teja que denota su crianza en barrica. Este vino ofrece aromas de canela salvia, todo rodeado de unas notas frutales de cereza y moras negras y un componente mineral. Profundo y maduro en el paladar, ofrece un paso de boca envolvente, aterciopelado y sedoso.<\/p>\t\t\t\t\t\t\t\t<\/div>\n\t\t\t\t<\/div>\n\t\t<div class=\"elementor-element elementor-element-e08f56b e-con-full e-flex e-con e-child\" data-id=\"e08f56b\" data-element_type=\"container\" data-e-type=\"container\">\n\t\t\t\t<div class=\"elementor-element elementor-element-9592057 elementor-widget elementor-widget-heading\" data-id=\"9592057\" data-element_type=\"widget\" data-e-type=\"widget\" data-widget_type=\"heading.default\">\n\t\t\t\t\t<h2 class=\"elementor-heading-title elementor-size-default\">SERVICIO Y MARIDAJE<\/h2>\t\t\t\t<\/div>\n\t\t\t\t<div class=\"elementor-element elementor-element-ffc5750 elementor-widget elementor-widget-text-editor\" data-id=\"ffc5750\" data-element_type=\"widget\" data-e-type=\"widget\" data-widget_type=\"text-editor.default\">\n\t\t\t\t\t\t\t\t\t<p>Servir a una temperatura de entre 16 y 18 \u00b0C. Perfecto para maridar con todo tipo de carnes, estofados, platos de caza, setas, quesos curados y fuertes: Ideal para acompa\u00f1ar tapas o s\u00f3lo con chocolate negro.<\/p>\t\t\t\t\t\t\t\t<\/div>\n\t\t\t\t<\/div>\n\t\t\t\t\t<\/div>\n\t\t\t\t<\/div>\n\t\t<div class=\"elementor-element elementor-element-64f7881 e-flex e-con-boxed e-con e-parent\" data-id=\"64f7881\" data-element_type=\"container\" data-e-type=\"container\">\n\t\t\t\t\t<div class=\"e-con-inner\">\n\t\t\t\t<div class=\"elementor-element elementor-element-a42af37 elementor-align-center elementor-widget__width-initial elementor-widget elementor-widget-button\" data-id=\"a42af37\" data-element_type=\"widget\" data-e-type=\"widget\" data-widget_type=\"button.default\">\n\t\t\t\t\t\t\t\t\t\t<a class=\"elementor-button elementor-button-link elementor-size-sm\" href=\"https:\/\/tienda.vivancoculturadevino.es\/14-vivanco-reserva\" target=\"_blank\">\n\t\t\t\t\t\t<span class=\"elementor-button-content-wrapper\">\n\t\t\t\t\t\t\t\t\t<span class=\"elementor-button-text\">COMPRAR<\/span>\n\t\t\t\t\t<\/span>\n\t\t\t\t\t<\/a>\n\t\t\t\t\t\t\t\t<\/div>\n\t\t\t\t\t<\/div>\n\t\t\t\t<\/div>\n\t\t\t\t<\/div>\n\t\t","protected":false},"excerpt":{"rendered":"<p>VIVANCO RESERVA COMPRAR Complejo y Especiado A\u00f1ada 2019 vendimia Cada variedad se vendimia a mano en peque\u00f1as cajas y por separado. Todas las uvas permanecen en c\u00e1mara de fr\u00edo durante 36 horas antes de su procesamiento en una doble de mesa de selecci\u00f3n de racimos y granos. La vendimia comenz\u00f3 a principios de octubre en [&hellip;]<\/p>\n","protected":false},"author":1,"featured_media":0,"parent":569,"menu_order":0,"comment_status":"closed","ping_status":"closed","template":"","meta":{"footnotes":""},"class_list":["post-2207","page","type-page","status-publish","hentry"],"_links":{"self":[{"href":"https:\/\/vivancoculturadevino.es\/es\/wp-json\/wp\/v2\/pages\/2207","targetHints":{"allow":["GET"]}}],"collection":[{"href":"https:\/\/vivancoculturadevino.es\/es\/wp-json\/wp\/v2\/pages"}],"about":[{"href":"https:\/\/vivancoculturadevino.es\/es\/wp-json\/wp\/v2\/types\/page"}],"author":[{"embeddable":true,"href":"https:\/\/vivancoculturadevino.es\/es\/wp-json\/wp\/v2\/users\/1"}],"replies":[{"embeddable":true,"href":"https:\/\/vivancoculturadevino.es\/es\/wp-json\/wp\/v2\/comments?post=2207"}],"version-history":[{"count":37,"href":"https:\/\/vivancoculturadevino.es\/es\/wp-json\/wp\/v2\/pages\/2207\/revisions"}],"predecessor-version":[{"id":4572,"href":"https:\/\/vivancoculturadevino.es\/es\/wp-json\/wp\/v2\/pages\/2207\/revisions\/4572"}],"up":[{"embeddable":true,"href":"https:\/\/vivancoculturadevino.es\/es\/wp-json\/wp\/v2\/pages\/569"}],"wp:attachment":[{"href":"https:\/\/vivancoculturadevino.es\/es\/wp-json\/wp\/v2\/media?parent=2207"}],"curies":[{"name":"wp","href":"https:\/\/api.w.org\/{rel}","templated":true}]}}