{"id":17,"date":"2025-07-15T13:37:39","date_gmt":"2025-07-15T13:37:39","guid":{"rendered":"https:\/\/demo01.vivancoculturadevino.es\/?page_id=17"},"modified":"2026-03-09T11:27:26","modified_gmt":"2026-03-09T11:27:26","slug":"vivanco-es-familia","status":"publish","type":"page","link":"https:\/\/vivancoculturadevino.es\/es\/vivanco-es-familia\/","title":{"rendered":"Familia"},"content":{"rendered":"\t\t<div data-elementor-type=\"wp-page\" data-elementor-id=\"17\" class=\"elementor elementor-17\" data-elementor-post-type=\"page\">\n\t\t\t\t<div class=\"elementor-element elementor-element-b419001 e-flex e-con-boxed e-con e-parent\" data-id=\"b419001\" data-element_type=\"container\" data-e-type=\"container\">\n\t\t\t\t\t<div class=\"e-con-inner\">\n\t\t\t\t<div class=\"elementor-element elementor-element-72f8a33 elementor-widget elementor-widget-spacer\" data-id=\"72f8a33\" data-element_type=\"widget\" data-e-type=\"widget\" data-widget_type=\"spacer.default\">\n\t\t\t\t\t\t\t<div class=\"elementor-spacer\">\n\t\t\t<div class=\"elementor-spacer-inner\"><\/div>\n\t\t<\/div>\n\t\t\t\t\t\t<\/div>\n\t\t\t\t<div class=\"elementor-element elementor-element-648f237 elementor-invisible elementor-widget elementor-widget-heading\" data-id=\"648f237\" data-element_type=\"widget\" data-e-type=\"widget\" data-settings=\"{&quot;_animation&quot;:&quot;fadeInUp&quot;}\" data-widget_type=\"heading.default\">\n\t\t\t\t\t<h2 class=\"elementor-heading-title elementor-size-default\">FAMILIA<\/h2>\t\t\t\t<\/div>\n\t\t\t\t<div class=\"elementor-element elementor-element-1d83468 elementor-widget elementor-widget-spacer\" data-id=\"1d83468\" data-element_type=\"widget\" data-e-type=\"widget\" data-widget_type=\"spacer.default\">\n\t\t\t\t\t\t\t<div class=\"elementor-spacer\">\n\t\t\t<div class=\"elementor-spacer-inner\"><\/div>\n\t\t<\/div>\n\t\t\t\t\t\t<\/div>\n\t\t\t\t\t<\/div>\n\t\t\t\t<\/div>\n\t\t<div class=\"elementor-element elementor-element-06c6fc7 e-flex e-con-boxed e-con e-parent\" data-id=\"06c6fc7\" data-element_type=\"container\" data-e-type=\"container\" data-settings=\"{&quot;background_background&quot;:&quot;classic&quot;}\">\n\t\t\t\t\t<div class=\"e-con-inner\">\n\t\t\t\t\t<\/div>\n\t\t\t\t<\/div>\n\t\t<div class=\"elementor-element elementor-element-14760a2 e-flex e-con-boxed e-con e-parent\" data-id=\"14760a2\" data-element_type=\"container\" data-e-type=\"container\">\n\t\t\t\t\t<div class=\"e-con-inner\">\n\t\t\t\t<div class=\"elementor-element elementor-element-4b2ff58 elementor-widget elementor-widget-spacer\" data-id=\"4b2ff58\" data-element_type=\"widget\" data-e-type=\"widget\" data-widget_type=\"spacer.default\">\n\t\t\t\t\t\t\t<div class=\"elementor-spacer\">\n\t\t\t<div class=\"elementor-spacer-inner\"><\/div>\n\t\t<\/div>\n\t\t\t\t\t\t<\/div>\n\t\t\t\t\t<\/div>\n\t\t\t\t<\/div>\n\t\t<div class=\"elementor-element elementor-element-5eaf355 e-flex e-con-boxed e-con e-parent\" data-id=\"5eaf355\" data-element_type=\"container\" data-e-type=\"container\">\n\t\t\t\t\t<div class=\"e-con-inner\">\n\t\t<div class=\"elementor-element elementor-element-5e500bd e-con-full e-flex e-con e-child\" data-id=\"5e500bd\" data-element_type=\"container\" data-e-type=\"container\">\n\t\t\t\t<div class=\"elementor-element elementor-element-a0e1c21 elementor-widget elementor-widget-text-editor\" data-id=\"a0e1c21\" data-element_type=\"widget\" data-e-type=\"widget\" data-widget_type=\"text-editor.default\">\n\t\t\t\t\t\t\t\t\t<p class=\"p1\"><span class=\"s1\">Vivanco es familia, vino y pasi\u00f3n. Cuatro generaciones unidas por una misma vocaci\u00f3n: cultivar, entender y compartir la Cultura del Vino desde La Rioja. Esta historia comenz\u00f3 hace m\u00e1s de 100 a\u00f1os, cuando Pedro Vivanco Gonz\u00e1lez, nuestro bisabuelo, elaboraba vino con las uvas de un peque\u00f1o vi\u00f1edo en Alberite. Fueron tiempos duros, pero llenos de ilusi\u00f3n y determinaci\u00f3n.<\/span><\/p><p class=\"p1\"><span class=\"s1\">Con esfuerzo y visi\u00f3n, nuestro abuelo Santiago continu\u00f3 el camino. Y fue Felisa, nuestra abuela, quien impuls\u00f3 el esp\u00edritu emprendedor familiar, apoyando a nuestro padre, Pedro Vivanco Paracuellos, para que estudiara enolog\u00eda. \u00c9l supo combinar humildad, conocimiento y amor por el vino, iniciando una colecci\u00f3n \u00fanica de objetos relacionados con su cultura.<\/span><\/p><p><span class=\"s1\">En 2004, ese compromiso se materializ\u00f3 en Vivanco: un proyecto vitivin\u00edcola y cultural con un objetivo claro: rendir homenaje al vino y compartir su legado con el mundo. Hoy, sus hijos, Santiago y Rafael, seguimos construyendo este sue\u00f1o.<\/span><\/p><p><span class=\"s1\">Hoy, Vivanco es m\u00e1s que una bodega: es un homenaje vivo al vino, un espacio donde tradici\u00f3n, innovaci\u00f3n y cultura se unen para emocionar y educar. Nuestra pasi\u00f3n familiar se convierte en una invitaci\u00f3n: descubrir, sentir y compartir la Cultura del Vino en toda su dimensi\u00f3n.<\/span><\/p>\t\t\t\t\t\t\t\t<\/div>\n\t\t\t\t<\/div>\n\t\t<div class=\"elementor-element elementor-element-1246c20 e-con-full e-flex e-con e-child\" data-id=\"1246c20\" data-element_type=\"container\" data-e-type=\"container\">\n\t\t\t\t<div class=\"elementor-element elementor-element-14dd619 elementor-widget elementor-widget-image\" data-id=\"14dd619\" data-element_type=\"widget\" data-e-type=\"widget\" data-widget_type=\"image.default\">\n\t\t\t\t\t\t\t\t\t\t\t\t\t\t\t<img fetchpriority=\"high\" decoding=\"async\" width=\"800\" height=\"800\" src=\"https:\/\/vivancoculturadevino.es\/wp-content\/uploads\/2026\/01\/Santiago-Pedro-y-Rafael-Vivanco-1-1024x1024.jpg\" class=\"attachment-large size-large wp-image-4204\" alt=\"Tres miembros de la familia en el vi\u00f1edo con paisaje de La Rioja al fondo\" srcset=\"https:\/\/vivancoculturadevino.es\/wp-content\/uploads\/2026\/01\/Santiago-Pedro-y-Rafael-Vivanco-1-1024x1024.jpg 1024w, https:\/\/vivancoculturadevino.es\/wp-content\/uploads\/2026\/01\/Santiago-Pedro-y-Rafael-Vivanco-1-300x300.jpg 300w, https:\/\/vivancoculturadevino.es\/wp-content\/uploads\/2026\/01\/Santiago-Pedro-y-Rafael-Vivanco-1-150x150.jpg 150w, https:\/\/vivancoculturadevino.es\/wp-content\/uploads\/2026\/01\/Santiago-Pedro-y-Rafael-Vivanco-1-768x768.jpg 768w, https:\/\/vivancoculturadevino.es\/wp-content\/uploads\/2026\/01\/Santiago-Pedro-y-Rafael-Vivanco-1-1536x1536.jpg 1536w, https:\/\/vivancoculturadevino.es\/wp-content\/uploads\/2026\/01\/Santiago-Pedro-y-Rafael-Vivanco-1-2048x2048.jpg 2048w, https:\/\/vivancoculturadevino.es\/wp-content\/uploads\/2026\/01\/Santiago-Pedro-y-Rafael-Vivanco-1-12x12.jpg 12w\" sizes=\"(max-width: 800px) 100vw, 800px\" \/>\t\t\t\t\t\t\t\t\t\t\t\t\t\t\t<\/div>\n\t\t\t\t<\/div>\n\t\t\t\t\t<\/div>\n\t\t\t\t<\/div>\n\t\t<div class=\"elementor-element elementor-element-522ea65 e-flex e-con-boxed e-con e-parent\" data-id=\"522ea65\" data-element_type=\"container\" data-e-type=\"container\" data-settings=\"{&quot;background_background&quot;:&quot;classic&quot;}\">\n\t\t\t\t\t<div class=\"e-con-inner\">\n\t\t\t\t\t<\/div>\n\t\t\t\t<\/div>\n\t\t<div class=\"elementor-element elementor-element-fa21158 e-grid e-con-boxed e-con e-parent\" data-id=\"fa21158\" data-element_type=\"container\" data-e-type=\"container\" data-settings=\"{&quot;background_background&quot;:&quot;classic&quot;}\">\n\t\t\t\t\t<div class=\"e-con-inner\">\n\t\t\t\t<div class=\"elementor-element elementor-element-95b839d animated-slow elementor-invisible elementor-widget elementor-widget-image\" data-id=\"95b839d\" data-element_type=\"widget\" data-e-type=\"widget\" data-settings=\"{&quot;_animation&quot;:&quot;fadeInUp&quot;}\" data-widget_type=\"image.default\">\n\t\t\t\t\t\t\t\t\t\t\t\t\t\t\t<img decoding=\"async\" width=\"643\" height=\"538\" src=\"https:\/\/vivancoculturadevino.es\/wp-content\/uploads\/2025\/08\/Group.png\" class=\"attachment-large size-large wp-image-1528\" alt=\"Santi Vivanco sentado junto a una escultura de racimos con vi\u00f1edo al fondo\" srcset=\"https:\/\/vivancoculturadevino.es\/wp-content\/uploads\/2025\/08\/Group.png 643w, https:\/\/vivancoculturadevino.es\/wp-content\/uploads\/2025\/08\/Group-300x251.png 300w\" sizes=\"(max-width: 643px) 100vw, 643px\" \/>\t\t\t\t\t\t\t\t\t\t\t\t\t\t\t<\/div>\n\t\t<div class=\"elementor-element elementor-element-698a140 e-con-full animated-slow e-flex elementor-invisible e-con e-child\" data-id=\"698a140\" data-element_type=\"container\" data-e-type=\"container\" data-settings=\"{&quot;animation&quot;:&quot;fadeInUp&quot;}\">\n\t\t\t\t<div class=\"elementor-element elementor-element-c30ed66 elementor-widget elementor-widget-heading\" data-id=\"c30ed66\" data-element_type=\"widget\" data-e-type=\"widget\" data-widget_type=\"heading.default\">\n\t\t\t\t\t<h2 class=\"elementor-heading-title elementor-size-default\">EL VINO COMO CULTURA Y EMOCI\u00d3N<\/h2>\t\t\t\t<\/div>\n\t\t\t\t<div class=\"elementor-element elementor-element-53c0bfd elementor-widget elementor-widget-heading\" data-id=\"53c0bfd\" data-element_type=\"widget\" data-e-type=\"widget\" data-widget_type=\"heading.default\">\n\t\t\t\t\t<h3 class=\"elementor-heading-title elementor-size-default\">\u201cEl vino siempre fue mucho m\u00e1s que una bebida: es historia, arte y humanidad.\u201d<\/h3>\t\t\t\t<\/div>\n\t\t\t\t<div class=\"elementor-element elementor-element-abb4b80 elementor-widget elementor-widget-text-editor\" data-id=\"abb4b80\" data-element_type=\"widget\" data-e-type=\"widget\" data-widget_type=\"text-editor.default\">\n\t\t\t\t\t\t\t\t\t<p class=\"p1\"><span class=\"s1\">Nacido en 1973 en Logro\u00f1o, Santiago Vivanco estudi\u00f3 Derecho y se apasion\u00f3 por la poes\u00eda, la filosof\u00eda y el legado cultural del vino. En 1998 comenz\u00f3 a trabajar en la creaci\u00f3n del Museo Vivanco de la Cultura del Vino, y en 2001 fund\u00f3 la Fundaci\u00f3n Vivanco para conservar y divulgar este patrimonio milenario.<\/span><\/p><p class=\"p1\"><span class=\"s1\">Para Santi, el vino es emoci\u00f3n, identidad y poes\u00eda. Su misi\u00f3n es contar su historia, su v\u00ednculo profundo con el ser humano a lo largo de 8.000 a\u00f1os.<\/span><\/p>\t\t\t\t\t\t\t\t<\/div>\n\t\t\t\t<\/div>\n\t\t\t\t\t<\/div>\n\t\t\t\t<\/div>\n\t\t<div class=\"elementor-element elementor-element-b4f19ad e-grid e-con-boxed e-con e-parent\" data-id=\"b4f19ad\" data-element_type=\"container\" data-e-type=\"container\" data-settings=\"{&quot;background_background&quot;:&quot;classic&quot;}\">\n\t\t\t\t\t<div class=\"e-con-inner\">\n\t\t\t\t<div class=\"elementor-element elementor-element-9dd3c99 elementor-widget elementor-widget-spacer\" data-id=\"9dd3c99\" data-element_type=\"widget\" data-e-type=\"widget\" data-widget_type=\"spacer.default\">\n\t\t\t\t\t\t\t<div class=\"elementor-spacer\">\n\t\t\t<div class=\"elementor-spacer-inner\"><\/div>\n\t\t<\/div>\n\t\t\t\t\t\t<\/div>\n\t\t\t\t\t<\/div>\n\t\t\t\t<\/div>\n\t\t<div class=\"elementor-element elementor-element-3bd115c e-flex e-con-boxed e-con e-parent\" data-id=\"3bd115c\" data-element_type=\"container\" data-e-type=\"container\" data-settings=\"{&quot;background_background&quot;:&quot;classic&quot;}\">\n\t\t\t\t\t<div class=\"e-con-inner\">\n\t\t\t\t\t<\/div>\n\t\t\t\t<\/div>\n\t\t<div class=\"elementor-element elementor-element-b73c39a e-flex e-con-boxed e-con e-parent\" data-id=\"b73c39a\" data-element_type=\"container\" data-e-type=\"container\">\n\t\t\t\t\t<div class=\"e-con-inner\">\n\t\t\t\t<div class=\"elementor-element elementor-element-3548ba4 elementor-widget elementor-widget-spacer\" data-id=\"3548ba4\" data-element_type=\"widget\" data-e-type=\"widget\" data-widget_type=\"spacer.default\">\n\t\t\t\t\t\t\t<div class=\"elementor-spacer\">\n\t\t\t<div class=\"elementor-spacer-inner\"><\/div>\n\t\t<\/div>\n\t\t\t\t\t\t<\/div>\n\t\t\t\t\t<\/div>\n\t\t\t\t<\/div>\n\t\t<div class=\"elementor-element elementor-element-b1e2e06 e-grid e-con-boxed e-con e-parent\" data-id=\"b1e2e06\" data-element_type=\"container\" data-e-type=\"container\">\n\t\t\t\t\t<div class=\"e-con-inner\">\n\t\t<div class=\"elementor-element elementor-element-d170cd3 e-con-full animated-slow e-flex elementor-invisible e-con e-child\" data-id=\"d170cd3\" data-element_type=\"container\" data-e-type=\"container\" data-settings=\"{&quot;animation&quot;:&quot;fadeInUp&quot;}\">\n\t\t\t\t<div class=\"elementor-element elementor-element-ea10a38 elementor-widget elementor-widget-heading\" data-id=\"ea10a38\" data-element_type=\"widget\" data-e-type=\"widget\" data-widget_type=\"heading.default\">\n\t\t\t\t\t<h2 class=\"elementor-heading-title elementor-size-default\">INNOVACI\u00d3N, VARIEDADES AUT\u00d3CTONAS Y RESPETO POR EL VI\u00d1EDO<\/h2>\t\t\t\t<\/div>\n\t\t\t\t<div class=\"elementor-element elementor-element-a03f775 elementor-widget elementor-widget-text-editor\" data-id=\"a03f775\" data-element_type=\"widget\" data-e-type=\"widget\" data-widget_type=\"text-editor.default\">\n\t\t\t\t\t\t\t\t\t<p class=\"p1\"><span class=\"s1\">Nacido en 1975, Rafael Vivanco vivi\u00f3 desde ni\u00f1o la transformaci\u00f3n de los sue\u00f1os de su padre en realidad. Estudi\u00f3 Ingenier\u00eda Agr\u00f3noma en Pamplona y se especializ\u00f3 en Enolog\u00eda en Burdeos, donde profundiz\u00f3 su visi\u00f3n sobre el potencial de Rioja.<\/span><\/p><p class=\"p1\"><span class=\"s1\">En 2001 regres\u00f3 con un prop\u00f3sito claro: crear vinos aut\u00e9nticos, expresivos, que reflejaran el car\u00e1cter de cada terru\u00f1o y parcelas de vi\u00f1edo propio, elaborados con respeto, siendo pionero en el cultivo de las variedades aut\u00f3ctonas de Rioja y t\u00e9cnicas sostenibles. Su reto es mostrar al mundo la riqueza de nuestra tierra y sus diferentes terru\u00f1os.<\/span><\/p>\t\t\t\t\t\t\t\t<\/div>\n\t\t\t\t<\/div>\n\t\t\t\t<div class=\"elementor-element elementor-element-fc41ee6 animated-slow elementor-invisible elementor-widget elementor-widget-image\" data-id=\"fc41ee6\" data-element_type=\"widget\" data-e-type=\"widget\" data-settings=\"{&quot;_animation&quot;:&quot;fadeInUp&quot;}\" data-widget_type=\"image.default\">\n\t\t\t\t\t\t\t\t\t\t\t\t\t\t\t<img decoding=\"async\" width=\"640\" height=\"536\" src=\"https:\/\/vivancoculturadevino.es\/wp-content\/uploads\/2025\/08\/RAFA-VIVANCO.png\" class=\"attachment-large size-large wp-image-344\" alt=\"Rafael Vivanco observando un racimo de uvas en el vi\u00f1edo\" srcset=\"https:\/\/vivancoculturadevino.es\/wp-content\/uploads\/2025\/08\/RAFA-VIVANCO.png 640w, https:\/\/vivancoculturadevino.es\/wp-content\/uploads\/2025\/08\/RAFA-VIVANCO-300x251.png 300w\" sizes=\"(max-width: 640px) 100vw, 640px\" \/>\t\t\t\t\t\t\t\t\t\t\t\t\t\t\t<\/div>\n\t\t\t\t\t<\/div>\n\t\t\t\t<\/div>\n\t\t<div class=\"elementor-element elementor-element-a1e5c55 e-flex e-con-boxed e-con e-parent\" data-id=\"a1e5c55\" data-element_type=\"container\" data-e-type=\"container\">\n\t\t\t\t\t<div class=\"e-con-inner\">\n\t\t\t\t<div class=\"elementor-element elementor-element-40fe65e elementor-widget elementor-widget-spacer\" data-id=\"40fe65e\" data-element_type=\"widget\" data-e-type=\"widget\" data-widget_type=\"spacer.default\">\n\t\t\t\t\t\t\t<div class=\"elementor-spacer\">\n\t\t\t<div class=\"elementor-spacer-inner\"><\/div>\n\t\t<\/div>\n\t\t\t\t\t\t<\/div>\n\t\t\t\t\t<\/div>\n\t\t\t\t<\/div>\n\t\t<div class=\"elementor-element elementor-element-2fec002 e-flex e-con-boxed e-con e-parent\" data-id=\"2fec002\" data-element_type=\"container\" data-e-type=\"container\">\n\t\t\t\t\t<div class=\"e-con-inner\">\n\t\t<div class=\"elementor-element elementor-element-78403f2 e-con-full e-flex e-con e-child\" data-id=\"78403f2\" data-element_type=\"container\" data-e-type=\"container\">\n\t\t\t\t<div class=\"elementor-element elementor-element-76e79f7 elementor-widget elementor-widget-video\" data-id=\"76e79f7\" data-element_type=\"widget\" data-e-type=\"widget\" data-settings=\"{&quot;youtube_url&quot;:&quot;https:\\\/\\\/youtu.be\\\/HwCttzUnjnc?si=5auIOs0aMQsCNAEe&quot;,&quot;autoplay&quot;:&quot;yes&quot;,&quot;mute&quot;:&quot;yes&quot;,&quot;video_type&quot;:&quot;youtube&quot;,&quot;controls&quot;:&quot;yes&quot;}\" data-widget_type=\"video.default\">\n\t\t\t\t\t\t\t<div class=\"elementor-wrapper elementor-open-inline\">\n\t\t\t<div class=\"elementor-video\"><\/div>\t\t<\/div>\n\t\t\t\t\t\t<\/div>\n\t\t\t\t<\/div>\n\t\t<div class=\"elementor-element elementor-element-d17b99f e-con-full e-flex e-con e-child\" data-id=\"d17b99f\" data-element_type=\"container\" data-e-type=\"container\">\n\t\t\t\t<div class=\"elementor-element elementor-element-c3741dc elementor-widget elementor-widget-heading\" data-id=\"c3741dc\" data-element_type=\"widget\" data-e-type=\"widget\" data-widget_type=\"heading.default\">\n\t\t\t\t\t<h2 class=\"elementor-heading-title elementor-size-default\">VIVANCO, DETR\u00c1S DEL SUE\u00d1O: Ang\u00e9lica S\u00e1enz<\/h2>\t\t\t\t<\/div>\n\t\t\t\t<div class=\"elementor-element elementor-element-2a0a8cb elementor-widget elementor-widget-text-editor\" data-id=\"2a0a8cb\" data-element_type=\"widget\" data-e-type=\"widget\" data-widget_type=\"text-editor.default\">\n\t\t\t\t\t\t\t\t\t<p>Coincidiendo con el 20 aniversario de Vivanco, este cortometraje recoge el testimonio en primera persona de Ang\u00e9lica S\u00e1enz, esposa de Pedro Vivanco y figura clave en la historia de la Familia Vivanco. Un relato \u00edntimo y humano que pone en valor el esfuerzo, la dedicaci\u00f3n y los valores que hicieron posible un sue\u00f1o construido, durante d\u00e9cadas, desde el segundo plano.<\/p>\t\t\t\t\t\t\t\t<\/div>\n\t\t\t\t<\/div>\n\t\t\t\t\t<\/div>\n\t\t\t\t<\/div>\n\t\t\t\t<\/div>\n\t\t","protected":false},"excerpt":{"rendered":"<p>FAMILIA Vivanco es familia, vino y pasi\u00f3n. Cuatro generaciones unidas por una misma vocaci\u00f3n: cultivar, entender y compartir la Cultura del Vino desde La Rioja. Esta historia comenz\u00f3 hace m\u00e1s de 100 a\u00f1os, cuando Pedro Vivanco Gonz\u00e1lez, nuestro bisabuelo, elaboraba vino con las uvas de un peque\u00f1o vi\u00f1edo en Alberite. Fueron tiempos duros, pero llenos [&hellip;]<\/p>\n","protected":false},"author":1,"featured_media":0,"parent":0,"menu_order":0,"comment_status":"closed","ping_status":"closed","template":"","meta":{"footnotes":""},"class_list":["post-17","page","type-page","status-publish","hentry"],"_links":{"self":[{"href":"https:\/\/vivancoculturadevino.es\/es\/wp-json\/wp\/v2\/pages\/17","targetHints":{"allow":["GET"]}}],"collection":[{"href":"https:\/\/vivancoculturadevino.es\/es\/wp-json\/wp\/v2\/pages"}],"about":[{"href":"https:\/\/vivancoculturadevino.es\/es\/wp-json\/wp\/v2\/types\/page"}],"author":[{"embeddable":true,"href":"https:\/\/vivancoculturadevino.es\/es\/wp-json\/wp\/v2\/users\/1"}],"replies":[{"embeddable":true,"href":"https:\/\/vivancoculturadevino.es\/es\/wp-json\/wp\/v2\/comments?post=17"}],"version-history":[{"count":154,"href":"https:\/\/vivancoculturadevino.es\/es\/wp-json\/wp\/v2\/pages\/17\/revisions"}],"predecessor-version":[{"id":4794,"href":"https:\/\/vivancoculturadevino.es\/es\/wp-json\/wp\/v2\/pages\/17\/revisions\/4794"}],"wp:attachment":[{"href":"https:\/\/vivancoculturadevino.es\/es\/wp-json\/wp\/v2\/media?parent=17"}],"curies":[{"name":"wp","href":"https:\/\/api.w.org\/{rel}","templated":true}]}}