{"id":579,"date":"2025-08-06T13:14:43","date_gmt":"2025-08-06T13:14:43","guid":{"rendered":"https:\/\/demo01.vivancoculturadevino.es\/?page_id=579"},"modified":"2026-03-09T16:11:41","modified_gmt":"2026-03-09T16:11:41","slug":"vivanco-museum","status":"publish","type":"page","link":"https:\/\/vivancoculturadevino.es\/en\/foundation\/vivanco-museum\/","title":{"rendered":"Museum of Wine Culture"},"content":{"rendered":"<div data-elementor-type=\"wp-page\" data-elementor-id=\"579\" class=\"elementor elementor-579\" data-elementor-post-type=\"page\">\n\t\t\t\t<div class=\"elementor-element elementor-element-b419001 e-flex e-con-boxed e-con e-parent\" data-id=\"b419001\" data-element_type=\"container\" data-e-type=\"container\">\n\t\t\t\t\t<div class=\"e-con-inner\">\n\t\t\t\t<div class=\"elementor-element elementor-element-72f8a33 elementor-widget elementor-widget-spacer\" data-id=\"72f8a33\" data-element_type=\"widget\" data-e-type=\"widget\" data-widget_type=\"spacer.default\">\n\t\t\t\t\t\t\t<div class=\"elementor-spacer\">\n\t\t\t<div class=\"elementor-spacer-inner\"><\/div>\n\t\t<\/div>\n\t\t\t\t\t\t<\/div>\n\t\t\t\t<div class=\"elementor-element elementor-element-648f237 elementor-invisible elementor-widget elementor-widget-heading\" data-id=\"648f237\" data-element_type=\"widget\" data-e-type=\"widget\" data-settings=\"{&quot;_animation&quot;:&quot;fadeInUp&quot;}\" data-widget_type=\"heading.default\">\n\t\t\t\t\t<h1 class=\"elementor-heading-title elementor-size-default\">MUSEUM OF WINE CULTURE<\/h1>\t\t\t\t<\/div>\n\t\t\t\t<div class=\"elementor-element elementor-element-1d83468 elementor-widget elementor-widget-spacer\" data-id=\"1d83468\" data-element_type=\"widget\" data-e-type=\"widget\" data-widget_type=\"spacer.default\">\n\t\t\t\t\t\t\t<div class=\"elementor-spacer\">\n\t\t\t<div class=\"elementor-spacer-inner\"><\/div>\n\t\t<\/div>\n\t\t\t\t\t\t<\/div>\n\t\t\t\t\t<\/div>\n\t\t\t\t<\/div>\n\t\t<div class=\"elementor-element elementor-element-06c6fc7 e-flex e-con-boxed e-con e-parent\" data-id=\"06c6fc7\" data-element_type=\"container\" data-e-type=\"container\" data-settings=\"{&quot;background_background&quot;:&quot;classic&quot;}\">\n\t\t\t\t\t<div class=\"e-con-inner\">\n\t\t\t\t\t<\/div>\n\t\t\t\t<\/div>\n\t\t<div class=\"elementor-element elementor-element-14760a2 e-flex e-con-boxed e-con e-parent\" data-id=\"14760a2\" data-element_type=\"container\" data-e-type=\"container\">\n\t\t\t\t\t<div class=\"e-con-inner\">\n\t\t\t\t<div class=\"elementor-element elementor-element-4b2ff58 elementor-widget elementor-widget-spacer\" data-id=\"4b2ff58\" data-element_type=\"widget\" data-e-type=\"widget\" data-widget_type=\"spacer.default\">\n\t\t\t\t\t\t\t<div class=\"elementor-spacer\">\n\t\t\t<div class=\"elementor-spacer-inner\"><\/div>\n\t\t<\/div>\n\t\t\t\t\t\t<\/div>\n\t\t\t\t\t<\/div>\n\t\t\t\t<\/div>\n\t\t<div class=\"elementor-element elementor-element-3406e1b animated-slow e-flex e-con-boxed elementor-invisible e-con e-parent\" data-id=\"3406e1b\" data-element_type=\"container\" data-e-type=\"container\" data-settings=\"{&quot;animation&quot;:&quot;fadeInUp&quot;}\">\n\t\t\t\t\t<div class=\"e-con-inner\">\n\t\t<div class=\"elementor-element elementor-element-c118c9b e-con-full e-flex e-con e-child\" data-id=\"c118c9b\" data-element_type=\"container\" data-e-type=\"container\">\n\t\t\t\t<div class=\"elementor-element elementor-element-51ee102 elementor-widget elementor-widget-text-editor\" data-id=\"51ee102\" data-element_type=\"widget\" data-e-type=\"widget\" data-widget_type=\"text-editor.default\">\n\t\t\t\t\t\t\t\t\t<p>Inaugurated in 2004 by King Juan Carlos I, the Vivanco Museum of Wine Culture is recognised by UNESCO as one of the most outstanding museums in the world in its category. With more than 4,000 m\u00b2, it offers a universal and accessible journey through the history of wine from its origins to the present day.<\/p><p>Its approach is educational, interactive and inclusive, with permanent exhibition halls, a temporary hall and the Bacchus Garden, which houses over 220 varieties of vines from around the world.<\/p>\t\t\t\t\t\t\t\t<\/div>\n\t\t\t\t<\/div>\n\t\t<div class=\"elementor-element elementor-element-5445454 e-con-full e-flex e-con e-child\" data-id=\"5445454\" data-element_type=\"container\" data-e-type=\"container\">\n\t\t\t\t<div class=\"elementor-element elementor-element-ea2c756 elementor-widget elementor-widget-text-editor\" data-id=\"ea2c756\" data-element_type=\"widget\" data-e-type=\"widget\" data-widget_type=\"text-editor.default\">\n\t\t\t\t\t\t\t\t\t<p>The museum brings together a unique collection of original pieces: antique tools, pots, presses and works of art by artists such as Picasso, Sorolla, Warhol and Chillida. All of this is accompanied by audiovisual resources and adapted with full accessibility, including a raised floor and information in Braille.<\/p><p class=\"p1\">A modern space that combines knowledge, culture and innovation to show the role of wine as an essential part of the history of humanity.<\/p>\t\t\t\t\t\t\t\t<\/div>\n\t\t\t\t<\/div>\n\t\t\t\t\t<\/div>\n\t\t\t\t<\/div>\n\t\t<div class=\"elementor-element elementor-element-1b0bf49 e-flex e-con-boxed e-con e-parent\" data-id=\"1b0bf49\" data-element_type=\"container\" data-e-type=\"container\">\n\t\t\t\t\t<div class=\"e-con-inner\">\n\t\t\t\t<div class=\"elementor-element elementor-element-f054322 elementor-widget elementor-widget-spacer\" data-id=\"f054322\" data-element_type=\"widget\" data-e-type=\"widget\" data-widget_type=\"spacer.default\">\n\t\t\t\t\t\t\t<div class=\"elementor-spacer\">\n\t\t\t<div class=\"elementor-spacer-inner\"><\/div>\n\t\t<\/div>\n\t\t\t\t\t\t<\/div>\n\t\t\t\t\t<\/div>\n\t\t\t\t<\/div>\n\t\t<div class=\"elementor-element elementor-element-bd98731 e-flex e-con-boxed e-con e-parent\" data-id=\"bd98731\" data-element_type=\"container\" data-e-type=\"container\" data-settings=\"{&quot;background_background&quot;:&quot;classic&quot;}\">\n\t\t\t\t\t<div class=\"e-con-inner\">\n\t\t\t\t<div class=\"elementor-element elementor-element-a3ce8c6 elementor-widget elementor-widget-spacer\" data-id=\"a3ce8c6\" data-element_type=\"widget\" data-e-type=\"widget\" data-widget_type=\"spacer.default\">\n\t\t\t\t\t\t\t<div class=\"elementor-spacer\">\n\t\t\t<div class=\"elementor-spacer-inner\"><\/div>\n\t\t<\/div>\n\t\t\t\t\t\t<\/div>\n\t\t\t\t\t<\/div>\n\t\t\t\t<\/div>\n\t\t<div class=\"elementor-element elementor-element-4c3f47b e-grid animated-slow e-con-boxed elementor-invisible e-con e-parent\" data-id=\"4c3f47b\" data-element_type=\"container\" data-e-type=\"container\" data-settings=\"{&quot;animation&quot;:&quot;fadeInUp&quot;}\">\n\t\t\t\t\t<div class=\"e-con-inner\">\n\t\t<div class=\"elementor-element elementor-element-38ab4be e-con-full e-flex e-con e-child\" data-id=\"38ab4be\" data-element_type=\"container\" data-e-type=\"container\" data-settings=\"{&quot;background_background&quot;:&quot;classic&quot;}\">\n\t\t\t\t<div class=\"elementor-element elementor-element-a3ed0e3 elementor-widget elementor-widget-heading\" data-id=\"a3ed0e3\" data-element_type=\"widget\" data-e-type=\"widget\" data-widget_type=\"heading.default\">\n\t\t\t\t\t<h2 class=\"elementor-heading-title elementor-size-default\">PERMANENT <br>EXHIBITION<\/h2>\t\t\t\t<\/div>\n\t\t\t\t<div class=\"elementor-element elementor-element-5b7625a elementor-widget elementor-widget-text-editor\" data-id=\"5b7625a\" data-element_type=\"widget\" data-e-type=\"widget\" data-widget_type=\"text-editor.default\">\n\t\t\t\t\t\t\t\t\t<p>A large, modern and functional space that houses the collections the Vivanco family has been acquiring over many years.<\/p><p>From centuries-old vessels and presses to major works of art (Picasso, Sorolla, Juan Gris, Chillida, Barcel\u00f3, Genov\u00e9s, etc.) and audiovisual installations where visitors can discover everything about the history and future of wine.<\/p>\t\t\t\t\t\t\t\t<\/div>\n\t\t\t\t<div class=\"elementor-element elementor-element-0cad468 elementor-widget elementor-widget-button\" data-id=\"0cad468\" data-element_type=\"widget\" data-e-type=\"widget\" data-widget_type=\"button.default\">\n\t\t\t\t\t\t\t\t\t\t<a class=\"elementor-button elementor-button-link elementor-size-sm\" href=\"\/en\/foundation\/vivanco-museum\/exposicion-permanente\/\">\n\t\t\t\t\t\t<span class=\"elementor-button-content-wrapper\">\n\t\t\t\t\t\t\t\t\t<span class=\"elementor-button-text\">See more<\/span>\n\t\t\t\t\t<\/span>\n\t\t\t\t\t<\/a>\n\t\t\t\t\t\t\t\t<\/div>\n\t\t\t\t<\/div>\n\t\t\t\t<div class=\"elementor-element elementor-element-8647bc6 elementor-widget elementor-widget-image\" data-id=\"8647bc6\" data-element_type=\"widget\" data-e-type=\"widget\" data-widget_type=\"image.default\">\n\t\t\t\t\t\t\t\t\t\t\t\t\t\t\t<img fetchpriority=\"high\" decoding=\"async\" width=\"800\" height=\"534\" src=\"https:\/\/vivancoculturadevino.es\/wp-content\/uploads\/2025\/12\/museo-2-1024x683.jpg\" class=\"attachment-large size-large wp-image-2937\" alt=\"Escultura cl\u00e1sica en el museo\" srcset=\"https:\/\/vivancoculturadevino.es\/wp-content\/uploads\/2025\/12\/museo-2-1024x683.jpg 1024w, https:\/\/vivancoculturadevino.es\/wp-content\/uploads\/2025\/12\/museo-2-300x200.jpg 300w, https:\/\/vivancoculturadevino.es\/wp-content\/uploads\/2025\/12\/museo-2-768x512.jpg 768w, https:\/\/vivancoculturadevino.es\/wp-content\/uploads\/2025\/12\/museo-2-1536x1024.jpg 1536w, https:\/\/vivancoculturadevino.es\/wp-content\/uploads\/2025\/12\/museo-2-2048x1365.jpg 2048w, https:\/\/vivancoculturadevino.es\/wp-content\/uploads\/2025\/12\/museo-2-18x12.jpg 18w\" sizes=\"(max-width: 800px) 100vw, 800px\" \/>\t\t\t\t\t\t\t\t\t\t\t\t\t\t\t<\/div>\n\t\t\t\t\t<\/div>\n\t\t\t\t<\/div>\n\t\t<div class=\"elementor-element elementor-element-f1b9c0a e-grid animated-slow e-con-boxed elementor-invisible e-con e-parent\" data-id=\"f1b9c0a\" data-element_type=\"container\" data-e-type=\"container\" data-settings=\"{&quot;animation&quot;:&quot;fadeInUp&quot;}\">\n\t\t\t\t\t<div class=\"e-con-inner\">\n\t\t\t\t<div class=\"elementor-element elementor-element-d3ba3f5 elementor-widget elementor-widget-image\" data-id=\"d3ba3f5\" data-element_type=\"widget\" data-e-type=\"widget\" data-widget_type=\"image.default\">\n\t\t\t\t\t\t\t\t\t\t\t\t\t\t\t<img decoding=\"async\" width=\"800\" height=\"534\" src=\"https:\/\/vivancoculturadevino.es\/wp-content\/uploads\/2025\/12\/jardin-1024x683.jpg\" class=\"attachment-large size-large wp-image-3414\" alt=\"Estatua entre cipreses y vi\u00f1edos en el Jard\u00edn de Baco\" srcset=\"https:\/\/vivancoculturadevino.es\/wp-content\/uploads\/2025\/12\/jardin-1024x683.jpg 1024w, https:\/\/vivancoculturadevino.es\/wp-content\/uploads\/2025\/12\/jardin-300x200.jpg 300w, https:\/\/vivancoculturadevino.es\/wp-content\/uploads\/2025\/12\/jardin-768x512.jpg 768w, https:\/\/vivancoculturadevino.es\/wp-content\/uploads\/2025\/12\/jardin-1536x1025.jpg 1536w, https:\/\/vivancoculturadevino.es\/wp-content\/uploads\/2025\/12\/jardin-18x12.jpg 18w, https:\/\/vivancoculturadevino.es\/wp-content\/uploads\/2025\/12\/jardin.jpg 2048w\" sizes=\"(max-width: 800px) 100vw, 800px\" \/>\t\t\t\t\t\t\t\t\t\t\t\t\t\t\t<\/div>\n\t\t<div class=\"elementor-element elementor-element-91a77f6 e-con-full e-flex e-con e-child\" data-id=\"91a77f6\" data-element_type=\"container\" data-e-type=\"container\" data-settings=\"{&quot;background_background&quot;:&quot;classic&quot;}\">\n\t\t\t\t<div class=\"elementor-element elementor-element-c2bc4f0 elementor-widget elementor-widget-heading\" data-id=\"c2bc4f0\" data-element_type=\"widget\" data-e-type=\"widget\" data-widget_type=\"heading.default\">\n\t\t\t\t\t<h2 class=\"elementor-heading-title elementor-size-default\">BACO'S GARDEN<\/h2>\t\t\t\t<\/div>\n\t\t\t\t<div class=\"elementor-element elementor-element-f149d94 elementor-widget elementor-widget-text-editor\" data-id=\"f149d94\" data-element_type=\"widget\" data-e-type=\"widget\" data-widget_type=\"text-editor.default\">\n\t\t\t\t\t\t\t\t\t<p>The\u00a0<span style=\"color: #000000;\">Garden of Bacchus<\/span> is a unique outdoor space dedicated to <span style=\"color: #000000;\">the vine and the varietal diversity of the world's vineyards<\/span>. It brings together more than 220 grape varieties, from their botanical origins to the current table and vinification varieties. A tribute to the vineyard and the fruit that gives rise to wine, essential for understanding its history and culture.<\/p>\t\t\t\t\t\t\t\t<\/div>\n\t\t\t\t<div class=\"elementor-element elementor-element-e315cf3 elementor-widget elementor-widget-button\" data-id=\"e315cf3\" data-element_type=\"widget\" data-e-type=\"widget\" data-widget_type=\"button.default\">\n\t\t\t\t\t\t\t\t\t\t<a class=\"elementor-button elementor-button-link elementor-size-sm\" href=\"\/en\/foundation\/vivanco-museum\/bacos-garden\/\">\n\t\t\t\t\t\t<span class=\"elementor-button-content-wrapper\">\n\t\t\t\t\t\t\t\t\t<span class=\"elementor-button-text\">See more<\/span>\n\t\t\t\t\t<\/span>\n\t\t\t\t\t<\/a>\n\t\t\t\t\t\t\t\t<\/div>\n\t\t\t\t<\/div>\n\t\t\t\t\t<\/div>\n\t\t\t\t<\/div>\n\t\t<div class=\"elementor-element elementor-element-a1e5c55 e-flex e-con-boxed e-con e-parent\" data-id=\"a1e5c55\" data-element_type=\"container\" data-e-type=\"container\">\n\t\t\t\t\t<div class=\"e-con-inner\">\n\t\t\t\t<div class=\"elementor-element elementor-element-40fe65e elementor-widget elementor-widget-spacer\" data-id=\"40fe65e\" data-element_type=\"widget\" data-e-type=\"widget\" data-widget_type=\"spacer.default\">\n\t\t\t\t\t\t\t<div class=\"elementor-spacer\">\n\t\t\t<div class=\"elementor-spacer-inner\"><\/div>\n\t\t<\/div>\n\t\t\t\t\t\t<\/div>\n\t\t\t\t\t<\/div>\n\t\t\t\t<\/div>\n\t\t\t\t<\/div>","protected":false},"excerpt":{"rendered":"<p>MUSEO DE LA CULTURA DEL VINO Inaugurado en 2004 por el Rey Juan Carlos I, el\u00a0Museo Vivanco de la Cultura del Vino\u00a0est\u00e1 reconocido por la UNESCO como uno de los museos m\u00e1s destacados del mundo en su categor\u00eda. Con m\u00e1s de\u00a04.000 m\u00b2, ofrece un recorrido universal y accesible por la historia del vino desde sus [&hellip;]<\/p>","protected":false},"author":1,"featured_media":0,"parent":19,"menu_order":0,"comment_status":"closed","ping_status":"closed","template":"","meta":{"footnotes":""},"class_list":["post-579","page","type-page","status-publish","hentry"],"_links":{"self":[{"href":"https:\/\/vivancoculturadevino.es\/en\/wp-json\/wp\/v2\/pages\/579","targetHints":{"allow":["GET"]}}],"collection":[{"href":"https:\/\/vivancoculturadevino.es\/en\/wp-json\/wp\/v2\/pages"}],"about":[{"href":"https:\/\/vivancoculturadevino.es\/en\/wp-json\/wp\/v2\/types\/page"}],"author":[{"embeddable":true,"href":"https:\/\/vivancoculturadevino.es\/en\/wp-json\/wp\/v2\/users\/1"}],"replies":[{"embeddable":true,"href":"https:\/\/vivancoculturadevino.es\/en\/wp-json\/wp\/v2\/comments?post=579"}],"version-history":[{"count":70,"href":"https:\/\/vivancoculturadevino.es\/en\/wp-json\/wp\/v2\/pages\/579\/revisions"}],"predecessor-version":[{"id":4835,"href":"https:\/\/vivancoculturadevino.es\/en\/wp-json\/wp\/v2\/pages\/579\/revisions\/4835"}],"up":[{"embeddable":true,"href":"https:\/\/vivancoculturadevino.es\/en\/wp-json\/wp\/v2\/pages\/19"}],"wp:attachment":[{"href":"https:\/\/vivancoculturadevino.es\/en\/wp-json\/wp\/v2\/media?parent=579"}],"curies":[{"name":"wp","href":"https:\/\/api.w.org\/{rel}","templated":true}]}}