{"id":2867,"date":"2025-11-21T15:24:52","date_gmt":"2025-11-21T15:24:52","guid":{"rendered":"https:\/\/demo01.vivancoculturadevino.es\/?page_id=2867"},"modified":"2025-11-21T15:31:19","modified_gmt":"2025-11-21T15:31:19","slug":"subscription","status":"publish","type":"page","link":"https:\/\/vivancoculturadevino.es\/en\/subscription\/","title":{"rendered":"subscription"},"content":{"rendered":"<div data-elementor-type=\"wp-page\" data-elementor-id=\"2867\" class=\"elementor elementor-2867\" data-elementor-post-type=\"page\">\n\t\t\t\t<div class=\"elementor-element elementor-element-4886eac e-flex e-con-boxed e-con e-parent\" data-id=\"4886eac\" data-element_type=\"container\" data-e-type=\"container\">\n\t\t\t\t\t<div class=\"e-con-inner\">\n\t\t\t\t<div class=\"elementor-element elementor-element-26aee15 elementor-widget elementor-widget-html\" data-id=\"26aee15\" data-element_type=\"widget\" data-e-type=\"widget\" data-widget_type=\"html.default\">\n\t\t\t\t\t    <div id=\"mc_embed_signup\">\n      <!-- Begin Brevo Form -->\n      <!-- START - We recommend to place the below code in head tag of your website html  -->\n      <style>\n        @font-face {\n          font-display: block;\n          font-family: Roboto;\n          src: url(https:\/\/assets.brevo.com\/font\/Roboto\/Latin\/normal\/normal\/7529907e9eaf8ebb5220c5f9850e3811.woff2) format(\"woff2\"), url(https:\/\/assets.brevo.com\/font\/Roboto\/Latin\/normal\/normal\/25c678feafdc175a70922a116c9be3e7.woff) format(\"woff\")\n        }\n\n        @font-face {\n          font-display: fallback;\n          font-family: Roboto;\n          font-weight: 600;\n          src: url(https:\/\/assets.brevo.com\/font\/Roboto\/Latin\/medium\/normal\/6e9caeeafb1f3491be3e32744bc30440.woff2) format(\"woff2\"), url(https:\/\/assets.brevo.com\/font\/Roboto\/Latin\/medium\/normal\/71501f0d8d5aa95960f6475d5487d4c2.woff) format(\"woff\")\n        }\n\n        @font-face {\n          font-display: fallback;\n          font-family: Roboto;\n          font-weight: 700;\n          src: url(https:\/\/assets.brevo.com\/font\/Roboto\/Latin\/bold\/normal\/3ef7cf158f310cf752d5ad08cd0e7e60.woff2) format(\"woff2\"), url(https:\/\/assets.brevo.com\/font\/Roboto\/Latin\/bold\/normal\/ece3a1d82f18b60bcce0211725c476aa.woff) format(\"woff\")\n        }\n\n        #sib-container input:-ms-input-placeholder {\n          text-align: left;\n          font-family: \"Helvetica\", sans-serif;\n          color: #c0ccda;\n        }\n\n        #sib-container input::placeholder {\n          text-align: left;\n          font-family: \"Helvetica\", sans-serif;\n          color: #c0ccda;\n        }\n\n        #sib-container textarea::placeholder {\n          text-align: left;\n          font-family: \"Helvetica\", sans-serif;\n          color: #c0ccda;\n        }\n\n        #sib-container a {\n          text-decoration: underline;\n          color: #2BB2FC;\n        }\n      <\/style>\n      <link rel=\"stylesheet\" href=\"https:\/\/sibforms.com\/forms\/end-form\/build\/sib-styles.css\">\n      <!--  END - We recommend to place the above code in head tag of your website html -->\n      <!-- START - We recommend to place the below code where you want the form in your website html  -->\n      <div class=\"sib-form\" style=\"text-align: center;\">\n        <div id=\"sib-form-container\" class=\"sib-form-container\">\n          <div id=\"error-message\" class=\"sib-form-message-panel\" style=\"font-size:16px; text-align:left; font-family:&quot;Helvetica&quot;, sans-serif; color:#661d1d; background-color:#ffeded; border-radius:3px; \">\n            <div class=\"sib-form-message-panel__text sib-form-message-panel__text--center\">\n              <svg viewbox=\"0 0 512 512\" class=\"sib-icon sib-notification__icon\">\n                <path d=\"M256 40c118.621 0 216 96.075 216 216 0 119.291-96.61 216-216 216-119.244 0-216-96.562-216-216 0-119.203 96.602-216 216-216m0-32C119.043 8 8 119.083 8 256c0 136.997 111.043 248 248 248s248-111.003 248-248C504 119.083 392.957 8 256 8zm-11.49 120h22.979c6.823 0 12.274 5.682 11.99 12.5l-7 168c-.268 6.428-5.556 11.5-11.99 11.5h-8.979c-6.433 0-11.722-5.073-11.99-11.5l-7-168c-.283-6.818 5.167-12.5 11.99-12.5zM256 340c-15.464 0-28 12.536-28 28s12.536 28 28 28 28-12.536 28-28-12.536-28-28-28z\" \/>\n              <\/svg>\n              <span class=\"sib-form-message-panel__inner-text\"> We have not been able to validate your subscription. <\/span>\n            <\/div>\n          <\/div>\n          <div><\/div>\n          <div id=\"success-message\" class=\"sib-form-message-panel\" style=\"font-size:16px; text-align:left; font-family:&quot;Helvetica&quot;, sans-serif; color:#085229; background-color:#e7faf0; border-radius:3px; border-color:#13ce66;max-width:540px;\">\n            <div class=\"sib-form-message-panel__text sib-form-message-panel__text--center\">\n              <svg viewbox=\"0 0 512 512\" class=\"sib-icon sib-notification__icon\">\n                <path d=\"M256 8C119.033 8 8 119.033 8 256s111.033 248 248 248 248-111.033 248-248S392.967 8 256 8zm0 464c-118.664 0-216-96.055-216-216 0-118.663 96.055-216 216-216 118.664 0 216 96.055 216 216 0 118.663-96.055 216-216 216zm141.63-274.961L217.15 376.071c-4.705 4.667-12.303 4.637-16.97-.068l-85.878-86.572c-4.667-4.705-4.637-12.303.068-16.97l8.52-8.451c4.705-4.667 12.303-4.637 16.97.068l68.976 69.533 163.441-162.13c4.705-4.667 12.303-4.637 16.97.068l8.451 8.52c4.668 4.705 4.637 12.303-.068 16.97z\" \/>\n              <\/svg>\n              <span class=\"sib-form-message-panel__inner-text\"> Your subscription has been completed. <\/span>\n            <\/div>\n          <\/div>\n          <div><\/div>\n          <div id=\"sib-container\" class=\"sib-container--large sib-container--vertical\" style=\"text-align:center; background-color:rgba(255,255,255,1); border-radius:14px; direction:ltr\">\n            <form id=\"sib-form\" method=\"POST\" action=\"https:\/\/104a15b8.sibforms.com\/serve\/MUIFAHfyp3kHU1nLcBN9JgiDn40S769nGHa2Y_zyQ8EO-xUFxB6Fh3ZkMEqq1USchutIHzSjUdTLuqAg1-MvWjVvWrZ3f_sI-6dOMgbp8IdV-eC-cgS4L6AhYUFBMXsKTx1ib0QGM8PLVtVgzV87le8eJJcEUEkCb0hgpkr90O_dqlgAhjscIUui_uZJKKNDUu0kg0wk1caEf3Na\" data-type=\"subscription\">\n              <div style=\"padding: 8px 0;\">\n                <div class=\"sib-form-block\" style=\"font-size:32px; text-align:left; font-weight:700; font-family:&quot;Georgia&quot;, serif; color:#3C4858; background-color:transparent; text-align:left\">\n                  <p>Subscribe to our newsletter<\/p>\n                <\/div>\n              <\/div>\n              <div style=\"padding: 8px 0;\">\n                <div class=\"sib-form-block\" style=\"font-size:16px; text-align:left; font-family:&quot;Helvetica&quot;, sans-serif; color:#3C4858; background-color:transparent; text-align:left\">\n                  <div class=\"sib-text-form-block\">\n                    <p>We remind you that you can modify your authorisation and\/or update your preferences at any time.<\/p>\n                  <\/div>\n                <\/div>\n              <\/div>\n              <div style=\"padding: 8px 0;\">\n                <div class=\"sib-input sib-form-block\">\n                  <div class=\"form__entry entry_block\">\n                    <div class=\"form__label-row\">\n                      <label class=\"entry__label\" style=\"font-weight: 700; text-align:left; font-size:16px; text-align:left; font-weight:700; font-family:&quot;Georgia&quot;, serif; color:#3c4858;\" for=\"EMAIL\" data-required=\"*\">Enter your e-mail address to subscribe<\/label>\n                      <div class=\"entry__field\">\n                        <input class=\"input\" type=\"text\" id=\"EMAIL\" name=\"EMAIL\" autocomplete=\"off\" placeholder=\"EMAIL\" data-required=\"true\" required \/>\n                      <\/div>\n                    <\/div>\n                    <label class=\"entry__error entry__error--primary\" style=\"font-size:16px; text-align:left; font-family:&quot;Helvetica&quot;, sans-serif; color:#661d1d; background-color:#ffeded; border-radius:3px; border-color:#ff4949;\"><\/label>\n                  <\/div>\n                <\/div>\n              <\/div>\n              <div style=\"padding: 8px 0;\">\n                <div class=\"sib-input sib-form-block\">\n                  <div class=\"form__entry entry_block\">\n                    <div class=\"form__label-row\">\n                      <label class=\"entry__label\" style=\"font-weight: 700; text-align:left; font-size:16px; text-align:left; font-weight:700; font-family:&quot;Georgia&quot;, serif; color:#3c4858;\" for=\"NOMBRE\" data-required=\"*\">Enter your NAME<\/label>\n                      <div class=\"entry__field\">\n                        <input class=\"input\" maxlength=\"200\" type=\"text\" id=\"NOMBRE\" name=\"NOMBRE\" autocomplete=\"off\" placeholder=\"NAME\" data-required=\"true\" required \/>\n                      <\/div>\n                    <\/div>\n                    <label class=\"entry__error entry__error--primary\" style=\"font-size:16px; text-align:left; font-family:&quot;Helvetica&quot;, sans-serif; color:#661d1d; background-color:#ffeded; border-radius:3px; border-color:#ff4949;\"><\/label>\n                  <\/div>\n                <\/div>\n              <\/div>\n              <div style=\"padding: 8px 0;\">\n                <div class=\"sib-checkbox-group sib-form-block\" data-required=\"true\">\n                  <div class=\"form__entry entry_mcq\">\n                    <div class=\"form__label-row\">\n                      <label class=\"entry__label\" style=\"font-weight: 700; text-align:left; font-size:16px; text-align:left; font-weight:700; font-family:&quot;Georgia&quot;, serif; color:#3c4858;\" data-required=\"*\">Please tick the boxes corresponding to the type of communication you wish to receive.<\/label>\n                      <div style=\"\">\n                        <div class=\"entry__choice\">\n                          <label class=\"checkbox__label\">\n                            <input type=\"checkbox\" class=\"input_replaced\" name=\"lists_32[]\" data-value=\"Deseo recibir comunicaciones sobre novedades y curiosidades de la Cultura del Vino.\" value=\"5\" data-required=\"true\" \/>\n                            <span class=\"checkbox checkbox_tick_positive\" style=\"margin-left:\"><\/span>\n                            <span style=\"font-size:16px; text-align:left; font-family:&quot;Helvetica&quot;, sans-serif; color:#3C4858; background-color:transparent;\">I would like to receive communications about news and curiosities of the Wine Culture.<\/span>\n                          <\/label>\n                        <\/div>\n                        <div class=\"entry__choice\">\n                          <label class=\"checkbox__label\">\n                            <input type=\"checkbox\" class=\"input_replaced\" name=\"lists_32[]\" data-value=\"Deseo recibir comunicaciones sobre ofertas de productos, servicios y promociones.\" value=\"4\" data-required=\"true\" \/>\n                            <span class=\"checkbox checkbox_tick_positive\" style=\"margin-left:\"><\/span>\n                            <span style=\"font-size:16px; text-align:left; font-family:&quot;Helvetica&quot;, sans-serif; color:#3C4858; background-color:transparent;\">I wish to receive communications about product offers, services and promotions.<\/span>\n                          <\/label>\n                        <\/div>\n                        <div class=\"entry__choice\">\n                          <label class=\"checkbox__label\">\n                            <input type=\"checkbox\" class=\"input_replaced\" name=\"lists_32[]\" data-value=\"Ambas (promociones y cultura).\" value=\"7\" data-required=\"true\" \/>\n                            <span class=\"checkbox checkbox_tick_positive\" style=\"margin-left:\"><\/span>\n                            <span style=\"font-size:16px; text-align:left; font-family:&quot;Helvetica&quot;, sans-serif; color:#3C4858; background-color:transparent;\">Both (promotions and culture).<\/span>\n                          <\/label>\n                        <\/div>\n                      <\/div>\n                    <\/div>\n                    <label class=\"entry__error entry__error--primary\" style=\"font-size:16px; text-align:left; font-family:&quot;Helvetica&quot;, sans-serif; color:#661d1d; background-color:#ffeded; border-radius:3px; border-color:#ff4949;\"><\/label>\n                  <\/div>\n                <\/div>\n              <\/div>\n              <div style=\"padding: 8px 0;\">\n                <div class=\"sib-form-block\" style=\"text-align: left\">\n                  <button class=\"sib-form-block__button sib-form-block__button-with-loader\" style=\"font-size:16px; text-align:left; font-weight:700; font-family:&quot;Helvetica&quot;, sans-serif; color:#FFFFFF; background-color:#913d5b; border-radius:3px; border-width:0px;\" form=\"sib-form\" type=\"submit\">\n                    <svg class=\"icon clickable__icon progress-indicator__icon sib-hide-loader-icon\" viewbox=\"0 0 512 512\">\n                      <path d=\"M460.116 373.846l-20.823-12.022c-5.541-3.199-7.54-10.159-4.663-15.874 30.137-59.886 28.343-131.652-5.386-189.946-33.641-58.394-94.896-95.833-161.827-99.676C261.028 55.961 256 50.751 256 44.352V20.309c0-6.904 5.808-12.337 12.703-11.982 83.556 4.306 160.163 50.864 202.11 123.677 42.063 72.696 44.079 162.316 6.031 236.832-3.14 6.148-10.75 8.461-16.728 5.01z\" \/>\n                    <\/svg> SUBSCRIBE <\/button>\n                <\/div>\n              <\/div>\n              <div style=\"padding: 8px 0;\">\n                <div class=\"sib-form-block\" style=\"font-size:12px; text-align:left; font-family:&quot;Helvetica&quot;, sans-serif; color:#3C4858; background-color:transparent; text-align:left\">\n                  <div class=\"sib-text-form-block\">\n                    <h3>Informative legal clause:<\/h3>\n                    <p>Responsible for processing: VIVANCO ENOTURISMO Y EXPERIENCIAS S.L. CIF B26308007 Postal address: Carretera Nacional 232 Km 442, 26330 - Briones (La Rioja) Telephone: 941322013 E-mail: <a href=\"mailto:protecciondatos@vivancoculturadevino.es\">protecciondatos@vivancoculturadevino.es<\/a>\n                    <\/p>\n                    <p>We inform you that we will process the contact details you have provided us with the purpose of sending you information of interest about Wine Culture and our wine tourism products and services, by any means, including electronic means, on the basis of your consent. We will keep your data until you revoke your consent. No automated decision-making is foreseen. You have the right to obtain information about whether we are processing your personal data, to request the rectification of inaccurate data, the limitation of its processing or its deletion when the data is no longer necessary, by writing to the postal or e-mail address of the Data Controller in accordance with the provisions of Articles 15 to 22 of the GDPR 2016\/679. If you consider that the processing of your data infringes the applicable personal data protection regulations, you can lodge a complaint with the competent supervisory authority (in Spain, the Spanish Data Protection Agency). You can consult detailed information about our data protection policy at <a href=\"https:\/\/vivancoculturadevino.es\/en\/politica-de-uso-y-privacidad\/\" target=\"_blank\">https:\/\/vivancoculturadevino.es\/es\/politica-de-uso-y-privacidad\/<\/a>. <\/p>\n                  <\/div>\n                <\/div>\n              <\/div>\n              <input type=\"text\" name=\"email_address_check\" value=\"\" class=\"input--hidden\">\n              <input type=\"hidden\" name=\"locale\" value=\"es\">\n            <\/form>\n          <\/div>\n        <\/div>\n      <\/div>\n      <!-- END - We recommend to place the above code where you want the form in your website html  -->\n      <!-- START - We recommend to place the below code in footer or bottom of your website html  -->\n      <script>\n        window.REQUIRED_CODE_ERROR_MESSAGE = 'Elija un c\u00f3digo de pa\u00eds';\n        window.LOCALE = 'es';\n        window.EMAIL_INVALID_MESSAGE = window.SMS_INVALID_MESSAGE = \"La informaci\u00f3n que ha proporcionado no es v\u00e1lida. Compruebe el formato del campo e int\u00e9ntelo de nuevo.\";\n        window.REQUIRED_ERROR_MESSAGE = \"Este campo no puede quedarse vac\u00edo. \";\n        window.GENERIC_INVALID_MESSAGE = \"La informaci\u00f3n que ha proporcionado no es v\u00e1lida. Compruebe el formato del campo e int\u00e9ntelo de nuevo.\";\n        window.REQUIRED_MULTISELECT_MESSAGE = 'Seleccione al menos una opci\u00f3n';\n        window.translation = {\n          common: {\n            selectedList: '{quantity} lista seleccionada',\n            selectedLists: '{quantity} listas seleccionadas'\n          }\n        };\n        var AUTOHIDE = Boolean(0);\n      <\/script>\n      <script defer src=\"https:\/\/sibforms.com\/forms\/end-form\/build\/main.js\"><\/script>\n      <!-- END - We recommend to place the above code in footer or bottom of your website html  -->\n      <!-- End Brevo Form -->\n    <\/div>\t\t\t\t<\/div>\n\t\t\t\t\t<\/div>\n\t\t\t\t<\/div>\n\t\t\t\t<\/div>","protected":false},"excerpt":{"rendered":"<p>No hemos podido validar su suscripci\u00f3n. Se ha realizado su suscripci\u00f3n. Suscr\u00edbete a nuestra newsletter Te recordamos que en cualquier momento puedes modificar tu autorizaci\u00f3n y\/o actualizar tus preferencias. Introduzca su direcci\u00f3n de e-mail para suscribirse Introduzca su NOMBRE Por favor, marca las casillas correspondientes al tipo de comunicaci\u00f3n que deseas recibir. Deseo recibir comunicaciones [&hellip;]<\/p>","protected":false},"author":2,"featured_media":0,"parent":0,"menu_order":0,"comment_status":"closed","ping_status":"closed","template":"","meta":{"footnotes":""},"class_list":["post-2867","page","type-page","status-publish","hentry"],"_links":{"self":[{"href":"https:\/\/vivancoculturadevino.es\/en\/wp-json\/wp\/v2\/pages\/2867","targetHints":{"allow":["GET"]}}],"collection":[{"href":"https:\/\/vivancoculturadevino.es\/en\/wp-json\/wp\/v2\/pages"}],"about":[{"href":"https:\/\/vivancoculturadevino.es\/en\/wp-json\/wp\/v2\/types\/page"}],"author":[{"embeddable":true,"href":"https:\/\/vivancoculturadevino.es\/en\/wp-json\/wp\/v2\/users\/2"}],"replies":[{"embeddable":true,"href":"https:\/\/vivancoculturadevino.es\/en\/wp-json\/wp\/v2\/comments?post=2867"}],"version-history":[{"count":10,"href":"https:\/\/vivancoculturadevino.es\/en\/wp-json\/wp\/v2\/pages\/2867\/revisions"}],"predecessor-version":[{"id":2878,"href":"https:\/\/vivancoculturadevino.es\/en\/wp-json\/wp\/v2\/pages\/2867\/revisions\/2878"}],"wp:attachment":[{"href":"https:\/\/vivancoculturadevino.es\/en\/wp-json\/wp\/v2\/media?parent=2867"}],"curies":[{"name":"wp","href":"https:\/\/api.w.org\/{rel}","templated":true}]}}