{"id":2648,"date":"2025-11-10T11:40:30","date_gmt":"2025-11-10T11:40:30","guid":{"rendered":"https:\/\/demo01.vivancoculturadevino.es\/?page_id=2648"},"modified":"2026-01-23T01:06:31","modified_gmt":"2026-01-23T01:06:31","slug":"politica-de-uso-y-privacidad","status":"publish","type":"page","link":"https:\/\/vivancoculturadevino.es\/en\/politica-de-uso-y-privacidad\/","title":{"rendered":"Use and privacy policy"},"content":{"rendered":"<div data-elementor-type=\"wp-page\" data-elementor-id=\"2648\" class=\"elementor elementor-2648\" data-elementor-post-type=\"page\">\n\t\t\t\t<div class=\"elementor-element elementor-element-f6d6206 e-flex e-con-boxed e-con e-parent\" data-id=\"f6d6206\" data-element_type=\"container\" data-e-type=\"container\">\n\t\t\t\t\t<div class=\"e-con-inner\">\n\t\t\t\t<div class=\"elementor-element elementor-element-ee44d9d elementor-widget elementor-widget-spacer\" data-id=\"ee44d9d\" data-element_type=\"widget\" data-e-type=\"widget\" data-widget_type=\"spacer.default\">\n\t\t\t\t\t\t\t<div class=\"elementor-spacer\">\n\t\t\t<div class=\"elementor-spacer-inner\"><\/div>\n\t\t<\/div>\n\t\t\t\t\t\t<\/div>\n\t\t\t\t<div class=\"elementor-element elementor-element-c65fa7b elementor-widget elementor-widget-heading\" data-id=\"c65fa7b\" data-element_type=\"widget\" data-e-type=\"widget\" data-widget_type=\"heading.default\">\n\t\t\t\t\t<h2 class=\"elementor-heading-title elementor-size-default\">pol\u00edtica de uso y privacidad<\/h2>\t\t\t\t<\/div>\n\t\t\t\t<div class=\"elementor-element elementor-element-78393ca elementor-widget elementor-widget-spacer\" data-id=\"78393ca\" data-element_type=\"widget\" data-e-type=\"widget\" data-widget_type=\"spacer.default\">\n\t\t\t\t\t\t\t<div class=\"elementor-spacer\">\n\t\t\t<div class=\"elementor-spacer-inner\"><\/div>\n\t\t<\/div>\n\t\t\t\t\t\t<\/div>\n\t\t\t\t\t<\/div>\n\t\t\t\t<\/div>\n\t\t<div class=\"elementor-element elementor-element-88cf016 e-flex e-con-boxed e-con e-parent\" data-id=\"88cf016\" data-element_type=\"container\" data-e-type=\"container\">\n\t\t\t\t\t<div class=\"e-con-inner\">\n\t\t\t\t<div class=\"elementor-element elementor-element-49538c9 elementor-widget elementor-widget-text-editor\" data-id=\"49538c9\" data-element_type=\"widget\" data-e-type=\"widget\" data-widget_type=\"text-editor.default\">\n\t\t\t\t\t\t\t\t\t<p><strong>\u00bfQui\u00e9n es el responsable del tratamiento?<\/strong><\/p><p>Responsable del tratamiento: VIVANCO ENOTURISMO Y EXPERIENCIAS S.L. N.I.F. B26308007. Direcci\u00f3n postal: Ctra. Nacional 232 Km 442, 26330 Briones (La Rioja). Tel\u00e9fono: 941322013. Correo electr\u00f3nico:\u00a0<a href=\"mailto:protecciondatos@vivancoculturadevino.es\"><u>protecciondatos@vivancoculturadevino.es<\/u><\/a>. Te informamos de que los datos de car\u00e1cter personal que nos proporciones a trav\u00e9s de este sitio web ser\u00e1n tratados de conformidad con la normativa vigente en materia de protecci\u00f3n de datos de car\u00e1cter personal en Espa\u00f1a.<\/p><p>En el momento de proceder a la recogida de los datos se indicar\u00e1 el car\u00e1cter voluntario u obligatorio de los datos objeto de recogida. La negativa a proporcionar los datos calificados como obligatorios supondr\u00e1 la no prestaci\u00f3n o la imposibilidad de acceder al servicio para los que eran solicitados. As\u00ed mismo, podr\u00e1n facilitarse datos de modo voluntario con el objetivo de que puedan prestarse de modo m\u00e1s \u00f3ptimo los servicios o productos ofertados.<\/p><p>Los datos que el usuario facilite deber\u00e1n ser exactos y responder con veracidad a la situaci\u00f3n actual del interesado. El usuario que introduce los datos es el responsable \u00fanico y final de la veracidad de la informaci\u00f3n suministrada en nuestra web.<\/p><p><strong>\u00bfPara qu\u00e9 tratamos los datos personales que nos facilitas?<\/strong><\/p><p>Las finalidades principales del tratamiento de tus datos personales son las siguientes:<\/p><p>Tratamos los datos que nos facilitas a trav\u00e9s de nuestra web para contactar contigo y dar respuesta a tu petici\u00f3n (no ser\u00e1 considerada comunicaci\u00f3n comercial la informaci\u00f3n que se env\u00ede a los interesados, siempre que tenga por finalidad el mantenimiento de la relaci\u00f3n existente entre el usuario y nuestra organizaci\u00f3n).<\/p><p>Cuando nos solicites alg\u00fan producto o servicio trataremos los datos personales que nos facilitas para la prestaci\u00f3n del producto o servicio solicitado y para su gesti\u00f3n administrativa y contable.<\/p><p>Si nos autorizas, trataremos los datos de contacto para enviarte informaci\u00f3n de inter\u00e9s sobre nuestros productos y servicios, as\u00ed como sobre eventos que organicemos, para lo cual podemos utilizar cualquier medio, incluidos los medios electr\u00f3nicos.<\/p><p><strong>\u00bfCu\u00e1l es la legitimaci\u00f3n para el tratamiento de los datos personales?<\/strong><\/p><ul><li>Art\u00edculo 6.1.b) RGPD: la ejecuci\u00f3n de medidas precontractuales para dar respuesta a tu petici\u00f3n.<\/li><li>Art\u00edculo 6.1.b) RGPD: la ejecuci\u00f3n de un contrato para gestionar los productos y servicios que tengas, solicites o contrates con nosotros.<\/li><li>Art\u00edculo 6.1.a) RGPD: consentimiento para poder informarte sobre nuestros productos, servicios y eventos que organicemos.<\/li><\/ul><p>\u00a0<\/p><p><strong>\u00bfDurante cu\u00e1nto tiempo conservaremos los datos personales?<\/strong><\/p><p>Los datos facilitados se conservar\u00e1n el tiempo imprescindible para dar respuesta a tu petici\u00f3n y gestionar los productos y servicios que nos has solicitado o tienes contratados, sin perjuicio de que puedas ejercitar el derecho a la supresi\u00f3n de tus datos personales, lo que conllevar\u00e1 el bloqueo de los datos durante el tiempo que persistan nuestras obligaciones legales, o hasta que revoques tu autorizaci\u00f3n para el env\u00edo de informaci\u00f3n sobre nuestros productos, servicios y eventos.<\/p><p>Podremos conservar tus datos, una vez finalizada toda relaci\u00f3n con el usuario, para el cumplimiento de nuestras obligaciones legales.<\/p><p>No comunicaremos tus datos personales a terceros, salvo que estemos obligados a ello por una ley o que nos hayas autorizado previamente para ello.<\/p><p>No est\u00e1 prevista la toma de decisiones automatizadas o elaboraci\u00f3n de perfiles.<\/p><p><strong>\u00bfQui\u00e9nes son nuestros encargados del tratamiento?<\/strong><\/p><p>Para poder prestarte un servicio adecuado, hemos contratado a las siguientes categor\u00edas de encargados del tratamiento que tratar\u00e1n tus datos por cuenta del responsable: servicios de asesor\u00eda contable y fiscal, servicios de asesor\u00eda laboral, servicios de auditor\u00eda y consultor\u00eda, servicios de seguridad f\u00edsica, servicios de actividades jur\u00eddicas, servicios de seguridad y ciberseguridad, servicios de hosting y servicios de restauraci\u00f3n. Lugar de prestaci\u00f3n de los servicios: Uni\u00f3n Europea.<\/p><p><strong>\u00bfCu\u00e1les son tus derechos?<\/strong><\/p><p>Tienes derecho a obtener informaci\u00f3n sobre si estamos tratando tus datos personales (derecho de acceso), a solicitar la rectificaci\u00f3n de los datos inexactos (derecho de rectificaci\u00f3n) o su supresi\u00f3n cuando los datos ya no sean necesarios para la ejecuci\u00f3n del contrato (derecho de supresi\u00f3n), a la limitaci\u00f3n, en determinadas circunstancias, de su tratamiento (derecho a la limitaci\u00f3n del tratamiento), a recibir los datos personales facilitados que te incumban o a solicitar que se los enviemos a otro responsable del tratamiento de tu elecci\u00f3n, en un formato estructurado de uso com\u00fan y lectura mec\u00e1nica (derecho a la portabilidad de los datos), as\u00ed como a retirar en cualquier momento el consentimiento prestado para recibir informaci\u00f3n de inter\u00e9s por cualquier medio (derecho de oposici\u00f3n).<\/p><p>Puedes ejercitar tus derechos dirigi\u00e9ndote por escrito a la direcci\u00f3n postal o electr\u00f3nica del responsable del tratamiento, conforme a lo establecido en los art\u00edculos 15 a 22 del RGPD 2016\/679. Para ejercitar tus derechos, acompa\u00f1a a tu solicitud una copia de tu DNI o documento equivalente acreditativo de tu identidad.<\/p><p>Si consideras que el tratamiento de sus datos infringe la normativa de protecci\u00f3n de datos de car\u00e1cter personal aplicable puedes presentar una reclamaci\u00f3n ante la Autoridad de Control competente.<\/p><p><strong>Disponibilidad de la Pol\u00edtica de Protecci\u00f3n de Datos<\/strong><\/p><p>Proporcionaremos a los usuarios los recursos t\u00e9cnicos adecuados para que, con car\u00e1cter previo a la entrega de los datos personales, puedan acceder a esta Pol\u00edtica de Protecci\u00f3n de Datos o a cualquier otra informaci\u00f3n relevante, y puedan prestar su consentimiento a fin de que podamos proceder al tratamiento de los datos personales de los usuarios.<\/p><p><strong>Actualidad y modificaci\u00f3n de la informaci\u00f3n<\/strong><\/p><p>La informaci\u00f3n que aparece en este sitio web es la vigente en la fecha de su \u00faltima actualizaci\u00f3n. Nos reservamos la facultad de efectuar, en cualquier momento, cuantos cambios y modificaciones estimemos convenientes, sobre todo para adecuarnos a cualquier cambio normativo en materia de protecci\u00f3n de datos de la Uni\u00f3n Europea y de Espa\u00f1a, pudiendo hacer uso de tal facultad en cualquier momento y sin previo aviso.<\/p>\t\t\t\t\t\t\t\t<\/div>\n\t\t\t\t\t<\/div>\n\t\t\t\t<\/div>\n\t\t\t\t<\/div>","protected":false},"excerpt":{"rendered":"<p>pol\u00edtica de uso y privacidad \u00bfQui\u00e9n es el responsable del tratamiento? Responsable del tratamiento: VIVANCO ENOTURISMO Y EXPERIENCIAS S.L. N.I.F. B26308007. Direcci\u00f3n postal: Ctra. Nacional 232 Km 442, 26330 Briones (La Rioja). Tel\u00e9fono: 941322013. Correo electr\u00f3nico:\u00a0protecciondatos@vivancoculturadevino.es. Te informamos de que los datos de car\u00e1cter personal que nos proporciones a trav\u00e9s de este sitio web ser\u00e1n [&hellip;]<\/p>","protected":false},"author":1,"featured_media":0,"parent":0,"menu_order":0,"comment_status":"closed","ping_status":"closed","template":"","meta":{"footnotes":""},"class_list":["post-2648","page","type-page","status-publish","hentry"],"_links":{"self":[{"href":"https:\/\/vivancoculturadevino.es\/en\/wp-json\/wp\/v2\/pages\/2648","targetHints":{"allow":["GET"]}}],"collection":[{"href":"https:\/\/vivancoculturadevino.es\/en\/wp-json\/wp\/v2\/pages"}],"about":[{"href":"https:\/\/vivancoculturadevino.es\/en\/wp-json\/wp\/v2\/types\/page"}],"author":[{"embeddable":true,"href":"https:\/\/vivancoculturadevino.es\/en\/wp-json\/wp\/v2\/users\/1"}],"replies":[{"embeddable":true,"href":"https:\/\/vivancoculturadevino.es\/en\/wp-json\/wp\/v2\/comments?post=2648"}],"version-history":[{"count":10,"href":"https:\/\/vivancoculturadevino.es\/en\/wp-json\/wp\/v2\/pages\/2648\/revisions"}],"predecessor-version":[{"id":4443,"href":"https:\/\/vivancoculturadevino.es\/en\/wp-json\/wp\/v2\/pages\/2648\/revisions\/4443"}],"wp:attachment":[{"href":"https:\/\/vivancoculturadevino.es\/en\/wp-json\/wp\/v2\/media?parent=2648"}],"curies":[{"name":"wp","href":"https:\/\/api.w.org\/{rel}","templated":true}]}}